{"id":6513,"date":"2019-03-05T19:05:46","date_gmt":"2019-03-05T19:05:46","guid":{"rendered":"https:\/\/mmfss.ca\/?post_type=product&#038;p=6513"},"modified":"2019-03-05T19:05:47","modified_gmt":"2019-03-05T19:05:47","slug":"helmet-mounted-multi-function-dual-light-flashlight-2","status":"publish","type":"product","link":"https:\/\/safetysourcefire.ca\/fr\/produit\/helmet-mounted-multi-function-dual-light-flashlight-2\/","title":{"rendered":"Lampe de poche multifonction Dual-Light \u2122 mont\u00e9e sur casque"},"content":{"rendered":"<p><strong>XPP-5466G\/R<\/strong><\/p>\n<p>2 \u2013 CR-123<\/p>\n<p><b>Fonctionnalit\u00e9s:<\/b><\/p>\n<ul>\n<li>Lampe de poche - Projecteur - Dual-Light \u2122<\/li>\n<li>Lampe de poche avec modes de luminosit\u00e9 \u00e9lev\u00e9, moyen, faible et clignotant<\/li>\n<li>Projecteur s'inclinant au-dessus de l'\u00e9paule de l'utilisateur \u00e0 un angle de 45 degr\u00e9s en mode de luminosit\u00e9 \u00e9lev\u00e9e, moyenne ou de survie.<\/li>\n<li>Ajustement presque illimit\u00e9<\/li>\n<li>Bo\u00eetier en aluminium de qualit\u00e9 a\u00e9ronautique<\/li>\n<li>2 \u2013 Piles CR-123 (incluses)<\/li>\n<li>R\u00e9pond aux exigences de la norme NFPA-1971-8.6 (2013)<\/li>\n<li>IP-67 \u00e9tanche \u00e0 l&#039;eau et \u00e0 la poussi\u00e8re<\/li>\n<li>Conception brevet\u00e9e<\/li>\n<li>Garantie \u00e0 vie (limit\u00e9e)<\/li>\n<\/ul>\n<p><b>Caract\u00e9ristiques:<\/b><\/p>\n<ul>\n<li>Lumens de la lampe de poche\u00a0: 250\/100\/20<\/li>\n<li>Lumens du projecteur\u00a0: 135\/50\/15<\/li>\n<li>Lumens \u00e0 double lumi\u00e8re\u00a0:\u00a0125<\/li>\n<li>Dur\u00e9e d&#039;ex\u00e9cution de la lampe de poche\u00a0: 2,5\/10\/30\u00a0heures.<\/li>\n<li>Dur\u00e9e d&#039;ex\u00e9cution du projecteur\u00a0: 2,5\/21,5\/60\u00a0heures.<\/li>\n<li>Autonomie de la double lumi\u00e8re\u00a0: 3,25\u00a0heures.<\/li>\n<\/ul>","protected":false},"excerpt":{"rendered":"<p>Certifi\u00e9 cULus \u00e0 s\u00e9curit\u00e9 intrins\u00e8que<\/p>","protected":false},"featured_media":6505,"template":"","meta":[],"product_brand":[408],"product_cat":[48,81],"product_tag":[409],"class_list":{"0":"post-6513","1":"product","2":"type-product","3":"status-publish","4":"has-post-thumbnail","6":"product_brand-nightstick","7":"product_cat-lighting","8":"product_cat-personal-lighting","9":"product_tag-nightstick","11":"first","12":"instock","13":"shipping-taxable","14":"product-type-simple"},"yoast_head":"<!-- This site is optimized with the Yoast SEO plugin v27.4 - https:\/\/yoast.com\/product\/yoast-seo-wordpress\/ -->\n<title>Helmet-mounted Multi-Function Dual-Light\u2122 Flashlight - Safety Source Fire<\/title>\n<meta name=\"robots\" content=\"index, follow, max-snippet:-1, max-image-preview:large, max-video-preview:-1\" \/>\n<link rel=\"canonical\" href=\"https:\/\/safetysourcefire.ca\/fr\/?product=helmet-mounted-multi-function-dual-light-flashlight-2\" \/>\n<meta property=\"og:locale\" content=\"fr_CA\" \/>\n<meta property=\"og:type\" content=\"article\" \/>\n<meta property=\"og:title\" content=\"Helmet-mounted Multi-Function Dual-Light\u2122 Flashlight - Safety Source Fire\" \/>\n<meta property=\"og:description\" content=\"cULus Certified Intrinsically Safe\" \/>\n<meta property=\"og:url\" content=\"https:\/\/safetysourcefire.ca\/fr\/?product=helmet-mounted-multi-function-dual-light-flashlight-2\" \/>\n<meta property=\"og:site_name\" content=\"Safety Source Fire\" \/>\n<meta property=\"article:publisher\" content=\"https:\/\/www.facebook.com\/mmfssca\" \/>\n<meta property=\"article:modified_time\" content=\"2019-03-05T19:05:47+00:00\" \/>\n<meta property=\"og:image\" content=\"https:\/\/safetysourcefire.ca\/wp-content\/uploads\/2019\/03\/XPP-5466.jpg\" \/>\n\t<meta property=\"og:image:width\" content=\"600\" \/>\n\t<meta property=\"og:image:height\" content=\"600\" \/>\n\t<meta property=\"og:image:type\" content=\"image\/jpeg\" \/>\n<meta name=\"twitter:card\" content=\"summary_large_image\" \/>\n<meta name=\"twitter:site\" content=\"@mmfssca\" \/>\n<script type=\"application\/ld+json\" class=\"yoast-schema-graph\">{\"@context\":\"https:\\\/\\\/schema.org\",\"@graph\":[{\"@type\":\"WebPage\",\"@id\":\"https:\\\/\\\/safetysourcefire.ca\\\/?product=helmet-mounted-multi-function-dual-light-flashlight-2\",\"url\":\"https:\\\/\\\/safetysourcefire.ca\\\/?product=helmet-mounted-multi-function-dual-light-flashlight-2\",\"name\":\"Helmet-mounted Multi-Function Dual-Light\u2122 Flashlight - Safety Source Fire\",\"isPartOf\":{\"@id\":\"https:\\\/\\\/safetysourcefire.ca\\\/#website\"},\"primaryImageOfPage\":{\"@id\":\"https:\\\/\\\/safetysourcefire.ca\\\/?product=helmet-mounted-multi-function-dual-light-flashlight-2#primaryimage\"},\"image\":{\"@id\":\"https:\\\/\\\/safetysourcefire.ca\\\/?product=helmet-mounted-multi-function-dual-light-flashlight-2#primaryimage\"},\"thumbnailUrl\":\"https:\\\/\\\/safetysourcefire.ca\\\/wp-content\\\/uploads\\\/2019\\\/03\\\/XPP-5466.jpg\",\"datePublished\":\"2019-03-05T19:05:46+00:00\",\"dateModified\":\"2019-03-05T19:05:47+00:00\",\"breadcrumb\":{\"@id\":\"https:\\\/\\\/safetysourcefire.ca\\\/?product=helmet-mounted-multi-function-dual-light-flashlight-2#breadcrumb\"},\"inLanguage\":\"fr-CA\",\"potentialAction\":[{\"@type\":\"ReadAction\",\"target\":[\"https:\\\/\\\/safetysourcefire.ca\\\/?product=helmet-mounted-multi-function-dual-light-flashlight-2\"]}]},{\"@type\":\"ImageObject\",\"inLanguage\":\"fr-CA\",\"@id\":\"https:\\\/\\\/safetysourcefire.ca\\\/?product=helmet-mounted-multi-function-dual-light-flashlight-2#primaryimage\",\"url\":\"https:\\\/\\\/safetysourcefire.ca\\\/wp-content\\\/uploads\\\/2019\\\/03\\\/XPP-5466.jpg\",\"contentUrl\":\"https:\\\/\\\/safetysourcefire.ca\\\/wp-content\\\/uploads\\\/2019\\\/03\\\/XPP-5466.jpg\",\"width\":600,\"height\":600,\"caption\":\"mounted light\"},{\"@type\":\"BreadcrumbList\",\"@id\":\"https:\\\/\\\/safetysourcefire.ca\\\/?product=helmet-mounted-multi-function-dual-light-flashlight-2#breadcrumb\",\"itemListElement\":[{\"@type\":\"ListItem\",\"position\":1,\"name\":\"Home\",\"item\":\"https:\\\/\\\/safetysourcefire.ca\\\/\"},{\"@type\":\"ListItem\",\"position\":2,\"name\":\"Products\",\"item\":\"https:\\\/\\\/safetysourcefire.ca\\\/shop\\\/\"},{\"@type\":\"ListItem\",\"position\":3,\"name\":\"Helmet-mounted Multi-Function Dual-Light\u2122 Flashlight\"}]},{\"@type\":\"WebSite\",\"@id\":\"https:\\\/\\\/safetysourcefire.ca\\\/#website\",\"url\":\"https:\\\/\\\/safetysourcefire.ca\\\/\",\"name\":\"Safety Source Fire\",\"description\":\"\",\"publisher\":{\"@id\":\"https:\\\/\\\/safetysourcefire.ca\\\/#organization\"},\"potentialAction\":[{\"@type\":\"SearchAction\",\"target\":{\"@type\":\"EntryPoint\",\"urlTemplate\":\"https:\\\/\\\/safetysourcefire.ca\\\/?s={search_term_string}\"},\"query-input\":{\"@type\":\"PropertyValueSpecification\",\"valueRequired\":true,\"valueName\":\"search_term_string\"}}],\"inLanguage\":\"fr-CA\"},{\"@type\":\"Organization\",\"@id\":\"https:\\\/\\\/safetysourcefire.ca\\\/#organization\",\"name\":\"Safety Source Fire\",\"url\":\"https:\\\/\\\/safetysourcefire.ca\\\/\",\"logo\":{\"@type\":\"ImageObject\",\"inLanguage\":\"fr-CA\",\"@id\":\"https:\\\/\\\/safetysourcefire.ca\\\/#\\\/schema\\\/logo\\\/image\\\/\",\"url\":\"https:\\\/\\\/safetysourcefire.ca\\\/wp-content\\\/uploads\\\/2021\\\/01\\\/SSF_logo_CC0000-3.png\",\"contentUrl\":\"https:\\\/\\\/safetysourcefire.ca\\\/wp-content\\\/uploads\\\/2021\\\/01\\\/SSF_logo_CC0000-3.png\",\"width\":1107,\"height\":365,\"caption\":\"Safety Source Fire\"},\"image\":{\"@id\":\"https:\\\/\\\/safetysourcefire.ca\\\/#\\\/schema\\\/logo\\\/image\\\/\"},\"sameAs\":[\"https:\\\/\\\/www.facebook.com\\\/mmfssca\",\"https:\\\/\\\/x.com\\\/mmfssca\"]}]}<\/script>\n<!-- \/ Yoast SEO plugin. -->","yoast_head_json":{"title":"Lampe torche multifonction \u00e0 double \u00e9clairage mont\u00e9e sur casque - Safety Source Fire","robots":{"index":"index","follow":"follow","max-snippet":"max-snippet:-1","max-image-preview":"max-image-preview:large","max-video-preview":"max-video-preview:-1"},"canonical":"https:\/\/safetysourcefire.ca\/fr\/?product=helmet-mounted-multi-function-dual-light-flashlight-2","og_locale":"fr_CA","og_type":"article","og_title":"Helmet-mounted Multi-Function Dual-Light\u2122 Flashlight - Safety Source Fire","og_description":"cULus Certified Intrinsically Safe","og_url":"https:\/\/safetysourcefire.ca\/fr\/?product=helmet-mounted-multi-function-dual-light-flashlight-2","og_site_name":"Safety Source Fire","article_publisher":"https:\/\/www.facebook.com\/mmfssca","article_modified_time":"2019-03-05T19:05:47+00:00","og_image":[{"width":600,"height":600,"url":"https:\/\/safetysourcefire.ca\/wp-content\/uploads\/2019\/03\/XPP-5466.jpg","type":"image\/jpeg"}],"twitter_card":"summary_large_image","twitter_site":"@mmfssca","schema":{"@context":"https:\/\/schema.org","@graph":[{"@type":"WebPage","@id":"https:\/\/safetysourcefire.ca\/?product=helmet-mounted-multi-function-dual-light-flashlight-2","url":"https:\/\/safetysourcefire.ca\/?product=helmet-mounted-multi-function-dual-light-flashlight-2","name":"Lampe torche multifonction \u00e0 double \u00e9clairage mont\u00e9e sur casque - Safety Source Fire","isPartOf":{"@id":"https:\/\/safetysourcefire.ca\/#website"},"primaryImageOfPage":{"@id":"https:\/\/safetysourcefire.ca\/?product=helmet-mounted-multi-function-dual-light-flashlight-2#primaryimage"},"image":{"@id":"https:\/\/safetysourcefire.ca\/?product=helmet-mounted-multi-function-dual-light-flashlight-2#primaryimage"},"thumbnailUrl":"https:\/\/safetysourcefire.ca\/wp-content\/uploads\/2019\/03\/XPP-5466.jpg","datePublished":"2019-03-05T19:05:46+00:00","dateModified":"2019-03-05T19:05:47+00:00","breadcrumb":{"@id":"https:\/\/safetysourcefire.ca\/?product=helmet-mounted-multi-function-dual-light-flashlight-2#breadcrumb"},"inLanguage":"fr-CA","potentialAction":[{"@type":"ReadAction","target":["https:\/\/safetysourcefire.ca\/?product=helmet-mounted-multi-function-dual-light-flashlight-2"]}]},{"@type":"ImageObject","inLanguage":"fr-CA","@id":"https:\/\/safetysourcefire.ca\/?product=helmet-mounted-multi-function-dual-light-flashlight-2#primaryimage","url":"https:\/\/safetysourcefire.ca\/wp-content\/uploads\/2019\/03\/XPP-5466.jpg","contentUrl":"https:\/\/safetysourcefire.ca\/wp-content\/uploads\/2019\/03\/XPP-5466.jpg","width":600,"height":600,"caption":"mounted light"},{"@type":"BreadcrumbList","@id":"https:\/\/safetysourcefire.ca\/?product=helmet-mounted-multi-function-dual-light-flashlight-2#breadcrumb","itemListElement":[{"@type":"ListItem","position":1,"name":"Home","item":"https:\/\/safetysourcefire.ca\/"},{"@type":"ListItem","position":2,"name":"Products","item":"https:\/\/safetysourcefire.ca\/shop\/"},{"@type":"ListItem","position":3,"name":"Helmet-mounted Multi-Function Dual-Light\u2122 Flashlight"}]},{"@type":"WebSite","@id":"https:\/\/safetysourcefire.ca\/#website","url":"https:\/\/safetysourcefire.ca\/","name":"Safety Source Fire","description":"","publisher":{"@id":"https:\/\/safetysourcefire.ca\/#organization"},"potentialAction":[{"@type":"SearchAction","target":{"@type":"EntryPoint","urlTemplate":"https:\/\/safetysourcefire.ca\/?s={search_term_string}"},"query-input":{"@type":"PropertyValueSpecification","valueRequired":true,"valueName":"search_term_string"}}],"inLanguage":"fr-CA"},{"@type":"Organization","@id":"https:\/\/safetysourcefire.ca\/#organization","name":"Safety Source Fire","url":"https:\/\/safetysourcefire.ca\/","logo":{"@type":"ImageObject","inLanguage":"fr-CA","@id":"https:\/\/safetysourcefire.ca\/#\/schema\/logo\/image\/","url":"https:\/\/safetysourcefire.ca\/wp-content\/uploads\/2021\/01\/SSF_logo_CC0000-3.png","contentUrl":"https:\/\/safetysourcefire.ca\/wp-content\/uploads\/2021\/01\/SSF_logo_CC0000-3.png","width":1107,"height":365,"caption":"Safety Source Fire"},"image":{"@id":"https:\/\/safetysourcefire.ca\/#\/schema\/logo\/image\/"},"sameAs":["https:\/\/www.facebook.com\/mmfssca","https:\/\/x.com\/mmfssca"]}]}},"_links":{"self":[{"href":"https:\/\/safetysourcefire.ca\/fr\/wp-json\/wp\/v2\/product\/6513","targetHints":{"allow":["GET"]}}],"collection":[{"href":"https:\/\/safetysourcefire.ca\/fr\/wp-json\/wp\/v2\/product"}],"about":[{"href":"https:\/\/safetysourcefire.ca\/fr\/wp-json\/wp\/v2\/types\/product"}],"wp:featuredmedia":[{"embeddable":true,"href":"https:\/\/safetysourcefire.ca\/fr\/wp-json\/wp\/v2\/media\/6505"}],"wp:attachment":[{"href":"https:\/\/safetysourcefire.ca\/fr\/wp-json\/wp\/v2\/media?parent=6513"}],"wp:term":[{"taxonomy":"product_brand","embeddable":true,"href":"https:\/\/safetysourcefire.ca\/fr\/wp-json\/wp\/v2\/product_brand?post=6513"},{"taxonomy":"product_cat","embeddable":true,"href":"https:\/\/safetysourcefire.ca\/fr\/wp-json\/wp\/v2\/product_cat?post=6513"},{"taxonomy":"product_tag","embeddable":true,"href":"https:\/\/safetysourcefire.ca\/fr\/wp-json\/wp\/v2\/product_tag?post=6513"}],"curies":[{"name":"wp","href":"https:\/\/api.w.org\/{rel}","templated":true}]}}