{"id":6520,"date":"2019-03-05T19:21:28","date_gmt":"2019-03-05T19:21:28","guid":{"rendered":"https:\/\/mmfss.ca\/?post_type=product&#038;p=6520"},"modified":"2019-03-06T14:00:21","modified_gmt":"2019-03-06T14:00:21","slug":"xtreme-lumens-led-area-light-w-base-magnet","status":"publish","type":"product","link":"https:\/\/safetysourcefire.ca\/fr\/produit\/xtreme-lumens-led-area-light-w-base-magnet\/","title":{"rendered":"\u00c9clairage de zone \u00e0 DEL Xtreme Lumens \u2122 avec base aimant\u00e9e"},"content":{"rendered":"<p><b>NSR-1514<\/b><\/p>\n<p>Rechargeable<\/p>\n<p><b>Fonctionnalit\u00e9s:<\/b><\/p>\n<ul>\n<li>Conception de luminaire inclinable et pivotante sur plusieurs angles<\/li>\n<li>Poign\u00e9e extensible et pivotante \u00e0 360 \u00b0. Verrouillage \u00e0 pression<\/li>\n<li>Base magn\u00e9tique avec protection en caoutchouc<\/li>\n<li>Deux batteries rechargeables lithium-ion int\u00e9gr\u00e9es<\/li>\n<li>IP-X7 \u00e9tanche \u00e0 l&#039;eau<\/li>\n<li>Garantie limit\u00e9e d&#039;un an<\/li>\n<\/ul>\n<p><b>Caract\u00e9ristiques:<\/b><\/p>\n<ul>\n<li>Lumens : 1000\/500<\/li>\n<li>Autonomie : 4\/8h.<\/li>\n<\/ul>","protected":false},"excerpt":{"rendered":"<p>R\u00e9seau de LED multiples produisant un motif lumineux \u00e9lev\u00e9 ou faible<\/p>","protected":false},"featured_media":6502,"template":"","meta":[],"product_brand":[408],"product_cat":[48,80],"product_tag":[409],"class_list":{"0":"post-6520","1":"product","2":"type-product","3":"status-publish","4":"has-post-thumbnail","6":"product_brand-nightstick","7":"product_cat-lighting","8":"product_cat-scene-lighting","9":"product_tag-nightstick","11":"first","12":"instock","13":"shipping-taxable","14":"product-type-simple"},"yoast_head":"<!-- This site is optimized with the Yoast SEO plugin v27.4 - https:\/\/yoast.com\/product\/yoast-seo-wordpress\/ -->\n<title>Xtreme Lumens\u2122 LED Area Light w\/ Base Magnet - Safety Source Fire<\/title>\n<meta name=\"robots\" content=\"index, follow, max-snippet:-1, max-image-preview:large, max-video-preview:-1\" \/>\n<link rel=\"canonical\" href=\"https:\/\/safetysourcefire.ca\/fr\/?product=xtreme-lumens-led-area-light-w-base-magnet\" \/>\n<meta property=\"og:locale\" content=\"fr_CA\" \/>\n<meta property=\"og:type\" content=\"article\" \/>\n<meta property=\"og:title\" content=\"Xtreme Lumens\u2122 LED Area Light w\/ Base Magnet - Safety Source Fire\" \/>\n<meta property=\"og:description\" content=\"Multiple LED Array producing a High and Low Floodlight pattern of light\" \/>\n<meta property=\"og:url\" content=\"https:\/\/safetysourcefire.ca\/fr\/?product=xtreme-lumens-led-area-light-w-base-magnet\" \/>\n<meta property=\"og:site_name\" content=\"Safety Source Fire\" \/>\n<meta property=\"article:publisher\" content=\"https:\/\/www.facebook.com\/mmfssca\" \/>\n<meta property=\"article:modified_time\" content=\"2019-03-06T14:00:21+00:00\" \/>\n<meta property=\"og:image\" content=\"https:\/\/safetysourcefire.ca\/wp-content\/uploads\/2019\/03\/NSR-1514.jpg\" \/>\n\t<meta property=\"og:image:width\" content=\"600\" \/>\n\t<meta property=\"og:image:height\" content=\"600\" \/>\n\t<meta property=\"og:image:type\" content=\"image\/jpeg\" \/>\n<meta name=\"twitter:card\" content=\"summary_large_image\" \/>\n<meta name=\"twitter:site\" content=\"@mmfssca\" \/>\n<script type=\"application\/ld+json\" class=\"yoast-schema-graph\">{\"@context\":\"https:\\\/\\\/schema.org\",\"@graph\":[{\"@type\":\"WebPage\",\"@id\":\"https:\\\/\\\/safetysourcefire.ca\\\/?product=xtreme-lumens-led-area-light-w-base-magnet\",\"url\":\"https:\\\/\\\/safetysourcefire.ca\\\/?product=xtreme-lumens-led-area-light-w-base-magnet\",\"name\":\"Xtreme Lumens\u2122 LED Area Light w\\\/ Base Magnet - Safety Source Fire\",\"isPartOf\":{\"@id\":\"https:\\\/\\\/safetysourcefire.ca\\\/#website\"},\"primaryImageOfPage\":{\"@id\":\"https:\\\/\\\/safetysourcefire.ca\\\/?product=xtreme-lumens-led-area-light-w-base-magnet#primaryimage\"},\"image\":{\"@id\":\"https:\\\/\\\/safetysourcefire.ca\\\/?product=xtreme-lumens-led-area-light-w-base-magnet#primaryimage\"},\"thumbnailUrl\":\"https:\\\/\\\/safetysourcefire.ca\\\/wp-content\\\/uploads\\\/2019\\\/03\\\/NSR-1514.jpg\",\"datePublished\":\"2019-03-05T19:21:28+00:00\",\"dateModified\":\"2019-03-06T14:00:21+00:00\",\"breadcrumb\":{\"@id\":\"https:\\\/\\\/safetysourcefire.ca\\\/?product=xtreme-lumens-led-area-light-w-base-magnet#breadcrumb\"},\"inLanguage\":\"fr-CA\",\"potentialAction\":[{\"@type\":\"ReadAction\",\"target\":[\"https:\\\/\\\/safetysourcefire.ca\\\/?product=xtreme-lumens-led-area-light-w-base-magnet\"]}]},{\"@type\":\"ImageObject\",\"inLanguage\":\"fr-CA\",\"@id\":\"https:\\\/\\\/safetysourcefire.ca\\\/?product=xtreme-lumens-led-area-light-w-base-magnet#primaryimage\",\"url\":\"https:\\\/\\\/safetysourcefire.ca\\\/wp-content\\\/uploads\\\/2019\\\/03\\\/NSR-1514.jpg\",\"contentUrl\":\"https:\\\/\\\/safetysourcefire.ca\\\/wp-content\\\/uploads\\\/2019\\\/03\\\/NSR-1514.jpg\",\"width\":600,\"height\":600,\"caption\":\"light\"},{\"@type\":\"BreadcrumbList\",\"@id\":\"https:\\\/\\\/safetysourcefire.ca\\\/?product=xtreme-lumens-led-area-light-w-base-magnet#breadcrumb\",\"itemListElement\":[{\"@type\":\"ListItem\",\"position\":1,\"name\":\"Home\",\"item\":\"https:\\\/\\\/safetysourcefire.ca\\\/\"},{\"@type\":\"ListItem\",\"position\":2,\"name\":\"Products\",\"item\":\"https:\\\/\\\/safetysourcefire.ca\\\/shop\\\/\"},{\"@type\":\"ListItem\",\"position\":3,\"name\":\"Xtreme Lumens\u2122 LED Area Light w\\\/ Base Magnet\"}]},{\"@type\":\"WebSite\",\"@id\":\"https:\\\/\\\/safetysourcefire.ca\\\/#website\",\"url\":\"https:\\\/\\\/safetysourcefire.ca\\\/\",\"name\":\"Safety Source Fire\",\"description\":\"\",\"publisher\":{\"@id\":\"https:\\\/\\\/safetysourcefire.ca\\\/#organization\"},\"potentialAction\":[{\"@type\":\"SearchAction\",\"target\":{\"@type\":\"EntryPoint\",\"urlTemplate\":\"https:\\\/\\\/safetysourcefire.ca\\\/?s={search_term_string}\"},\"query-input\":{\"@type\":\"PropertyValueSpecification\",\"valueRequired\":true,\"valueName\":\"search_term_string\"}}],\"inLanguage\":\"fr-CA\"},{\"@type\":\"Organization\",\"@id\":\"https:\\\/\\\/safetysourcefire.ca\\\/#organization\",\"name\":\"Safety Source Fire\",\"url\":\"https:\\\/\\\/safetysourcefire.ca\\\/\",\"logo\":{\"@type\":\"ImageObject\",\"inLanguage\":\"fr-CA\",\"@id\":\"https:\\\/\\\/safetysourcefire.ca\\\/#\\\/schema\\\/logo\\\/image\\\/\",\"url\":\"https:\\\/\\\/safetysourcefire.ca\\\/wp-content\\\/uploads\\\/2021\\\/01\\\/SSF_logo_CC0000-3.png\",\"contentUrl\":\"https:\\\/\\\/safetysourcefire.ca\\\/wp-content\\\/uploads\\\/2021\\\/01\\\/SSF_logo_CC0000-3.png\",\"width\":1107,\"height\":365,\"caption\":\"Safety Source Fire\"},\"image\":{\"@id\":\"https:\\\/\\\/safetysourcefire.ca\\\/#\\\/schema\\\/logo\\\/image\\\/\"},\"sameAs\":[\"https:\\\/\\\/www.facebook.com\\\/mmfssca\",\"https:\\\/\\\/x.com\\\/mmfssca\"]}]}<\/script>\n<!-- \/ Yoast SEO plugin. -->","yoast_head_json":{"title":"Xtreme Lumens\u2122 LED Area Light w\/ Base Magnet - Safety Source Fire","robots":{"index":"index","follow":"follow","max-snippet":"max-snippet:-1","max-image-preview":"max-image-preview:large","max-video-preview":"max-video-preview:-1"},"canonical":"https:\/\/safetysourcefire.ca\/fr\/?product=xtreme-lumens-led-area-light-w-base-magnet","og_locale":"fr_CA","og_type":"article","og_title":"Xtreme Lumens\u2122 LED Area Light w\/ Base Magnet - Safety Source Fire","og_description":"Multiple LED Array producing a High and Low Floodlight pattern of light","og_url":"https:\/\/safetysourcefire.ca\/fr\/?product=xtreme-lumens-led-area-light-w-base-magnet","og_site_name":"Safety Source Fire","article_publisher":"https:\/\/www.facebook.com\/mmfssca","article_modified_time":"2019-03-06T14:00:21+00:00","og_image":[{"width":600,"height":600,"url":"https:\/\/safetysourcefire.ca\/wp-content\/uploads\/2019\/03\/NSR-1514.jpg","type":"image\/jpeg"}],"twitter_card":"summary_large_image","twitter_site":"@mmfssca","schema":{"@context":"https:\/\/schema.org","@graph":[{"@type":"WebPage","@id":"https:\/\/safetysourcefire.ca\/?product=xtreme-lumens-led-area-light-w-base-magnet","url":"https:\/\/safetysourcefire.ca\/?product=xtreme-lumens-led-area-light-w-base-magnet","name":"Xtreme Lumens\u2122 LED Area Light w\/ Base Magnet - Safety Source Fire","isPartOf":{"@id":"https:\/\/safetysourcefire.ca\/#website"},"primaryImageOfPage":{"@id":"https:\/\/safetysourcefire.ca\/?product=xtreme-lumens-led-area-light-w-base-magnet#primaryimage"},"image":{"@id":"https:\/\/safetysourcefire.ca\/?product=xtreme-lumens-led-area-light-w-base-magnet#primaryimage"},"thumbnailUrl":"https:\/\/safetysourcefire.ca\/wp-content\/uploads\/2019\/03\/NSR-1514.jpg","datePublished":"2019-03-05T19:21:28+00:00","dateModified":"2019-03-06T14:00:21+00:00","breadcrumb":{"@id":"https:\/\/safetysourcefire.ca\/?product=xtreme-lumens-led-area-light-w-base-magnet#breadcrumb"},"inLanguage":"fr-CA","potentialAction":[{"@type":"ReadAction","target":["https:\/\/safetysourcefire.ca\/?product=xtreme-lumens-led-area-light-w-base-magnet"]}]},{"@type":"ImageObject","inLanguage":"fr-CA","@id":"https:\/\/safetysourcefire.ca\/?product=xtreme-lumens-led-area-light-w-base-magnet#primaryimage","url":"https:\/\/safetysourcefire.ca\/wp-content\/uploads\/2019\/03\/NSR-1514.jpg","contentUrl":"https:\/\/safetysourcefire.ca\/wp-content\/uploads\/2019\/03\/NSR-1514.jpg","width":600,"height":600,"caption":"light"},{"@type":"BreadcrumbList","@id":"https:\/\/safetysourcefire.ca\/?product=xtreme-lumens-led-area-light-w-base-magnet#breadcrumb","itemListElement":[{"@type":"ListItem","position":1,"name":"Home","item":"https:\/\/safetysourcefire.ca\/"},{"@type":"ListItem","position":2,"name":"Products","item":"https:\/\/safetysourcefire.ca\/shop\/"},{"@type":"ListItem","position":3,"name":"Xtreme Lumens\u2122 LED Area Light w\/ Base Magnet"}]},{"@type":"WebSite","@id":"https:\/\/safetysourcefire.ca\/#website","url":"https:\/\/safetysourcefire.ca\/","name":"Safety Source Fire","description":"","publisher":{"@id":"https:\/\/safetysourcefire.ca\/#organization"},"potentialAction":[{"@type":"SearchAction","target":{"@type":"EntryPoint","urlTemplate":"https:\/\/safetysourcefire.ca\/?s={search_term_string}"},"query-input":{"@type":"PropertyValueSpecification","valueRequired":true,"valueName":"search_term_string"}}],"inLanguage":"fr-CA"},{"@type":"Organization","@id":"https:\/\/safetysourcefire.ca\/#organization","name":"Safety Source Fire","url":"https:\/\/safetysourcefire.ca\/","logo":{"@type":"ImageObject","inLanguage":"fr-CA","@id":"https:\/\/safetysourcefire.ca\/#\/schema\/logo\/image\/","url":"https:\/\/safetysourcefire.ca\/wp-content\/uploads\/2021\/01\/SSF_logo_CC0000-3.png","contentUrl":"https:\/\/safetysourcefire.ca\/wp-content\/uploads\/2021\/01\/SSF_logo_CC0000-3.png","width":1107,"height":365,"caption":"Safety Source Fire"},"image":{"@id":"https:\/\/safetysourcefire.ca\/#\/schema\/logo\/image\/"},"sameAs":["https:\/\/www.facebook.com\/mmfssca","https:\/\/x.com\/mmfssca"]}]}},"_links":{"self":[{"href":"https:\/\/safetysourcefire.ca\/fr\/wp-json\/wp\/v2\/product\/6520","targetHints":{"allow":["GET"]}}],"collection":[{"href":"https:\/\/safetysourcefire.ca\/fr\/wp-json\/wp\/v2\/product"}],"about":[{"href":"https:\/\/safetysourcefire.ca\/fr\/wp-json\/wp\/v2\/types\/product"}],"wp:featuredmedia":[{"embeddable":true,"href":"https:\/\/safetysourcefire.ca\/fr\/wp-json\/wp\/v2\/media\/6502"}],"wp:attachment":[{"href":"https:\/\/safetysourcefire.ca\/fr\/wp-json\/wp\/v2\/media?parent=6520"}],"wp:term":[{"taxonomy":"product_brand","embeddable":true,"href":"https:\/\/safetysourcefire.ca\/fr\/wp-json\/wp\/v2\/product_brand?post=6520"},{"taxonomy":"product_cat","embeddable":true,"href":"https:\/\/safetysourcefire.ca\/fr\/wp-json\/wp\/v2\/product_cat?post=6520"},{"taxonomy":"product_tag","embeddable":true,"href":"https:\/\/safetysourcefire.ca\/fr\/wp-json\/wp\/v2\/product_tag?post=6520"}],"curies":[{"name":"wp","href":"https:\/\/api.w.org\/{rel}","templated":true}]}}