{"id":660,"date":"2017-04-30T20:25:00","date_gmt":"2017-04-30T20:25:00","guid":{"rendered":"http:\/\/mmfss.ca\/?post_type=product&#038;p=660"},"modified":"2018-05-22T14:19:28","modified_gmt":"2018-05-22T14:19:28","slug":"stinger-ds-led","status":"publish","type":"product","link":"https:\/\/safetysourcefire.ca\/fr\/produit\/stinger-ds-led\/","title":{"rendered":"Lampe de poche LED Stinger DS\u00ae"},"content":{"rendered":"<ul>\n<li>TECHNOLOGIE DUAL SWITCH - Acc\u00e9dez \u00e0 trois modes d'\u00e9clairage et un mode stroboscopique via le capuchon arri\u00e8re ou l'interrupteur mont\u00e9 sur la t\u00eate. Les interrupteurs fonctionnent ind\u00e9pendamment.<\/li>\n<li>Trois modes et option clignotante :<br \/>\n\u2013 \u00c9lev\u00e9 : pour un faisceau tr\u00e8s lumineux \u2013 350 lumens ; intensit\u00e9 maximale du faisceau de 24 000 candelas\u00a0; distance de faisceau de 310 m\u00e8tres\u00a0; fonctionne 2 heures<br \/>\n\u2013 Moyen : pour une lumi\u00e8re vive et des dur\u00e9es de fonctionnement plus longues \u2013 175 lumens ; 12 000 candelas d'intensit\u00e9 maximale du faisceau\u00a0; Distance du faisceau de 219 m\u00e8tres\u00a0; fonctionne 3,75 heures<br \/>\n\u2013 Faible : pour r\u00e9duire l'aveuglement et obtenir des dur\u00e9es de fonctionnement prolong\u00e9es \u2013 85 lumens ; Intensit\u00e9 maximale du faisceau de 6 000 candelas\u00a0; Distance du faisceau de 155 m\u00e8tres\u00a0; fonctionne 7.25 heures<br \/>\n\u2013 Clignotant : pour signaler votre position\u00a0; fonctionne 5,5 heures<\/li>\n<li>Le r\u00e9flecteur parabolique profond produit un faisceau concentr\u00e9 avec un \u00e9clairage p\u00e9riph\u00e9rique optimal<\/li>\n<li><strong><em>Technologie DEL C4\u00ae<\/em><\/strong> r\u00e9sistance aux chocs avec une dur\u00e9e de vie de 50 000 heures<\/li>\n<li>Autonomie r\u00e9gul\u00e9e offrant des performances constantes tout au long de la dur\u00e9e de vie de la batterie<\/li>\n<li>Batterie NiCd sub-C \u00e0 3 cellules, 3,6 volts, rechargeable jusqu&#039;\u00e0 1000 fois.<\/li>\n<li>Batterie NiMH sub-C \u00e0 3 cellules, 3,6 volts, rechargeable jusqu&#039;\u00e0 1000 fois.<\/li>\n<li>10 h de charge constante, 2,5 heures de charge rapide ou options de chargeur PiggyBack<\/li>\n<li>Corps fait d'aluminium d'avion usin\u00e9 et poign\u00e9e en caoutchouc confortable et antid\u00e9rapante<\/li>\n<li>IPX4 r\u00e9sistant \u00e0 l&#039;eau; R\u00e9sistance aux chocs de 1 m\u00e8tre test\u00e9e<\/li>\n<li>Lentille en polycarbonate incassable avec rev\u00eatement anti-rayures<\/li>\n<li>Comprend un anneau en caoutchouc anti-roulis<\/li>\n<li>Longueur : 8,85&quot; (22,48 cm)\u00a0; Poids\u00a0: 12,8\u00a0oz (364\u00a0grammes)<\/li>\n<\/ul>","protected":false},"excerpt":{"rendered":"<p>Lampe de poche tout usage con\u00e7ue pour une large gamme de besoins d'\u00e9clairage. Excellent rapport qualit\u00e9-prix.<\/p>","protected":false},"featured_media":1209,"template":"","meta":[],"product_brand":[144],"product_cat":[48,81],"product_tag":[394,351,350],"class_list":{"0":"post-660","1":"product","2":"type-product","3":"status-publish","4":"has-post-thumbnail","6":"product_brand-streamlight","7":"product_cat-lighting","8":"product_cat-personal-lighting","9":"product_tag-light","10":"product_tag-stream-light","11":"product_tag-streamlight","13":"first","14":"instock","15":"shipping-taxable","16":"product-type-simple"},"yoast_head":"<!-- This site is optimized with the Yoast SEO plugin v27.4 - https:\/\/yoast.com\/product\/yoast-seo-wordpress\/ -->\n<title>Stinger DS\u00ae LED - Safety Source Fire<\/title>\n<meta name=\"robots\" content=\"index, follow, max-snippet:-1, max-image-preview:large, max-video-preview:-1\" \/>\n<link rel=\"canonical\" href=\"https:\/\/safetysourcefire.ca\/fr\/?product=stinger-ds-led\" \/>\n<meta property=\"og:locale\" content=\"fr_CA\" \/>\n<meta property=\"og:type\" content=\"article\" \/>\n<meta property=\"og:title\" content=\"Stinger DS\u00ae LED - Safety Source Fire\" \/>\n<meta property=\"og:description\" content=\"This all purpose flashlight is designed for the broadest range of lighting needs at the best value.\" \/>\n<meta property=\"og:url\" content=\"https:\/\/safetysourcefire.ca\/fr\/?product=stinger-ds-led\" \/>\n<meta property=\"og:site_name\" content=\"Safety Source Fire\" \/>\n<meta property=\"article:publisher\" content=\"https:\/\/www.facebook.com\/mmfssca\" \/>\n<meta property=\"article:modified_time\" content=\"2018-05-22T14:19:28+00:00\" \/>\n<meta property=\"og:image\" content=\"https:\/\/safetysourcefire.ca\/wp-content\/uploads\/2017\/05\/Stinger-DS-LED.jpg\" \/>\n\t<meta property=\"og:image:width\" content=\"600\" \/>\n\t<meta property=\"og:image:height\" content=\"600\" \/>\n\t<meta property=\"og:image:type\" content=\"image\/jpeg\" \/>\n<meta name=\"twitter:card\" content=\"summary_large_image\" \/>\n<meta name=\"twitter:site\" content=\"@mmfssca\" \/>\n<meta name=\"twitter:label1\" content=\"Estimation du temps de lecture\" \/>\n\t<meta name=\"twitter:data1\" content=\"1 minute\" \/>\n<script type=\"application\/ld+json\" class=\"yoast-schema-graph\">{\"@context\":\"https:\\\/\\\/schema.org\",\"@graph\":[{\"@type\":\"WebPage\",\"@id\":\"https:\\\/\\\/safetysourcefire.ca\\\/?product=stinger-ds-led\",\"url\":\"https:\\\/\\\/safetysourcefire.ca\\\/?product=stinger-ds-led\",\"name\":\"Stinger DS\u00ae LED - Safety Source Fire\",\"isPartOf\":{\"@id\":\"https:\\\/\\\/safetysourcefire.ca\\\/#website\"},\"primaryImageOfPage\":{\"@id\":\"https:\\\/\\\/safetysourcefire.ca\\\/?product=stinger-ds-led#primaryimage\"},\"image\":{\"@id\":\"https:\\\/\\\/safetysourcefire.ca\\\/?product=stinger-ds-led#primaryimage\"},\"thumbnailUrl\":\"https:\\\/\\\/safetysourcefire.ca\\\/wp-content\\\/uploads\\\/2017\\\/05\\\/Stinger-DS-LED.jpg\",\"datePublished\":\"2017-04-30T20:25:00+00:00\",\"dateModified\":\"2018-05-22T14:19:28+00:00\",\"breadcrumb\":{\"@id\":\"https:\\\/\\\/safetysourcefire.ca\\\/?product=stinger-ds-led#breadcrumb\"},\"inLanguage\":\"fr-CA\",\"potentialAction\":[{\"@type\":\"ReadAction\",\"target\":[\"https:\\\/\\\/safetysourcefire.ca\\\/?product=stinger-ds-led\"]}]},{\"@type\":\"ImageObject\",\"inLanguage\":\"fr-CA\",\"@id\":\"https:\\\/\\\/safetysourcefire.ca\\\/?product=stinger-ds-led#primaryimage\",\"url\":\"https:\\\/\\\/safetysourcefire.ca\\\/wp-content\\\/uploads\\\/2017\\\/05\\\/Stinger-DS-LED.jpg\",\"contentUrl\":\"https:\\\/\\\/safetysourcefire.ca\\\/wp-content\\\/uploads\\\/2017\\\/05\\\/Stinger-DS-LED.jpg\",\"width\":600,\"height\":600,\"caption\":\"Stinger DS LED\"},{\"@type\":\"BreadcrumbList\",\"@id\":\"https:\\\/\\\/safetysourcefire.ca\\\/?product=stinger-ds-led#breadcrumb\",\"itemListElement\":[{\"@type\":\"ListItem\",\"position\":1,\"name\":\"Home\",\"item\":\"https:\\\/\\\/safetysourcefire.ca\\\/\"},{\"@type\":\"ListItem\",\"position\":2,\"name\":\"Products\",\"item\":\"https:\\\/\\\/safetysourcefire.ca\\\/shop\\\/\"},{\"@type\":\"ListItem\",\"position\":3,\"name\":\"Stinger DS\u00ae LED\"}]},{\"@type\":\"WebSite\",\"@id\":\"https:\\\/\\\/safetysourcefire.ca\\\/#website\",\"url\":\"https:\\\/\\\/safetysourcefire.ca\\\/\",\"name\":\"Safety Source Fire\",\"description\":\"\",\"publisher\":{\"@id\":\"https:\\\/\\\/safetysourcefire.ca\\\/#organization\"},\"potentialAction\":[{\"@type\":\"SearchAction\",\"target\":{\"@type\":\"EntryPoint\",\"urlTemplate\":\"https:\\\/\\\/safetysourcefire.ca\\\/?s={search_term_string}\"},\"query-input\":{\"@type\":\"PropertyValueSpecification\",\"valueRequired\":true,\"valueName\":\"search_term_string\"}}],\"inLanguage\":\"fr-CA\"},{\"@type\":\"Organization\",\"@id\":\"https:\\\/\\\/safetysourcefire.ca\\\/#organization\",\"name\":\"Safety Source Fire\",\"url\":\"https:\\\/\\\/safetysourcefire.ca\\\/\",\"logo\":{\"@type\":\"ImageObject\",\"inLanguage\":\"fr-CA\",\"@id\":\"https:\\\/\\\/safetysourcefire.ca\\\/#\\\/schema\\\/logo\\\/image\\\/\",\"url\":\"https:\\\/\\\/safetysourcefire.ca\\\/wp-content\\\/uploads\\\/2021\\\/01\\\/SSF_logo_CC0000-3.png\",\"contentUrl\":\"https:\\\/\\\/safetysourcefire.ca\\\/wp-content\\\/uploads\\\/2021\\\/01\\\/SSF_logo_CC0000-3.png\",\"width\":1107,\"height\":365,\"caption\":\"Safety Source Fire\"},\"image\":{\"@id\":\"https:\\\/\\\/safetysourcefire.ca\\\/#\\\/schema\\\/logo\\\/image\\\/\"},\"sameAs\":[\"https:\\\/\\\/www.facebook.com\\\/mmfssca\",\"https:\\\/\\\/x.com\\\/mmfssca\"]}]}<\/script>\n<!-- \/ Yoast SEO plugin. -->","yoast_head_json":{"title":"Stinger DS\u00ae LED - Safety Source Fire","robots":{"index":"index","follow":"follow","max-snippet":"max-snippet:-1","max-image-preview":"max-image-preview:large","max-video-preview":"max-video-preview:-1"},"canonical":"https:\/\/safetysourcefire.ca\/fr\/?product=stinger-ds-led","og_locale":"fr_CA","og_type":"article","og_title":"Stinger DS\u00ae LED - Safety Source Fire","og_description":"This all purpose flashlight is designed for the broadest range of lighting needs at the best value.","og_url":"https:\/\/safetysourcefire.ca\/fr\/?product=stinger-ds-led","og_site_name":"Safety Source Fire","article_publisher":"https:\/\/www.facebook.com\/mmfssca","article_modified_time":"2018-05-22T14:19:28+00:00","og_image":[{"width":600,"height":600,"url":"https:\/\/safetysourcefire.ca\/wp-content\/uploads\/2017\/05\/Stinger-DS-LED.jpg","type":"image\/jpeg"}],"twitter_card":"summary_large_image","twitter_site":"@mmfssca","twitter_misc":{"Estimation du temps de lecture":"1 minute"},"schema":{"@context":"https:\/\/schema.org","@graph":[{"@type":"WebPage","@id":"https:\/\/safetysourcefire.ca\/?product=stinger-ds-led","url":"https:\/\/safetysourcefire.ca\/?product=stinger-ds-led","name":"Stinger DS\u00ae LED - Safety Source Fire","isPartOf":{"@id":"https:\/\/safetysourcefire.ca\/#website"},"primaryImageOfPage":{"@id":"https:\/\/safetysourcefire.ca\/?product=stinger-ds-led#primaryimage"},"image":{"@id":"https:\/\/safetysourcefire.ca\/?product=stinger-ds-led#primaryimage"},"thumbnailUrl":"https:\/\/safetysourcefire.ca\/wp-content\/uploads\/2017\/05\/Stinger-DS-LED.jpg","datePublished":"2017-04-30T20:25:00+00:00","dateModified":"2018-05-22T14:19:28+00:00","breadcrumb":{"@id":"https:\/\/safetysourcefire.ca\/?product=stinger-ds-led#breadcrumb"},"inLanguage":"fr-CA","potentialAction":[{"@type":"ReadAction","target":["https:\/\/safetysourcefire.ca\/?product=stinger-ds-led"]}]},{"@type":"ImageObject","inLanguage":"fr-CA","@id":"https:\/\/safetysourcefire.ca\/?product=stinger-ds-led#primaryimage","url":"https:\/\/safetysourcefire.ca\/wp-content\/uploads\/2017\/05\/Stinger-DS-LED.jpg","contentUrl":"https:\/\/safetysourcefire.ca\/wp-content\/uploads\/2017\/05\/Stinger-DS-LED.jpg","width":600,"height":600,"caption":"Stinger DS LED"},{"@type":"BreadcrumbList","@id":"https:\/\/safetysourcefire.ca\/?product=stinger-ds-led#breadcrumb","itemListElement":[{"@type":"ListItem","position":1,"name":"Home","item":"https:\/\/safetysourcefire.ca\/"},{"@type":"ListItem","position":2,"name":"Products","item":"https:\/\/safetysourcefire.ca\/shop\/"},{"@type":"ListItem","position":3,"name":"Stinger DS\u00ae LED"}]},{"@type":"WebSite","@id":"https:\/\/safetysourcefire.ca\/#website","url":"https:\/\/safetysourcefire.ca\/","name":"Safety Source Fire","description":"","publisher":{"@id":"https:\/\/safetysourcefire.ca\/#organization"},"potentialAction":[{"@type":"SearchAction","target":{"@type":"EntryPoint","urlTemplate":"https:\/\/safetysourcefire.ca\/?s={search_term_string}"},"query-input":{"@type":"PropertyValueSpecification","valueRequired":true,"valueName":"search_term_string"}}],"inLanguage":"fr-CA"},{"@type":"Organization","@id":"https:\/\/safetysourcefire.ca\/#organization","name":"Safety Source Fire","url":"https:\/\/safetysourcefire.ca\/","logo":{"@type":"ImageObject","inLanguage":"fr-CA","@id":"https:\/\/safetysourcefire.ca\/#\/schema\/logo\/image\/","url":"https:\/\/safetysourcefire.ca\/wp-content\/uploads\/2021\/01\/SSF_logo_CC0000-3.png","contentUrl":"https:\/\/safetysourcefire.ca\/wp-content\/uploads\/2021\/01\/SSF_logo_CC0000-3.png","width":1107,"height":365,"caption":"Safety Source Fire"},"image":{"@id":"https:\/\/safetysourcefire.ca\/#\/schema\/logo\/image\/"},"sameAs":["https:\/\/www.facebook.com\/mmfssca","https:\/\/x.com\/mmfssca"]}]}},"_links":{"self":[{"href":"https:\/\/safetysourcefire.ca\/fr\/wp-json\/wp\/v2\/product\/660","targetHints":{"allow":["GET"]}}],"collection":[{"href":"https:\/\/safetysourcefire.ca\/fr\/wp-json\/wp\/v2\/product"}],"about":[{"href":"https:\/\/safetysourcefire.ca\/fr\/wp-json\/wp\/v2\/types\/product"}],"wp:featuredmedia":[{"embeddable":true,"href":"https:\/\/safetysourcefire.ca\/fr\/wp-json\/wp\/v2\/media\/1209"}],"wp:attachment":[{"href":"https:\/\/safetysourcefire.ca\/fr\/wp-json\/wp\/v2\/media?parent=660"}],"wp:term":[{"taxonomy":"product_brand","embeddable":true,"href":"https:\/\/safetysourcefire.ca\/fr\/wp-json\/wp\/v2\/product_brand?post=660"},{"taxonomy":"product_cat","embeddable":true,"href":"https:\/\/safetysourcefire.ca\/fr\/wp-json\/wp\/v2\/product_cat?post=660"},{"taxonomy":"product_tag","embeddable":true,"href":"https:\/\/safetysourcefire.ca\/fr\/wp-json\/wp\/v2\/product_tag?post=660"}],"curies":[{"name":"wp","href":"https:\/\/api.w.org\/{rel}","templated":true}]}}