{"id":663,"date":"2017-04-30T20:36:33","date_gmt":"2017-04-30T20:36:33","guid":{"rendered":"http:\/\/mmfss.ca\/?post_type=product&#038;p=663"},"modified":"2018-05-22T14:19:27","modified_gmt":"2018-05-22T14:19:27","slug":"strion-ds-compact-dual-switch-handheld-flashlight","status":"publish","type":"product","link":"https:\/\/safetysourcefire.ca\/fr\/produit\/strion-ds-compact-dual-switch-handheld-flashlight\/","title":{"rendered":"Lampe de poche  \u00e0 double interrupteur Strion\u00ae DS Compact"},"content":{"rendered":"<ul>\n<li>TECHNOLOGIE DUAL SWITCH - Acc\u00e9dez \u00e0 plusieurs modes d&#039;\u00e9clairage via l&#039;interrupteur arri\u00e8re \u00e0 bouton-poussoir ou l&#039;interrupteur mont\u00e9 sur la t\u00eate. Les interrupteurs fonctionnent ind\u00e9pendamment.<\/li>\n<li>TEN-TAP<sup>\u00ae<\/sup>\u00a0le commutateur programmable permet \u00e0 l&#039;utilisateur de s\u00e9lectionner l&#039;un des trois programmes diff\u00e9rents : 1.) haut\/moyen\/bas avec stroboscope (par d\u00e9faut) ; 2.) \u00e9lev\u00e9 uniquement sans stroboscope\u00a0; 3.) haut\/moyen\/bas sans stroboscope<\/li>\n<li>Trois modes et option clignotante :<br \/>\n\u2013 \u00c9lev\u00e9 : pour un faisceau tr\u00e8s lumineux : 375 lumens ; 12 000 candelas ; Distance du faisceau de 219\u00a0m\u00a0; fonctionne 2 heures<br \/>\n\u2013 Moyen : pour une lumi\u00e8re vive et une autonomie plus longue : 150 lumens ; 5 000 candelas ; distance de faisceau de 141 m; fonctionne 5 heures<br \/>\n\u2013 Faible : pour un faisceau moins intense et une autonomie prolong\u00e9e : 40 lumens ; 1 300 candelas ; Distance du faisceau de 72\u00a0m\u00a0; fonctionne 20 heures<br \/>\n\u2013 Stroboscope \/clignotant : pour signaler votre position : fonctionne 4,5 heures<\/li>\n<li>C4<sup>\u00ae<\/sup>\u00a0Technologie LED pour une luminosit\u00e9 extr\u00eame<\/li>\n<li>Intensit\u00e9 r\u00e9gul\u00e9e \u00e9lectroniquement<\/li>\n<li>Batterie lithium-ion rechargeable jusqu'\u00e0 1 000 fois ; se recharge compl\u00e8tement en 3 heures<\/li>\n<li>Support de chargeur de style ''pince'' avec circuit de commande num\u00e9rique qui emp\u00eache la surcharge<\/li>\n<li>PiggyBack<sup>\u00ae<\/sup>\u00a0Ce double chargeur augmente votre autonomie en permettant de charger une batterie de rechange (vendue s\u00e9par\u00e9ment) pendant que vous continuez \u00e0 travailler\u00a0; r\u00e9duit les temps d'arr\u00eat<\/li>\n<li>IPX4 r\u00e9sistant \u00e0 l&#039;eau; R\u00e9sistance aux chocs de 2 m test\u00e9e<\/li>\n<li>Aluminium d&#039;avion usin\u00e9 anodis\u00e9 s\u00e9rie 6000; Lentille en verre Borofloat haute temp\u00e9rature<\/li>\n<li>La t\u00eate anti-roulis emp\u00eache la lumi\u00e8re de rouler lorsque vous la posez<\/li>\n<li>6,40&quot; (16,26 cm)\u00a0; 5,4 onces (153 grammes)<\/li>\n<li>S\u00e9rialis\u00e9 pour identification formelle<\/li>\n<li>Garantie \u00e0 vie (limit\u00e9e)<\/li>\n<\/ul>\n<p>&nbsp;<\/p>\n<p>&nbsp;<\/p>\n<p>&nbsp;<\/p>","protected":false},"excerpt":{"rendered":"<p>Vous l'avez demand\u00e9, nous avons \u00e9cout\u00e9! Notre technologie \u00abDual Switch\u00bb est maintenant disponible dans ce produit Strion DS compacte et polyvalent, con\u00e7u pour une large gamme de besoins d'\u00e9clairage, au meilleur rapport qualit\u00e9-prix possible!<\/p>","protected":false},"featured_media":1213,"template":"","meta":[],"product_brand":[144],"product_cat":[48,81],"product_tag":[394,351,350],"class_list":{"0":"post-663","1":"product","2":"type-product","3":"status-publish","4":"has-post-thumbnail","6":"product_brand-streamlight","7":"product_cat-lighting","8":"product_cat-personal-lighting","9":"product_tag-light","10":"product_tag-stream-light","11":"product_tag-streamlight","13":"first","14":"instock","15":"shipping-taxable","16":"product-type-simple"},"yoast_head":"<!-- This site is optimized with the Yoast SEO plugin v27.4 - https:\/\/yoast.com\/product\/yoast-seo-wordpress\/ -->\n<title>Strion\u00ae DS Compact Dual-Switch Handheld Flashlight - Safety Source Fire<\/title>\n<meta name=\"robots\" content=\"index, follow, max-snippet:-1, max-image-preview:large, max-video-preview:-1\" \/>\n<link rel=\"canonical\" href=\"https:\/\/safetysourcefire.ca\/fr\/?product=strion-ds-compact-dual-switch-handheld-flashlight\" \/>\n<meta property=\"og:locale\" content=\"fr_CA\" \/>\n<meta property=\"og:type\" content=\"article\" \/>\n<meta property=\"og:title\" content=\"Strion\u00ae DS Compact Dual-Switch Handheld Flashlight - Safety Source Fire\" \/>\n<meta property=\"og:description\" content=\"You asked, we listened! Our Dual Switch Technology is now available in the multi-purpose, compact Strion DS, designed for the broadest range of lighting needs at the best value!\" \/>\n<meta property=\"og:url\" content=\"https:\/\/safetysourcefire.ca\/fr\/?product=strion-ds-compact-dual-switch-handheld-flashlight\" \/>\n<meta property=\"og:site_name\" content=\"Safety Source Fire\" \/>\n<meta property=\"article:publisher\" content=\"https:\/\/www.facebook.com\/mmfssca\" \/>\n<meta property=\"article:modified_time\" content=\"2018-05-22T14:19:27+00:00\" \/>\n<meta property=\"og:image\" content=\"https:\/\/safetysourcefire.ca\/wp-content\/uploads\/2017\/05\/STRION.jpg\" \/>\n\t<meta property=\"og:image:width\" content=\"600\" \/>\n\t<meta property=\"og:image:height\" content=\"600\" \/>\n\t<meta property=\"og:image:type\" content=\"image\/jpeg\" \/>\n<meta name=\"twitter:card\" content=\"summary_large_image\" \/>\n<meta name=\"twitter:site\" content=\"@mmfssca\" \/>\n<meta name=\"twitter:label1\" content=\"Estimation du temps de lecture\" \/>\n\t<meta name=\"twitter:data1\" content=\"1 minute\" \/>\n<script type=\"application\/ld+json\" class=\"yoast-schema-graph\">{\"@context\":\"https:\\\/\\\/schema.org\",\"@graph\":[{\"@type\":\"WebPage\",\"@id\":\"https:\\\/\\\/safetysourcefire.ca\\\/?product=strion-ds-compact-dual-switch-handheld-flashlight\",\"url\":\"https:\\\/\\\/safetysourcefire.ca\\\/?product=strion-ds-compact-dual-switch-handheld-flashlight\",\"name\":\"Strion\u00ae DS Compact Dual-Switch Handheld Flashlight - Safety Source Fire\",\"isPartOf\":{\"@id\":\"https:\\\/\\\/safetysourcefire.ca\\\/#website\"},\"primaryImageOfPage\":{\"@id\":\"https:\\\/\\\/safetysourcefire.ca\\\/?product=strion-ds-compact-dual-switch-handheld-flashlight#primaryimage\"},\"image\":{\"@id\":\"https:\\\/\\\/safetysourcefire.ca\\\/?product=strion-ds-compact-dual-switch-handheld-flashlight#primaryimage\"},\"thumbnailUrl\":\"https:\\\/\\\/safetysourcefire.ca\\\/wp-content\\\/uploads\\\/2017\\\/05\\\/STRION.jpg\",\"datePublished\":\"2017-04-30T20:36:33+00:00\",\"dateModified\":\"2018-05-22T14:19:27+00:00\",\"breadcrumb\":{\"@id\":\"https:\\\/\\\/safetysourcefire.ca\\\/?product=strion-ds-compact-dual-switch-handheld-flashlight#breadcrumb\"},\"inLanguage\":\"fr-CA\",\"potentialAction\":[{\"@type\":\"ReadAction\",\"target\":[\"https:\\\/\\\/safetysourcefire.ca\\\/?product=strion-ds-compact-dual-switch-handheld-flashlight\"]}]},{\"@type\":\"ImageObject\",\"inLanguage\":\"fr-CA\",\"@id\":\"https:\\\/\\\/safetysourcefire.ca\\\/?product=strion-ds-compact-dual-switch-handheld-flashlight#primaryimage\",\"url\":\"https:\\\/\\\/safetysourcefire.ca\\\/wp-content\\\/uploads\\\/2017\\\/05\\\/STRION.jpg\",\"contentUrl\":\"https:\\\/\\\/safetysourcefire.ca\\\/wp-content\\\/uploads\\\/2017\\\/05\\\/STRION.jpg\",\"width\":600,\"height\":600,\"caption\":\"Strion\u00ae DS Compact Dual-Switch Handheld Flashlight\"},{\"@type\":\"BreadcrumbList\",\"@id\":\"https:\\\/\\\/safetysourcefire.ca\\\/?product=strion-ds-compact-dual-switch-handheld-flashlight#breadcrumb\",\"itemListElement\":[{\"@type\":\"ListItem\",\"position\":1,\"name\":\"Home\",\"item\":\"https:\\\/\\\/safetysourcefire.ca\\\/\"},{\"@type\":\"ListItem\",\"position\":2,\"name\":\"Products\",\"item\":\"https:\\\/\\\/safetysourcefire.ca\\\/shop\\\/\"},{\"@type\":\"ListItem\",\"position\":3,\"name\":\"Strion\u00ae DS Compact Dual-Switch Handheld Flashlight\"}]},{\"@type\":\"WebSite\",\"@id\":\"https:\\\/\\\/safetysourcefire.ca\\\/#website\",\"url\":\"https:\\\/\\\/safetysourcefire.ca\\\/\",\"name\":\"Safety Source Fire\",\"description\":\"\",\"publisher\":{\"@id\":\"https:\\\/\\\/safetysourcefire.ca\\\/#organization\"},\"potentialAction\":[{\"@type\":\"SearchAction\",\"target\":{\"@type\":\"EntryPoint\",\"urlTemplate\":\"https:\\\/\\\/safetysourcefire.ca\\\/?s={search_term_string}\"},\"query-input\":{\"@type\":\"PropertyValueSpecification\",\"valueRequired\":true,\"valueName\":\"search_term_string\"}}],\"inLanguage\":\"fr-CA\"},{\"@type\":\"Organization\",\"@id\":\"https:\\\/\\\/safetysourcefire.ca\\\/#organization\",\"name\":\"Safety Source Fire\",\"url\":\"https:\\\/\\\/safetysourcefire.ca\\\/\",\"logo\":{\"@type\":\"ImageObject\",\"inLanguage\":\"fr-CA\",\"@id\":\"https:\\\/\\\/safetysourcefire.ca\\\/#\\\/schema\\\/logo\\\/image\\\/\",\"url\":\"https:\\\/\\\/safetysourcefire.ca\\\/wp-content\\\/uploads\\\/2021\\\/01\\\/SSF_logo_CC0000-3.png\",\"contentUrl\":\"https:\\\/\\\/safetysourcefire.ca\\\/wp-content\\\/uploads\\\/2021\\\/01\\\/SSF_logo_CC0000-3.png\",\"width\":1107,\"height\":365,\"caption\":\"Safety Source Fire\"},\"image\":{\"@id\":\"https:\\\/\\\/safetysourcefire.ca\\\/#\\\/schema\\\/logo\\\/image\\\/\"},\"sameAs\":[\"https:\\\/\\\/www.facebook.com\\\/mmfssca\",\"https:\\\/\\\/x.com\\\/mmfssca\"]}]}<\/script>\n<!-- \/ Yoast SEO plugin. -->","yoast_head_json":{"title":"Strion\u00ae DS Compact Dual-Switch Handheld Flashlight - Safety Source Fire","robots":{"index":"index","follow":"follow","max-snippet":"max-snippet:-1","max-image-preview":"max-image-preview:large","max-video-preview":"max-video-preview:-1"},"canonical":"https:\/\/safetysourcefire.ca\/fr\/?product=strion-ds-compact-dual-switch-handheld-flashlight","og_locale":"fr_CA","og_type":"article","og_title":"Strion\u00ae DS Compact Dual-Switch Handheld Flashlight - Safety Source Fire","og_description":"You asked, we listened! Our Dual Switch Technology is now available in the multi-purpose, compact Strion DS, designed for the broadest range of lighting needs at the best value!","og_url":"https:\/\/safetysourcefire.ca\/fr\/?product=strion-ds-compact-dual-switch-handheld-flashlight","og_site_name":"Safety Source Fire","article_publisher":"https:\/\/www.facebook.com\/mmfssca","article_modified_time":"2018-05-22T14:19:27+00:00","og_image":[{"width":600,"height":600,"url":"https:\/\/safetysourcefire.ca\/wp-content\/uploads\/2017\/05\/STRION.jpg","type":"image\/jpeg"}],"twitter_card":"summary_large_image","twitter_site":"@mmfssca","twitter_misc":{"Estimation du temps de lecture":"1 minute"},"schema":{"@context":"https:\/\/schema.org","@graph":[{"@type":"WebPage","@id":"https:\/\/safetysourcefire.ca\/?product=strion-ds-compact-dual-switch-handheld-flashlight","url":"https:\/\/safetysourcefire.ca\/?product=strion-ds-compact-dual-switch-handheld-flashlight","name":"Strion\u00ae DS Compact Dual-Switch Handheld Flashlight - Safety Source Fire","isPartOf":{"@id":"https:\/\/safetysourcefire.ca\/#website"},"primaryImageOfPage":{"@id":"https:\/\/safetysourcefire.ca\/?product=strion-ds-compact-dual-switch-handheld-flashlight#primaryimage"},"image":{"@id":"https:\/\/safetysourcefire.ca\/?product=strion-ds-compact-dual-switch-handheld-flashlight#primaryimage"},"thumbnailUrl":"https:\/\/safetysourcefire.ca\/wp-content\/uploads\/2017\/05\/STRION.jpg","datePublished":"2017-04-30T20:36:33+00:00","dateModified":"2018-05-22T14:19:27+00:00","breadcrumb":{"@id":"https:\/\/safetysourcefire.ca\/?product=strion-ds-compact-dual-switch-handheld-flashlight#breadcrumb"},"inLanguage":"fr-CA","potentialAction":[{"@type":"ReadAction","target":["https:\/\/safetysourcefire.ca\/?product=strion-ds-compact-dual-switch-handheld-flashlight"]}]},{"@type":"ImageObject","inLanguage":"fr-CA","@id":"https:\/\/safetysourcefire.ca\/?product=strion-ds-compact-dual-switch-handheld-flashlight#primaryimage","url":"https:\/\/safetysourcefire.ca\/wp-content\/uploads\/2017\/05\/STRION.jpg","contentUrl":"https:\/\/safetysourcefire.ca\/wp-content\/uploads\/2017\/05\/STRION.jpg","width":600,"height":600,"caption":"Strion\u00ae DS Compact Dual-Switch Handheld Flashlight"},{"@type":"BreadcrumbList","@id":"https:\/\/safetysourcefire.ca\/?product=strion-ds-compact-dual-switch-handheld-flashlight#breadcrumb","itemListElement":[{"@type":"ListItem","position":1,"name":"Home","item":"https:\/\/safetysourcefire.ca\/"},{"@type":"ListItem","position":2,"name":"Products","item":"https:\/\/safetysourcefire.ca\/shop\/"},{"@type":"ListItem","position":3,"name":"Strion\u00ae DS Compact Dual-Switch Handheld Flashlight"}]},{"@type":"WebSite","@id":"https:\/\/safetysourcefire.ca\/#website","url":"https:\/\/safetysourcefire.ca\/","name":"Safety Source Fire","description":"","publisher":{"@id":"https:\/\/safetysourcefire.ca\/#organization"},"potentialAction":[{"@type":"SearchAction","target":{"@type":"EntryPoint","urlTemplate":"https:\/\/safetysourcefire.ca\/?s={search_term_string}"},"query-input":{"@type":"PropertyValueSpecification","valueRequired":true,"valueName":"search_term_string"}}],"inLanguage":"fr-CA"},{"@type":"Organization","@id":"https:\/\/safetysourcefire.ca\/#organization","name":"Safety Source Fire","url":"https:\/\/safetysourcefire.ca\/","logo":{"@type":"ImageObject","inLanguage":"fr-CA","@id":"https:\/\/safetysourcefire.ca\/#\/schema\/logo\/image\/","url":"https:\/\/safetysourcefire.ca\/wp-content\/uploads\/2021\/01\/SSF_logo_CC0000-3.png","contentUrl":"https:\/\/safetysourcefire.ca\/wp-content\/uploads\/2021\/01\/SSF_logo_CC0000-3.png","width":1107,"height":365,"caption":"Safety Source Fire"},"image":{"@id":"https:\/\/safetysourcefire.ca\/#\/schema\/logo\/image\/"},"sameAs":["https:\/\/www.facebook.com\/mmfssca","https:\/\/x.com\/mmfssca"]}]}},"_links":{"self":[{"href":"https:\/\/safetysourcefire.ca\/fr\/wp-json\/wp\/v2\/product\/663","targetHints":{"allow":["GET"]}}],"collection":[{"href":"https:\/\/safetysourcefire.ca\/fr\/wp-json\/wp\/v2\/product"}],"about":[{"href":"https:\/\/safetysourcefire.ca\/fr\/wp-json\/wp\/v2\/types\/product"}],"wp:featuredmedia":[{"embeddable":true,"href":"https:\/\/safetysourcefire.ca\/fr\/wp-json\/wp\/v2\/media\/1213"}],"wp:attachment":[{"href":"https:\/\/safetysourcefire.ca\/fr\/wp-json\/wp\/v2\/media?parent=663"}],"wp:term":[{"taxonomy":"product_brand","embeddable":true,"href":"https:\/\/safetysourcefire.ca\/fr\/wp-json\/wp\/v2\/product_brand?post=663"},{"taxonomy":"product_cat","embeddable":true,"href":"https:\/\/safetysourcefire.ca\/fr\/wp-json\/wp\/v2\/product_cat?post=663"},{"taxonomy":"product_tag","embeddable":true,"href":"https:\/\/safetysourcefire.ca\/fr\/wp-json\/wp\/v2\/product_tag?post=663"}],"curies":[{"name":"wp","href":"https:\/\/api.w.org\/{rel}","templated":true}]}}