{"id":664,"date":"2017-04-30T20:38:37","date_gmt":"2017-04-30T20:38:37","guid":{"rendered":"http:\/\/mmfss.ca\/?post_type=product&#038;p=664"},"modified":"2018-05-22T14:18:38","modified_gmt":"2018-05-22T14:18:38","slug":"vantage","status":"publish","type":"product","link":"https:\/\/safetysourcefire.ca\/fr\/produit\/vantage\/","title":{"rendered":"Lampe Vantage"},"content":{"rendered":"<p>R\u00e9pond d\u00e9sormais aux exigences de la norme NFPA 1971-8.6 (2007)<\/p>\n<ul>\n<li>Conception l\u00e9g\u00e8re, compacte et discr\u00e8te qui se fixe\/se d\u00e9tache facilement sur les bords <strong><em>sup\u00e9rieurs ou inf\u00e9rieurs<\/em><\/strong> des casques de pompier, les casques industriels et les casques de protection<\/li>\n<li><strong><em>Technologie DEL C4\u00ae<\/em><\/strong> insensible aux chocs. Ne cassera pas et ne br\u00fblera pas\u00a0!<\/li>\n<li>La LED C4 est 2 \u00e0 3 fois plus lumineuse que les LED de la g\u00e9n\u00e9ration pr\u00e9c\u00e9dente<\/li>\n<li>Dispose d&#039;un <strong><em>feu arri\u00e8re LED bleu ultra-lumineux<\/em><\/strong><\/li>\n<li>Intensit\u00e9 maximale du faisceau jusqu'\u00e0 4 500 candelas ;  Rendement du syst\u00e8me de 80 lumens<\/li>\n<li>6 heures d'autonomie continue avant d'atteindre le niveau de sortie de 10%<\/li>\n<li>R\u00e9gulation de courant \u00e0 semi-conducteurs pour un niveau d&#039;\u00e9clairage constant<\/li>\n<li>Convient aux casques de style traditionnel et moderne<\/li>\n<li>Serrez la pince avec vos doigts. Aucun outil n\u00e9cessaire\u00a0!<\/li>\n<li>Pince pivotante et r\u00e9glage d&#039;angle ins\u00e9rable de 5\u00b0 pour optimiser l&#039;emplacement du faisceau<\/li>\n<li>Pivote \u00e0 360 degr\u00e9s sur la pince<\/li>\n<li>R\u00e9flecteur parabolique textur\u00e9 produisant un point chaud de faisceau lisse avec un \u00e9clairage p\u00e9riph\u00e9rique optimal<\/li>\n<li>Fait d'aluminium a\u00e9ronautique anodis\u00e9<\/li>\n<li>Utilise deux piles au lithium 3V<\/li>\n<li>Bande r\u00e9fl\u00e9chissante<\/li>\n<li>\u00c9tanch\u00e9it\u00e9 IPX7 jusqu&#039;\u00e0 1 m\u00e8tre pendant 30 minutes<\/li>\n<li>Lentille en verre Boro Float haute temp\u00e9rature, mont\u00e9e sur amortisseur et r\u00e9sistante aux chocs<\/li>\n<li>Bo\u00eetier LED en polym\u00e8re technique r\u00e9sistant aux chocs et aux produits chimiques<\/li>\n<li>3,26 pouces ; 5,14 onces<\/li>\n<\/ul>","protected":false},"excerpt":{"rendered":"<p>LA solution aux besoins d'\u00e9clairage mains libres des pompiers! Compacte, puissante, r\u00e9sistante aux chocs et pratiquement indestructible!<\/p>","protected":false},"featured_media":374,"template":"","meta":[],"product_brand":[144],"product_cat":[48,81],"product_tag":[394,351,350],"class_list":{"0":"post-664","1":"product","2":"type-product","3":"status-publish","4":"has-post-thumbnail","6":"product_brand-streamlight","7":"product_cat-lighting","8":"product_cat-personal-lighting","9":"product_tag-light","10":"product_tag-stream-light","11":"product_tag-streamlight","13":"first","14":"instock","15":"shipping-taxable","16":"product-type-simple"},"yoast_head":"<!-- This site is optimized with the Yoast SEO plugin v27.5 - https:\/\/yoast.com\/product\/yoast-seo-wordpress\/ -->\n<title>Vantage - Safety Source Fire<\/title>\n<meta name=\"robots\" content=\"index, follow, max-snippet:-1, max-image-preview:large, max-video-preview:-1\" \/>\n<link rel=\"canonical\" href=\"https:\/\/safetysourcefire.ca\/fr\/?product=vantage\" \/>\n<meta property=\"og:locale\" content=\"fr_CA\" \/>\n<meta property=\"og:type\" content=\"article\" \/>\n<meta property=\"og:title\" content=\"Vantage - Safety Source Fire\" \/>\n<meta property=\"og:description\" content=\"The solution to firefighter\u2019s hands-free lighting needs. Compact, powerful, shock-proof, and virtually indestructible!\" \/>\n<meta property=\"og:url\" content=\"https:\/\/safetysourcefire.ca\/fr\/?product=vantage\" \/>\n<meta property=\"og:site_name\" content=\"Safety Source Fire\" \/>\n<meta property=\"article:publisher\" content=\"https:\/\/www.facebook.com\/mmfssca\" \/>\n<meta property=\"article:modified_time\" content=\"2018-05-22T14:18:38+00:00\" \/>\n<meta property=\"og:image\" content=\"https:\/\/safetysourcefire.ca\/wp-content\/uploads\/2017\/04\/vantage-e1494257970710.jpg\" \/>\n\t<meta property=\"og:image:width\" content=\"600\" \/>\n\t<meta property=\"og:image:height\" content=\"600\" \/>\n\t<meta property=\"og:image:type\" content=\"image\/jpeg\" \/>\n<meta name=\"twitter:card\" content=\"summary_large_image\" \/>\n<meta name=\"twitter:site\" content=\"@mmfssca\" \/>\n<meta name=\"twitter:label1\" content=\"Estimation du temps de lecture\" \/>\n\t<meta name=\"twitter:data1\" content=\"1 minute\" \/>\n<script type=\"application\/ld+json\" class=\"yoast-schema-graph\">{\"@context\":\"https:\\\/\\\/schema.org\",\"@graph\":[{\"@type\":\"WebPage\",\"@id\":\"https:\\\/\\\/safetysourcefire.ca\\\/?product=vantage\",\"url\":\"https:\\\/\\\/safetysourcefire.ca\\\/?product=vantage\",\"name\":\"Vantage - Safety Source Fire\",\"isPartOf\":{\"@id\":\"https:\\\/\\\/safetysourcefire.ca\\\/#website\"},\"primaryImageOfPage\":{\"@id\":\"https:\\\/\\\/safetysourcefire.ca\\\/?product=vantage#primaryimage\"},\"image\":{\"@id\":\"https:\\\/\\\/safetysourcefire.ca\\\/?product=vantage#primaryimage\"},\"thumbnailUrl\":\"https:\\\/\\\/safetysourcefire.ca\\\/wp-content\\\/uploads\\\/2017\\\/04\\\/vantage-e1494257970710.jpg\",\"datePublished\":\"2017-04-30T20:38:37+00:00\",\"dateModified\":\"2018-05-22T14:18:38+00:00\",\"breadcrumb\":{\"@id\":\"https:\\\/\\\/safetysourcefire.ca\\\/?product=vantage#breadcrumb\"},\"inLanguage\":\"fr-CA\",\"potentialAction\":[{\"@type\":\"ReadAction\",\"target\":[\"https:\\\/\\\/safetysourcefire.ca\\\/?product=vantage\"]}]},{\"@type\":\"ImageObject\",\"inLanguage\":\"fr-CA\",\"@id\":\"https:\\\/\\\/safetysourcefire.ca\\\/?product=vantage#primaryimage\",\"url\":\"https:\\\/\\\/safetysourcefire.ca\\\/wp-content\\\/uploads\\\/2017\\\/04\\\/vantage-e1494257970710.jpg\",\"contentUrl\":\"https:\\\/\\\/safetysourcefire.ca\\\/wp-content\\\/uploads\\\/2017\\\/04\\\/vantage-e1494257970710.jpg\",\"width\":600,\"height\":600,\"caption\":\"Vantage hands-free lighting\"},{\"@type\":\"BreadcrumbList\",\"@id\":\"https:\\\/\\\/safetysourcefire.ca\\\/?product=vantage#breadcrumb\",\"itemListElement\":[{\"@type\":\"ListItem\",\"position\":1,\"name\":\"Home\",\"item\":\"https:\\\/\\\/safetysourcefire.ca\\\/\"},{\"@type\":\"ListItem\",\"position\":2,\"name\":\"Products\",\"item\":\"https:\\\/\\\/safetysourcefire.ca\\\/shop\\\/\"},{\"@type\":\"ListItem\",\"position\":3,\"name\":\"Vantage\"}]},{\"@type\":\"WebSite\",\"@id\":\"https:\\\/\\\/safetysourcefire.ca\\\/#website\",\"url\":\"https:\\\/\\\/safetysourcefire.ca\\\/\",\"name\":\"Safety Source Fire\",\"description\":\"\",\"publisher\":{\"@id\":\"https:\\\/\\\/safetysourcefire.ca\\\/#organization\"},\"potentialAction\":[{\"@type\":\"SearchAction\",\"target\":{\"@type\":\"EntryPoint\",\"urlTemplate\":\"https:\\\/\\\/safetysourcefire.ca\\\/?s={search_term_string}\"},\"query-input\":{\"@type\":\"PropertyValueSpecification\",\"valueRequired\":true,\"valueName\":\"search_term_string\"}}],\"inLanguage\":\"fr-CA\"},{\"@type\":\"Organization\",\"@id\":\"https:\\\/\\\/safetysourcefire.ca\\\/#organization\",\"name\":\"Safety Source Fire\",\"url\":\"https:\\\/\\\/safetysourcefire.ca\\\/\",\"logo\":{\"@type\":\"ImageObject\",\"inLanguage\":\"fr-CA\",\"@id\":\"https:\\\/\\\/safetysourcefire.ca\\\/#\\\/schema\\\/logo\\\/image\\\/\",\"url\":\"https:\\\/\\\/safetysourcefire.ca\\\/wp-content\\\/uploads\\\/2021\\\/01\\\/SSF_logo_CC0000-3.png\",\"contentUrl\":\"https:\\\/\\\/safetysourcefire.ca\\\/wp-content\\\/uploads\\\/2021\\\/01\\\/SSF_logo_CC0000-3.png\",\"width\":1107,\"height\":365,\"caption\":\"Safety Source Fire\"},\"image\":{\"@id\":\"https:\\\/\\\/safetysourcefire.ca\\\/#\\\/schema\\\/logo\\\/image\\\/\"},\"sameAs\":[\"https:\\\/\\\/www.facebook.com\\\/mmfssca\",\"https:\\\/\\\/x.com\\\/mmfssca\"]}]}<\/script>\n<!-- \/ Yoast SEO plugin. -->","yoast_head_json":{"title":"Vantage - Safety Source Fire","robots":{"index":"index","follow":"follow","max-snippet":"max-snippet:-1","max-image-preview":"max-image-preview:large","max-video-preview":"max-video-preview:-1"},"canonical":"https:\/\/safetysourcefire.ca\/fr\/?product=vantage","og_locale":"fr_CA","og_type":"article","og_title":"Vantage - Safety Source Fire","og_description":"The solution to firefighter\u2019s hands-free lighting needs. Compact, powerful, shock-proof, and virtually indestructible!","og_url":"https:\/\/safetysourcefire.ca\/fr\/?product=vantage","og_site_name":"Safety Source Fire","article_publisher":"https:\/\/www.facebook.com\/mmfssca","article_modified_time":"2018-05-22T14:18:38+00:00","og_image":[{"width":600,"height":600,"url":"https:\/\/safetysourcefire.ca\/wp-content\/uploads\/2017\/04\/vantage-e1494257970710.jpg","type":"image\/jpeg"}],"twitter_card":"summary_large_image","twitter_site":"@mmfssca","twitter_misc":{"Estimation du temps de lecture":"1 minute"},"schema":{"@context":"https:\/\/schema.org","@graph":[{"@type":"WebPage","@id":"https:\/\/safetysourcefire.ca\/?product=vantage","url":"https:\/\/safetysourcefire.ca\/?product=vantage","name":"Vantage - Safety Source Fire","isPartOf":{"@id":"https:\/\/safetysourcefire.ca\/#website"},"primaryImageOfPage":{"@id":"https:\/\/safetysourcefire.ca\/?product=vantage#primaryimage"},"image":{"@id":"https:\/\/safetysourcefire.ca\/?product=vantage#primaryimage"},"thumbnailUrl":"https:\/\/safetysourcefire.ca\/wp-content\/uploads\/2017\/04\/vantage-e1494257970710.jpg","datePublished":"2017-04-30T20:38:37+00:00","dateModified":"2018-05-22T14:18:38+00:00","breadcrumb":{"@id":"https:\/\/safetysourcefire.ca\/?product=vantage#breadcrumb"},"inLanguage":"fr-CA","potentialAction":[{"@type":"ReadAction","target":["https:\/\/safetysourcefire.ca\/?product=vantage"]}]},{"@type":"ImageObject","inLanguage":"fr-CA","@id":"https:\/\/safetysourcefire.ca\/?product=vantage#primaryimage","url":"https:\/\/safetysourcefire.ca\/wp-content\/uploads\/2017\/04\/vantage-e1494257970710.jpg","contentUrl":"https:\/\/safetysourcefire.ca\/wp-content\/uploads\/2017\/04\/vantage-e1494257970710.jpg","width":600,"height":600,"caption":"Vantage hands-free lighting"},{"@type":"BreadcrumbList","@id":"https:\/\/safetysourcefire.ca\/?product=vantage#breadcrumb","itemListElement":[{"@type":"ListItem","position":1,"name":"Home","item":"https:\/\/safetysourcefire.ca\/"},{"@type":"ListItem","position":2,"name":"Products","item":"https:\/\/safetysourcefire.ca\/shop\/"},{"@type":"ListItem","position":3,"name":"Vantage"}]},{"@type":"WebSite","@id":"https:\/\/safetysourcefire.ca\/#website","url":"https:\/\/safetysourcefire.ca\/","name":"Safety Source Fire","description":"","publisher":{"@id":"https:\/\/safetysourcefire.ca\/#organization"},"potentialAction":[{"@type":"SearchAction","target":{"@type":"EntryPoint","urlTemplate":"https:\/\/safetysourcefire.ca\/?s={search_term_string}"},"query-input":{"@type":"PropertyValueSpecification","valueRequired":true,"valueName":"search_term_string"}}],"inLanguage":"fr-CA"},{"@type":"Organization","@id":"https:\/\/safetysourcefire.ca\/#organization","name":"Safety Source Fire","url":"https:\/\/safetysourcefire.ca\/","logo":{"@type":"ImageObject","inLanguage":"fr-CA","@id":"https:\/\/safetysourcefire.ca\/#\/schema\/logo\/image\/","url":"https:\/\/safetysourcefire.ca\/wp-content\/uploads\/2021\/01\/SSF_logo_CC0000-3.png","contentUrl":"https:\/\/safetysourcefire.ca\/wp-content\/uploads\/2021\/01\/SSF_logo_CC0000-3.png","width":1107,"height":365,"caption":"Safety Source Fire"},"image":{"@id":"https:\/\/safetysourcefire.ca\/#\/schema\/logo\/image\/"},"sameAs":["https:\/\/www.facebook.com\/mmfssca","https:\/\/x.com\/mmfssca"]}]}},"_links":{"self":[{"href":"https:\/\/safetysourcefire.ca\/fr\/wp-json\/wp\/v2\/product\/664","targetHints":{"allow":["GET"]}}],"collection":[{"href":"https:\/\/safetysourcefire.ca\/fr\/wp-json\/wp\/v2\/product"}],"about":[{"href":"https:\/\/safetysourcefire.ca\/fr\/wp-json\/wp\/v2\/types\/product"}],"wp:featuredmedia":[{"embeddable":true,"href":"https:\/\/safetysourcefire.ca\/fr\/wp-json\/wp\/v2\/media\/374"}],"wp:attachment":[{"href":"https:\/\/safetysourcefire.ca\/fr\/wp-json\/wp\/v2\/media?parent=664"}],"wp:term":[{"taxonomy":"product_brand","embeddable":true,"href":"https:\/\/safetysourcefire.ca\/fr\/wp-json\/wp\/v2\/product_brand?post=664"},{"taxonomy":"product_cat","embeddable":true,"href":"https:\/\/safetysourcefire.ca\/fr\/wp-json\/wp\/v2\/product_cat?post=664"},{"taxonomy":"product_tag","embeddable":true,"href":"https:\/\/safetysourcefire.ca\/fr\/wp-json\/wp\/v2\/product_tag?post=664"}],"curies":[{"name":"wp","href":"https:\/\/api.w.org\/{rel}","templated":true}]}}