{"id":666,"date":"2017-04-30T20:44:07","date_gmt":"2017-04-30T20:44:07","guid":{"rendered":"http:\/\/mmfss.ca\/?post_type=product&#038;p=666"},"modified":"2018-05-22T14:18:37","modified_gmt":"2018-05-22T14:18:37","slug":"polytac-lithium-power-polymer-flashlight","status":"publish","type":"product","link":"https:\/\/safetysourcefire.ca\/fr\/produit\/polytac-lithium-power-polymer-flashlight\/","title":{"rendered":"Lampe de poche au lithium de Polytac\u00ae"},"content":{"rendered":"<ul>\n<li>C4<sup>\u00ae<\/sup>\u00a0La technologie LED dans le r\u00e9flecteur parabolique produit un faisceau concentr\u00e9 \u00e0 \u00e9clairage p\u00e9riph\u00e9rique optimal<\/li>\n<li>TEN-TAP<sup>\u00ae<\/sup>\u00a0Choix de trois modes de fonctionnement:<br \/>\n1.) haut \/ clignotant \/ bas (par d\u00e9faut); 2.) haut seulement; 3.) bas \/ haut:<\/p>\n<ul>\n<li>Mode ''\u00c9lev\u00e9'' pour une lumi\u00e8re vive: 275 lumens; 9 500 candelas; Distance de faisceau de 195m; fonctionne 3 heures<\/li>\n<li>Mode ''Faible'' lorsque moins de lumi\u00e8re est n\u00e9cessaire et pour des dur\u00e9es de fonctionnement plus longues: 14 lumens; 500 candela; fonctionne 65 heures<\/li>\n<li>Stroboscope\/clignotant pour orientation ou signalisation: fonctionne 5,5 heures<\/li>\n<\/ul>\n<\/li>\n<li>La r\u00e9gulation de la puissance \u00e0 semi-conducteurs fournit un rendement lumineux maximal pendant toute la dur\u00e9e de vie de la batterie<\/li>\n<li>Le r\u00e9flecteur produit un faisceau concentr\u00e9 avec un \u00e9clairage p\u00e9riph\u00e9rique optimal - id\u00e9al pour l&#039;\u00e9clairage de secours des forces de l&#039;ordre\u00a0; utilisation industrielle quotidienne; entretien des v\u00e9hicules; travaux d&#039;entreprise g\u00e9n\u00e9rale<\/li>\n<li>Polym\u00e8re de nylon ultra solide et r\u00e9sistant aux chocs pour une durabilit\u00e9 exceptionnelle et une texture d'adh\u00e9rence sup\u00e9rieure. Offre une sensation confortable, mais antid\u00e9rapante.<\/li>\n<li>Conception class\u00e9e IPX7\u00a0; \u00e9tanche \u00e0 1 m\u00e8tre pendant 30 minutes<\/li>\n<li>Aliment\u00e9 par deux piles au lithium 3V CR123A (incluses)<\/li>\n<li>5,34 pouces (13,56 cm); 4,2 oz (121 grammes) avec piles<\/li>\n<li>Disponible en noir, coyote et jaune<\/li>\n<li>Garantie \u00e0 vie (limit\u00e9e)<\/li>\n<\/ul>","protected":false},"excerpt":{"rendered":"<p>Lampe de poche PolyTac multiusage con\u00e7ue pour une large gamme d'applications.  En plus de sa texture antid\u00e9rapante et confortable, cette lampe est dot\u00e9e de la technologie TEN-TAP<sup>\u00ae<\/sup>\u00a0, ce qui fait d'elle un produit d'excellence c\u00f4t\u00e9 qualit\u00e9-prix. Cette lampe permet \u00e0 l'utilisateur de choisir entre trois modes de fonctionnement.<\/p>","protected":false},"featured_media":1206,"template":"","meta":[],"product_brand":[144],"product_cat":[48,81],"product_tag":[394,351,350],"class_list":{"0":"post-666","1":"product","2":"type-product","3":"status-publish","4":"has-post-thumbnail","6":"product_brand-streamlight","7":"product_cat-lighting","8":"product_cat-personal-lighting","9":"product_tag-light","10":"product_tag-stream-light","11":"product_tag-streamlight","13":"first","14":"instock","15":"shipping-taxable","16":"product-type-simple"},"yoast_head":"<!-- This site is optimized with the Yoast SEO plugin v27.4 - https:\/\/yoast.com\/product\/yoast-seo-wordpress\/ -->\n<title>Polytac\u00ae Lithium Power Polymer Flashlight - Safety Source Fire<\/title>\n<meta name=\"robots\" content=\"index, follow, max-snippet:-1, max-image-preview:large, max-video-preview:-1\" \/>\n<link rel=\"canonical\" href=\"https:\/\/safetysourcefire.ca\/fr\/?product=polytac-lithium-power-polymer-flashlight\" \/>\n<meta property=\"og:locale\" content=\"fr_CA\" \/>\n<meta property=\"og:type\" content=\"article\" \/>\n<meta property=\"og:title\" content=\"Polytac\u00ae Lithium Power Polymer Flashlight - Safety Source Fire\" \/>\n<meta property=\"og:description\" content=\"The all-purpose PolyTac is designed for the broadest range of lighting applications at the best value. It features a superior grip texture for a comfortable but slip-resistant feel, as well as TEN-TAP\u00ae\u00a0Programming that gives users the choice of three operating modes.\" \/>\n<meta property=\"og:url\" content=\"https:\/\/safetysourcefire.ca\/fr\/?product=polytac-lithium-power-polymer-flashlight\" \/>\n<meta property=\"og:site_name\" content=\"Safety Source Fire\" \/>\n<meta property=\"article:publisher\" content=\"https:\/\/www.facebook.com\/mmfssca\" \/>\n<meta property=\"article:modified_time\" content=\"2018-05-22T14:18:37+00:00\" \/>\n<meta property=\"og:image\" content=\"https:\/\/safetysourcefire.ca\/wp-content\/uploads\/2017\/05\/Polytac.jpg\" \/>\n\t<meta property=\"og:image:width\" content=\"600\" \/>\n\t<meta property=\"og:image:height\" content=\"600\" \/>\n\t<meta property=\"og:image:type\" content=\"image\/jpeg\" \/>\n<meta name=\"twitter:card\" content=\"summary_large_image\" \/>\n<meta name=\"twitter:site\" content=\"@mmfssca\" \/>\n<meta name=\"twitter:label1\" content=\"Estimation du temps de lecture\" \/>\n\t<meta name=\"twitter:data1\" content=\"1 minute\" \/>\n<script type=\"application\/ld+json\" class=\"yoast-schema-graph\">{\"@context\":\"https:\\\/\\\/schema.org\",\"@graph\":[{\"@type\":\"WebPage\",\"@id\":\"https:\\\/\\\/safetysourcefire.ca\\\/?product=polytac-lithium-power-polymer-flashlight\",\"url\":\"https:\\\/\\\/safetysourcefire.ca\\\/?product=polytac-lithium-power-polymer-flashlight\",\"name\":\"Polytac\u00ae Lithium Power Polymer Flashlight - Safety Source Fire\",\"isPartOf\":{\"@id\":\"https:\\\/\\\/safetysourcefire.ca\\\/#website\"},\"primaryImageOfPage\":{\"@id\":\"https:\\\/\\\/safetysourcefire.ca\\\/?product=polytac-lithium-power-polymer-flashlight#primaryimage\"},\"image\":{\"@id\":\"https:\\\/\\\/safetysourcefire.ca\\\/?product=polytac-lithium-power-polymer-flashlight#primaryimage\"},\"thumbnailUrl\":\"https:\\\/\\\/safetysourcefire.ca\\\/wp-content\\\/uploads\\\/2017\\\/05\\\/Polytac.jpg\",\"datePublished\":\"2017-04-30T20:44:07+00:00\",\"dateModified\":\"2018-05-22T14:18:37+00:00\",\"breadcrumb\":{\"@id\":\"https:\\\/\\\/safetysourcefire.ca\\\/?product=polytac-lithium-power-polymer-flashlight#breadcrumb\"},\"inLanguage\":\"fr-CA\",\"potentialAction\":[{\"@type\":\"ReadAction\",\"target\":[\"https:\\\/\\\/safetysourcefire.ca\\\/?product=polytac-lithium-power-polymer-flashlight\"]}]},{\"@type\":\"ImageObject\",\"inLanguage\":\"fr-CA\",\"@id\":\"https:\\\/\\\/safetysourcefire.ca\\\/?product=polytac-lithium-power-polymer-flashlight#primaryimage\",\"url\":\"https:\\\/\\\/safetysourcefire.ca\\\/wp-content\\\/uploads\\\/2017\\\/05\\\/Polytac.jpg\",\"contentUrl\":\"https:\\\/\\\/safetysourcefire.ca\\\/wp-content\\\/uploads\\\/2017\\\/05\\\/Polytac.jpg\",\"width\":600,\"height\":600,\"caption\":\"POLYTAC\u00ae, LITHIUM POWER POLYMER FLASHLIGHT\"},{\"@type\":\"BreadcrumbList\",\"@id\":\"https:\\\/\\\/safetysourcefire.ca\\\/?product=polytac-lithium-power-polymer-flashlight#breadcrumb\",\"itemListElement\":[{\"@type\":\"ListItem\",\"position\":1,\"name\":\"Home\",\"item\":\"https:\\\/\\\/safetysourcefire.ca\\\/\"},{\"@type\":\"ListItem\",\"position\":2,\"name\":\"Products\",\"item\":\"https:\\\/\\\/safetysourcefire.ca\\\/shop\\\/\"},{\"@type\":\"ListItem\",\"position\":3,\"name\":\"Polytac\u00ae Lithium Power Polymer Flashlight\"}]},{\"@type\":\"WebSite\",\"@id\":\"https:\\\/\\\/safetysourcefire.ca\\\/#website\",\"url\":\"https:\\\/\\\/safetysourcefire.ca\\\/\",\"name\":\"Safety Source Fire\",\"description\":\"\",\"publisher\":{\"@id\":\"https:\\\/\\\/safetysourcefire.ca\\\/#organization\"},\"potentialAction\":[{\"@type\":\"SearchAction\",\"target\":{\"@type\":\"EntryPoint\",\"urlTemplate\":\"https:\\\/\\\/safetysourcefire.ca\\\/?s={search_term_string}\"},\"query-input\":{\"@type\":\"PropertyValueSpecification\",\"valueRequired\":true,\"valueName\":\"search_term_string\"}}],\"inLanguage\":\"fr-CA\"},{\"@type\":\"Organization\",\"@id\":\"https:\\\/\\\/safetysourcefire.ca\\\/#organization\",\"name\":\"Safety Source Fire\",\"url\":\"https:\\\/\\\/safetysourcefire.ca\\\/\",\"logo\":{\"@type\":\"ImageObject\",\"inLanguage\":\"fr-CA\",\"@id\":\"https:\\\/\\\/safetysourcefire.ca\\\/#\\\/schema\\\/logo\\\/image\\\/\",\"url\":\"https:\\\/\\\/safetysourcefire.ca\\\/wp-content\\\/uploads\\\/2021\\\/01\\\/SSF_logo_CC0000-3.png\",\"contentUrl\":\"https:\\\/\\\/safetysourcefire.ca\\\/wp-content\\\/uploads\\\/2021\\\/01\\\/SSF_logo_CC0000-3.png\",\"width\":1107,\"height\":365,\"caption\":\"Safety Source Fire\"},\"image\":{\"@id\":\"https:\\\/\\\/safetysourcefire.ca\\\/#\\\/schema\\\/logo\\\/image\\\/\"},\"sameAs\":[\"https:\\\/\\\/www.facebook.com\\\/mmfssca\",\"https:\\\/\\\/x.com\\\/mmfssca\"]}]}<\/script>\n<!-- \/ Yoast SEO plugin. -->","yoast_head_json":{"title":"Polytac\u00ae Lithium Power Polymer Flashlight - Safety Source Fire","robots":{"index":"index","follow":"follow","max-snippet":"max-snippet:-1","max-image-preview":"max-image-preview:large","max-video-preview":"max-video-preview:-1"},"canonical":"https:\/\/safetysourcefire.ca\/fr\/?product=polytac-lithium-power-polymer-flashlight","og_locale":"fr_CA","og_type":"article","og_title":"Polytac\u00ae Lithium Power Polymer Flashlight - Safety Source Fire","og_description":"The all-purpose PolyTac is designed for the broadest range of lighting applications at the best value. It features a superior grip texture for a comfortable but slip-resistant feel, as well as TEN-TAP\u00ae\u00a0Programming that gives users the choice of three operating modes.","og_url":"https:\/\/safetysourcefire.ca\/fr\/?product=polytac-lithium-power-polymer-flashlight","og_site_name":"Safety Source Fire","article_publisher":"https:\/\/www.facebook.com\/mmfssca","article_modified_time":"2018-05-22T14:18:37+00:00","og_image":[{"width":600,"height":600,"url":"https:\/\/safetysourcefire.ca\/wp-content\/uploads\/2017\/05\/Polytac.jpg","type":"image\/jpeg"}],"twitter_card":"summary_large_image","twitter_site":"@mmfssca","twitter_misc":{"Estimation du temps de lecture":"1 minute"},"schema":{"@context":"https:\/\/schema.org","@graph":[{"@type":"WebPage","@id":"https:\/\/safetysourcefire.ca\/?product=polytac-lithium-power-polymer-flashlight","url":"https:\/\/safetysourcefire.ca\/?product=polytac-lithium-power-polymer-flashlight","name":"Polytac\u00ae Lithium Power Polymer Flashlight - Safety Source Fire","isPartOf":{"@id":"https:\/\/safetysourcefire.ca\/#website"},"primaryImageOfPage":{"@id":"https:\/\/safetysourcefire.ca\/?product=polytac-lithium-power-polymer-flashlight#primaryimage"},"image":{"@id":"https:\/\/safetysourcefire.ca\/?product=polytac-lithium-power-polymer-flashlight#primaryimage"},"thumbnailUrl":"https:\/\/safetysourcefire.ca\/wp-content\/uploads\/2017\/05\/Polytac.jpg","datePublished":"2017-04-30T20:44:07+00:00","dateModified":"2018-05-22T14:18:37+00:00","breadcrumb":{"@id":"https:\/\/safetysourcefire.ca\/?product=polytac-lithium-power-polymer-flashlight#breadcrumb"},"inLanguage":"fr-CA","potentialAction":[{"@type":"ReadAction","target":["https:\/\/safetysourcefire.ca\/?product=polytac-lithium-power-polymer-flashlight"]}]},{"@type":"ImageObject","inLanguage":"fr-CA","@id":"https:\/\/safetysourcefire.ca\/?product=polytac-lithium-power-polymer-flashlight#primaryimage","url":"https:\/\/safetysourcefire.ca\/wp-content\/uploads\/2017\/05\/Polytac.jpg","contentUrl":"https:\/\/safetysourcefire.ca\/wp-content\/uploads\/2017\/05\/Polytac.jpg","width":600,"height":600,"caption":"POLYTAC\u00ae, LITHIUM POWER POLYMER FLASHLIGHT"},{"@type":"BreadcrumbList","@id":"https:\/\/safetysourcefire.ca\/?product=polytac-lithium-power-polymer-flashlight#breadcrumb","itemListElement":[{"@type":"ListItem","position":1,"name":"Home","item":"https:\/\/safetysourcefire.ca\/"},{"@type":"ListItem","position":2,"name":"Products","item":"https:\/\/safetysourcefire.ca\/shop\/"},{"@type":"ListItem","position":3,"name":"Polytac\u00ae Lithium Power Polymer Flashlight"}]},{"@type":"WebSite","@id":"https:\/\/safetysourcefire.ca\/#website","url":"https:\/\/safetysourcefire.ca\/","name":"Safety Source Fire","description":"","publisher":{"@id":"https:\/\/safetysourcefire.ca\/#organization"},"potentialAction":[{"@type":"SearchAction","target":{"@type":"EntryPoint","urlTemplate":"https:\/\/safetysourcefire.ca\/?s={search_term_string}"},"query-input":{"@type":"PropertyValueSpecification","valueRequired":true,"valueName":"search_term_string"}}],"inLanguage":"fr-CA"},{"@type":"Organization","@id":"https:\/\/safetysourcefire.ca\/#organization","name":"Safety Source Fire","url":"https:\/\/safetysourcefire.ca\/","logo":{"@type":"ImageObject","inLanguage":"fr-CA","@id":"https:\/\/safetysourcefire.ca\/#\/schema\/logo\/image\/","url":"https:\/\/safetysourcefire.ca\/wp-content\/uploads\/2021\/01\/SSF_logo_CC0000-3.png","contentUrl":"https:\/\/safetysourcefire.ca\/wp-content\/uploads\/2021\/01\/SSF_logo_CC0000-3.png","width":1107,"height":365,"caption":"Safety Source Fire"},"image":{"@id":"https:\/\/safetysourcefire.ca\/#\/schema\/logo\/image\/"},"sameAs":["https:\/\/www.facebook.com\/mmfssca","https:\/\/x.com\/mmfssca"]}]}},"_links":{"self":[{"href":"https:\/\/safetysourcefire.ca\/fr\/wp-json\/wp\/v2\/product\/666","targetHints":{"allow":["GET"]}}],"collection":[{"href":"https:\/\/safetysourcefire.ca\/fr\/wp-json\/wp\/v2\/product"}],"about":[{"href":"https:\/\/safetysourcefire.ca\/fr\/wp-json\/wp\/v2\/types\/product"}],"wp:featuredmedia":[{"embeddable":true,"href":"https:\/\/safetysourcefire.ca\/fr\/wp-json\/wp\/v2\/media\/1206"}],"wp:attachment":[{"href":"https:\/\/safetysourcefire.ca\/fr\/wp-json\/wp\/v2\/media?parent=666"}],"wp:term":[{"taxonomy":"product_brand","embeddable":true,"href":"https:\/\/safetysourcefire.ca\/fr\/wp-json\/wp\/v2\/product_brand?post=666"},{"taxonomy":"product_cat","embeddable":true,"href":"https:\/\/safetysourcefire.ca\/fr\/wp-json\/wp\/v2\/product_cat?post=666"},{"taxonomy":"product_tag","embeddable":true,"href":"https:\/\/safetysourcefire.ca\/fr\/wp-json\/wp\/v2\/product_tag?post=666"}],"curies":[{"name":"wp","href":"https:\/\/api.w.org\/{rel}","templated":true}]}}