{"id":668,"date":"2017-04-30T20:44:21","date_gmt":"2017-04-30T20:44:21","guid":{"rendered":"http:\/\/mmfss.ca\/?post_type=product&#038;p=668"},"modified":"2018-05-22T14:18:36","modified_gmt":"2018-05-22T14:18:36","slug":"vantage-180","status":"publish","type":"product","link":"https:\/\/safetysourcefire.ca\/fr\/produit\/vantage-180\/","title":{"rendered":"Vantage\u00ae 180: Lampe multifonctionnelle de casque et de poche \u00e0 angle droit"},"content":{"rendered":"<ul>\n<li>C4<sup>\u00ae<\/sup>\u00a0LED avec modes haut et bas:\n<ul>\n<li>\u00c9lev\u00e9 pour un faisceau spot ultra-lumineux: 250 lumens; 7 200 candelas; Faisceau de 170 m; fonctionne 4 heures<\/li>\n<li>Faible pour un faisceau moins intense et une dur\u00e9e de fonctionnement plus longue: 100 lumens; 2 650 candelas; Faisceau de 103m; fonctionne 12 heures<\/li>\n<\/ul>\n<\/li>\n<li>Le feu DEL arri\u00e8re peut passer du bleu au blanc: DEL bleue pour une utilisation sur un casque et une visibilit\u00e9 dans une fum\u00e9e \u00e9paisse ; DEL blanche pour voir ce qui se trouve \u00e0 vos pieds; passe directement au bleu lorsque la t\u00eate est \u00e0 un angle de 90 \u00b0<\/li>\n<li>La t\u00eate s&#039;articule \u00e0 180 \u00b0 pour diriger le faisceau<\/li>\n<li>L&#039;optique personnalis\u00e9e produit un faisceau \u00e9troit avec une lumi\u00e8re p\u00e9riph\u00e9rique optimale<\/li>\n<li>Utilisez-la comme lumi\u00e8re de casque; Convient aux casques de style traditionnel et moderne\n<ul>\n<li>Se fixe facilement au-dessus ou au-dessous du bord du casque; aucun outil n\u00e9cessaire pour la retirer rapidement et l'utiliser comme lampe de poche portable<\/li>\n<\/ul>\n<\/li>\n<li>Utilisez comme une lumi\u00e8re \u00e0 angle droit; projecteur orient\u00e9 vers l&#039;avant avec lumi\u00e8re descendante<\/li>\n<li>Interrupteur \u00e0 bouton-poussoir pour une utilisation facile d&#039;une seule main<\/li>\n<li>Construction en polym\u00e8re technique en nylon \u00abultra-r\u00e9sistant\u00bb contre les produits chimiques et les chocs<\/li>\n<li>Attache multifonctionnelle int\u00e9gr\u00e9e en acier inoxydable pour une vari\u00e9t\u00e9 de m\u00e9thodes de fixation et positions de montage<\/li>\n<li>Crochet de fixation<\/li>\n<li>IPX7 \u00e9tanche \u00e0 1 m pendant 30 minutes; R\u00e9sistance aux chocs de 1 m (test\u00e9)<\/li>\n<li>Comprend des piles au lithium CR123A<\/li>\n<li>5,20 pouces (13,20 cm); 5,5 onces (156 grammes) avec piles<\/li>\n<\/ul>\n<p>R\u00e9pond aux exigences de la norme NFPA 1971-8.6 (2007)<\/p>\n<p>&nbsp;<\/p>","protected":false},"excerpt":{"rendered":"<p>Vous offrant une polyvalence hors pairs dans le domaine, la \u00abVantage 180\u00bb peut passer instantan\u00e9ment d'une lampe de casque, \u00e0 une lampe de poche, \u00e0 une lumi\u00e8re \u00e0 angle droit. \u00c0 vous de d\u00e9cider si vous voulez la porter, la tenir, l'attacher ou l'accrocher!<\/p>","protected":false},"featured_media":1215,"template":"","meta":[],"product_brand":[144],"product_cat":[48,81],"product_tag":[394,351,350],"class_list":{"0":"post-668","1":"product","2":"type-product","3":"status-publish","4":"has-post-thumbnail","6":"product_brand-streamlight","7":"product_cat-lighting","8":"product_cat-personal-lighting","9":"product_tag-light","10":"product_tag-stream-light","11":"product_tag-streamlight","13":"first","14":"instock","15":"shipping-taxable","16":"product-type-simple"},"yoast_head":"<!-- This site is optimized with the Yoast SEO plugin v27.4 - https:\/\/yoast.com\/product\/yoast-seo-wordpress\/ -->\n<title>Vantage\u00ae 180: Helmet\/Right-Angle Multi-Function Flashlight - Safety Source Fire<\/title>\n<meta name=\"robots\" content=\"index, follow, max-snippet:-1, max-image-preview:large, max-video-preview:-1\" \/>\n<link rel=\"canonical\" href=\"https:\/\/safetysourcefire.ca\/fr\/?product=vantage-180\" \/>\n<meta property=\"og:locale\" content=\"fr_CA\" \/>\n<meta property=\"og:type\" content=\"article\" \/>\n<meta property=\"og:title\" content=\"Vantage\u00ae 180: Helmet\/Right-Angle Multi-Function Flashlight - Safety Source Fire\" \/>\n<meta property=\"og:description\" content=\"Giving you the ultimate versatility in a firefighter&#039;s light, the Vantage 180 goes instantly from a helmet light to a handheld light to a right-angle light. So wear it, hold it, clip it, or even hang it!\" \/>\n<meta property=\"og:url\" content=\"https:\/\/safetysourcefire.ca\/fr\/?product=vantage-180\" \/>\n<meta property=\"og:site_name\" content=\"Safety Source Fire\" \/>\n<meta property=\"article:publisher\" content=\"https:\/\/www.facebook.com\/mmfssca\" \/>\n<meta property=\"article:modified_time\" content=\"2018-05-22T14:18:36+00:00\" \/>\n<meta property=\"og:image\" content=\"https:\/\/safetysourcefire.ca\/wp-content\/uploads\/2017\/05\/Vantage-180.jpg\" \/>\n\t<meta property=\"og:image:width\" content=\"600\" \/>\n\t<meta property=\"og:image:height\" content=\"600\" \/>\n\t<meta property=\"og:image:type\" content=\"image\/jpeg\" \/>\n<meta name=\"twitter:card\" content=\"summary_large_image\" \/>\n<meta name=\"twitter:site\" content=\"@mmfssca\" \/>\n<meta name=\"twitter:label1\" content=\"Estimation du temps de lecture\" \/>\n\t<meta name=\"twitter:data1\" content=\"1 minute\" \/>\n<script type=\"application\/ld+json\" class=\"yoast-schema-graph\">{\"@context\":\"https:\\\/\\\/schema.org\",\"@graph\":[{\"@type\":\"WebPage\",\"@id\":\"https:\\\/\\\/safetysourcefire.ca\\\/?product=vantage-180\",\"url\":\"https:\\\/\\\/safetysourcefire.ca\\\/?product=vantage-180\",\"name\":\"Vantage\u00ae 180: Helmet\\\/Right-Angle Multi-Function Flashlight - Safety Source Fire\",\"isPartOf\":{\"@id\":\"https:\\\/\\\/safetysourcefire.ca\\\/#website\"},\"primaryImageOfPage\":{\"@id\":\"https:\\\/\\\/safetysourcefire.ca\\\/?product=vantage-180#primaryimage\"},\"image\":{\"@id\":\"https:\\\/\\\/safetysourcefire.ca\\\/?product=vantage-180#primaryimage\"},\"thumbnailUrl\":\"https:\\\/\\\/safetysourcefire.ca\\\/wp-content\\\/uploads\\\/2017\\\/05\\\/Vantage-180.jpg\",\"datePublished\":\"2017-04-30T20:44:21+00:00\",\"dateModified\":\"2018-05-22T14:18:36+00:00\",\"breadcrumb\":{\"@id\":\"https:\\\/\\\/safetysourcefire.ca\\\/?product=vantage-180#breadcrumb\"},\"inLanguage\":\"fr-CA\",\"potentialAction\":[{\"@type\":\"ReadAction\",\"target\":[\"https:\\\/\\\/safetysourcefire.ca\\\/?product=vantage-180\"]}]},{\"@type\":\"ImageObject\",\"inLanguage\":\"fr-CA\",\"@id\":\"https:\\\/\\\/safetysourcefire.ca\\\/?product=vantage-180#primaryimage\",\"url\":\"https:\\\/\\\/safetysourcefire.ca\\\/wp-content\\\/uploads\\\/2017\\\/05\\\/Vantage-180.jpg\",\"contentUrl\":\"https:\\\/\\\/safetysourcefire.ca\\\/wp-content\\\/uploads\\\/2017\\\/05\\\/Vantage-180.jpg\",\"width\":600,\"height\":600,\"caption\":\"Vantage\u00ae 180: Helmet\\\/Right-Angle Multi-Function Flashlight\"},{\"@type\":\"BreadcrumbList\",\"@id\":\"https:\\\/\\\/safetysourcefire.ca\\\/?product=vantage-180#breadcrumb\",\"itemListElement\":[{\"@type\":\"ListItem\",\"position\":1,\"name\":\"Home\",\"item\":\"https:\\\/\\\/safetysourcefire.ca\\\/\"},{\"@type\":\"ListItem\",\"position\":2,\"name\":\"Products\",\"item\":\"https:\\\/\\\/safetysourcefire.ca\\\/shop\\\/\"},{\"@type\":\"ListItem\",\"position\":3,\"name\":\"Vantage\u00ae 180: Helmet\\\/Right-Angle Multi-Function Flashlight\"}]},{\"@type\":\"WebSite\",\"@id\":\"https:\\\/\\\/safetysourcefire.ca\\\/#website\",\"url\":\"https:\\\/\\\/safetysourcefire.ca\\\/\",\"name\":\"Safety Source Fire\",\"description\":\"\",\"publisher\":{\"@id\":\"https:\\\/\\\/safetysourcefire.ca\\\/#organization\"},\"potentialAction\":[{\"@type\":\"SearchAction\",\"target\":{\"@type\":\"EntryPoint\",\"urlTemplate\":\"https:\\\/\\\/safetysourcefire.ca\\\/?s={search_term_string}\"},\"query-input\":{\"@type\":\"PropertyValueSpecification\",\"valueRequired\":true,\"valueName\":\"search_term_string\"}}],\"inLanguage\":\"fr-CA\"},{\"@type\":\"Organization\",\"@id\":\"https:\\\/\\\/safetysourcefire.ca\\\/#organization\",\"name\":\"Safety Source Fire\",\"url\":\"https:\\\/\\\/safetysourcefire.ca\\\/\",\"logo\":{\"@type\":\"ImageObject\",\"inLanguage\":\"fr-CA\",\"@id\":\"https:\\\/\\\/safetysourcefire.ca\\\/#\\\/schema\\\/logo\\\/image\\\/\",\"url\":\"https:\\\/\\\/safetysourcefire.ca\\\/wp-content\\\/uploads\\\/2021\\\/01\\\/SSF_logo_CC0000-3.png\",\"contentUrl\":\"https:\\\/\\\/safetysourcefire.ca\\\/wp-content\\\/uploads\\\/2021\\\/01\\\/SSF_logo_CC0000-3.png\",\"width\":1107,\"height\":365,\"caption\":\"Safety Source Fire\"},\"image\":{\"@id\":\"https:\\\/\\\/safetysourcefire.ca\\\/#\\\/schema\\\/logo\\\/image\\\/\"},\"sameAs\":[\"https:\\\/\\\/www.facebook.com\\\/mmfssca\",\"https:\\\/\\\/x.com\\\/mmfssca\"]}]}<\/script>\n<!-- \/ Yoast SEO plugin. -->","yoast_head_json":{"title":"Vantage\u00ae 180\u00a0: Lampe torche multifonction pour casque\/angle droit - Safety Source Fire","robots":{"index":"index","follow":"follow","max-snippet":"max-snippet:-1","max-image-preview":"max-image-preview:large","max-video-preview":"max-video-preview:-1"},"canonical":"https:\/\/safetysourcefire.ca\/fr\/?product=vantage-180","og_locale":"fr_CA","og_type":"article","og_title":"Vantage\u00ae 180: Helmet\/Right-Angle Multi-Function Flashlight - Safety Source Fire","og_description":"Giving you the ultimate versatility in a firefighter's light, the Vantage 180 goes instantly from a helmet light to a handheld light to a right-angle light. So wear it, hold it, clip it, or even hang it!","og_url":"https:\/\/safetysourcefire.ca\/fr\/?product=vantage-180","og_site_name":"Safety Source Fire","article_publisher":"https:\/\/www.facebook.com\/mmfssca","article_modified_time":"2018-05-22T14:18:36+00:00","og_image":[{"width":600,"height":600,"url":"https:\/\/safetysourcefire.ca\/wp-content\/uploads\/2017\/05\/Vantage-180.jpg","type":"image\/jpeg"}],"twitter_card":"summary_large_image","twitter_site":"@mmfssca","twitter_misc":{"Estimation du temps de lecture":"1 minute"},"schema":{"@context":"https:\/\/schema.org","@graph":[{"@type":"WebPage","@id":"https:\/\/safetysourcefire.ca\/?product=vantage-180","url":"https:\/\/safetysourcefire.ca\/?product=vantage-180","name":"Vantage\u00ae 180\u00a0: Lampe torche multifonction pour casque\/angle droit - Safety Source Fire","isPartOf":{"@id":"https:\/\/safetysourcefire.ca\/#website"},"primaryImageOfPage":{"@id":"https:\/\/safetysourcefire.ca\/?product=vantage-180#primaryimage"},"image":{"@id":"https:\/\/safetysourcefire.ca\/?product=vantage-180#primaryimage"},"thumbnailUrl":"https:\/\/safetysourcefire.ca\/wp-content\/uploads\/2017\/05\/Vantage-180.jpg","datePublished":"2017-04-30T20:44:21+00:00","dateModified":"2018-05-22T14:18:36+00:00","breadcrumb":{"@id":"https:\/\/safetysourcefire.ca\/?product=vantage-180#breadcrumb"},"inLanguage":"fr-CA","potentialAction":[{"@type":"ReadAction","target":["https:\/\/safetysourcefire.ca\/?product=vantage-180"]}]},{"@type":"ImageObject","inLanguage":"fr-CA","@id":"https:\/\/safetysourcefire.ca\/?product=vantage-180#primaryimage","url":"https:\/\/safetysourcefire.ca\/wp-content\/uploads\/2017\/05\/Vantage-180.jpg","contentUrl":"https:\/\/safetysourcefire.ca\/wp-content\/uploads\/2017\/05\/Vantage-180.jpg","width":600,"height":600,"caption":"Vantage\u00ae 180: Helmet\/Right-Angle Multi-Function Flashlight"},{"@type":"BreadcrumbList","@id":"https:\/\/safetysourcefire.ca\/?product=vantage-180#breadcrumb","itemListElement":[{"@type":"ListItem","position":1,"name":"Home","item":"https:\/\/safetysourcefire.ca\/"},{"@type":"ListItem","position":2,"name":"Products","item":"https:\/\/safetysourcefire.ca\/shop\/"},{"@type":"ListItem","position":3,"name":"Vantage\u00ae 180: Helmet\/Right-Angle Multi-Function Flashlight"}]},{"@type":"WebSite","@id":"https:\/\/safetysourcefire.ca\/#website","url":"https:\/\/safetysourcefire.ca\/","name":"Safety Source Fire","description":"","publisher":{"@id":"https:\/\/safetysourcefire.ca\/#organization"},"potentialAction":[{"@type":"SearchAction","target":{"@type":"EntryPoint","urlTemplate":"https:\/\/safetysourcefire.ca\/?s={search_term_string}"},"query-input":{"@type":"PropertyValueSpecification","valueRequired":true,"valueName":"search_term_string"}}],"inLanguage":"fr-CA"},{"@type":"Organization","@id":"https:\/\/safetysourcefire.ca\/#organization","name":"Safety Source Fire","url":"https:\/\/safetysourcefire.ca\/","logo":{"@type":"ImageObject","inLanguage":"fr-CA","@id":"https:\/\/safetysourcefire.ca\/#\/schema\/logo\/image\/","url":"https:\/\/safetysourcefire.ca\/wp-content\/uploads\/2021\/01\/SSF_logo_CC0000-3.png","contentUrl":"https:\/\/safetysourcefire.ca\/wp-content\/uploads\/2021\/01\/SSF_logo_CC0000-3.png","width":1107,"height":365,"caption":"Safety Source Fire"},"image":{"@id":"https:\/\/safetysourcefire.ca\/#\/schema\/logo\/image\/"},"sameAs":["https:\/\/www.facebook.com\/mmfssca","https:\/\/x.com\/mmfssca"]}]}},"_links":{"self":[{"href":"https:\/\/safetysourcefire.ca\/fr\/wp-json\/wp\/v2\/product\/668","targetHints":{"allow":["GET"]}}],"collection":[{"href":"https:\/\/safetysourcefire.ca\/fr\/wp-json\/wp\/v2\/product"}],"about":[{"href":"https:\/\/safetysourcefire.ca\/fr\/wp-json\/wp\/v2\/types\/product"}],"wp:featuredmedia":[{"embeddable":true,"href":"https:\/\/safetysourcefire.ca\/fr\/wp-json\/wp\/v2\/media\/1215"}],"wp:attachment":[{"href":"https:\/\/safetysourcefire.ca\/fr\/wp-json\/wp\/v2\/media?parent=668"}],"wp:term":[{"taxonomy":"product_brand","embeddable":true,"href":"https:\/\/safetysourcefire.ca\/fr\/wp-json\/wp\/v2\/product_brand?post=668"},{"taxonomy":"product_cat","embeddable":true,"href":"https:\/\/safetysourcefire.ca\/fr\/wp-json\/wp\/v2\/product_cat?post=668"},{"taxonomy":"product_tag","embeddable":true,"href":"https:\/\/safetysourcefire.ca\/fr\/wp-json\/wp\/v2\/product_tag?post=668"}],"curies":[{"name":"wp","href":"https:\/\/api.w.org\/{rel}","templated":true}]}}