{"id":678,"date":"2018-08-07T09:00:14","date_gmt":"2018-08-07T09:00:14","guid":{"rendered":"http:\/\/mmfss.ca\/?post_type=product&#038;p=678"},"modified":"2020-05-01T18:56:01","modified_gmt":"2020-05-01T18:56:01","slug":"portable-scene-light-rechargeable-high-lumen-flood-light","status":"publish","type":"product","link":"https:\/\/safetysourcefire.ca\/fr\/produit\/portable-scene-light-rechargeable-high-lumen-flood-light\/","title":{"rendered":"Projecteur \/ Lampe de sc\u00e8ne rechargeable &amp; portable \u00e0 haute luminosit\u00e9"},"content":{"rendered":"<p>Rapidement d\u00e9ploy\u00e9e ou encore facilement rang\u00e9e, cette lampe \u00e9troite poss\u00e8de une rallonge de 72 \u2033 vous permettant de l'apporter presque partout - des grands espaces aux endroits restreints et confin\u00e9s.<\/p>\n<ul>\n<li>Six ampoules C4 &amp; LED<sup>\u00ae<\/sup>\u00a0Les LED et les r\u00e9flecteurs produisent un faisceau de lumi\u00e8re large et uniforme<\/li>\n<li>Trois options s\u00e9lectionnables par l'utilisateur:\n<ul>\n<li>Haute intensit\u00e9: pour cr\u00e9ation d'un faisceau d'\u00e9clairage ultra-brillant: 5 300 lumens; faisceau de 410m; fonctionne 4 heures<\/li>\n<li>Moyenne intensit\u00e9: pour un faisceau intense et une dur\u00e9e de fonctionnement plus longue: 2 500 lumens; Faisceau de 292 m; fonctionne 9 heures<\/li>\n<li>Faible intensit\u00e9: pour un faisceau moins intense, id\u00e9al pour une dur\u00e9e de fonctionnement plus longue: 1 300 lumens; Faisceau de 215 m; fonctionne 18 heures<\/li>\n<\/ul>\n<\/li>\n<li>R\u00e9glages du diffuseur s\u00e9lectionnables pour deux largeurs de faisceau<\/li>\n<li>\u00c9clairage p\u00e9riph\u00e9rique optimal pour l'\u00e9clairage de sc\u00e8ne; Le col pivotant \u00e0 90 \u00b0 vous permet de diriger le faisceau l\u00e0 o\u00f9 vous en avez besoin pour le travail \u00e0 accomplir<\/li>\n<li>Batteries plomb-acide scell\u00e9es, rechargeables jusqu&#039;\u00e0 500 fois<\/li>\n<li>Chargement continue des batteries si directement connect\u00e9 \u00e0 partir d'une source d'alimentation CA ou CC. Soyez certain de toujours avoir une lumi\u00e8re lorsque vous en avez besoin!<\/li>\n<li>Autonomie continue sur alimentation externe CA ou CC avec les cordons d'alimentation fournis<\/li>\n<li>Des anneaux semi circulaires (en forme de D) int\u00e9gr\u00e9s permettent le transport en bandouli\u00e8re de l'appareil<\/li>\n<li>La conception de l'appareil permet \u00e0 la lumi\u00e8re d'\u00eatre utilis\u00e9e dans des espaces confin\u00e9s et\/ou des terrains accident\u00e9s<\/li>\n<li>Conception intelligente et configuration facile:\n<ul>\n<li>Moins de 30 secondes pour le d\u00e9ploiement complet de l'appareil<\/li>\n<li>Poteau s'\u00e9tendant jusqu'\u00e0 72 \"<\/li>\n<li>Cordon int\u00e9gr\u00e9 au poteau pour \u00e9viter les accrochages<\/li>\n<li>Pieds de stabilisation inclus pour assurer un \u00e9quilibre m\u00eame sur les surfaces in\u00e9gales<\/li>\n<li>Batteries au plomb qui incluent un syst\u00e8me de ballast ainsi qu'une stabilit\u00e9 \u00e0 l'appareil<\/li>\n<\/ul>\n<\/li>\n<li>25 lb (11,3 kg) ; permet de stabiliser l'appareil tout en restant suffisamment l\u00e9ger pour \u00eatre transport\u00e9 facilement<\/li>\n<li>Se plie de fa\u00e7on compacte (22 \"; 55,88 cm) pour un rangement facile<\/li>\n<li>Bo\u00eetier thermoplastique r\u00e9sistant aux chocs; construction r\u00e9sistante aux intemp\u00e9ries<\/li>\n<li>Class\u00e9 IP67; \u00e9tanche \u00e0 la poussi\u00e8re et \u00e9tanche sous l'eau jusqu'\u00e0 1 m\u00e8tre de profondeur pendant 30 minutes.<\/li>\n<li>Con\u00e7ue pour r\u00e9sister aux vents de 40 km\/h dans toutes les directions lorsque la t\u00eate de l'appareil est d\u00e9ploy\u00e9e \u00e0 sa plus haute capacit\u00e9<\/li>\n<li>Disponible en couleur ''jaune s\u00e9curit\u00e9'' avec cordons de charge CA et CC et bandouli\u00e8re<\/li>\n<li>Assembl\u00e9 aux \u00c9tats-Unis<\/li>\n<li>Garantie \u00e0 vie (limit\u00e9e)<\/li>\n<\/ul>","protected":false},"excerpt":{"rendered":"<p>Une lampe qui vous \u00e9blouira par son efficacit\u00e9! - produit 5300 lumens.<\/p>","protected":false},"featured_media":1218,"template":"","meta":[],"product_brand":[144],"product_cat":[462,464,465,48,80],"product_tag":[394,351,350],"class_list":{"0":"post-678","1":"product","2":"type-product","3":"status-publish","4":"has-post-thumbnail","6":"product_brand-streamlight","7":"product_cat-emergency-preparedness","8":"product_cat-flood","9":"product_cat-hurricane","10":"product_cat-lighting","11":"product_cat-scene-lighting","12":"product_tag-light","13":"product_tag-stream-light","14":"product_tag-streamlight","16":"first","17":"instock","18":"shipping-taxable","19":"product-type-simple"},"yoast_head":"<!-- This site is optimized with the Yoast SEO plugin v27.4 - https:\/\/yoast.com\/product\/yoast-seo-wordpress\/ -->\n<title>Portable Scene Light, Rechargeable High Lumen Flood Light - Safety Source Fire<\/title>\n<meta name=\"robots\" content=\"index, follow, max-snippet:-1, max-image-preview:large, max-video-preview:-1\" \/>\n<link rel=\"canonical\" href=\"https:\/\/safetysourcefire.ca\/fr\/?product=portable-scene-light-rechargeable-high-lumen-flood-light\" \/>\n<meta property=\"og:locale\" content=\"fr_CA\" \/>\n<meta property=\"og:type\" content=\"article\" \/>\n<meta property=\"og:title\" content=\"Portable Scene Light, Rechargeable High Lumen Flood Light - Safety Source Fire\" \/>\n<meta property=\"og:description\" content=\"We&#039;ve made the Portable Scene Light even brighter \u2013 it now produces 5,300 lumens!\" \/>\n<meta property=\"og:url\" content=\"https:\/\/safetysourcefire.ca\/fr\/?product=portable-scene-light-rechargeable-high-lumen-flood-light\" \/>\n<meta property=\"og:site_name\" content=\"Safety Source Fire\" \/>\n<meta property=\"article:publisher\" content=\"https:\/\/www.facebook.com\/mmfssca\" \/>\n<meta property=\"article:modified_time\" content=\"2020-05-01T18:56:01+00:00\" \/>\n<meta property=\"og:image\" content=\"https:\/\/safetysourcefire.ca\/wp-content\/uploads\/2017\/04\/Portable-Scene-Light-1.jpg\" \/>\n\t<meta property=\"og:image:width\" content=\"600\" \/>\n\t<meta property=\"og:image:height\" content=\"600\" \/>\n\t<meta property=\"og:image:type\" content=\"image\/jpeg\" \/>\n<meta name=\"twitter:card\" content=\"summary_large_image\" \/>\n<meta name=\"twitter:site\" content=\"@mmfssca\" \/>\n<meta name=\"twitter:label1\" content=\"Estimation du temps de lecture\" \/>\n\t<meta name=\"twitter:data1\" content=\"1 minute\" \/>\n<script type=\"application\/ld+json\" class=\"yoast-schema-graph\">{\"@context\":\"https:\\\/\\\/schema.org\",\"@graph\":[{\"@type\":\"WebPage\",\"@id\":\"https:\\\/\\\/safetysourcefire.ca\\\/?product=portable-scene-light-rechargeable-high-lumen-flood-light\",\"url\":\"https:\\\/\\\/safetysourcefire.ca\\\/?product=portable-scene-light-rechargeable-high-lumen-flood-light\",\"name\":\"Portable Scene Light, Rechargeable High Lumen Flood Light - Safety Source Fire\",\"isPartOf\":{\"@id\":\"https:\\\/\\\/safetysourcefire.ca\\\/#website\"},\"primaryImageOfPage\":{\"@id\":\"https:\\\/\\\/safetysourcefire.ca\\\/?product=portable-scene-light-rechargeable-high-lumen-flood-light#primaryimage\"},\"image\":{\"@id\":\"https:\\\/\\\/safetysourcefire.ca\\\/?product=portable-scene-light-rechargeable-high-lumen-flood-light#primaryimage\"},\"thumbnailUrl\":\"https:\\\/\\\/safetysourcefire.ca\\\/wp-content\\\/uploads\\\/2017\\\/04\\\/Portable-Scene-Light-1.jpg\",\"datePublished\":\"2018-08-07T09:00:14+00:00\",\"dateModified\":\"2020-05-01T18:56:01+00:00\",\"breadcrumb\":{\"@id\":\"https:\\\/\\\/safetysourcefire.ca\\\/?product=portable-scene-light-rechargeable-high-lumen-flood-light#breadcrumb\"},\"inLanguage\":\"fr-CA\",\"potentialAction\":[{\"@type\":\"ReadAction\",\"target\":[\"https:\\\/\\\/safetysourcefire.ca\\\/?product=portable-scene-light-rechargeable-high-lumen-flood-light\"]}]},{\"@type\":\"ImageObject\",\"inLanguage\":\"fr-CA\",\"@id\":\"https:\\\/\\\/safetysourcefire.ca\\\/?product=portable-scene-light-rechargeable-high-lumen-flood-light#primaryimage\",\"url\":\"https:\\\/\\\/safetysourcefire.ca\\\/wp-content\\\/uploads\\\/2017\\\/04\\\/Portable-Scene-Light-1.jpg\",\"contentUrl\":\"https:\\\/\\\/safetysourcefire.ca\\\/wp-content\\\/uploads\\\/2017\\\/04\\\/Portable-Scene-Light-1.jpg\",\"width\":600,\"height\":600,\"caption\":\"Portable Scene Light\"},{\"@type\":\"BreadcrumbList\",\"@id\":\"https:\\\/\\\/safetysourcefire.ca\\\/?product=portable-scene-light-rechargeable-high-lumen-flood-light#breadcrumb\",\"itemListElement\":[{\"@type\":\"ListItem\",\"position\":1,\"name\":\"Home\",\"item\":\"https:\\\/\\\/safetysourcefire.ca\\\/\"},{\"@type\":\"ListItem\",\"position\":2,\"name\":\"Products\",\"item\":\"https:\\\/\\\/safetysourcefire.ca\\\/shop\\\/\"},{\"@type\":\"ListItem\",\"position\":3,\"name\":\"Portable Scene Light, Rechargeable High Lumen Flood Light\"}]},{\"@type\":\"WebSite\",\"@id\":\"https:\\\/\\\/safetysourcefire.ca\\\/#website\",\"url\":\"https:\\\/\\\/safetysourcefire.ca\\\/\",\"name\":\"Safety Source Fire\",\"description\":\"\",\"publisher\":{\"@id\":\"https:\\\/\\\/safetysourcefire.ca\\\/#organization\"},\"potentialAction\":[{\"@type\":\"SearchAction\",\"target\":{\"@type\":\"EntryPoint\",\"urlTemplate\":\"https:\\\/\\\/safetysourcefire.ca\\\/?s={search_term_string}\"},\"query-input\":{\"@type\":\"PropertyValueSpecification\",\"valueRequired\":true,\"valueName\":\"search_term_string\"}}],\"inLanguage\":\"fr-CA\"},{\"@type\":\"Organization\",\"@id\":\"https:\\\/\\\/safetysourcefire.ca\\\/#organization\",\"name\":\"Safety Source Fire\",\"url\":\"https:\\\/\\\/safetysourcefire.ca\\\/\",\"logo\":{\"@type\":\"ImageObject\",\"inLanguage\":\"fr-CA\",\"@id\":\"https:\\\/\\\/safetysourcefire.ca\\\/#\\\/schema\\\/logo\\\/image\\\/\",\"url\":\"https:\\\/\\\/safetysourcefire.ca\\\/wp-content\\\/uploads\\\/2021\\\/01\\\/SSF_logo_CC0000-3.png\",\"contentUrl\":\"https:\\\/\\\/safetysourcefire.ca\\\/wp-content\\\/uploads\\\/2021\\\/01\\\/SSF_logo_CC0000-3.png\",\"width\":1107,\"height\":365,\"caption\":\"Safety Source Fire\"},\"image\":{\"@id\":\"https:\\\/\\\/safetysourcefire.ca\\\/#\\\/schema\\\/logo\\\/image\\\/\"},\"sameAs\":[\"https:\\\/\\\/www.facebook.com\\\/mmfssca\",\"https:\\\/\\\/x.com\\\/mmfssca\"]}]}<\/script>\n<!-- \/ Yoast SEO plugin. -->","yoast_head_json":{"title":"Portable Scene Light, Rechargeable High Lumen Flood Light - Safety Source Fire","robots":{"index":"index","follow":"follow","max-snippet":"max-snippet:-1","max-image-preview":"max-image-preview:large","max-video-preview":"max-video-preview:-1"},"canonical":"https:\/\/safetysourcefire.ca\/fr\/?product=portable-scene-light-rechargeable-high-lumen-flood-light","og_locale":"fr_CA","og_type":"article","og_title":"Portable Scene Light, Rechargeable High Lumen Flood Light - Safety Source Fire","og_description":"We've made the Portable Scene Light even brighter \u2013 it now produces 5,300 lumens!","og_url":"https:\/\/safetysourcefire.ca\/fr\/?product=portable-scene-light-rechargeable-high-lumen-flood-light","og_site_name":"Safety Source Fire","article_publisher":"https:\/\/www.facebook.com\/mmfssca","article_modified_time":"2020-05-01T18:56:01+00:00","og_image":[{"width":600,"height":600,"url":"https:\/\/safetysourcefire.ca\/wp-content\/uploads\/2017\/04\/Portable-Scene-Light-1.jpg","type":"image\/jpeg"}],"twitter_card":"summary_large_image","twitter_site":"@mmfssca","twitter_misc":{"Estimation du temps de lecture":"1 minute"},"schema":{"@context":"https:\/\/schema.org","@graph":[{"@type":"WebPage","@id":"https:\/\/safetysourcefire.ca\/?product=portable-scene-light-rechargeable-high-lumen-flood-light","url":"https:\/\/safetysourcefire.ca\/?product=portable-scene-light-rechargeable-high-lumen-flood-light","name":"Portable Scene Light, Rechargeable High Lumen Flood Light - Safety Source Fire","isPartOf":{"@id":"https:\/\/safetysourcefire.ca\/#website"},"primaryImageOfPage":{"@id":"https:\/\/safetysourcefire.ca\/?product=portable-scene-light-rechargeable-high-lumen-flood-light#primaryimage"},"image":{"@id":"https:\/\/safetysourcefire.ca\/?product=portable-scene-light-rechargeable-high-lumen-flood-light#primaryimage"},"thumbnailUrl":"https:\/\/safetysourcefire.ca\/wp-content\/uploads\/2017\/04\/Portable-Scene-Light-1.jpg","datePublished":"2018-08-07T09:00:14+00:00","dateModified":"2020-05-01T18:56:01+00:00","breadcrumb":{"@id":"https:\/\/safetysourcefire.ca\/?product=portable-scene-light-rechargeable-high-lumen-flood-light#breadcrumb"},"inLanguage":"fr-CA","potentialAction":[{"@type":"ReadAction","target":["https:\/\/safetysourcefire.ca\/?product=portable-scene-light-rechargeable-high-lumen-flood-light"]}]},{"@type":"ImageObject","inLanguage":"fr-CA","@id":"https:\/\/safetysourcefire.ca\/?product=portable-scene-light-rechargeable-high-lumen-flood-light#primaryimage","url":"https:\/\/safetysourcefire.ca\/wp-content\/uploads\/2017\/04\/Portable-Scene-Light-1.jpg","contentUrl":"https:\/\/safetysourcefire.ca\/wp-content\/uploads\/2017\/04\/Portable-Scene-Light-1.jpg","width":600,"height":600,"caption":"Portable Scene Light"},{"@type":"BreadcrumbList","@id":"https:\/\/safetysourcefire.ca\/?product=portable-scene-light-rechargeable-high-lumen-flood-light#breadcrumb","itemListElement":[{"@type":"ListItem","position":1,"name":"Home","item":"https:\/\/safetysourcefire.ca\/"},{"@type":"ListItem","position":2,"name":"Products","item":"https:\/\/safetysourcefire.ca\/shop\/"},{"@type":"ListItem","position":3,"name":"Portable Scene Light, Rechargeable High Lumen Flood Light"}]},{"@type":"WebSite","@id":"https:\/\/safetysourcefire.ca\/#website","url":"https:\/\/safetysourcefire.ca\/","name":"Safety Source Fire","description":"","publisher":{"@id":"https:\/\/safetysourcefire.ca\/#organization"},"potentialAction":[{"@type":"SearchAction","target":{"@type":"EntryPoint","urlTemplate":"https:\/\/safetysourcefire.ca\/?s={search_term_string}"},"query-input":{"@type":"PropertyValueSpecification","valueRequired":true,"valueName":"search_term_string"}}],"inLanguage":"fr-CA"},{"@type":"Organization","@id":"https:\/\/safetysourcefire.ca\/#organization","name":"Safety Source Fire","url":"https:\/\/safetysourcefire.ca\/","logo":{"@type":"ImageObject","inLanguage":"fr-CA","@id":"https:\/\/safetysourcefire.ca\/#\/schema\/logo\/image\/","url":"https:\/\/safetysourcefire.ca\/wp-content\/uploads\/2021\/01\/SSF_logo_CC0000-3.png","contentUrl":"https:\/\/safetysourcefire.ca\/wp-content\/uploads\/2021\/01\/SSF_logo_CC0000-3.png","width":1107,"height":365,"caption":"Safety Source Fire"},"image":{"@id":"https:\/\/safetysourcefire.ca\/#\/schema\/logo\/image\/"},"sameAs":["https:\/\/www.facebook.com\/mmfssca","https:\/\/x.com\/mmfssca"]}]}},"_links":{"self":[{"href":"https:\/\/safetysourcefire.ca\/fr\/wp-json\/wp\/v2\/product\/678","targetHints":{"allow":["GET"]}}],"collection":[{"href":"https:\/\/safetysourcefire.ca\/fr\/wp-json\/wp\/v2\/product"}],"about":[{"href":"https:\/\/safetysourcefire.ca\/fr\/wp-json\/wp\/v2\/types\/product"}],"wp:featuredmedia":[{"embeddable":true,"href":"https:\/\/safetysourcefire.ca\/fr\/wp-json\/wp\/v2\/media\/1218"}],"wp:attachment":[{"href":"https:\/\/safetysourcefire.ca\/fr\/wp-json\/wp\/v2\/media?parent=678"}],"wp:term":[{"taxonomy":"product_brand","embeddable":true,"href":"https:\/\/safetysourcefire.ca\/fr\/wp-json\/wp\/v2\/product_brand?post=678"},{"taxonomy":"product_cat","embeddable":true,"href":"https:\/\/safetysourcefire.ca\/fr\/wp-json\/wp\/v2\/product_cat?post=678"},{"taxonomy":"product_tag","embeddable":true,"href":"https:\/\/safetysourcefire.ca\/fr\/wp-json\/wp\/v2\/product_tag?post=678"}],"curies":[{"name":"wp","href":"https:\/\/api.w.org\/{rel}","templated":true}]}}