{"id":682,"date":"2017-04-30T21:12:25","date_gmt":"2017-04-30T21:12:25","guid":{"rendered":"http:\/\/mmfss.ca\/?post_type=product&#038;p=682"},"modified":"2021-04-09T15:58:58","modified_gmt":"2021-04-09T15:58:58","slug":"9420xl-led-work-light-kit","status":"publish","type":"product","link":"https:\/\/safetysourcefire.ca\/fr\/produit\/9420xl-led-work-light-kit\/","title":{"rendered":"Trousse d'\u00e9clairage de travail \u00e0 DEL 9420XL"},"content":{"rendered":"<p>\u00c9quip\u00e9 de deux LED (1000 lumens de lumi\u00e8re et 4 heures d'autonomie) et d'un m\u00e2t de 5 pieds de haut. Se d\u00e9ploie facilement, en quelques secondes, et illumine toute votre zone de travail. Avec le 9420, vous ferez le travail sans vous soucier des cordons d'alimentation.<\/p>\n<p>\u00c9clairer un sous-sol ou un grenier est facile lorsque vous avez le 9420 avec vous. Cette nouvelle lampe de travail \u00e0 DEL Pelican 9420 vous permet de vous d\u00e9placer \u00e0 la vitesse de la lumi\u00e8re.<br \/>\nCette trousse d'\u00e9clairage de travail \u00e0 LED 9420XL comprend un bo\u00eetier moul\u00e9 par soufflage, des batteries lithium-ion, un chargeur de v\u00e9hicule CC, un chargeur principal CA avec transformateur, une station de charge et une bandouli\u00e8re facile (pour permettre un transport facile et efficace).<\/p>\n<ul>\n<li>\u00c9clairage de travail puissant \u00e0 LED - L\u00e9ger et pliable<\/li>\n<li>D\u00e9ploiement jusqu&#039;\u00e0 5 pi (1,52 m)<\/li>\n<li>Interrupteur Haut\/Faible r\u00e9sistant \u00e0 l'eau<\/li>\n<li>Batterie et chargeur inclus<\/li>\n<li>Bandouli\u00e8re pour transport facile<\/li>\n<li>Bo\u00eetier moul\u00e9 par soufflage<\/li>\n<li>Piles au lithium-ion (incluses)<\/li>\n<li>Chargeur principal AC avec transformateur (inclus)<\/li>\n<li>Station de recharge (incluse)<\/li>\n<li>Conforme RoHS et CE<\/li>\n<\/ul>","protected":false},"excerpt":{"rendered":"<p>Vous voulez commencer votre journ\u00e9e avant le lever du soleil ? Aucun probl\u00e8me si vous avez la nouvelle lampe de travail portable Pelican 9420 LED XL dans votre coffre \u00e0 outils!<\/p>","protected":false},"featured_media":1220,"template":"","meta":[],"product_brand":[146],"product_cat":[48,80],"product_tag":[394,330],"class_list":{"0":"post-682","1":"product","2":"type-product","3":"status-publish","4":"has-post-thumbnail","6":"product_brand-pelican","7":"product_cat-lighting","8":"product_cat-scene-lighting","9":"product_tag-light","10":"product_tag-pelican","12":"first","13":"instock","14":"shipping-taxable","15":"product-type-simple"},"yoast_head":"<!-- This site is optimized with the Yoast SEO plugin v27.4 - https:\/\/yoast.com\/product\/yoast-seo-wordpress\/ -->\n<title>9420XL LED Work Light Kit - Safety Source Fire<\/title>\n<meta name=\"robots\" content=\"index, follow, max-snippet:-1, max-image-preview:large, max-video-preview:-1\" \/>\n<link rel=\"canonical\" href=\"https:\/\/safetysourcefire.ca\/fr\/?product=9420xl-led-work-light-kit\" \/>\n<meta property=\"og:locale\" content=\"fr_CA\" \/>\n<meta property=\"og:type\" content=\"article\" \/>\n<meta property=\"og:title\" content=\"9420XL LED Work Light Kit - Safety Source Fire\" \/>\n<meta property=\"og:description\" content=\"Now you can start your day before sunrise if you have the new portable Pelican 9420 LED Work Light in your tool crib.\" \/>\n<meta property=\"og:url\" content=\"https:\/\/safetysourcefire.ca\/fr\/?product=9420xl-led-work-light-kit\" \/>\n<meta property=\"og:site_name\" content=\"Safety Source Fire\" \/>\n<meta property=\"article:publisher\" content=\"https:\/\/www.facebook.com\/mmfssca\" \/>\n<meta property=\"article:modified_time\" content=\"2021-04-09T15:58:58+00:00\" \/>\n<meta property=\"og:image\" content=\"https:\/\/safetysourcefire.ca\/wp-content\/uploads\/2017\/04\/9420XL-1.jpg\" \/>\n\t<meta property=\"og:image:width\" content=\"600\" \/>\n\t<meta property=\"og:image:height\" content=\"600\" \/>\n\t<meta property=\"og:image:type\" content=\"image\/jpeg\" \/>\n<meta name=\"twitter:card\" content=\"summary_large_image\" \/>\n<meta name=\"twitter:site\" content=\"@mmfssca\" \/>\n<meta name=\"twitter:label1\" content=\"Estimation du temps de lecture\" \/>\n\t<meta name=\"twitter:data1\" content=\"1 minute\" \/>\n<script type=\"application\/ld+json\" class=\"yoast-schema-graph\">{\"@context\":\"https:\\\/\\\/schema.org\",\"@graph\":[{\"@type\":\"WebPage\",\"@id\":\"https:\\\/\\\/safetysourcefire.ca\\\/?product=9420xl-led-work-light-kit\",\"url\":\"https:\\\/\\\/safetysourcefire.ca\\\/?product=9420xl-led-work-light-kit\",\"name\":\"9420XL LED Work Light Kit - Safety Source Fire\",\"isPartOf\":{\"@id\":\"https:\\\/\\\/safetysourcefire.ca\\\/#website\"},\"primaryImageOfPage\":{\"@id\":\"https:\\\/\\\/safetysourcefire.ca\\\/?product=9420xl-led-work-light-kit#primaryimage\"},\"image\":{\"@id\":\"https:\\\/\\\/safetysourcefire.ca\\\/?product=9420xl-led-work-light-kit#primaryimage\"},\"thumbnailUrl\":\"https:\\\/\\\/safetysourcefire.ca\\\/wp-content\\\/uploads\\\/2017\\\/04\\\/9420XL-1.jpg\",\"datePublished\":\"2017-04-30T21:12:25+00:00\",\"dateModified\":\"2021-04-09T15:58:58+00:00\",\"breadcrumb\":{\"@id\":\"https:\\\/\\\/safetysourcefire.ca\\\/?product=9420xl-led-work-light-kit#breadcrumb\"},\"inLanguage\":\"fr-CA\",\"potentialAction\":[{\"@type\":\"ReadAction\",\"target\":[\"https:\\\/\\\/safetysourcefire.ca\\\/?product=9420xl-led-work-light-kit\"]}]},{\"@type\":\"ImageObject\",\"inLanguage\":\"fr-CA\",\"@id\":\"https:\\\/\\\/safetysourcefire.ca\\\/?product=9420xl-led-work-light-kit#primaryimage\",\"url\":\"https:\\\/\\\/safetysourcefire.ca\\\/wp-content\\\/uploads\\\/2017\\\/04\\\/9420XL-1.jpg\",\"contentUrl\":\"https:\\\/\\\/safetysourcefire.ca\\\/wp-content\\\/uploads\\\/2017\\\/04\\\/9420XL-1.jpg\",\"width\":600,\"height\":600,\"caption\":\"9420XL LED Work Light Kit\"},{\"@type\":\"BreadcrumbList\",\"@id\":\"https:\\\/\\\/safetysourcefire.ca\\\/?product=9420xl-led-work-light-kit#breadcrumb\",\"itemListElement\":[{\"@type\":\"ListItem\",\"position\":1,\"name\":\"Home\",\"item\":\"https:\\\/\\\/safetysourcefire.ca\\\/\"},{\"@type\":\"ListItem\",\"position\":2,\"name\":\"Products\",\"item\":\"https:\\\/\\\/safetysourcefire.ca\\\/shop\\\/\"},{\"@type\":\"ListItem\",\"position\":3,\"name\":\"9420XL LED Work Light Kit\"}]},{\"@type\":\"WebSite\",\"@id\":\"https:\\\/\\\/safetysourcefire.ca\\\/#website\",\"url\":\"https:\\\/\\\/safetysourcefire.ca\\\/\",\"name\":\"Safety Source Fire\",\"description\":\"\",\"publisher\":{\"@id\":\"https:\\\/\\\/safetysourcefire.ca\\\/#organization\"},\"potentialAction\":[{\"@type\":\"SearchAction\",\"target\":{\"@type\":\"EntryPoint\",\"urlTemplate\":\"https:\\\/\\\/safetysourcefire.ca\\\/?s={search_term_string}\"},\"query-input\":{\"@type\":\"PropertyValueSpecification\",\"valueRequired\":true,\"valueName\":\"search_term_string\"}}],\"inLanguage\":\"fr-CA\"},{\"@type\":\"Organization\",\"@id\":\"https:\\\/\\\/safetysourcefire.ca\\\/#organization\",\"name\":\"Safety Source Fire\",\"url\":\"https:\\\/\\\/safetysourcefire.ca\\\/\",\"logo\":{\"@type\":\"ImageObject\",\"inLanguage\":\"fr-CA\",\"@id\":\"https:\\\/\\\/safetysourcefire.ca\\\/#\\\/schema\\\/logo\\\/image\\\/\",\"url\":\"https:\\\/\\\/safetysourcefire.ca\\\/wp-content\\\/uploads\\\/2021\\\/01\\\/SSF_logo_CC0000-3.png\",\"contentUrl\":\"https:\\\/\\\/safetysourcefire.ca\\\/wp-content\\\/uploads\\\/2021\\\/01\\\/SSF_logo_CC0000-3.png\",\"width\":1107,\"height\":365,\"caption\":\"Safety Source Fire\"},\"image\":{\"@id\":\"https:\\\/\\\/safetysourcefire.ca\\\/#\\\/schema\\\/logo\\\/image\\\/\"},\"sameAs\":[\"https:\\\/\\\/www.facebook.com\\\/mmfssca\",\"https:\\\/\\\/x.com\\\/mmfssca\"]}]}<\/script>\n<!-- \/ Yoast SEO plugin. -->","yoast_head_json":{"title":"9420XL LED Work Light Kit - Safety Source Fire","robots":{"index":"index","follow":"follow","max-snippet":"max-snippet:-1","max-image-preview":"max-image-preview:large","max-video-preview":"max-video-preview:-1"},"canonical":"https:\/\/safetysourcefire.ca\/fr\/?product=9420xl-led-work-light-kit","og_locale":"fr_CA","og_type":"article","og_title":"9420XL LED Work Light Kit - Safety Source Fire","og_description":"Now you can start your day before sunrise if you have the new portable Pelican 9420 LED Work Light in your tool crib.","og_url":"https:\/\/safetysourcefire.ca\/fr\/?product=9420xl-led-work-light-kit","og_site_name":"Safety Source Fire","article_publisher":"https:\/\/www.facebook.com\/mmfssca","article_modified_time":"2021-04-09T15:58:58+00:00","og_image":[{"width":600,"height":600,"url":"https:\/\/safetysourcefire.ca\/wp-content\/uploads\/2017\/04\/9420XL-1.jpg","type":"image\/jpeg"}],"twitter_card":"summary_large_image","twitter_site":"@mmfssca","twitter_misc":{"Estimation du temps de lecture":"1 minute"},"schema":{"@context":"https:\/\/schema.org","@graph":[{"@type":"WebPage","@id":"https:\/\/safetysourcefire.ca\/?product=9420xl-led-work-light-kit","url":"https:\/\/safetysourcefire.ca\/?product=9420xl-led-work-light-kit","name":"9420XL LED Work Light Kit - Safety Source Fire","isPartOf":{"@id":"https:\/\/safetysourcefire.ca\/#website"},"primaryImageOfPage":{"@id":"https:\/\/safetysourcefire.ca\/?product=9420xl-led-work-light-kit#primaryimage"},"image":{"@id":"https:\/\/safetysourcefire.ca\/?product=9420xl-led-work-light-kit#primaryimage"},"thumbnailUrl":"https:\/\/safetysourcefire.ca\/wp-content\/uploads\/2017\/04\/9420XL-1.jpg","datePublished":"2017-04-30T21:12:25+00:00","dateModified":"2021-04-09T15:58:58+00:00","breadcrumb":{"@id":"https:\/\/safetysourcefire.ca\/?product=9420xl-led-work-light-kit#breadcrumb"},"inLanguage":"fr-CA","potentialAction":[{"@type":"ReadAction","target":["https:\/\/safetysourcefire.ca\/?product=9420xl-led-work-light-kit"]}]},{"@type":"ImageObject","inLanguage":"fr-CA","@id":"https:\/\/safetysourcefire.ca\/?product=9420xl-led-work-light-kit#primaryimage","url":"https:\/\/safetysourcefire.ca\/wp-content\/uploads\/2017\/04\/9420XL-1.jpg","contentUrl":"https:\/\/safetysourcefire.ca\/wp-content\/uploads\/2017\/04\/9420XL-1.jpg","width":600,"height":600,"caption":"9420XL LED Work Light Kit"},{"@type":"BreadcrumbList","@id":"https:\/\/safetysourcefire.ca\/?product=9420xl-led-work-light-kit#breadcrumb","itemListElement":[{"@type":"ListItem","position":1,"name":"Home","item":"https:\/\/safetysourcefire.ca\/"},{"@type":"ListItem","position":2,"name":"Products","item":"https:\/\/safetysourcefire.ca\/shop\/"},{"@type":"ListItem","position":3,"name":"9420XL LED Work Light Kit"}]},{"@type":"WebSite","@id":"https:\/\/safetysourcefire.ca\/#website","url":"https:\/\/safetysourcefire.ca\/","name":"Safety Source Fire","description":"","publisher":{"@id":"https:\/\/safetysourcefire.ca\/#organization"},"potentialAction":[{"@type":"SearchAction","target":{"@type":"EntryPoint","urlTemplate":"https:\/\/safetysourcefire.ca\/?s={search_term_string}"},"query-input":{"@type":"PropertyValueSpecification","valueRequired":true,"valueName":"search_term_string"}}],"inLanguage":"fr-CA"},{"@type":"Organization","@id":"https:\/\/safetysourcefire.ca\/#organization","name":"Safety Source Fire","url":"https:\/\/safetysourcefire.ca\/","logo":{"@type":"ImageObject","inLanguage":"fr-CA","@id":"https:\/\/safetysourcefire.ca\/#\/schema\/logo\/image\/","url":"https:\/\/safetysourcefire.ca\/wp-content\/uploads\/2021\/01\/SSF_logo_CC0000-3.png","contentUrl":"https:\/\/safetysourcefire.ca\/wp-content\/uploads\/2021\/01\/SSF_logo_CC0000-3.png","width":1107,"height":365,"caption":"Safety Source Fire"},"image":{"@id":"https:\/\/safetysourcefire.ca\/#\/schema\/logo\/image\/"},"sameAs":["https:\/\/www.facebook.com\/mmfssca","https:\/\/x.com\/mmfssca"]}]}},"_links":{"self":[{"href":"https:\/\/safetysourcefire.ca\/fr\/wp-json\/wp\/v2\/product\/682","targetHints":{"allow":["GET"]}}],"collection":[{"href":"https:\/\/safetysourcefire.ca\/fr\/wp-json\/wp\/v2\/product"}],"about":[{"href":"https:\/\/safetysourcefire.ca\/fr\/wp-json\/wp\/v2\/types\/product"}],"wp:featuredmedia":[{"embeddable":true,"href":"https:\/\/safetysourcefire.ca\/fr\/wp-json\/wp\/v2\/media\/1220"}],"wp:attachment":[{"href":"https:\/\/safetysourcefire.ca\/fr\/wp-json\/wp\/v2\/media?parent=682"}],"wp:term":[{"taxonomy":"product_brand","embeddable":true,"href":"https:\/\/safetysourcefire.ca\/fr\/wp-json\/wp\/v2\/product_brand?post=682"},{"taxonomy":"product_cat","embeddable":true,"href":"https:\/\/safetysourcefire.ca\/fr\/wp-json\/wp\/v2\/product_cat?post=682"},{"taxonomy":"product_tag","embeddable":true,"href":"https:\/\/safetysourcefire.ca\/fr\/wp-json\/wp\/v2\/product_tag?post=682"}],"curies":[{"name":"wp","href":"https:\/\/api.w.org\/{rel}","templated":true}]}}