{"id":693,"date":"2017-04-30T21:29:08","date_gmt":"2017-04-30T21:29:08","guid":{"rendered":"http:\/\/mmfss.ca\/?post_type=product&#038;p=693"},"modified":"2018-05-22T14:18:30","modified_gmt":"2018-05-22T14:18:30","slug":"nomad-prime-portable-area-spot-light","status":"publish","type":"product","link":"https:\/\/safetysourcefire.ca\/fr\/produit\/nomad-prime-portable-area-spot-light\/","title":{"rendered":"Phare portable Nomad\u00ae Prime"},"content":{"rendered":"<p>Notre lampe de tr\u00e9pied la plus tactique. Toujours pr\u00eate \u00e0 l'emploi, elle peut fournir jusqu'\u00e0 4 000 lumens pendant 24 heures. Le Nomad Prime peut se convertir d'une lumi\u00e8re de zone en un projecteur en quelques secondes. Il suffit de d\u00e9tacher la lentille du diffuseur. Sa conception portable, \u00e9tanche et adaptative lui permet d'\u00eatre utilis\u00e9 dans des endroits o\u00f9 d'autres \u00e9clairages de zone ne se rendent pas. N'h\u00e9sitez pas \u00e0 l'utiliser comme lumi\u00e8re bazooka pour surveiller une zone ou encore pour \u00e9clairer votre chemin lors de vos d\u00e9placements. En approximativement 20 secondes, vous pourrez d\u00e9ployer les pieds autonomes du tr\u00e9pied et \u00e9lever la t\u00eate t\u00e9lescopique jusqu'\u00e0 8 pieds de hauteur pour \u00e9clairer la zone de travail. Sa conception rechargeable et sans fil signifie qu'aucun g\u00e9n\u00e9rateur bruyant et lourd n'est n\u00e9cessaire. Si vous disposez d'une alimentation externe, le Nomad Prime peut fournir une lumi\u00e8re en continue. Cette lampe est utilis\u00e9e sans h\u00e9siter par les premiers intervenants, les professionnels de l'industrie ainsi que par des photographes, partout dans le monde!<\/p>\n<p><strong>Production maximale:\u00a0\u00a0<\/strong>4 000 lumens<\/p>\n<p><strong>Dur\u00e9e de vie de la batterie:\u00a0<\/strong>Jusqu&#039;\u00e0 24 heures<\/p>\n<p><strong>Type de batterie:\u00a0\u00a0<\/strong>Lithium rechargeable<\/p>\n<ul>\n<li><strong>Lampe suspendue sur tr\u00e9pied : <\/strong>De nombreuses lampes de zone portables ne s'\u00e9tendent que jusqu'\u00e0 6 pieds (1,8 m) de hauteur, ce qui est proche du niveau des yeux et potentiellement aveuglant. La Nomad Prime s'\u00e9tend jusqu'\u00e0 8 pieds (2,4 m) de hauteur pour fournir un \u00e9clairage z\u00e9nithal qui n'aveugle pas l'utilisateur.<\/li>\n<li><strong>Op\u00e9ration solo et d\u00e9ploiement en 20 secondes : <\/strong>Le Nomad se range dans un tube compact pesant 18 lb (8,2 kg). Une bandouli\u00e8re est incluse pour un transport facile. La lumi\u00e8re est con\u00e7ue pour qu'un individu seul puisse la d\u00e9ployer en 20 secondes.<\/li>\n<li><strong>Indicateur de niveau de batterie : <\/strong>Lors d'une sc\u00e8ne, il est primordial de savoir la quantit\u00e9 de lumi\u00e8re qu'il vous reste pour travailler. Chaque lampe Nomad est \u00e9quip\u00e9 d'un indicateur de niveau de batterie qui change de couleur (du vert, \u00e0 l'orange, au rouge) lorsque la batterie se d\u00e9charge.<br \/>\nVoyant vert : 70-100% charge de la batterie restante<br \/>\nVoyant orange\u00a0: 30-70% charge restante de la batterie<br \/>\nVoyant rouge\u00a0: sous 30% charge de la batterie restante<\/li>\n<li><strong>Option Bazooka : <\/strong>Le mod\u00e8le portable Prime  peut \u00eatre utilis\u00e9 comme une lumi\u00e8re bazooka, port\u00e9e sur l'\u00e9paule, qui illumine votre chemin afin que vous puissiez vous rendre l\u00e0 o\u00f9 vous devez aller. Le faisceau est capable d'\u00e9clairer plus de 1,6 km devant vous. Une fois que vous avez atteint votre destination, vous pouvez facilement d\u00e9ployer la lampe sur son tr\u00e9pied.<\/li>\n<li><strong>Facile \u00e0 nettoyer : <\/strong>La recherche de preuves peut \u00eatre un travail salissant et vous pouvez risquer une contamination ou une contamination crois\u00e9e si vous ne faites pas attention \u00e0 votre mat\u00e9riel. La lampe Nomad est enti\u00e8rement \u00e9tanche et peut \u00eatre facilement nettoy\u00e9 ainsi que d\u00e9sinfect\u00e9 apr\u00e8s chaque utilisation.<\/li>\n<li><strong>Pince de maintien pour les environnements \u00e0 vent fort : <\/strong>En cas de vent violent, par mesure de s\u00e9curit\u00e9, vous voudrez peut-\u00eatre alourdir votre lumi\u00e8re. Un anneau en D \u00e0 la base de l'unit\u00e9 permet d'attacher un sac de sable \u00e0 cet effet.<\/li>\n<\/ul>","protected":false},"excerpt":{"rendered":"<p>\u00c9clairage de zone \u00e0 LED (combinaison de lumi\u00e8re de zone et de projecteur).<\/p>","protected":false},"featured_media":1233,"template":"","meta":[],"product_brand":[145],"product_cat":[48,80],"product_tag":[295,394],"class_list":{"0":"post-693","1":"product","2":"type-product","3":"status-publish","4":"has-post-thumbnail","6":"product_brand-foxfury","7":"product_cat-lighting","8":"product_cat-scene-lighting","9":"product_tag-foxfury","10":"product_tag-light","12":"first","13":"instock","14":"shipping-taxable","15":"product-type-simple"},"yoast_head":"<!-- This site is optimized with the Yoast SEO plugin v27.4 - https:\/\/yoast.com\/product\/yoast-seo-wordpress\/ -->\n<title>Nomad\u00ae Prime Portable Area Spot Light - Safety Source Fire<\/title>\n<meta name=\"robots\" content=\"index, follow, max-snippet:-1, max-image-preview:large, max-video-preview:-1\" \/>\n<link rel=\"canonical\" href=\"https:\/\/safetysourcefire.ca\/fr\/?product=nomad-prime-portable-area-spot-light\" \/>\n<meta property=\"og:locale\" content=\"fr_CA\" \/>\n<meta property=\"og:type\" content=\"article\" \/>\n<meta property=\"og:title\" content=\"Nomad\u00ae Prime Portable Area Spot Light - Safety Source Fire\" \/>\n<meta property=\"og:description\" content=\"The Original LED Area-Spot Light (Combination Area Light &amp; Spotlight).\" \/>\n<meta property=\"og:url\" content=\"https:\/\/safetysourcefire.ca\/fr\/?product=nomad-prime-portable-area-spot-light\" \/>\n<meta property=\"og:site_name\" content=\"Safety Source Fire\" \/>\n<meta property=\"article:publisher\" content=\"https:\/\/www.facebook.com\/mmfssca\" \/>\n<meta property=\"article:modified_time\" content=\"2018-05-22T14:18:30+00:00\" \/>\n<meta property=\"og:image\" content=\"https:\/\/safetysourcefire.ca\/wp-content\/uploads\/2017\/05\/Nomad.jpg\" \/>\n\t<meta property=\"og:image:width\" content=\"600\" \/>\n\t<meta property=\"og:image:height\" content=\"600\" \/>\n\t<meta property=\"og:image:type\" content=\"image\/jpeg\" \/>\n<meta name=\"twitter:card\" content=\"summary_large_image\" \/>\n<meta name=\"twitter:site\" content=\"@mmfssca\" \/>\n<meta name=\"twitter:label1\" content=\"Estimation du temps de lecture\" \/>\n\t<meta name=\"twitter:data1\" content=\"2 minutes\" \/>\n<script type=\"application\/ld+json\" class=\"yoast-schema-graph\">{\"@context\":\"https:\\\/\\\/schema.org\",\"@graph\":[{\"@type\":\"WebPage\",\"@id\":\"https:\\\/\\\/safetysourcefire.ca\\\/?product=nomad-prime-portable-area-spot-light\",\"url\":\"https:\\\/\\\/safetysourcefire.ca\\\/?product=nomad-prime-portable-area-spot-light\",\"name\":\"Nomad\u00ae Prime Portable Area Spot Light - Safety Source Fire\",\"isPartOf\":{\"@id\":\"https:\\\/\\\/safetysourcefire.ca\\\/#website\"},\"primaryImageOfPage\":{\"@id\":\"https:\\\/\\\/safetysourcefire.ca\\\/?product=nomad-prime-portable-area-spot-light#primaryimage\"},\"image\":{\"@id\":\"https:\\\/\\\/safetysourcefire.ca\\\/?product=nomad-prime-portable-area-spot-light#primaryimage\"},\"thumbnailUrl\":\"https:\\\/\\\/safetysourcefire.ca\\\/wp-content\\\/uploads\\\/2017\\\/05\\\/Nomad.jpg\",\"datePublished\":\"2017-04-30T21:29:08+00:00\",\"dateModified\":\"2018-05-22T14:18:30+00:00\",\"breadcrumb\":{\"@id\":\"https:\\\/\\\/safetysourcefire.ca\\\/?product=nomad-prime-portable-area-spot-light#breadcrumb\"},\"inLanguage\":\"fr-CA\",\"potentialAction\":[{\"@type\":\"ReadAction\",\"target\":[\"https:\\\/\\\/safetysourcefire.ca\\\/?product=nomad-prime-portable-area-spot-light\"]}]},{\"@type\":\"ImageObject\",\"inLanguage\":\"fr-CA\",\"@id\":\"https:\\\/\\\/safetysourcefire.ca\\\/?product=nomad-prime-portable-area-spot-light#primaryimage\",\"url\":\"https:\\\/\\\/safetysourcefire.ca\\\/wp-content\\\/uploads\\\/2017\\\/05\\\/Nomad.jpg\",\"contentUrl\":\"https:\\\/\\\/safetysourcefire.ca\\\/wp-content\\\/uploads\\\/2017\\\/05\\\/Nomad.jpg\",\"width\":600,\"height\":600,\"caption\":\"Nomad\u00ae Prime Portable Area Spot Light\"},{\"@type\":\"BreadcrumbList\",\"@id\":\"https:\\\/\\\/safetysourcefire.ca\\\/?product=nomad-prime-portable-area-spot-light#breadcrumb\",\"itemListElement\":[{\"@type\":\"ListItem\",\"position\":1,\"name\":\"Home\",\"item\":\"https:\\\/\\\/safetysourcefire.ca\\\/\"},{\"@type\":\"ListItem\",\"position\":2,\"name\":\"Products\",\"item\":\"https:\\\/\\\/safetysourcefire.ca\\\/shop\\\/\"},{\"@type\":\"ListItem\",\"position\":3,\"name\":\"Nomad\u00ae Prime Portable Area Spot Light\"}]},{\"@type\":\"WebSite\",\"@id\":\"https:\\\/\\\/safetysourcefire.ca\\\/#website\",\"url\":\"https:\\\/\\\/safetysourcefire.ca\\\/\",\"name\":\"Safety Source Fire\",\"description\":\"\",\"publisher\":{\"@id\":\"https:\\\/\\\/safetysourcefire.ca\\\/#organization\"},\"potentialAction\":[{\"@type\":\"SearchAction\",\"target\":{\"@type\":\"EntryPoint\",\"urlTemplate\":\"https:\\\/\\\/safetysourcefire.ca\\\/?s={search_term_string}\"},\"query-input\":{\"@type\":\"PropertyValueSpecification\",\"valueRequired\":true,\"valueName\":\"search_term_string\"}}],\"inLanguage\":\"fr-CA\"},{\"@type\":\"Organization\",\"@id\":\"https:\\\/\\\/safetysourcefire.ca\\\/#organization\",\"name\":\"Safety Source Fire\",\"url\":\"https:\\\/\\\/safetysourcefire.ca\\\/\",\"logo\":{\"@type\":\"ImageObject\",\"inLanguage\":\"fr-CA\",\"@id\":\"https:\\\/\\\/safetysourcefire.ca\\\/#\\\/schema\\\/logo\\\/image\\\/\",\"url\":\"https:\\\/\\\/safetysourcefire.ca\\\/wp-content\\\/uploads\\\/2021\\\/01\\\/SSF_logo_CC0000-3.png\",\"contentUrl\":\"https:\\\/\\\/safetysourcefire.ca\\\/wp-content\\\/uploads\\\/2021\\\/01\\\/SSF_logo_CC0000-3.png\",\"width\":1107,\"height\":365,\"caption\":\"Safety Source Fire\"},\"image\":{\"@id\":\"https:\\\/\\\/safetysourcefire.ca\\\/#\\\/schema\\\/logo\\\/image\\\/\"},\"sameAs\":[\"https:\\\/\\\/www.facebook.com\\\/mmfssca\",\"https:\\\/\\\/x.com\\\/mmfssca\"]}]}<\/script>\n<!-- \/ Yoast SEO plugin. -->","yoast_head_json":{"title":"Nomad\u00ae Prime Portable Area Spot Light - Safety Source Fire","robots":{"index":"index","follow":"follow","max-snippet":"max-snippet:-1","max-image-preview":"max-image-preview:large","max-video-preview":"max-video-preview:-1"},"canonical":"https:\/\/safetysourcefire.ca\/fr\/?product=nomad-prime-portable-area-spot-light","og_locale":"fr_CA","og_type":"article","og_title":"Nomad\u00ae Prime Portable Area Spot Light - Safety Source Fire","og_description":"The Original LED Area-Spot Light (Combination Area Light &amp; Spotlight).","og_url":"https:\/\/safetysourcefire.ca\/fr\/?product=nomad-prime-portable-area-spot-light","og_site_name":"Safety Source Fire","article_publisher":"https:\/\/www.facebook.com\/mmfssca","article_modified_time":"2018-05-22T14:18:30+00:00","og_image":[{"width":600,"height":600,"url":"https:\/\/safetysourcefire.ca\/wp-content\/uploads\/2017\/05\/Nomad.jpg","type":"image\/jpeg"}],"twitter_card":"summary_large_image","twitter_site":"@mmfssca","twitter_misc":{"Estimation du temps de lecture":"2 minutes"},"schema":{"@context":"https:\/\/schema.org","@graph":[{"@type":"WebPage","@id":"https:\/\/safetysourcefire.ca\/?product=nomad-prime-portable-area-spot-light","url":"https:\/\/safetysourcefire.ca\/?product=nomad-prime-portable-area-spot-light","name":"Nomad\u00ae Prime Portable Area Spot Light - Safety Source Fire","isPartOf":{"@id":"https:\/\/safetysourcefire.ca\/#website"},"primaryImageOfPage":{"@id":"https:\/\/safetysourcefire.ca\/?product=nomad-prime-portable-area-spot-light#primaryimage"},"image":{"@id":"https:\/\/safetysourcefire.ca\/?product=nomad-prime-portable-area-spot-light#primaryimage"},"thumbnailUrl":"https:\/\/safetysourcefire.ca\/wp-content\/uploads\/2017\/05\/Nomad.jpg","datePublished":"2017-04-30T21:29:08+00:00","dateModified":"2018-05-22T14:18:30+00:00","breadcrumb":{"@id":"https:\/\/safetysourcefire.ca\/?product=nomad-prime-portable-area-spot-light#breadcrumb"},"inLanguage":"fr-CA","potentialAction":[{"@type":"ReadAction","target":["https:\/\/safetysourcefire.ca\/?product=nomad-prime-portable-area-spot-light"]}]},{"@type":"ImageObject","inLanguage":"fr-CA","@id":"https:\/\/safetysourcefire.ca\/?product=nomad-prime-portable-area-spot-light#primaryimage","url":"https:\/\/safetysourcefire.ca\/wp-content\/uploads\/2017\/05\/Nomad.jpg","contentUrl":"https:\/\/safetysourcefire.ca\/wp-content\/uploads\/2017\/05\/Nomad.jpg","width":600,"height":600,"caption":"Nomad\u00ae Prime Portable Area Spot Light"},{"@type":"BreadcrumbList","@id":"https:\/\/safetysourcefire.ca\/?product=nomad-prime-portable-area-spot-light#breadcrumb","itemListElement":[{"@type":"ListItem","position":1,"name":"Home","item":"https:\/\/safetysourcefire.ca\/"},{"@type":"ListItem","position":2,"name":"Products","item":"https:\/\/safetysourcefire.ca\/shop\/"},{"@type":"ListItem","position":3,"name":"Nomad\u00ae Prime Portable Area Spot Light"}]},{"@type":"WebSite","@id":"https:\/\/safetysourcefire.ca\/#website","url":"https:\/\/safetysourcefire.ca\/","name":"Safety Source Fire","description":"","publisher":{"@id":"https:\/\/safetysourcefire.ca\/#organization"},"potentialAction":[{"@type":"SearchAction","target":{"@type":"EntryPoint","urlTemplate":"https:\/\/safetysourcefire.ca\/?s={search_term_string}"},"query-input":{"@type":"PropertyValueSpecification","valueRequired":true,"valueName":"search_term_string"}}],"inLanguage":"fr-CA"},{"@type":"Organization","@id":"https:\/\/safetysourcefire.ca\/#organization","name":"Safety Source Fire","url":"https:\/\/safetysourcefire.ca\/","logo":{"@type":"ImageObject","inLanguage":"fr-CA","@id":"https:\/\/safetysourcefire.ca\/#\/schema\/logo\/image\/","url":"https:\/\/safetysourcefire.ca\/wp-content\/uploads\/2021\/01\/SSF_logo_CC0000-3.png","contentUrl":"https:\/\/safetysourcefire.ca\/wp-content\/uploads\/2021\/01\/SSF_logo_CC0000-3.png","width":1107,"height":365,"caption":"Safety Source Fire"},"image":{"@id":"https:\/\/safetysourcefire.ca\/#\/schema\/logo\/image\/"},"sameAs":["https:\/\/www.facebook.com\/mmfssca","https:\/\/x.com\/mmfssca"]}]}},"_links":{"self":[{"href":"https:\/\/safetysourcefire.ca\/fr\/wp-json\/wp\/v2\/product\/693","targetHints":{"allow":["GET"]}}],"collection":[{"href":"https:\/\/safetysourcefire.ca\/fr\/wp-json\/wp\/v2\/product"}],"about":[{"href":"https:\/\/safetysourcefire.ca\/fr\/wp-json\/wp\/v2\/types\/product"}],"wp:featuredmedia":[{"embeddable":true,"href":"https:\/\/safetysourcefire.ca\/fr\/wp-json\/wp\/v2\/media\/1233"}],"wp:attachment":[{"href":"https:\/\/safetysourcefire.ca\/fr\/wp-json\/wp\/v2\/media?parent=693"}],"wp:term":[{"taxonomy":"product_brand","embeddable":true,"href":"https:\/\/safetysourcefire.ca\/fr\/wp-json\/wp\/v2\/product_brand?post=693"},{"taxonomy":"product_cat","embeddable":true,"href":"https:\/\/safetysourcefire.ca\/fr\/wp-json\/wp\/v2\/product_cat?post=693"},{"taxonomy":"product_tag","embeddable":true,"href":"https:\/\/safetysourcefire.ca\/fr\/wp-json\/wp\/v2\/product_tag?post=693"}],"curies":[{"name":"wp","href":"https:\/\/api.w.org\/{rel}","templated":true}]}}