{"id":696,"date":"2018-01-01T08:50:40","date_gmt":"2018-01-01T08:50:40","guid":{"rendered":"http:\/\/mmfss.ca\/?post_type=product&#038;p=696"},"modified":"2021-04-09T16:17:03","modified_gmt":"2021-04-09T16:17:03","slug":"revel-scout-tactical-scene-light-standard-package","status":"publish","type":"product","link":"https:\/\/safetysourcefire.ca\/fr\/produit\/revel-scout-tactical-scene-light-standard-package\/","title":{"rendered":"Ensemble standard d'\u00e9clairage de sc\u00e8ne tactique Revel Scout"},"content":{"rendered":"<p>Comprends plusieurs des options de montage -incluant ensemble, suspension, sangle, pointe - et une batterie rechargeable amovible. L'ensemble Revel Scout r\u00e9volutionne la facilit\u00e9 d'utilisation de l'\u00e9clairage des sc\u00e8nes d'incendie.<br \/>\nLe Revel Scout combine de projecteur avec motifs 'spot' et 'flood' ainsi qu'un projecteur de 14 000 lumens. Dans un emballage de 12 lb, cette lumi\u00e8re de sc\u00e8ne tactique \u00e0 LED peut \u00eatre utilis\u00e9e pour \u00e9clairer uniform\u00e9ment \u00e0 la fois l'ext\u00e9rieur, les sc\u00e8nes et les espaces int\u00e9rieurs.<\/p>\n<p><strong>D\u00e9ploiement rapide et flexible<\/strong><\/p>\n<p>Compact, l\u00e9ger et portable, la flexibilit\u00e9 du Revel Scout vous offrira plus d'options que la plupart des \u00e9clairages de sc\u00e8ne \u00e0 LED. La conception du Revel Scout permet de multiples options de placement - pos\u00e9 sur une surface plane, suspendu au-dessus d'une porte, attach\u00e9 \u00e0 une \u00e9chelle ou suspendu \u00e0 n'importe quelle surface verticale, gr\u00e2ce \u00e0 sa pointe int\u00e9gr\u00e9e.<\/p>\n<p><strong>\u00c9clairez l\u00e0 o\u00f9 vous en avez besoin<\/strong><\/p>\n<p>Aliment\u00e9 par une batterie rechargeable amovible de 28 V, le Revel Scout est tout ce dont vous avez besoin pour \u00e9clairer \u00e0 la fois votre sc\u00e8ne ext\u00e9rieure et votre zone de travail int\u00e9rieure. Facile \u00e0 d\u00e9placer ou \u00e0 positionner, la combinaison de projecteurs du Revel Scout augmente la visibilit\u00e9 globale de votre sc\u00e8ne lors de l'\u00e9clairage des zones ext\u00e9rieures telles que les v\u00e9hicules, les structures, les stationnements et les zones de dangers a\u00e9riens. La bonne nouvelle est qu'il est tout aussi polyvalent pour \u00e9clairer des sc\u00e8nes int\u00e9rieures!<\/p>\n<p><strong>Fonctionnalit\u00e9s et avantages suppl\u00e9mentaires<\/strong><\/p>\n<ul>\n<li>Support de montage sur camion, mallette de rangement et accessoires de chargeur de batterie disponibles (en option)<\/li>\n<li>Sangle int\u00e9gr\u00e9e incluse pour fixer \u00e0 un objet horizontal, un \u00e9chelon d&#039;\u00e9chelle, etc.<\/li>\n<li>Interrupteur \u00e0 bascule marche\/arr\u00eat pour allumer et \u00e9teindre la lumi\u00e8re. Quatre niveaux d'\u00e9clairage disponibles.<\/li>\n<li>Construction sans corrosion<\/li>\n<li>Temps de d\u00e9ploiement pratiquement nul<\/li>\n<li>Type de batterie: 28V LI-ION, Poids: 3 lb (1,4 kg). Temps de charge : 1 heure<\/li>\n<\/ul>\n<p>Garantie d'assemblage : 6 ans, \/ Garantie pour batterie et chargeur : 1 an<\/p>","protected":false},"excerpt":{"rendered":"<p>Cette lumi\u00e8re de sc\u00e8ne tactique \u00e0 LED est con\u00e7ue pour augmenter la s\u00e9curit\u00e9 des pompiers et des secouristes.<\/p>","protected":false},"featured_media":698,"template":"","meta":[],"product_brand":[147],"product_cat":[48,80],"product_tag":[256,394],"class_list":{"0":"post-696","1":"product","2":"type-product","3":"status-publish","4":"has-post-thumbnail","6":"product_brand-akron-brass","7":"product_cat-lighting","8":"product_cat-scene-lighting","9":"product_tag-akron-brass","10":"product_tag-light","12":"first","13":"instock","14":"shipping-taxable","15":"product-type-simple"},"yoast_head":"<!-- This site is optimized with the Yoast SEO plugin v27.4 - https:\/\/yoast.com\/product\/yoast-seo-wordpress\/ -->\n<title>Revel Scout Tactical Scene Light - Standard Package - Safety Source Fire<\/title>\n<meta name=\"robots\" content=\"index, follow, max-snippet:-1, max-image-preview:large, max-video-preview:-1\" \/>\n<link rel=\"canonical\" href=\"https:\/\/safetysourcefire.ca\/fr\/?product=revel-scout-tactical-scene-light-standard-package\" \/>\n<meta property=\"og:locale\" content=\"fr_CA\" \/>\n<meta property=\"og:type\" content=\"article\" \/>\n<meta property=\"og:title\" content=\"Revel Scout Tactical Scene Light - Standard Package - Safety Source Fire\" \/>\n<meta property=\"og:description\" content=\"This tactical LED scene light is designed to increase the safety of both firefighters and emergency responders.\" \/>\n<meta property=\"og:url\" content=\"https:\/\/safetysourcefire.ca\/fr\/?product=revel-scout-tactical-scene-light-standard-package\" \/>\n<meta property=\"og:site_name\" content=\"Safety Source Fire\" \/>\n<meta property=\"article:publisher\" content=\"https:\/\/www.facebook.com\/mmfssca\" \/>\n<meta property=\"article:modified_time\" content=\"2021-04-09T16:17:03+00:00\" \/>\n<meta property=\"og:image\" content=\"https:\/\/safetysourcefire.ca\/wp-content\/uploads\/2017\/04\/Revel-Scout-1.jpg\" \/>\n\t<meta property=\"og:image:width\" content=\"600\" \/>\n\t<meta property=\"og:image:height\" content=\"600\" \/>\n\t<meta property=\"og:image:type\" content=\"image\/jpeg\" \/>\n<meta name=\"twitter:card\" content=\"summary_large_image\" \/>\n<meta name=\"twitter:site\" content=\"@mmfssca\" \/>\n<meta name=\"twitter:label1\" content=\"Estimation du temps de lecture\" \/>\n\t<meta name=\"twitter:data1\" content=\"1 minute\" \/>\n<script type=\"application\/ld+json\" class=\"yoast-schema-graph\">{\"@context\":\"https:\\\/\\\/schema.org\",\"@graph\":[{\"@type\":\"WebPage\",\"@id\":\"https:\\\/\\\/safetysourcefire.ca\\\/?product=revel-scout-tactical-scene-light-standard-package\",\"url\":\"https:\\\/\\\/safetysourcefire.ca\\\/?product=revel-scout-tactical-scene-light-standard-package\",\"name\":\"Revel Scout Tactical Scene Light - Standard Package - Safety Source Fire\",\"isPartOf\":{\"@id\":\"https:\\\/\\\/safetysourcefire.ca\\\/#website\"},\"primaryImageOfPage\":{\"@id\":\"https:\\\/\\\/safetysourcefire.ca\\\/?product=revel-scout-tactical-scene-light-standard-package#primaryimage\"},\"image\":{\"@id\":\"https:\\\/\\\/safetysourcefire.ca\\\/?product=revel-scout-tactical-scene-light-standard-package#primaryimage\"},\"thumbnailUrl\":\"https:\\\/\\\/safetysourcefire.ca\\\/wp-content\\\/uploads\\\/2017\\\/04\\\/Revel-Scout-1.jpg\",\"datePublished\":\"2018-01-01T08:50:40+00:00\",\"dateModified\":\"2021-04-09T16:17:03+00:00\",\"breadcrumb\":{\"@id\":\"https:\\\/\\\/safetysourcefire.ca\\\/?product=revel-scout-tactical-scene-light-standard-package#breadcrumb\"},\"inLanguage\":\"fr-CA\",\"potentialAction\":[{\"@type\":\"ReadAction\",\"target\":[\"https:\\\/\\\/safetysourcefire.ca\\\/?product=revel-scout-tactical-scene-light-standard-package\"]}]},{\"@type\":\"ImageObject\",\"inLanguage\":\"fr-CA\",\"@id\":\"https:\\\/\\\/safetysourcefire.ca\\\/?product=revel-scout-tactical-scene-light-standard-package#primaryimage\",\"url\":\"https:\\\/\\\/safetysourcefire.ca\\\/wp-content\\\/uploads\\\/2017\\\/04\\\/Revel-Scout-1.jpg\",\"contentUrl\":\"https:\\\/\\\/safetysourcefire.ca\\\/wp-content\\\/uploads\\\/2017\\\/04\\\/Revel-Scout-1.jpg\",\"width\":600,\"height\":600,\"caption\":\"Revel Scout\"},{\"@type\":\"BreadcrumbList\",\"@id\":\"https:\\\/\\\/safetysourcefire.ca\\\/?product=revel-scout-tactical-scene-light-standard-package#breadcrumb\",\"itemListElement\":[{\"@type\":\"ListItem\",\"position\":1,\"name\":\"Home\",\"item\":\"https:\\\/\\\/safetysourcefire.ca\\\/\"},{\"@type\":\"ListItem\",\"position\":2,\"name\":\"Products\",\"item\":\"https:\\\/\\\/safetysourcefire.ca\\\/shop\\\/\"},{\"@type\":\"ListItem\",\"position\":3,\"name\":\"Revel Scout Tactical Scene Light &#8211; Standard Package\"}]},{\"@type\":\"WebSite\",\"@id\":\"https:\\\/\\\/safetysourcefire.ca\\\/#website\",\"url\":\"https:\\\/\\\/safetysourcefire.ca\\\/\",\"name\":\"Safety Source Fire\",\"description\":\"\",\"publisher\":{\"@id\":\"https:\\\/\\\/safetysourcefire.ca\\\/#organization\"},\"potentialAction\":[{\"@type\":\"SearchAction\",\"target\":{\"@type\":\"EntryPoint\",\"urlTemplate\":\"https:\\\/\\\/safetysourcefire.ca\\\/?s={search_term_string}\"},\"query-input\":{\"@type\":\"PropertyValueSpecification\",\"valueRequired\":true,\"valueName\":\"search_term_string\"}}],\"inLanguage\":\"fr-CA\"},{\"@type\":\"Organization\",\"@id\":\"https:\\\/\\\/safetysourcefire.ca\\\/#organization\",\"name\":\"Safety Source Fire\",\"url\":\"https:\\\/\\\/safetysourcefire.ca\\\/\",\"logo\":{\"@type\":\"ImageObject\",\"inLanguage\":\"fr-CA\",\"@id\":\"https:\\\/\\\/safetysourcefire.ca\\\/#\\\/schema\\\/logo\\\/image\\\/\",\"url\":\"https:\\\/\\\/safetysourcefire.ca\\\/wp-content\\\/uploads\\\/2021\\\/01\\\/SSF_logo_CC0000-3.png\",\"contentUrl\":\"https:\\\/\\\/safetysourcefire.ca\\\/wp-content\\\/uploads\\\/2021\\\/01\\\/SSF_logo_CC0000-3.png\",\"width\":1107,\"height\":365,\"caption\":\"Safety Source Fire\"},\"image\":{\"@id\":\"https:\\\/\\\/safetysourcefire.ca\\\/#\\\/schema\\\/logo\\\/image\\\/\"},\"sameAs\":[\"https:\\\/\\\/www.facebook.com\\\/mmfssca\",\"https:\\\/\\\/x.com\\\/mmfssca\"]}]}<\/script>\n<!-- \/ Yoast SEO plugin. -->","yoast_head_json":{"title":"Lampe tactique de sc\u00e8ne Revel Scout - Pack standard - Source de s\u00e9curit\u00e9 pour le feu","robots":{"index":"index","follow":"follow","max-snippet":"max-snippet:-1","max-image-preview":"max-image-preview:large","max-video-preview":"max-video-preview:-1"},"canonical":"https:\/\/safetysourcefire.ca\/fr\/?product=revel-scout-tactical-scene-light-standard-package","og_locale":"fr_CA","og_type":"article","og_title":"Revel Scout Tactical Scene Light - Standard Package - Safety Source Fire","og_description":"This tactical LED scene light is designed to increase the safety of both firefighters and emergency responders.","og_url":"https:\/\/safetysourcefire.ca\/fr\/?product=revel-scout-tactical-scene-light-standard-package","og_site_name":"Safety Source Fire","article_publisher":"https:\/\/www.facebook.com\/mmfssca","article_modified_time":"2021-04-09T16:17:03+00:00","og_image":[{"width":600,"height":600,"url":"https:\/\/safetysourcefire.ca\/wp-content\/uploads\/2017\/04\/Revel-Scout-1.jpg","type":"image\/jpeg"}],"twitter_card":"summary_large_image","twitter_site":"@mmfssca","twitter_misc":{"Estimation du temps de lecture":"1 minute"},"schema":{"@context":"https:\/\/schema.org","@graph":[{"@type":"WebPage","@id":"https:\/\/safetysourcefire.ca\/?product=revel-scout-tactical-scene-light-standard-package","url":"https:\/\/safetysourcefire.ca\/?product=revel-scout-tactical-scene-light-standard-package","name":"Lampe tactique de sc\u00e8ne Revel Scout - Pack standard - Source de s\u00e9curit\u00e9 pour le feu","isPartOf":{"@id":"https:\/\/safetysourcefire.ca\/#website"},"primaryImageOfPage":{"@id":"https:\/\/safetysourcefire.ca\/?product=revel-scout-tactical-scene-light-standard-package#primaryimage"},"image":{"@id":"https:\/\/safetysourcefire.ca\/?product=revel-scout-tactical-scene-light-standard-package#primaryimage"},"thumbnailUrl":"https:\/\/safetysourcefire.ca\/wp-content\/uploads\/2017\/04\/Revel-Scout-1.jpg","datePublished":"2018-01-01T08:50:40+00:00","dateModified":"2021-04-09T16:17:03+00:00","breadcrumb":{"@id":"https:\/\/safetysourcefire.ca\/?product=revel-scout-tactical-scene-light-standard-package#breadcrumb"},"inLanguage":"fr-CA","potentialAction":[{"@type":"ReadAction","target":["https:\/\/safetysourcefire.ca\/?product=revel-scout-tactical-scene-light-standard-package"]}]},{"@type":"ImageObject","inLanguage":"fr-CA","@id":"https:\/\/safetysourcefire.ca\/?product=revel-scout-tactical-scene-light-standard-package#primaryimage","url":"https:\/\/safetysourcefire.ca\/wp-content\/uploads\/2017\/04\/Revel-Scout-1.jpg","contentUrl":"https:\/\/safetysourcefire.ca\/wp-content\/uploads\/2017\/04\/Revel-Scout-1.jpg","width":600,"height":600,"caption":"Revel Scout"},{"@type":"BreadcrumbList","@id":"https:\/\/safetysourcefire.ca\/?product=revel-scout-tactical-scene-light-standard-package#breadcrumb","itemListElement":[{"@type":"ListItem","position":1,"name":"Home","item":"https:\/\/safetysourcefire.ca\/"},{"@type":"ListItem","position":2,"name":"Products","item":"https:\/\/safetysourcefire.ca\/shop\/"},{"@type":"ListItem","position":3,"name":"Revel Scout Tactical Scene Light &#8211; Standard Package"}]},{"@type":"WebSite","@id":"https:\/\/safetysourcefire.ca\/#website","url":"https:\/\/safetysourcefire.ca\/","name":"Safety Source Fire","description":"","publisher":{"@id":"https:\/\/safetysourcefire.ca\/#organization"},"potentialAction":[{"@type":"SearchAction","target":{"@type":"EntryPoint","urlTemplate":"https:\/\/safetysourcefire.ca\/?s={search_term_string}"},"query-input":{"@type":"PropertyValueSpecification","valueRequired":true,"valueName":"search_term_string"}}],"inLanguage":"fr-CA"},{"@type":"Organization","@id":"https:\/\/safetysourcefire.ca\/#organization","name":"Safety Source Fire","url":"https:\/\/safetysourcefire.ca\/","logo":{"@type":"ImageObject","inLanguage":"fr-CA","@id":"https:\/\/safetysourcefire.ca\/#\/schema\/logo\/image\/","url":"https:\/\/safetysourcefire.ca\/wp-content\/uploads\/2021\/01\/SSF_logo_CC0000-3.png","contentUrl":"https:\/\/safetysourcefire.ca\/wp-content\/uploads\/2021\/01\/SSF_logo_CC0000-3.png","width":1107,"height":365,"caption":"Safety Source Fire"},"image":{"@id":"https:\/\/safetysourcefire.ca\/#\/schema\/logo\/image\/"},"sameAs":["https:\/\/www.facebook.com\/mmfssca","https:\/\/x.com\/mmfssca"]}]}},"_links":{"self":[{"href":"https:\/\/safetysourcefire.ca\/fr\/wp-json\/wp\/v2\/product\/696","targetHints":{"allow":["GET"]}}],"collection":[{"href":"https:\/\/safetysourcefire.ca\/fr\/wp-json\/wp\/v2\/product"}],"about":[{"href":"https:\/\/safetysourcefire.ca\/fr\/wp-json\/wp\/v2\/types\/product"}],"wp:featuredmedia":[{"embeddable":true,"href":"https:\/\/safetysourcefire.ca\/fr\/wp-json\/wp\/v2\/media\/698"}],"wp:attachment":[{"href":"https:\/\/safetysourcefire.ca\/fr\/wp-json\/wp\/v2\/media?parent=696"}],"wp:term":[{"taxonomy":"product_brand","embeddable":true,"href":"https:\/\/safetysourcefire.ca\/fr\/wp-json\/wp\/v2\/product_brand?post=696"},{"taxonomy":"product_cat","embeddable":true,"href":"https:\/\/safetysourcefire.ca\/fr\/wp-json\/wp\/v2\/product_cat?post=696"},{"taxonomy":"product_tag","embeddable":true,"href":"https:\/\/safetysourcefire.ca\/fr\/wp-json\/wp\/v2\/product_tag?post=696"}],"curies":[{"name":"wp","href":"https:\/\/api.w.org\/{rel}","templated":true}]}}