{"id":6969,"date":"2019-07-26T19:24:45","date_gmt":"2019-07-26T19:24:45","guid":{"rendered":"https:\/\/mmfss.ca\/?post_type=product&#038;p=6969"},"modified":"2025-03-18T13:04:53","modified_gmt":"2025-03-18T13:04:53","slug":"tpx-hose-2","status":"publish","type":"product","link":"https:\/\/safetysourcefire.ca\/fr\/produit\/tpx-hose-2\/","title":{"rendered":"Tuyau TPX"},"content":{"rendered":"<p class=\"NoGap\">TPX est un tuyau d'incendie en caoutchouc municipal ultra-r\u00e9sistant qui ne vous encombrera pas par son poids. Les tuyaux extrud\u00e9s fabriqu\u00e9s traditionnellement peuvent varier en \u00e9paisseur, devenant encombrants et lourds. Pas TPX. Sa conception unique \u00e0 3 plis comprend une couverture nervur\u00e9e et une doublure en nitrile lisse qui sont extrud\u00e9es ind\u00e9pendamment. La housse est ins\u00e9r\u00e9e \u00e0 l'int\u00e9rieur du renfort polyester \u00e0 tissage serr\u00e9, vulcanis\u00e9e, puis retourn\u00e9e. La doublure est ensuite ins\u00e9r\u00e9e et le tuyau est vulcanis\u00e9 une deuxi\u00e8me fois pour former une liaison des trois plis, garantissant une paroi de tuyau compacte et coh\u00e9rente. Tout ce proc\u00e9d\u00e9 rend le TPX l\u00e9ger, plus r\u00e9sistant \u00e0 la perforation et plus facile \u00e0 ranger. TPX n\u00e9cessite moins d'espace dans le lit que les tuyaux extrud\u00e9s typiques.<\/p>\n<ul class=\"ProductUL\">\n<li><b>Conception am\u00e9lior\u00e9e.<\/b>\u00a0Le tuyau en caoutchouc nitrile \u00e0 3 plis est dot\u00e9 d&#039;un couvercle et d&#039;une doublure extrud\u00e9s ind\u00e9pendamment, ainsi que d&#039;un renfort en polyester \u00e0 haute r\u00e9sistance \u00e0 la traction, pour une durabilit\u00e9 et une flexibilit\u00e9 maximales.<\/li>\n<li><b>Haute performance:<\/b>\u00a0La doublure lisse r\u00e9duit la perte de friction offrant ainsi un d\u00e9bit maximal.<\/li>\n<li><b>Durable.<\/b>\u00a0Le rev\u00eatement en caoutchouc nitrile augmente consid\u00e9rablement la r\u00e9sistance \u00e0 l'abrasion, permet une longue dur\u00e9e de vie et le renfort tiss\u00e9 serr\u00e9 r\u00e9siste \u00e0 la perforation. Il est garanti \u00e0 vie contre le d\u00e9laminage.<\/li>\n<li><b>Mobile.<\/b>\u00a0La conception \u00e0 3 plis offre une r\u00e9sistance incroyable, mais avec un poids l\u00e9ger, rendant le tuyau facile \u00e0 g\u00e9rer sur le terrain de feu.<\/li>\n<li><b>Souple.<\/b>\u00a0Le tuyau reste flexible \u00e0 des temp\u00e9ratures aussi basses que -20 \u00b0F (-29 \u00b0C) et r\u00e9siste \u00e0 l&#039;ozone, \u00e0 l&#039;oxydation et \u00e0 la plupart des produits chimiques ou p\u00e9troliers.<\/li>\n<li><b>Versatile.<\/b>\u00a0Convient aux applications d&#039;attaque, d&#039;alimentation et d&#039;aspiration.<\/li>\n<li><b>Homologu\u00e9.<\/b>\u00a0Fabriqu\u00e9 conform\u00e9ment \u00e0 la norme NFPA 1961, derni\u00e8re \u00e9dition de notre syst\u00e8me d&#039;assurance qualit\u00e9 certifi\u00e9 ISO-9001.<\/li>\n<\/ul>\n<p><a href=\"https:\/\/safetysourcefire.ca\/wp-content\/uploads\/2019\/07\/TPX-data-sheet.pdf\">T\u00e9l\u00e9charger la fiche technique<\/a><\/p>","protected":false},"excerpt":{"rendered":"<p>Tuyau d'attaque et d'alimentation en caoutchouc nitrile 3 plis<\/p>","protected":false},"featured_media":6951,"template":"","meta":[],"product_brand":[190],"product_cat":[44,65],"product_tag":[500],"class_list":{"0":"post-6969","1":"product","2":"type-product","3":"status-publish","4":"has-post-thumbnail","6":"product_brand-snap-tite-hose","7":"product_cat-fire-suppression","8":"product_cat-hose","9":"product_tag-snap-tite","11":"first","12":"instock","13":"shipping-taxable","14":"product-type-simple"},"yoast_head":"<!-- This site is optimized with the Yoast SEO plugin v27.4 - https:\/\/yoast.com\/product\/yoast-seo-wordpress\/ -->\n<title>TPX Hose - Safety Source Fire<\/title>\n<meta name=\"robots\" content=\"index, follow, max-snippet:-1, max-image-preview:large, max-video-preview:-1\" \/>\n<link rel=\"canonical\" href=\"https:\/\/safetysourcefire.ca\/fr\/produit\/tpx-hose-2\/\" \/>\n<meta property=\"og:locale\" content=\"fr_CA\" \/>\n<meta property=\"og:type\" content=\"article\" \/>\n<meta property=\"og:title\" content=\"TPX Hose - Safety Source Fire\" \/>\n<meta property=\"og:description\" content=\"3-ply nitrile rubber attack\/supply hose\" \/>\n<meta property=\"og:url\" content=\"https:\/\/safetysourcefire.ca\/fr\/produit\/tpx-hose-2\/\" \/>\n<meta property=\"og:site_name\" content=\"Safety Source Fire\" \/>\n<meta property=\"article:publisher\" content=\"https:\/\/www.facebook.com\/mmfssca\" \/>\n<meta property=\"article:modified_time\" content=\"2025-03-18T13:04:53+00:00\" \/>\n<meta property=\"og:image\" content=\"https:\/\/safetysourcefire.ca\/wp-content\/uploads\/2019\/07\/TPX-Snap-tite-Hose-Coupling.jpg\" \/>\n\t<meta property=\"og:image:width\" content=\"600\" \/>\n\t<meta property=\"og:image:height\" content=\"600\" \/>\n\t<meta property=\"og:image:type\" content=\"image\/jpeg\" \/>\n<meta name=\"twitter:card\" content=\"summary_large_image\" \/>\n<meta name=\"twitter:site\" content=\"@mmfssca\" \/>\n<meta name=\"twitter:label1\" content=\"Estimation du temps de lecture\" \/>\n\t<meta name=\"twitter:data1\" content=\"1 minute\" \/>\n<script type=\"application\/ld+json\" class=\"yoast-schema-graph\">{\"@context\":\"https:\\\/\\\/schema.org\",\"@graph\":[{\"@type\":\"WebPage\",\"@id\":\"https:\\\/\\\/safetysourcefire.ca\\\/product\\\/tpx-hose-2\\\/\",\"url\":\"https:\\\/\\\/safetysourcefire.ca\\\/product\\\/tpx-hose-2\\\/\",\"name\":\"TPX Hose - Safety Source Fire\",\"isPartOf\":{\"@id\":\"https:\\\/\\\/safetysourcefire.ca\\\/#website\"},\"primaryImageOfPage\":{\"@id\":\"https:\\\/\\\/safetysourcefire.ca\\\/product\\\/tpx-hose-2\\\/#primaryimage\"},\"image\":{\"@id\":\"https:\\\/\\\/safetysourcefire.ca\\\/product\\\/tpx-hose-2\\\/#primaryimage\"},\"thumbnailUrl\":\"https:\\\/\\\/safetysourcefire.ca\\\/wp-content\\\/uploads\\\/2019\\\/07\\\/TPX-Snap-tite-Hose-Coupling.jpg\",\"datePublished\":\"2019-07-26T19:24:45+00:00\",\"dateModified\":\"2025-03-18T13:04:53+00:00\",\"breadcrumb\":{\"@id\":\"https:\\\/\\\/safetysourcefire.ca\\\/product\\\/tpx-hose-2\\\/#breadcrumb\"},\"inLanguage\":\"fr-CA\",\"potentialAction\":[{\"@type\":\"ReadAction\",\"target\":[\"https:\\\/\\\/safetysourcefire.ca\\\/product\\\/tpx-hose-2\\\/\"]}]},{\"@type\":\"ImageObject\",\"inLanguage\":\"fr-CA\",\"@id\":\"https:\\\/\\\/safetysourcefire.ca\\\/product\\\/tpx-hose-2\\\/#primaryimage\",\"url\":\"https:\\\/\\\/safetysourcefire.ca\\\/wp-content\\\/uploads\\\/2019\\\/07\\\/TPX-Snap-tite-Hose-Coupling.jpg\",\"contentUrl\":\"https:\\\/\\\/safetysourcefire.ca\\\/wp-content\\\/uploads\\\/2019\\\/07\\\/TPX-Snap-tite-Hose-Coupling.jpg\",\"width\":600,\"height\":600,\"caption\":\"yellow hose\"},{\"@type\":\"BreadcrumbList\",\"@id\":\"https:\\\/\\\/safetysourcefire.ca\\\/product\\\/tpx-hose-2\\\/#breadcrumb\",\"itemListElement\":[{\"@type\":\"ListItem\",\"position\":1,\"name\":\"Home\",\"item\":\"https:\\\/\\\/safetysourcefire.ca\\\/\"},{\"@type\":\"ListItem\",\"position\":2,\"name\":\"Products\",\"item\":\"https:\\\/\\\/safetysourcefire.ca\\\/shop\\\/\"},{\"@type\":\"ListItem\",\"position\":3,\"name\":\"TPX Hose\"}]},{\"@type\":\"WebSite\",\"@id\":\"https:\\\/\\\/safetysourcefire.ca\\\/#website\",\"url\":\"https:\\\/\\\/safetysourcefire.ca\\\/\",\"name\":\"Safety Source Fire\",\"description\":\"\",\"publisher\":{\"@id\":\"https:\\\/\\\/safetysourcefire.ca\\\/#organization\"},\"potentialAction\":[{\"@type\":\"SearchAction\",\"target\":{\"@type\":\"EntryPoint\",\"urlTemplate\":\"https:\\\/\\\/safetysourcefire.ca\\\/?s={search_term_string}\"},\"query-input\":{\"@type\":\"PropertyValueSpecification\",\"valueRequired\":true,\"valueName\":\"search_term_string\"}}],\"inLanguage\":\"fr-CA\"},{\"@type\":\"Organization\",\"@id\":\"https:\\\/\\\/safetysourcefire.ca\\\/#organization\",\"name\":\"Safety Source Fire\",\"url\":\"https:\\\/\\\/safetysourcefire.ca\\\/\",\"logo\":{\"@type\":\"ImageObject\",\"inLanguage\":\"fr-CA\",\"@id\":\"https:\\\/\\\/safetysourcefire.ca\\\/#\\\/schema\\\/logo\\\/image\\\/\",\"url\":\"https:\\\/\\\/safetysourcefire.ca\\\/wp-content\\\/uploads\\\/2021\\\/01\\\/SSF_logo_CC0000-3.png\",\"contentUrl\":\"https:\\\/\\\/safetysourcefire.ca\\\/wp-content\\\/uploads\\\/2021\\\/01\\\/SSF_logo_CC0000-3.png\",\"width\":1107,\"height\":365,\"caption\":\"Safety Source Fire\"},\"image\":{\"@id\":\"https:\\\/\\\/safetysourcefire.ca\\\/#\\\/schema\\\/logo\\\/image\\\/\"},\"sameAs\":[\"https:\\\/\\\/www.facebook.com\\\/mmfssca\",\"https:\\\/\\\/x.com\\\/mmfssca\"]}]}<\/script>\n<!-- \/ Yoast SEO plugin. -->","yoast_head_json":{"title":"TPX Hose - Safety Source Fire","robots":{"index":"index","follow":"follow","max-snippet":"max-snippet:-1","max-image-preview":"max-image-preview:large","max-video-preview":"max-video-preview:-1"},"canonical":"https:\/\/safetysourcefire.ca\/fr\/produit\/tpx-hose-2\/","og_locale":"fr_CA","og_type":"article","og_title":"TPX Hose - Safety Source Fire","og_description":"3-ply nitrile rubber attack\/supply hose","og_url":"https:\/\/safetysourcefire.ca\/fr\/produit\/tpx-hose-2\/","og_site_name":"Safety Source Fire","article_publisher":"https:\/\/www.facebook.com\/mmfssca","article_modified_time":"2025-03-18T13:04:53+00:00","og_image":[{"width":600,"height":600,"url":"https:\/\/safetysourcefire.ca\/wp-content\/uploads\/2019\/07\/TPX-Snap-tite-Hose-Coupling.jpg","type":"image\/jpeg"}],"twitter_card":"summary_large_image","twitter_site":"@mmfssca","twitter_misc":{"Estimation du temps de lecture":"1 minute"},"schema":{"@context":"https:\/\/schema.org","@graph":[{"@type":"WebPage","@id":"https:\/\/safetysourcefire.ca\/product\/tpx-hose-2\/","url":"https:\/\/safetysourcefire.ca\/product\/tpx-hose-2\/","name":"TPX Hose - Safety Source Fire","isPartOf":{"@id":"https:\/\/safetysourcefire.ca\/#website"},"primaryImageOfPage":{"@id":"https:\/\/safetysourcefire.ca\/product\/tpx-hose-2\/#primaryimage"},"image":{"@id":"https:\/\/safetysourcefire.ca\/product\/tpx-hose-2\/#primaryimage"},"thumbnailUrl":"https:\/\/safetysourcefire.ca\/wp-content\/uploads\/2019\/07\/TPX-Snap-tite-Hose-Coupling.jpg","datePublished":"2019-07-26T19:24:45+00:00","dateModified":"2025-03-18T13:04:53+00:00","breadcrumb":{"@id":"https:\/\/safetysourcefire.ca\/product\/tpx-hose-2\/#breadcrumb"},"inLanguage":"fr-CA","potentialAction":[{"@type":"ReadAction","target":["https:\/\/safetysourcefire.ca\/product\/tpx-hose-2\/"]}]},{"@type":"ImageObject","inLanguage":"fr-CA","@id":"https:\/\/safetysourcefire.ca\/product\/tpx-hose-2\/#primaryimage","url":"https:\/\/safetysourcefire.ca\/wp-content\/uploads\/2019\/07\/TPX-Snap-tite-Hose-Coupling.jpg","contentUrl":"https:\/\/safetysourcefire.ca\/wp-content\/uploads\/2019\/07\/TPX-Snap-tite-Hose-Coupling.jpg","width":600,"height":600,"caption":"yellow hose"},{"@type":"BreadcrumbList","@id":"https:\/\/safetysourcefire.ca\/product\/tpx-hose-2\/#breadcrumb","itemListElement":[{"@type":"ListItem","position":1,"name":"Home","item":"https:\/\/safetysourcefire.ca\/"},{"@type":"ListItem","position":2,"name":"Products","item":"https:\/\/safetysourcefire.ca\/shop\/"},{"@type":"ListItem","position":3,"name":"TPX Hose"}]},{"@type":"WebSite","@id":"https:\/\/safetysourcefire.ca\/#website","url":"https:\/\/safetysourcefire.ca\/","name":"Safety Source Fire","description":"","publisher":{"@id":"https:\/\/safetysourcefire.ca\/#organization"},"potentialAction":[{"@type":"SearchAction","target":{"@type":"EntryPoint","urlTemplate":"https:\/\/safetysourcefire.ca\/?s={search_term_string}"},"query-input":{"@type":"PropertyValueSpecification","valueRequired":true,"valueName":"search_term_string"}}],"inLanguage":"fr-CA"},{"@type":"Organization","@id":"https:\/\/safetysourcefire.ca\/#organization","name":"Safety Source Fire","url":"https:\/\/safetysourcefire.ca\/","logo":{"@type":"ImageObject","inLanguage":"fr-CA","@id":"https:\/\/safetysourcefire.ca\/#\/schema\/logo\/image\/","url":"https:\/\/safetysourcefire.ca\/wp-content\/uploads\/2021\/01\/SSF_logo_CC0000-3.png","contentUrl":"https:\/\/safetysourcefire.ca\/wp-content\/uploads\/2021\/01\/SSF_logo_CC0000-3.png","width":1107,"height":365,"caption":"Safety Source Fire"},"image":{"@id":"https:\/\/safetysourcefire.ca\/#\/schema\/logo\/image\/"},"sameAs":["https:\/\/www.facebook.com\/mmfssca","https:\/\/x.com\/mmfssca"]}]}},"_links":{"self":[{"href":"https:\/\/safetysourcefire.ca\/fr\/wp-json\/wp\/v2\/product\/6969","targetHints":{"allow":["GET"]}}],"collection":[{"href":"https:\/\/safetysourcefire.ca\/fr\/wp-json\/wp\/v2\/product"}],"about":[{"href":"https:\/\/safetysourcefire.ca\/fr\/wp-json\/wp\/v2\/types\/product"}],"wp:featuredmedia":[{"embeddable":true,"href":"https:\/\/safetysourcefire.ca\/fr\/wp-json\/wp\/v2\/media\/6951"}],"wp:attachment":[{"href":"https:\/\/safetysourcefire.ca\/fr\/wp-json\/wp\/v2\/media?parent=6969"}],"wp:term":[{"taxonomy":"product_brand","embeddable":true,"href":"https:\/\/safetysourcefire.ca\/fr\/wp-json\/wp\/v2\/product_brand?post=6969"},{"taxonomy":"product_cat","embeddable":true,"href":"https:\/\/safetysourcefire.ca\/fr\/wp-json\/wp\/v2\/product_cat?post=6969"},{"taxonomy":"product_tag","embeddable":true,"href":"https:\/\/safetysourcefire.ca\/fr\/wp-json\/wp\/v2\/product_tag?post=6969"}],"curies":[{"name":"wp","href":"https:\/\/api.w.org\/{rel}","templated":true}]}}