{"id":6983,"date":"2019-07-26T19:50:55","date_gmt":"2019-07-26T19:50:55","guid":{"rendered":"https:\/\/mmfss.ca\/?post_type=product&#038;p=6983"},"modified":"2025-03-18T13:03:54","modified_gmt":"2025-03-18T13:03:54","slug":"fire-engine-booster-hose","status":"publish","type":"product","link":"https:\/\/safetysourcefire.ca\/fr\/produit\/fire-engine-booster-hose\/","title":{"rendered":"Tuyau ''Fire Engine Booster''"},"content":{"rendered":"<p class=\"NoGap\">Enroul\u00e9 et pr\u00eat \u00e0 l'emploi, ''Fire Engine Booster'' est un choix de tuyau robuste et fiable pour \u00e9teindre les incendies en toute confiance. Ce tuyau rouge renforc\u00e9 par plusieurs tresses d'aramide est dot\u00e9 d'un rev\u00eatement robuste sp\u00e9cialement compos\u00e9 d'\u00e9thyl\u00e8ne-propyl\u00e8ne-di\u00e8ne-monom\u00e8re (EPDM) qui r\u00e9siste \u00e0 l'abrasion et aux intemp\u00e9ries. \u00c0 l'int\u00e9rieur, une chambre \u00e0 air en caoutchouc EPDM synth\u00e9tique noir lisse ajoute de la flexibilit\u00e9 et un d\u00e9bit s\u00fbr et puissant. Disponible avec Barway ou raccords externes en acier.<\/p>\n<ul class=\"ProductUL\">\n<li><b>Haute performance:<\/b>\u00a0Tuyau d&#039;incendie en caoutchouc nitrile renforc\u00e9 de fil d&#039;aramide \u00e0 haute r\u00e9sistance et doublure int\u00e9rieure lisse pour une r\u00e9sistance, une durabilit\u00e9 et un d\u00e9bit exceptionnels.<\/li>\n<li><b>Ultra-r\u00e9sistant.<\/b>\u00a0Le compos\u00e9 de caoutchouc EPDM fournit une couverture durable et flexible qui r\u00e9siste \u00e0 l'abrasion, au gougeage, aux rayons ultraviolets, \u00e0 l'ozone et \u00e0 la plupart des produits chimiques.<\/li>\n<li><b>Souple.<\/b>\u00a0Le rev\u00eatement ext\u00e9rieur lisse r\u00e9duit la r\u00e9sistance \u00e0 la tra\u00een\u00e9e.<\/li>\n<li><b>Versatile.<\/b>\u00a0Polyvalent et parfait pour les attaques de premi\u00e8re ligne; la lutte contre les incendies de v\u00e9hicules, les feux d'herbe et de for\u00eat ainsi que les applications industrielles.<\/li>\n<li><b>Pr\u00eat pour le service\u00a0:<\/b>\u00a0Enti\u00e8rement charg\u00e9, pr\u00eat sur bobine.<\/li>\n<li><b>Fiable.<\/b>\u00a0Facteur de s\u00e9curit\u00e9 4:1 (1\u2033 et \u00be\u201d uniquement \u2013 1,5\u2033 a un facteur de s\u00e9curit\u00e9 3:1).<\/li>\n<li><b>Homologu\u00e9.<\/b>\u00a0Assembl\u00e9 conform\u00e9ment \u00e0 la norme NFPA 1961, derni\u00e8re \u00e9dition, dans le cadre de notre syst\u00e8me d&#039;assurance qualit\u00e9 certifi\u00e9 ISO-9001.<\/li>\n<li><b>Garantie cinq ans.<\/b><\/li>\n<\/ul>\n<p><a href=\"https:\/\/safetysourcefire.ca\/wp-content\/uploads\/2019\/07\/Fire-Engine-Booster-data-sheet.pdf\">T\u00e9l\u00e9charger la fiche technique<\/a><\/p>","protected":false},"excerpt":{"rendered":"<p>Tuyau ultra-robuste et polyvalent<\/p>","protected":false},"featured_media":6944,"template":"","meta":[],"product_brand":[190],"product_cat":[44,65],"product_tag":[500],"class_list":{"0":"post-6983","1":"product","2":"type-product","3":"status-publish","4":"has-post-thumbnail","6":"product_brand-snap-tite-hose","7":"product_cat-fire-suppression","8":"product_cat-hose","9":"product_tag-snap-tite","11":"first","12":"instock","13":"shipping-taxable","14":"product-type-simple"},"yoast_head":"<!-- This site is optimized with the Yoast SEO plugin v27.4 - https:\/\/yoast.com\/product\/yoast-seo-wordpress\/ -->\n<title>Fire Engine Booster Hose - Safety Source Fire<\/title>\n<meta name=\"robots\" content=\"index, follow, max-snippet:-1, max-image-preview:large, max-video-preview:-1\" \/>\n<link rel=\"canonical\" href=\"https:\/\/safetysourcefire.ca\/fr\/produit\/fire-engine-booster-hose\/\" \/>\n<meta property=\"og:locale\" content=\"fr_CA\" \/>\n<meta property=\"og:type\" content=\"article\" \/>\n<meta property=\"og:title\" content=\"Fire Engine Booster Hose - Safety Source Fire\" \/>\n<meta property=\"og:description\" content=\"Ultra-rugged booster hose with do-it-all versatility\" \/>\n<meta property=\"og:url\" content=\"https:\/\/safetysourcefire.ca\/fr\/produit\/fire-engine-booster-hose\/\" \/>\n<meta property=\"og:site_name\" content=\"Safety Source Fire\" \/>\n<meta property=\"article:publisher\" content=\"https:\/\/www.facebook.com\/mmfssca\" \/>\n<meta property=\"article:modified_time\" content=\"2025-03-18T13:03:54+00:00\" \/>\n<meta property=\"og:image\" content=\"https:\/\/safetysourcefire.ca\/wp-content\/uploads\/2019\/07\/Fire-Engine-Booster-Hose-Coupling.jpg\" \/>\n\t<meta property=\"og:image:width\" content=\"600\" \/>\n\t<meta property=\"og:image:height\" content=\"600\" \/>\n\t<meta property=\"og:image:type\" content=\"image\/jpeg\" \/>\n<meta name=\"twitter:card\" content=\"summary_large_image\" \/>\n<meta name=\"twitter:site\" content=\"@mmfssca\" \/>\n<meta name=\"twitter:label1\" content=\"Estimation du temps de lecture\" \/>\n\t<meta name=\"twitter:data1\" content=\"1 minute\" \/>\n<script type=\"application\/ld+json\" class=\"yoast-schema-graph\">{\"@context\":\"https:\\\/\\\/schema.org\",\"@graph\":[{\"@type\":\"WebPage\",\"@id\":\"https:\\\/\\\/safetysourcefire.ca\\\/product\\\/fire-engine-booster-hose\\\/\",\"url\":\"https:\\\/\\\/safetysourcefire.ca\\\/product\\\/fire-engine-booster-hose\\\/\",\"name\":\"Fire Engine Booster Hose - Safety Source Fire\",\"isPartOf\":{\"@id\":\"https:\\\/\\\/safetysourcefire.ca\\\/#website\"},\"primaryImageOfPage\":{\"@id\":\"https:\\\/\\\/safetysourcefire.ca\\\/product\\\/fire-engine-booster-hose\\\/#primaryimage\"},\"image\":{\"@id\":\"https:\\\/\\\/safetysourcefire.ca\\\/product\\\/fire-engine-booster-hose\\\/#primaryimage\"},\"thumbnailUrl\":\"https:\\\/\\\/safetysourcefire.ca\\\/wp-content\\\/uploads\\\/2019\\\/07\\\/Fire-Engine-Booster-Hose-Coupling.jpg\",\"datePublished\":\"2019-07-26T19:50:55+00:00\",\"dateModified\":\"2025-03-18T13:03:54+00:00\",\"breadcrumb\":{\"@id\":\"https:\\\/\\\/safetysourcefire.ca\\\/product\\\/fire-engine-booster-hose\\\/#breadcrumb\"},\"inLanguage\":\"fr-CA\",\"potentialAction\":[{\"@type\":\"ReadAction\",\"target\":[\"https:\\\/\\\/safetysourcefire.ca\\\/product\\\/fire-engine-booster-hose\\\/\"]}]},{\"@type\":\"ImageObject\",\"inLanguage\":\"fr-CA\",\"@id\":\"https:\\\/\\\/safetysourcefire.ca\\\/product\\\/fire-engine-booster-hose\\\/#primaryimage\",\"url\":\"https:\\\/\\\/safetysourcefire.ca\\\/wp-content\\\/uploads\\\/2019\\\/07\\\/Fire-Engine-Booster-Hose-Coupling.jpg\",\"contentUrl\":\"https:\\\/\\\/safetysourcefire.ca\\\/wp-content\\\/uploads\\\/2019\\\/07\\\/Fire-Engine-Booster-Hose-Coupling.jpg\",\"width\":600,\"height\":600,\"caption\":\"orange hose\"},{\"@type\":\"BreadcrumbList\",\"@id\":\"https:\\\/\\\/safetysourcefire.ca\\\/product\\\/fire-engine-booster-hose\\\/#breadcrumb\",\"itemListElement\":[{\"@type\":\"ListItem\",\"position\":1,\"name\":\"Home\",\"item\":\"https:\\\/\\\/safetysourcefire.ca\\\/\"},{\"@type\":\"ListItem\",\"position\":2,\"name\":\"Products\",\"item\":\"https:\\\/\\\/safetysourcefire.ca\\\/shop\\\/\"},{\"@type\":\"ListItem\",\"position\":3,\"name\":\"Fire Engine Booster Hose\"}]},{\"@type\":\"WebSite\",\"@id\":\"https:\\\/\\\/safetysourcefire.ca\\\/#website\",\"url\":\"https:\\\/\\\/safetysourcefire.ca\\\/\",\"name\":\"Safety Source Fire\",\"description\":\"\",\"publisher\":{\"@id\":\"https:\\\/\\\/safetysourcefire.ca\\\/#organization\"},\"potentialAction\":[{\"@type\":\"SearchAction\",\"target\":{\"@type\":\"EntryPoint\",\"urlTemplate\":\"https:\\\/\\\/safetysourcefire.ca\\\/?s={search_term_string}\"},\"query-input\":{\"@type\":\"PropertyValueSpecification\",\"valueRequired\":true,\"valueName\":\"search_term_string\"}}],\"inLanguage\":\"fr-CA\"},{\"@type\":\"Organization\",\"@id\":\"https:\\\/\\\/safetysourcefire.ca\\\/#organization\",\"name\":\"Safety Source Fire\",\"url\":\"https:\\\/\\\/safetysourcefire.ca\\\/\",\"logo\":{\"@type\":\"ImageObject\",\"inLanguage\":\"fr-CA\",\"@id\":\"https:\\\/\\\/safetysourcefire.ca\\\/#\\\/schema\\\/logo\\\/image\\\/\",\"url\":\"https:\\\/\\\/safetysourcefire.ca\\\/wp-content\\\/uploads\\\/2021\\\/01\\\/SSF_logo_CC0000-3.png\",\"contentUrl\":\"https:\\\/\\\/safetysourcefire.ca\\\/wp-content\\\/uploads\\\/2021\\\/01\\\/SSF_logo_CC0000-3.png\",\"width\":1107,\"height\":365,\"caption\":\"Safety Source Fire\"},\"image\":{\"@id\":\"https:\\\/\\\/safetysourcefire.ca\\\/#\\\/schema\\\/logo\\\/image\\\/\"},\"sameAs\":[\"https:\\\/\\\/www.facebook.com\\\/mmfssca\",\"https:\\\/\\\/x.com\\\/mmfssca\"]}]}<\/script>\n<!-- \/ Yoast SEO plugin. -->","yoast_head_json":{"title":"Fire Engine Booster Hose - Safety Source Fire","robots":{"index":"index","follow":"follow","max-snippet":"max-snippet:-1","max-image-preview":"max-image-preview:large","max-video-preview":"max-video-preview:-1"},"canonical":"https:\/\/safetysourcefire.ca\/fr\/produit\/fire-engine-booster-hose\/","og_locale":"fr_CA","og_type":"article","og_title":"Fire Engine Booster Hose - Safety Source Fire","og_description":"Ultra-rugged booster hose with do-it-all versatility","og_url":"https:\/\/safetysourcefire.ca\/fr\/produit\/fire-engine-booster-hose\/","og_site_name":"Safety Source Fire","article_publisher":"https:\/\/www.facebook.com\/mmfssca","article_modified_time":"2025-03-18T13:03:54+00:00","og_image":[{"width":600,"height":600,"url":"https:\/\/safetysourcefire.ca\/wp-content\/uploads\/2019\/07\/Fire-Engine-Booster-Hose-Coupling.jpg","type":"image\/jpeg"}],"twitter_card":"summary_large_image","twitter_site":"@mmfssca","twitter_misc":{"Estimation du temps de lecture":"1 minute"},"schema":{"@context":"https:\/\/schema.org","@graph":[{"@type":"WebPage","@id":"https:\/\/safetysourcefire.ca\/product\/fire-engine-booster-hose\/","url":"https:\/\/safetysourcefire.ca\/product\/fire-engine-booster-hose\/","name":"Fire Engine Booster Hose - Safety Source Fire","isPartOf":{"@id":"https:\/\/safetysourcefire.ca\/#website"},"primaryImageOfPage":{"@id":"https:\/\/safetysourcefire.ca\/product\/fire-engine-booster-hose\/#primaryimage"},"image":{"@id":"https:\/\/safetysourcefire.ca\/product\/fire-engine-booster-hose\/#primaryimage"},"thumbnailUrl":"https:\/\/safetysourcefire.ca\/wp-content\/uploads\/2019\/07\/Fire-Engine-Booster-Hose-Coupling.jpg","datePublished":"2019-07-26T19:50:55+00:00","dateModified":"2025-03-18T13:03:54+00:00","breadcrumb":{"@id":"https:\/\/safetysourcefire.ca\/product\/fire-engine-booster-hose\/#breadcrumb"},"inLanguage":"fr-CA","potentialAction":[{"@type":"ReadAction","target":["https:\/\/safetysourcefire.ca\/product\/fire-engine-booster-hose\/"]}]},{"@type":"ImageObject","inLanguage":"fr-CA","@id":"https:\/\/safetysourcefire.ca\/product\/fire-engine-booster-hose\/#primaryimage","url":"https:\/\/safetysourcefire.ca\/wp-content\/uploads\/2019\/07\/Fire-Engine-Booster-Hose-Coupling.jpg","contentUrl":"https:\/\/safetysourcefire.ca\/wp-content\/uploads\/2019\/07\/Fire-Engine-Booster-Hose-Coupling.jpg","width":600,"height":600,"caption":"orange hose"},{"@type":"BreadcrumbList","@id":"https:\/\/safetysourcefire.ca\/product\/fire-engine-booster-hose\/#breadcrumb","itemListElement":[{"@type":"ListItem","position":1,"name":"Home","item":"https:\/\/safetysourcefire.ca\/"},{"@type":"ListItem","position":2,"name":"Products","item":"https:\/\/safetysourcefire.ca\/shop\/"},{"@type":"ListItem","position":3,"name":"Fire Engine Booster Hose"}]},{"@type":"WebSite","@id":"https:\/\/safetysourcefire.ca\/#website","url":"https:\/\/safetysourcefire.ca\/","name":"Safety Source Fire","description":"","publisher":{"@id":"https:\/\/safetysourcefire.ca\/#organization"},"potentialAction":[{"@type":"SearchAction","target":{"@type":"EntryPoint","urlTemplate":"https:\/\/safetysourcefire.ca\/?s={search_term_string}"},"query-input":{"@type":"PropertyValueSpecification","valueRequired":true,"valueName":"search_term_string"}}],"inLanguage":"fr-CA"},{"@type":"Organization","@id":"https:\/\/safetysourcefire.ca\/#organization","name":"Safety Source Fire","url":"https:\/\/safetysourcefire.ca\/","logo":{"@type":"ImageObject","inLanguage":"fr-CA","@id":"https:\/\/safetysourcefire.ca\/#\/schema\/logo\/image\/","url":"https:\/\/safetysourcefire.ca\/wp-content\/uploads\/2021\/01\/SSF_logo_CC0000-3.png","contentUrl":"https:\/\/safetysourcefire.ca\/wp-content\/uploads\/2021\/01\/SSF_logo_CC0000-3.png","width":1107,"height":365,"caption":"Safety Source Fire"},"image":{"@id":"https:\/\/safetysourcefire.ca\/#\/schema\/logo\/image\/"},"sameAs":["https:\/\/www.facebook.com\/mmfssca","https:\/\/x.com\/mmfssca"]}]}},"_links":{"self":[{"href":"https:\/\/safetysourcefire.ca\/fr\/wp-json\/wp\/v2\/product\/6983","targetHints":{"allow":["GET"]}}],"collection":[{"href":"https:\/\/safetysourcefire.ca\/fr\/wp-json\/wp\/v2\/product"}],"about":[{"href":"https:\/\/safetysourcefire.ca\/fr\/wp-json\/wp\/v2\/types\/product"}],"wp:featuredmedia":[{"embeddable":true,"href":"https:\/\/safetysourcefire.ca\/fr\/wp-json\/wp\/v2\/media\/6944"}],"wp:attachment":[{"href":"https:\/\/safetysourcefire.ca\/fr\/wp-json\/wp\/v2\/media?parent=6983"}],"wp:term":[{"taxonomy":"product_brand","embeddable":true,"href":"https:\/\/safetysourcefire.ca\/fr\/wp-json\/wp\/v2\/product_brand?post=6983"},{"taxonomy":"product_cat","embeddable":true,"href":"https:\/\/safetysourcefire.ca\/fr\/wp-json\/wp\/v2\/product_cat?post=6983"},{"taxonomy":"product_tag","embeddable":true,"href":"https:\/\/safetysourcefire.ca\/fr\/wp-json\/wp\/v2\/product_tag?post=6983"}],"curies":[{"name":"wp","href":"https:\/\/api.w.org\/{rel}","templated":true}]}}