{"id":6984,"date":"2019-07-26T19:52:57","date_gmt":"2019-07-26T19:52:57","guid":{"rendered":"https:\/\/mmfss.ca\/?post_type=product&#038;p=6984"},"modified":"2025-03-18T13:04:29","modified_gmt":"2025-03-18T13:04:29","slug":"reel-lite-booster-hose","status":"publish","type":"product","link":"https:\/\/safetysourcefire.ca\/fr\/produit\/reel-lite-booster-hose\/","title":{"rendered":"Reel Lite"},"content":{"rendered":"<p>L\u00e9ger et robuste, le Reel Lite est le tuyau d'attaque de pr\u00e9dilection pour les t\u00e2ches de premi\u00e8re ligne. Enti\u00e8rement charg\u00e9, pr\u00eat sur l'enrouleur, ce tuyau en caoutchouc est sp\u00e9cialement con\u00e7u pour une utilisation en for\u00eat : renforc\u00e9 avec une housse en polyester haute t\u00e9nacit\u00e9 100% pour une durabilit\u00e9 exceptionnelle et une faible usure \u00e0 la tra\u00een\u00e9e. La doublure en TPU lisse permet une faible r\u00e9sistance \u00e0 la torsion - le tuyau vous suit partout o\u00f9 vous en avez besoin, en toute confiance. Disponible en longueurs de 50' ou 100', Reel Lite est disponible avec une bague d'expansion ou\/et des pi\u00e8ces de rechanges pour des r\u00e9parations directement sur le site de travail.<\/p>\n<ul>\n<li><b>Durable.<\/b>\u00a0Tuyau simple enveloppe en polyester avec rev\u00eatement ext\u00e9rieur ultra-durable, tiss\u00e9 circulaire avec renfort int\u00e9rieur h\u00e9lico\u00efdal.<\/li>\n<li><b>Fiable.<\/b>\u00a0Construit robuste pour une fiabilit\u00e9 robuste, mais \u00e0 un poids l\u00e9ger pour une portabilit\u00e9 exceptionnelle.<\/li>\n<li><b>Efficace.<\/b>\u00a0La conception de la veste offre une faible tra\u00een\u00e9e pour un service exceptionnel pour l&#039;herbe et les broussailles, les friches, les bennes \u00e0 ordures et les incendies industriels.<\/li>\n<li><b>Souple.<\/b>\u00a0La doublure en polyur\u00e9thane est l\u00e9g\u00e8re, flexible et offre une faible r\u00e9sistance \u00e0 la torsion.<\/li>\n<li><b>Pr\u00eat pour le service\u00a0:<\/b>\u00a0Enti\u00e8rement charg\u00e9, pr\u00eat sur bobine. Taille de moulinet recommand\u00e9e 12\u2033 minimum.<\/li>\n<li><b>Homologu\u00e9.<\/b>\u00a0Assembl\u00e9 conform\u00e9ment \u00e0 la norme NFPA 1961, derni\u00e8re \u00e9dition, dans le cadre de notre syst\u00e8me d&#039;assurance qualit\u00e9 certifi\u00e9 ISO-9001.<\/li>\n<li><b>Garantie un an.<\/b><\/li>\n<\/ul>\n<p><a href=\"https:\/\/safetysourcefire.ca\/wp-content\/uploads\/2019\/07\/reel-lite-booster-data-sheet.pdf\">T\u00e9l\u00e9charger la fiche technique<\/a><\/p>","protected":false},"excerpt":{"rendered":"<p>Tuyau d\u00e9vidoir forestier TPU \u00e0 une seule gaine, en polyester<\/p>","protected":false},"featured_media":6949,"template":"","meta":[],"product_brand":[190],"product_cat":[44,65],"product_tag":[500],"class_list":{"0":"post-6984","1":"product","2":"type-product","3":"status-publish","4":"has-post-thumbnail","6":"product_brand-snap-tite-hose","7":"product_cat-fire-suppression","8":"product_cat-hose","9":"product_tag-snap-tite","11":"first","12":"instock","13":"shipping-taxable","14":"product-type-simple"},"yoast_head":"<!-- This site is optimized with the Yoast SEO plugin v27.4 - https:\/\/yoast.com\/product\/yoast-seo-wordpress\/ -->\n<title>Reel Lite Booster Hose - Safety Source Fire<\/title>\n<meta name=\"robots\" content=\"index, follow, max-snippet:-1, max-image-preview:large, max-video-preview:-1\" \/>\n<link rel=\"canonical\" href=\"https:\/\/safetysourcefire.ca\/fr\/produit\/reel-lite-booster-hose\/\" \/>\n<meta property=\"og:locale\" content=\"fr_CA\" \/>\n<meta property=\"og:type\" content=\"article\" \/>\n<meta property=\"og:title\" content=\"Reel Lite Booster Hose - Safety Source Fire\" \/>\n<meta property=\"og:description\" content=\"Polyester single-jacket TPU forestry reel hose\" \/>\n<meta property=\"og:url\" content=\"https:\/\/safetysourcefire.ca\/fr\/produit\/reel-lite-booster-hose\/\" \/>\n<meta property=\"og:site_name\" content=\"Safety Source Fire\" \/>\n<meta property=\"article:publisher\" content=\"https:\/\/www.facebook.com\/mmfssca\" \/>\n<meta property=\"article:modified_time\" content=\"2025-03-18T13:04:29+00:00\" \/>\n<meta property=\"og:image\" content=\"https:\/\/safetysourcefire.ca\/wp-content\/uploads\/2019\/07\/Reel-Lite-Booster-Hose.jpg\" \/>\n\t<meta property=\"og:image:width\" content=\"600\" \/>\n\t<meta property=\"og:image:height\" content=\"600\" \/>\n\t<meta property=\"og:image:type\" content=\"image\/jpeg\" \/>\n<meta name=\"twitter:card\" content=\"summary_large_image\" \/>\n<meta name=\"twitter:site\" content=\"@mmfssca\" \/>\n<meta name=\"twitter:label1\" content=\"Estimation du temps de lecture\" \/>\n\t<meta name=\"twitter:data1\" content=\"1 minute\" \/>\n<script type=\"application\/ld+json\" class=\"yoast-schema-graph\">{\"@context\":\"https:\\\/\\\/schema.org\",\"@graph\":[{\"@type\":\"WebPage\",\"@id\":\"https:\\\/\\\/safetysourcefire.ca\\\/product\\\/reel-lite-booster-hose\\\/\",\"url\":\"https:\\\/\\\/safetysourcefire.ca\\\/product\\\/reel-lite-booster-hose\\\/\",\"name\":\"Reel Lite Booster Hose - Safety Source Fire\",\"isPartOf\":{\"@id\":\"https:\\\/\\\/safetysourcefire.ca\\\/#website\"},\"primaryImageOfPage\":{\"@id\":\"https:\\\/\\\/safetysourcefire.ca\\\/product\\\/reel-lite-booster-hose\\\/#primaryimage\"},\"image\":{\"@id\":\"https:\\\/\\\/safetysourcefire.ca\\\/product\\\/reel-lite-booster-hose\\\/#primaryimage\"},\"thumbnailUrl\":\"https:\\\/\\\/safetysourcefire.ca\\\/wp-content\\\/uploads\\\/2019\\\/07\\\/Reel-Lite-Booster-Hose.jpg\",\"datePublished\":\"2019-07-26T19:52:57+00:00\",\"dateModified\":\"2025-03-18T13:04:29+00:00\",\"breadcrumb\":{\"@id\":\"https:\\\/\\\/safetysourcefire.ca\\\/product\\\/reel-lite-booster-hose\\\/#breadcrumb\"},\"inLanguage\":\"fr-CA\",\"potentialAction\":[{\"@type\":\"ReadAction\",\"target\":[\"https:\\\/\\\/safetysourcefire.ca\\\/product\\\/reel-lite-booster-hose\\\/\"]}]},{\"@type\":\"ImageObject\",\"inLanguage\":\"fr-CA\",\"@id\":\"https:\\\/\\\/safetysourcefire.ca\\\/product\\\/reel-lite-booster-hose\\\/#primaryimage\",\"url\":\"https:\\\/\\\/safetysourcefire.ca\\\/wp-content\\\/uploads\\\/2019\\\/07\\\/Reel-Lite-Booster-Hose.jpg\",\"contentUrl\":\"https:\\\/\\\/safetysourcefire.ca\\\/wp-content\\\/uploads\\\/2019\\\/07\\\/Reel-Lite-Booster-Hose.jpg\",\"width\":600,\"height\":600,\"caption\":\"yellow hose\"},{\"@type\":\"BreadcrumbList\",\"@id\":\"https:\\\/\\\/safetysourcefire.ca\\\/product\\\/reel-lite-booster-hose\\\/#breadcrumb\",\"itemListElement\":[{\"@type\":\"ListItem\",\"position\":1,\"name\":\"Home\",\"item\":\"https:\\\/\\\/safetysourcefire.ca\\\/\"},{\"@type\":\"ListItem\",\"position\":2,\"name\":\"Products\",\"item\":\"https:\\\/\\\/safetysourcefire.ca\\\/shop\\\/\"},{\"@type\":\"ListItem\",\"position\":3,\"name\":\"Reel Lite Booster Hose\"}]},{\"@type\":\"WebSite\",\"@id\":\"https:\\\/\\\/safetysourcefire.ca\\\/#website\",\"url\":\"https:\\\/\\\/safetysourcefire.ca\\\/\",\"name\":\"Safety Source Fire\",\"description\":\"\",\"publisher\":{\"@id\":\"https:\\\/\\\/safetysourcefire.ca\\\/#organization\"},\"potentialAction\":[{\"@type\":\"SearchAction\",\"target\":{\"@type\":\"EntryPoint\",\"urlTemplate\":\"https:\\\/\\\/safetysourcefire.ca\\\/?s={search_term_string}\"},\"query-input\":{\"@type\":\"PropertyValueSpecification\",\"valueRequired\":true,\"valueName\":\"search_term_string\"}}],\"inLanguage\":\"fr-CA\"},{\"@type\":\"Organization\",\"@id\":\"https:\\\/\\\/safetysourcefire.ca\\\/#organization\",\"name\":\"Safety Source Fire\",\"url\":\"https:\\\/\\\/safetysourcefire.ca\\\/\",\"logo\":{\"@type\":\"ImageObject\",\"inLanguage\":\"fr-CA\",\"@id\":\"https:\\\/\\\/safetysourcefire.ca\\\/#\\\/schema\\\/logo\\\/image\\\/\",\"url\":\"https:\\\/\\\/safetysourcefire.ca\\\/wp-content\\\/uploads\\\/2021\\\/01\\\/SSF_logo_CC0000-3.png\",\"contentUrl\":\"https:\\\/\\\/safetysourcefire.ca\\\/wp-content\\\/uploads\\\/2021\\\/01\\\/SSF_logo_CC0000-3.png\",\"width\":1107,\"height\":365,\"caption\":\"Safety Source Fire\"},\"image\":{\"@id\":\"https:\\\/\\\/safetysourcefire.ca\\\/#\\\/schema\\\/logo\\\/image\\\/\"},\"sameAs\":[\"https:\\\/\\\/www.facebook.com\\\/mmfssca\",\"https:\\\/\\\/x.com\\\/mmfssca\"]}]}<\/script>\n<!-- \/ Yoast SEO plugin. -->","yoast_head_json":{"title":"Reel Lite Booster Hose - Safety Source Fire","robots":{"index":"index","follow":"follow","max-snippet":"max-snippet:-1","max-image-preview":"max-image-preview:large","max-video-preview":"max-video-preview:-1"},"canonical":"https:\/\/safetysourcefire.ca\/fr\/produit\/reel-lite-booster-hose\/","og_locale":"fr_CA","og_type":"article","og_title":"Reel Lite Booster Hose - Safety Source Fire","og_description":"Polyester single-jacket TPU forestry reel hose","og_url":"https:\/\/safetysourcefire.ca\/fr\/produit\/reel-lite-booster-hose\/","og_site_name":"Safety Source Fire","article_publisher":"https:\/\/www.facebook.com\/mmfssca","article_modified_time":"2025-03-18T13:04:29+00:00","og_image":[{"width":600,"height":600,"url":"https:\/\/safetysourcefire.ca\/wp-content\/uploads\/2019\/07\/Reel-Lite-Booster-Hose.jpg","type":"image\/jpeg"}],"twitter_card":"summary_large_image","twitter_site":"@mmfssca","twitter_misc":{"Estimation du temps de lecture":"1 minute"},"schema":{"@context":"https:\/\/schema.org","@graph":[{"@type":"WebPage","@id":"https:\/\/safetysourcefire.ca\/product\/reel-lite-booster-hose\/","url":"https:\/\/safetysourcefire.ca\/product\/reel-lite-booster-hose\/","name":"Reel Lite Booster Hose - Safety Source Fire","isPartOf":{"@id":"https:\/\/safetysourcefire.ca\/#website"},"primaryImageOfPage":{"@id":"https:\/\/safetysourcefire.ca\/product\/reel-lite-booster-hose\/#primaryimage"},"image":{"@id":"https:\/\/safetysourcefire.ca\/product\/reel-lite-booster-hose\/#primaryimage"},"thumbnailUrl":"https:\/\/safetysourcefire.ca\/wp-content\/uploads\/2019\/07\/Reel-Lite-Booster-Hose.jpg","datePublished":"2019-07-26T19:52:57+00:00","dateModified":"2025-03-18T13:04:29+00:00","breadcrumb":{"@id":"https:\/\/safetysourcefire.ca\/product\/reel-lite-booster-hose\/#breadcrumb"},"inLanguage":"fr-CA","potentialAction":[{"@type":"ReadAction","target":["https:\/\/safetysourcefire.ca\/product\/reel-lite-booster-hose\/"]}]},{"@type":"ImageObject","inLanguage":"fr-CA","@id":"https:\/\/safetysourcefire.ca\/product\/reel-lite-booster-hose\/#primaryimage","url":"https:\/\/safetysourcefire.ca\/wp-content\/uploads\/2019\/07\/Reel-Lite-Booster-Hose.jpg","contentUrl":"https:\/\/safetysourcefire.ca\/wp-content\/uploads\/2019\/07\/Reel-Lite-Booster-Hose.jpg","width":600,"height":600,"caption":"yellow hose"},{"@type":"BreadcrumbList","@id":"https:\/\/safetysourcefire.ca\/product\/reel-lite-booster-hose\/#breadcrumb","itemListElement":[{"@type":"ListItem","position":1,"name":"Home","item":"https:\/\/safetysourcefire.ca\/"},{"@type":"ListItem","position":2,"name":"Products","item":"https:\/\/safetysourcefire.ca\/shop\/"},{"@type":"ListItem","position":3,"name":"Reel Lite Booster Hose"}]},{"@type":"WebSite","@id":"https:\/\/safetysourcefire.ca\/#website","url":"https:\/\/safetysourcefire.ca\/","name":"Safety Source Fire","description":"","publisher":{"@id":"https:\/\/safetysourcefire.ca\/#organization"},"potentialAction":[{"@type":"SearchAction","target":{"@type":"EntryPoint","urlTemplate":"https:\/\/safetysourcefire.ca\/?s={search_term_string}"},"query-input":{"@type":"PropertyValueSpecification","valueRequired":true,"valueName":"search_term_string"}}],"inLanguage":"fr-CA"},{"@type":"Organization","@id":"https:\/\/safetysourcefire.ca\/#organization","name":"Safety Source Fire","url":"https:\/\/safetysourcefire.ca\/","logo":{"@type":"ImageObject","inLanguage":"fr-CA","@id":"https:\/\/safetysourcefire.ca\/#\/schema\/logo\/image\/","url":"https:\/\/safetysourcefire.ca\/wp-content\/uploads\/2021\/01\/SSF_logo_CC0000-3.png","contentUrl":"https:\/\/safetysourcefire.ca\/wp-content\/uploads\/2021\/01\/SSF_logo_CC0000-3.png","width":1107,"height":365,"caption":"Safety Source Fire"},"image":{"@id":"https:\/\/safetysourcefire.ca\/#\/schema\/logo\/image\/"},"sameAs":["https:\/\/www.facebook.com\/mmfssca","https:\/\/x.com\/mmfssca"]}]}},"_links":{"self":[{"href":"https:\/\/safetysourcefire.ca\/fr\/wp-json\/wp\/v2\/product\/6984","targetHints":{"allow":["GET"]}}],"collection":[{"href":"https:\/\/safetysourcefire.ca\/fr\/wp-json\/wp\/v2\/product"}],"about":[{"href":"https:\/\/safetysourcefire.ca\/fr\/wp-json\/wp\/v2\/types\/product"}],"wp:featuredmedia":[{"embeddable":true,"href":"https:\/\/safetysourcefire.ca\/fr\/wp-json\/wp\/v2\/media\/6949"}],"wp:attachment":[{"href":"https:\/\/safetysourcefire.ca\/fr\/wp-json\/wp\/v2\/media?parent=6984"}],"wp:term":[{"taxonomy":"product_brand","embeddable":true,"href":"https:\/\/safetysourcefire.ca\/fr\/wp-json\/wp\/v2\/product_brand?post=6984"},{"taxonomy":"product_cat","embeddable":true,"href":"https:\/\/safetysourcefire.ca\/fr\/wp-json\/wp\/v2\/product_cat?post=6984"},{"taxonomy":"product_tag","embeddable":true,"href":"https:\/\/safetysourcefire.ca\/fr\/wp-json\/wp\/v2\/product_tag?post=6984"}],"curies":[{"name":"wp","href":"https:\/\/api.w.org\/{rel}","templated":true}]}}