{"id":705,"date":"2017-04-30T21:39:58","date_gmt":"2017-04-30T21:39:58","guid":{"rendered":"http:\/\/mmfss.ca\/?post_type=product&#038;p=705"},"modified":"2018-05-22T14:18:29","modified_gmt":"2018-05-22T14:18:29","slug":"scenestar-tripod","status":"publish","type":"product","link":"https:\/\/safetysourcefire.ca\/fr\/produit\/scenestar-tripod\/","title":{"rendered":"Tr\u00e9pied SceneStar Extenda-POD"},"content":{"rendered":"<p><strong>Extenda-POD<\/strong><\/p>\n<p>Tr\u00e9pieds robustes con\u00e7us pour une stabilit\u00e9 et une durabilit\u00e9 maximales tout en offrant un \u00e9clairage de sc\u00e8ne enti\u00e8rement r\u00e9glable de 3 \u00e0 11 pieds de hauteur.<\/p>\n<ul>\n<li>Disponible en 5 tailles * :<\/li>\n<\/ul>\n<p>T1 \u2013 72\u2033 (1828,8 mm) s'\u00e9tend jusqu'\u00e0 132\u2033 (3352,8 mm) de haut<\/p>\n<p>T4 - 64\u2033 (1625,6 mm) s&#039;\u00e9tend jusqu&#039;\u00e0 110\u2033 (2794 mm) de haut<\/p>\n<p>T2 \u2013 54\u2033 (1397 mm) s&#039;\u00e9tend jusqu&#039;\u00e0 88\u2033 (2235,2 mm) de haut<\/p>\n<p>T3 - 43\u2033 (1092,2 mm) s&#039;\u00e9tend jusqu&#039;\u00e0 73\u2033 (1854,2 mm) de haut<\/p>\n<p>T5 - 36\u2033 (965,2 mm) s&#039;\u00e9tend jusqu&#039;\u00e0 57\u2033 (1447,8 mm) de haut<\/p>\n<ul>\n<li>Tailles personnalis\u00e9es non disponibles<\/li>\n<li>Poteaux et renforts des pattes en aluminium anodis\u00e9 robuste pour une r\u00e9sistance et une durabilit\u00e9 extr\u00eames<\/li>\n<li>Pieds en aluminium anodis\u00e9 robustes de 1 1\/4\u2033 offrant une stabilit\u00e9 ultime<\/li>\n<li>Verrouillage tournant pour un r\u00e9glage rapide et facile de la hauteur (Standard sauf indication contraire)<\/li>\n<li>Disponible avec n&#039;importe quelle t\u00eate d&#039;\u00e9clairage Akron Brass (non recommand\u00e9 pour une utilisation dans les applications 12V)<\/li>\n<li>Peut \u00eatre utilis\u00e9 comme une lumi\u00e8re ''pull-up'' lorsqu'il est mont\u00e9<\/li>\n<li>Standard avec prise L5-15 (110V) pr\u00e9-c\u00e2bl\u00e9e sur les versions 110 AC<\/li>\n<\/ul>\n<p>* Merci de pr\u00e9ciser la taille d\u00e9sir\u00e9e ainsi que le num\u00e9ro de pi\u00e8ce lors de la commande.<\/p>","protected":false},"excerpt":{"rendered":"<p>L'Extenda-POD propose trois lampes en une. Il peut \u00eatre mont\u00e9 sur camion, portable ou utilis\u00e9 avec la fonction tr\u00e9pied.<\/p>","protected":false},"featured_media":1231,"template":"","meta":[],"product_brand":[147],"product_cat":[48,80],"product_tag":[256,394],"class_list":{"0":"post-705","1":"product","2":"type-product","3":"status-publish","4":"has-post-thumbnail","6":"product_brand-akron-brass","7":"product_cat-lighting","8":"product_cat-scene-lighting","9":"product_tag-akron-brass","10":"product_tag-light","12":"first","13":"instock","14":"shipping-taxable","15":"product-type-simple"},"yoast_head":"<!-- This site is optimized with the Yoast SEO plugin v27.4 - https:\/\/yoast.com\/product\/yoast-seo-wordpress\/ -->\n<title>SceneStar Tripod - Safety Source Fire<\/title>\n<meta name=\"robots\" content=\"index, follow, max-snippet:-1, max-image-preview:large, max-video-preview:-1\" \/>\n<link rel=\"canonical\" href=\"https:\/\/safetysourcefire.ca\/fr\/?product=scenestar-tripod\" \/>\n<meta property=\"og:locale\" content=\"fr_CA\" \/>\n<meta property=\"og:type\" content=\"article\" \/>\n<meta property=\"og:title\" content=\"SceneStar Tripod - Safety Source Fire\" \/>\n<meta property=\"og:description\" content=\"The Extenda-POD offers three lights in one. They can be truck mounted, portable, and have the tripod feature.\" \/>\n<meta property=\"og:url\" content=\"https:\/\/safetysourcefire.ca\/fr\/?product=scenestar-tripod\" \/>\n<meta property=\"og:site_name\" content=\"Safety Source Fire\" \/>\n<meta property=\"article:publisher\" content=\"https:\/\/www.facebook.com\/mmfssca\" \/>\n<meta property=\"article:modified_time\" content=\"2018-05-22T14:18:29+00:00\" \/>\n<meta property=\"og:image\" content=\"https:\/\/safetysourcefire.ca\/wp-content\/uploads\/2017\/05\/SceneStar-LEd-Tripod.jpg\" \/>\n\t<meta property=\"og:image:width\" content=\"600\" \/>\n\t<meta property=\"og:image:height\" content=\"600\" \/>\n\t<meta property=\"og:image:type\" content=\"image\/jpeg\" \/>\n<meta name=\"twitter:card\" content=\"summary_large_image\" \/>\n<meta name=\"twitter:site\" content=\"@mmfssca\" \/>\n<meta name=\"twitter:label1\" content=\"Estimation du temps de lecture\" \/>\n\t<meta name=\"twitter:data1\" content=\"1 minute\" \/>\n<script type=\"application\/ld+json\" class=\"yoast-schema-graph\">{\"@context\":\"https:\\\/\\\/schema.org\",\"@graph\":[{\"@type\":\"WebPage\",\"@id\":\"https:\\\/\\\/safetysourcefire.ca\\\/?product=scenestar-tripod\",\"url\":\"https:\\\/\\\/safetysourcefire.ca\\\/?product=scenestar-tripod\",\"name\":\"SceneStar Tripod - Safety Source Fire\",\"isPartOf\":{\"@id\":\"https:\\\/\\\/safetysourcefire.ca\\\/#website\"},\"primaryImageOfPage\":{\"@id\":\"https:\\\/\\\/safetysourcefire.ca\\\/?product=scenestar-tripod#primaryimage\"},\"image\":{\"@id\":\"https:\\\/\\\/safetysourcefire.ca\\\/?product=scenestar-tripod#primaryimage\"},\"thumbnailUrl\":\"https:\\\/\\\/safetysourcefire.ca\\\/wp-content\\\/uploads\\\/2017\\\/05\\\/SceneStar-LEd-Tripod.jpg\",\"datePublished\":\"2017-04-30T21:39:58+00:00\",\"dateModified\":\"2018-05-22T14:18:29+00:00\",\"breadcrumb\":{\"@id\":\"https:\\\/\\\/safetysourcefire.ca\\\/?product=scenestar-tripod#breadcrumb\"},\"inLanguage\":\"fr-CA\",\"potentialAction\":[{\"@type\":\"ReadAction\",\"target\":[\"https:\\\/\\\/safetysourcefire.ca\\\/?product=scenestar-tripod\"]}]},{\"@type\":\"ImageObject\",\"inLanguage\":\"fr-CA\",\"@id\":\"https:\\\/\\\/safetysourcefire.ca\\\/?product=scenestar-tripod#primaryimage\",\"url\":\"https:\\\/\\\/safetysourcefire.ca\\\/wp-content\\\/uploads\\\/2017\\\/05\\\/SceneStar-LEd-Tripod.jpg\",\"contentUrl\":\"https:\\\/\\\/safetysourcefire.ca\\\/wp-content\\\/uploads\\\/2017\\\/05\\\/SceneStar-LEd-Tripod.jpg\",\"width\":600,\"height\":600,\"caption\":\"SceneStar LED Tripod\"},{\"@type\":\"BreadcrumbList\",\"@id\":\"https:\\\/\\\/safetysourcefire.ca\\\/?product=scenestar-tripod#breadcrumb\",\"itemListElement\":[{\"@type\":\"ListItem\",\"position\":1,\"name\":\"Home\",\"item\":\"https:\\\/\\\/safetysourcefire.ca\\\/\"},{\"@type\":\"ListItem\",\"position\":2,\"name\":\"Products\",\"item\":\"https:\\\/\\\/safetysourcefire.ca\\\/shop\\\/\"},{\"@type\":\"ListItem\",\"position\":3,\"name\":\"SceneStar Tripod\"}]},{\"@type\":\"WebSite\",\"@id\":\"https:\\\/\\\/safetysourcefire.ca\\\/#website\",\"url\":\"https:\\\/\\\/safetysourcefire.ca\\\/\",\"name\":\"Safety Source Fire\",\"description\":\"\",\"publisher\":{\"@id\":\"https:\\\/\\\/safetysourcefire.ca\\\/#organization\"},\"potentialAction\":[{\"@type\":\"SearchAction\",\"target\":{\"@type\":\"EntryPoint\",\"urlTemplate\":\"https:\\\/\\\/safetysourcefire.ca\\\/?s={search_term_string}\"},\"query-input\":{\"@type\":\"PropertyValueSpecification\",\"valueRequired\":true,\"valueName\":\"search_term_string\"}}],\"inLanguage\":\"fr-CA\"},{\"@type\":\"Organization\",\"@id\":\"https:\\\/\\\/safetysourcefire.ca\\\/#organization\",\"name\":\"Safety Source Fire\",\"url\":\"https:\\\/\\\/safetysourcefire.ca\\\/\",\"logo\":{\"@type\":\"ImageObject\",\"inLanguage\":\"fr-CA\",\"@id\":\"https:\\\/\\\/safetysourcefire.ca\\\/#\\\/schema\\\/logo\\\/image\\\/\",\"url\":\"https:\\\/\\\/safetysourcefire.ca\\\/wp-content\\\/uploads\\\/2021\\\/01\\\/SSF_logo_CC0000-3.png\",\"contentUrl\":\"https:\\\/\\\/safetysourcefire.ca\\\/wp-content\\\/uploads\\\/2021\\\/01\\\/SSF_logo_CC0000-3.png\",\"width\":1107,\"height\":365,\"caption\":\"Safety Source Fire\"},\"image\":{\"@id\":\"https:\\\/\\\/safetysourcefire.ca\\\/#\\\/schema\\\/logo\\\/image\\\/\"},\"sameAs\":[\"https:\\\/\\\/www.facebook.com\\\/mmfssca\",\"https:\\\/\\\/x.com\\\/mmfssca\"]}]}<\/script>\n<!-- \/ Yoast SEO plugin. -->","yoast_head_json":{"title":"SceneStar Tripod - Safety Source Fire","robots":{"index":"index","follow":"follow","max-snippet":"max-snippet:-1","max-image-preview":"max-image-preview:large","max-video-preview":"max-video-preview:-1"},"canonical":"https:\/\/safetysourcefire.ca\/fr\/?product=scenestar-tripod","og_locale":"fr_CA","og_type":"article","og_title":"SceneStar Tripod - Safety Source Fire","og_description":"The Extenda-POD offers three lights in one. They can be truck mounted, portable, and have the tripod feature.","og_url":"https:\/\/safetysourcefire.ca\/fr\/?product=scenestar-tripod","og_site_name":"Safety Source Fire","article_publisher":"https:\/\/www.facebook.com\/mmfssca","article_modified_time":"2018-05-22T14:18:29+00:00","og_image":[{"width":600,"height":600,"url":"https:\/\/safetysourcefire.ca\/wp-content\/uploads\/2017\/05\/SceneStar-LEd-Tripod.jpg","type":"image\/jpeg"}],"twitter_card":"summary_large_image","twitter_site":"@mmfssca","twitter_misc":{"Estimation du temps de lecture":"1 minute"},"schema":{"@context":"https:\/\/schema.org","@graph":[{"@type":"WebPage","@id":"https:\/\/safetysourcefire.ca\/?product=scenestar-tripod","url":"https:\/\/safetysourcefire.ca\/?product=scenestar-tripod","name":"SceneStar Tripod - Safety Source Fire","isPartOf":{"@id":"https:\/\/safetysourcefire.ca\/#website"},"primaryImageOfPage":{"@id":"https:\/\/safetysourcefire.ca\/?product=scenestar-tripod#primaryimage"},"image":{"@id":"https:\/\/safetysourcefire.ca\/?product=scenestar-tripod#primaryimage"},"thumbnailUrl":"https:\/\/safetysourcefire.ca\/wp-content\/uploads\/2017\/05\/SceneStar-LEd-Tripod.jpg","datePublished":"2017-04-30T21:39:58+00:00","dateModified":"2018-05-22T14:18:29+00:00","breadcrumb":{"@id":"https:\/\/safetysourcefire.ca\/?product=scenestar-tripod#breadcrumb"},"inLanguage":"fr-CA","potentialAction":[{"@type":"ReadAction","target":["https:\/\/safetysourcefire.ca\/?product=scenestar-tripod"]}]},{"@type":"ImageObject","inLanguage":"fr-CA","@id":"https:\/\/safetysourcefire.ca\/?product=scenestar-tripod#primaryimage","url":"https:\/\/safetysourcefire.ca\/wp-content\/uploads\/2017\/05\/SceneStar-LEd-Tripod.jpg","contentUrl":"https:\/\/safetysourcefire.ca\/wp-content\/uploads\/2017\/05\/SceneStar-LEd-Tripod.jpg","width":600,"height":600,"caption":"SceneStar LED Tripod"},{"@type":"BreadcrumbList","@id":"https:\/\/safetysourcefire.ca\/?product=scenestar-tripod#breadcrumb","itemListElement":[{"@type":"ListItem","position":1,"name":"Home","item":"https:\/\/safetysourcefire.ca\/"},{"@type":"ListItem","position":2,"name":"Products","item":"https:\/\/safetysourcefire.ca\/shop\/"},{"@type":"ListItem","position":3,"name":"SceneStar Tripod"}]},{"@type":"WebSite","@id":"https:\/\/safetysourcefire.ca\/#website","url":"https:\/\/safetysourcefire.ca\/","name":"Safety Source Fire","description":"","publisher":{"@id":"https:\/\/safetysourcefire.ca\/#organization"},"potentialAction":[{"@type":"SearchAction","target":{"@type":"EntryPoint","urlTemplate":"https:\/\/safetysourcefire.ca\/?s={search_term_string}"},"query-input":{"@type":"PropertyValueSpecification","valueRequired":true,"valueName":"search_term_string"}}],"inLanguage":"fr-CA"},{"@type":"Organization","@id":"https:\/\/safetysourcefire.ca\/#organization","name":"Safety Source Fire","url":"https:\/\/safetysourcefire.ca\/","logo":{"@type":"ImageObject","inLanguage":"fr-CA","@id":"https:\/\/safetysourcefire.ca\/#\/schema\/logo\/image\/","url":"https:\/\/safetysourcefire.ca\/wp-content\/uploads\/2021\/01\/SSF_logo_CC0000-3.png","contentUrl":"https:\/\/safetysourcefire.ca\/wp-content\/uploads\/2021\/01\/SSF_logo_CC0000-3.png","width":1107,"height":365,"caption":"Safety Source Fire"},"image":{"@id":"https:\/\/safetysourcefire.ca\/#\/schema\/logo\/image\/"},"sameAs":["https:\/\/www.facebook.com\/mmfssca","https:\/\/x.com\/mmfssca"]}]}},"_links":{"self":[{"href":"https:\/\/safetysourcefire.ca\/fr\/wp-json\/wp\/v2\/product\/705","targetHints":{"allow":["GET"]}}],"collection":[{"href":"https:\/\/safetysourcefire.ca\/fr\/wp-json\/wp\/v2\/product"}],"about":[{"href":"https:\/\/safetysourcefire.ca\/fr\/wp-json\/wp\/v2\/types\/product"}],"wp:featuredmedia":[{"embeddable":true,"href":"https:\/\/safetysourcefire.ca\/fr\/wp-json\/wp\/v2\/media\/1231"}],"wp:attachment":[{"href":"https:\/\/safetysourcefire.ca\/fr\/wp-json\/wp\/v2\/media?parent=705"}],"wp:term":[{"taxonomy":"product_brand","embeddable":true,"href":"https:\/\/safetysourcefire.ca\/fr\/wp-json\/wp\/v2\/product_brand?post=705"},{"taxonomy":"product_cat","embeddable":true,"href":"https:\/\/safetysourcefire.ca\/fr\/wp-json\/wp\/v2\/product_cat?post=705"},{"taxonomy":"product_tag","embeddable":true,"href":"https:\/\/safetysourcefire.ca\/fr\/wp-json\/wp\/v2\/product_tag?post=705"}],"curies":[{"name":"wp","href":"https:\/\/api.w.org\/{rel}","templated":true}]}}