{"id":708,"date":"2017-04-30T21:43:41","date_gmt":"2017-04-30T21:43:41","guid":{"rendered":"http:\/\/mmfss.ca\/?post_type=product&#038;p=708"},"modified":"2018-05-22T14:18:27","modified_gmt":"2018-05-22T14:18:27","slug":"ac-scenestar-led-scene-light-head","status":"publish","type":"product","link":"https:\/\/safetysourcefire.ca\/fr\/produit\/ac-scenestar-led-scene-light-head\/","title":{"rendered":"T\u00eate d&#039;\u00e9clairage de sc\u00e8ne \u00e0 DEL AC SceneStar"},"content":{"rendered":"<p>L'\u00e9clairage de sc\u00e8ne d'urgence SceneStar fournit un \u00e9clairage optimal m\u00eame dans des temp\u00e9ratures de fonctionnement \u00e9lev\u00e9es gr\u00e2ce \u00e0 une gestion thermique optimis\u00e9e. L'optique de l'appareil est con\u00e7u pour vous donner des motifs pr\u00e9cis (spot) et en faisceau (flood) dans une seule lumi\u00e8re. L'\u00e9lectronique \u00e0 semi-conducteurs assure une dur\u00e9e de vie et une performance optimales. Contactez un distributeur d\u00e8s aujourd'hui pour en savoir plus sur nos produits d'\u00e9clairage de sc\u00e8ne pour appareils d'incendie.<\/p>\n<p><strong>Fonctionnalit\u00e9s:<\/strong><\/p>\n<p>Caract\u00e9ristiques des \u00e9clairages de sc\u00e8ne \u00e0 LED SceneStar\u00a0:<br \/>\n\u2013 20 000 Lumens, Puissance : 220 Watts, Tension : 120 ou 240 VAC (\u00e0 pr\u00e9ciser)<br \/>\n\u2013 Courant : 1,8 amp\u00e8res (\u00e0 120 VAC), 0,9 amp\u00e8res (\u00e0 240 VAC)<br \/>\n\u2013 Optique personnalis\u00e9e permettant de fournir des options ''spot'' et ''flood'' sur le m\u00eame appareil<br \/>\n\u2013 Faible lumi\u00e8re ultraviolette \u2013 attire moins d&#039;insectes pendant le fonctionnement de nuit<br \/>\n\u2013 Disponible dans toutes les configurations de montage standard, y compris la trousse d'\u00e9clairage du g\u00e9n\u00e9rateur<br \/>\n\u2013 Esth\u00e9tique \u00e9pur\u00e9e dans un design compact<br \/>\n-Blanc (seule couleur disponible)<br \/>\n\u2013 Garantie 6 ans<br \/>\n\u2013 Construction utilisable (technologie LED durable)<br \/>\n\u2013 Certification CE en attente<br \/>\n\u2013 List\u00e9 UL et \u00e9valu\u00e9 par UL pour se conformer aux normes suivantes :<\/p>\n<ul>\n<li>UL 1598 \u2013 Norme pour les luminaires<\/li>\n<li>UL 8750 - Sources lumineuses \u00e0 diodes \u00e9lectroluminescentes (DEL) \u00e0 utiliser dans les produits d&#039;\u00e9clairage<\/li>\n<li>UL 153 - Norme pour les luminaires portables<\/li>\n<\/ul>","protected":false},"excerpt":{"rendered":"<p>Les nouvelles lumi\u00e8res de sc\u00e8ne \u00e0 LED haute puissance sont con\u00e7ues pour fournir des niveaux de rendement lumineux de pointe.<\/p>","protected":false},"featured_media":1232,"template":"","meta":[],"product_brand":[147],"product_cat":[48,80],"product_tag":[256,394],"class_list":{"0":"post-708","1":"product","2":"type-product","3":"status-publish","4":"has-post-thumbnail","6":"product_brand-akron-brass","7":"product_cat-lighting","8":"product_cat-scene-lighting","9":"product_tag-akron-brass","10":"product_tag-light","12":"first","13":"instock","14":"shipping-taxable","15":"product-type-simple"},"yoast_head":"<!-- This site is optimized with the Yoast SEO plugin v27.4 - https:\/\/yoast.com\/product\/yoast-seo-wordpress\/ -->\n<title>AC SceneStar LED Scene Light Head - Safety Source Fire<\/title>\n<meta name=\"robots\" content=\"index, follow, max-snippet:-1, max-image-preview:large, max-video-preview:-1\" \/>\n<link rel=\"canonical\" href=\"https:\/\/safetysourcefire.ca\/fr\/?product=ac-scenestar-led-scene-light-head\" \/>\n<meta property=\"og:locale\" content=\"fr_CA\" \/>\n<meta property=\"og:type\" content=\"article\" \/>\n<meta property=\"og:title\" content=\"AC SceneStar LED Scene Light Head - Safety Source Fire\" \/>\n<meta property=\"og:description\" content=\"The new LED High Power Scene Lights are engineered to provide industry-leading levels of light output with consistency and reliability.\" \/>\n<meta property=\"og:url\" content=\"https:\/\/safetysourcefire.ca\/fr\/?product=ac-scenestar-led-scene-light-head\" \/>\n<meta property=\"og:site_name\" content=\"Safety Source Fire\" \/>\n<meta property=\"article:publisher\" content=\"https:\/\/www.facebook.com\/mmfssca\" \/>\n<meta property=\"article:modified_time\" content=\"2018-05-22T14:18:27+00:00\" \/>\n<meta property=\"og:image\" content=\"https:\/\/safetysourcefire.ca\/wp-content\/uploads\/2017\/05\/SceneStar-LED.jpg\" \/>\n\t<meta property=\"og:image:width\" content=\"600\" \/>\n\t<meta property=\"og:image:height\" content=\"600\" \/>\n\t<meta property=\"og:image:type\" content=\"image\/jpeg\" \/>\n<meta name=\"twitter:card\" content=\"summary_large_image\" \/>\n<meta name=\"twitter:site\" content=\"@mmfssca\" \/>\n<meta name=\"twitter:label1\" content=\"Estimation du temps de lecture\" \/>\n\t<meta name=\"twitter:data1\" content=\"1 minute\" \/>\n<script type=\"application\/ld+json\" class=\"yoast-schema-graph\">{\"@context\":\"https:\\\/\\\/schema.org\",\"@graph\":[{\"@type\":\"WebPage\",\"@id\":\"https:\\\/\\\/safetysourcefire.ca\\\/?product=ac-scenestar-led-scene-light-head\",\"url\":\"https:\\\/\\\/safetysourcefire.ca\\\/?product=ac-scenestar-led-scene-light-head\",\"name\":\"AC SceneStar LED Scene Light Head - Safety Source Fire\",\"isPartOf\":{\"@id\":\"https:\\\/\\\/safetysourcefire.ca\\\/#website\"},\"primaryImageOfPage\":{\"@id\":\"https:\\\/\\\/safetysourcefire.ca\\\/?product=ac-scenestar-led-scene-light-head#primaryimage\"},\"image\":{\"@id\":\"https:\\\/\\\/safetysourcefire.ca\\\/?product=ac-scenestar-led-scene-light-head#primaryimage\"},\"thumbnailUrl\":\"https:\\\/\\\/safetysourcefire.ca\\\/wp-content\\\/uploads\\\/2017\\\/05\\\/SceneStar-LED.jpg\",\"datePublished\":\"2017-04-30T21:43:41+00:00\",\"dateModified\":\"2018-05-22T14:18:27+00:00\",\"breadcrumb\":{\"@id\":\"https:\\\/\\\/safetysourcefire.ca\\\/?product=ac-scenestar-led-scene-light-head#breadcrumb\"},\"inLanguage\":\"fr-CA\",\"potentialAction\":[{\"@type\":\"ReadAction\",\"target\":[\"https:\\\/\\\/safetysourcefire.ca\\\/?product=ac-scenestar-led-scene-light-head\"]}]},{\"@type\":\"ImageObject\",\"inLanguage\":\"fr-CA\",\"@id\":\"https:\\\/\\\/safetysourcefire.ca\\\/?product=ac-scenestar-led-scene-light-head#primaryimage\",\"url\":\"https:\\\/\\\/safetysourcefire.ca\\\/wp-content\\\/uploads\\\/2017\\\/05\\\/SceneStar-LED.jpg\",\"contentUrl\":\"https:\\\/\\\/safetysourcefire.ca\\\/wp-content\\\/uploads\\\/2017\\\/05\\\/SceneStar-LED.jpg\",\"width\":600,\"height\":600,\"caption\":\"SceneStar LED\"},{\"@type\":\"BreadcrumbList\",\"@id\":\"https:\\\/\\\/safetysourcefire.ca\\\/?product=ac-scenestar-led-scene-light-head#breadcrumb\",\"itemListElement\":[{\"@type\":\"ListItem\",\"position\":1,\"name\":\"Home\",\"item\":\"https:\\\/\\\/safetysourcefire.ca\\\/\"},{\"@type\":\"ListItem\",\"position\":2,\"name\":\"Products\",\"item\":\"https:\\\/\\\/safetysourcefire.ca\\\/shop\\\/\"},{\"@type\":\"ListItem\",\"position\":3,\"name\":\"AC SceneStar LED Scene Light Head\"}]},{\"@type\":\"WebSite\",\"@id\":\"https:\\\/\\\/safetysourcefire.ca\\\/#website\",\"url\":\"https:\\\/\\\/safetysourcefire.ca\\\/\",\"name\":\"Safety Source Fire\",\"description\":\"\",\"publisher\":{\"@id\":\"https:\\\/\\\/safetysourcefire.ca\\\/#organization\"},\"potentialAction\":[{\"@type\":\"SearchAction\",\"target\":{\"@type\":\"EntryPoint\",\"urlTemplate\":\"https:\\\/\\\/safetysourcefire.ca\\\/?s={search_term_string}\"},\"query-input\":{\"@type\":\"PropertyValueSpecification\",\"valueRequired\":true,\"valueName\":\"search_term_string\"}}],\"inLanguage\":\"fr-CA\"},{\"@type\":\"Organization\",\"@id\":\"https:\\\/\\\/safetysourcefire.ca\\\/#organization\",\"name\":\"Safety Source Fire\",\"url\":\"https:\\\/\\\/safetysourcefire.ca\\\/\",\"logo\":{\"@type\":\"ImageObject\",\"inLanguage\":\"fr-CA\",\"@id\":\"https:\\\/\\\/safetysourcefire.ca\\\/#\\\/schema\\\/logo\\\/image\\\/\",\"url\":\"https:\\\/\\\/safetysourcefire.ca\\\/wp-content\\\/uploads\\\/2021\\\/01\\\/SSF_logo_CC0000-3.png\",\"contentUrl\":\"https:\\\/\\\/safetysourcefire.ca\\\/wp-content\\\/uploads\\\/2021\\\/01\\\/SSF_logo_CC0000-3.png\",\"width\":1107,\"height\":365,\"caption\":\"Safety Source Fire\"},\"image\":{\"@id\":\"https:\\\/\\\/safetysourcefire.ca\\\/#\\\/schema\\\/logo\\\/image\\\/\"},\"sameAs\":[\"https:\\\/\\\/www.facebook.com\\\/mmfssca\",\"https:\\\/\\\/x.com\\\/mmfssca\"]}]}<\/script>\n<!-- \/ Yoast SEO plugin. -->","yoast_head_json":{"title":"AC SceneStar LED Scene Light Head - Safety Source Fire","robots":{"index":"index","follow":"follow","max-snippet":"max-snippet:-1","max-image-preview":"max-image-preview:large","max-video-preview":"max-video-preview:-1"},"canonical":"https:\/\/safetysourcefire.ca\/fr\/?product=ac-scenestar-led-scene-light-head","og_locale":"fr_CA","og_type":"article","og_title":"AC SceneStar LED Scene Light Head - Safety Source Fire","og_description":"The new LED High Power Scene Lights are engineered to provide industry-leading levels of light output with consistency and reliability.","og_url":"https:\/\/safetysourcefire.ca\/fr\/?product=ac-scenestar-led-scene-light-head","og_site_name":"Safety Source Fire","article_publisher":"https:\/\/www.facebook.com\/mmfssca","article_modified_time":"2018-05-22T14:18:27+00:00","og_image":[{"width":600,"height":600,"url":"https:\/\/safetysourcefire.ca\/wp-content\/uploads\/2017\/05\/SceneStar-LED.jpg","type":"image\/jpeg"}],"twitter_card":"summary_large_image","twitter_site":"@mmfssca","twitter_misc":{"Estimation du temps de lecture":"1 minute"},"schema":{"@context":"https:\/\/schema.org","@graph":[{"@type":"WebPage","@id":"https:\/\/safetysourcefire.ca\/?product=ac-scenestar-led-scene-light-head","url":"https:\/\/safetysourcefire.ca\/?product=ac-scenestar-led-scene-light-head","name":"AC SceneStar LED Scene Light Head - Safety Source Fire","isPartOf":{"@id":"https:\/\/safetysourcefire.ca\/#website"},"primaryImageOfPage":{"@id":"https:\/\/safetysourcefire.ca\/?product=ac-scenestar-led-scene-light-head#primaryimage"},"image":{"@id":"https:\/\/safetysourcefire.ca\/?product=ac-scenestar-led-scene-light-head#primaryimage"},"thumbnailUrl":"https:\/\/safetysourcefire.ca\/wp-content\/uploads\/2017\/05\/SceneStar-LED.jpg","datePublished":"2017-04-30T21:43:41+00:00","dateModified":"2018-05-22T14:18:27+00:00","breadcrumb":{"@id":"https:\/\/safetysourcefire.ca\/?product=ac-scenestar-led-scene-light-head#breadcrumb"},"inLanguage":"fr-CA","potentialAction":[{"@type":"ReadAction","target":["https:\/\/safetysourcefire.ca\/?product=ac-scenestar-led-scene-light-head"]}]},{"@type":"ImageObject","inLanguage":"fr-CA","@id":"https:\/\/safetysourcefire.ca\/?product=ac-scenestar-led-scene-light-head#primaryimage","url":"https:\/\/safetysourcefire.ca\/wp-content\/uploads\/2017\/05\/SceneStar-LED.jpg","contentUrl":"https:\/\/safetysourcefire.ca\/wp-content\/uploads\/2017\/05\/SceneStar-LED.jpg","width":600,"height":600,"caption":"SceneStar LED"},{"@type":"BreadcrumbList","@id":"https:\/\/safetysourcefire.ca\/?product=ac-scenestar-led-scene-light-head#breadcrumb","itemListElement":[{"@type":"ListItem","position":1,"name":"Home","item":"https:\/\/safetysourcefire.ca\/"},{"@type":"ListItem","position":2,"name":"Products","item":"https:\/\/safetysourcefire.ca\/shop\/"},{"@type":"ListItem","position":3,"name":"AC SceneStar LED Scene Light Head"}]},{"@type":"WebSite","@id":"https:\/\/safetysourcefire.ca\/#website","url":"https:\/\/safetysourcefire.ca\/","name":"Safety Source Fire","description":"","publisher":{"@id":"https:\/\/safetysourcefire.ca\/#organization"},"potentialAction":[{"@type":"SearchAction","target":{"@type":"EntryPoint","urlTemplate":"https:\/\/safetysourcefire.ca\/?s={search_term_string}"},"query-input":{"@type":"PropertyValueSpecification","valueRequired":true,"valueName":"search_term_string"}}],"inLanguage":"fr-CA"},{"@type":"Organization","@id":"https:\/\/safetysourcefire.ca\/#organization","name":"Safety Source Fire","url":"https:\/\/safetysourcefire.ca\/","logo":{"@type":"ImageObject","inLanguage":"fr-CA","@id":"https:\/\/safetysourcefire.ca\/#\/schema\/logo\/image\/","url":"https:\/\/safetysourcefire.ca\/wp-content\/uploads\/2021\/01\/SSF_logo_CC0000-3.png","contentUrl":"https:\/\/safetysourcefire.ca\/wp-content\/uploads\/2021\/01\/SSF_logo_CC0000-3.png","width":1107,"height":365,"caption":"Safety Source Fire"},"image":{"@id":"https:\/\/safetysourcefire.ca\/#\/schema\/logo\/image\/"},"sameAs":["https:\/\/www.facebook.com\/mmfssca","https:\/\/x.com\/mmfssca"]}]}},"_links":{"self":[{"href":"https:\/\/safetysourcefire.ca\/fr\/wp-json\/wp\/v2\/product\/708","targetHints":{"allow":["GET"]}}],"collection":[{"href":"https:\/\/safetysourcefire.ca\/fr\/wp-json\/wp\/v2\/product"}],"about":[{"href":"https:\/\/safetysourcefire.ca\/fr\/wp-json\/wp\/v2\/types\/product"}],"wp:featuredmedia":[{"embeddable":true,"href":"https:\/\/safetysourcefire.ca\/fr\/wp-json\/wp\/v2\/media\/1232"}],"wp:attachment":[{"href":"https:\/\/safetysourcefire.ca\/fr\/wp-json\/wp\/v2\/media?parent=708"}],"wp:term":[{"taxonomy":"product_brand","embeddable":true,"href":"https:\/\/safetysourcefire.ca\/fr\/wp-json\/wp\/v2\/product_brand?post=708"},{"taxonomy":"product_cat","embeddable":true,"href":"https:\/\/safetysourcefire.ca\/fr\/wp-json\/wp\/v2\/product_cat?post=708"},{"taxonomy":"product_tag","embeddable":true,"href":"https:\/\/safetysourcefire.ca\/fr\/wp-json\/wp\/v2\/product_tag?post=708"}],"curies":[{"name":"wp","href":"https:\/\/api.w.org\/{rel}","templated":true}]}}