{"id":728,"date":"2017-05-02T14:16:52","date_gmt":"2017-05-02T14:16:52","guid":{"rendered":"http:\/\/mmfss.ca\/?post_type=product&#038;p=728"},"modified":"2020-05-01T20:37:45","modified_gmt":"2020-05-01T20:37:45","slug":"dat3030s-sys","status":"publish","type":"product","link":"https:\/\/safetysourcefire.ca\/fr\/produit\/dat3030s-sys\/","title":{"rendered":"Syst\u00e8me de d\u00e9contamination gonflable  DAT3030S-SYS"},"content":{"rendered":"<p>Syst\u00e8me complet de douche de d\u00e9contamination \u00e0 2 lignes.<\/p>\n<p>Le syst\u00e8me comprend<\/p>\n<ul>\n<li>1 douche DAT3030S<\/li>\n<li>1 chauffe-eau FSI Heat 200A<\/li>\n<li>1 injecteur de d\u00e9tergent FSI HEAT 201<\/li>\n<li>1 PTI25-4L P\u00e9trotech<\/li>\n<li>1 pulv\u00e9risateur \u00e0 main F-HSP<\/li>\n<li>2 tuyaux F-GH<\/li>\n<li>1 syst\u00e8me de tuyau F-GH503510<\/li>\n<li>1 convoyeur F-RS<\/li>\n<li>1 planche dorsale F-MX1<\/li>\n<li>2 guirlandes lumineuses F-1225-0500-STL<\/li>\n<li>1 pompe \u00e0 d\u00e9chets F-WSP33AA<\/li>\n<li>8 grilles d&#039;\u00e9l\u00e9vation F-TDMSPC<\/li>\n<li>1 multi-collecteur F-MMU156 1.5\u2033 NST X 6 3\/4\u2033 GHT sortie<\/li>\n<li>1 r\u00e9servoir souple F-HD300BT<\/li>\n<li>1 b\u00e2che F-GS1<\/li>\n<li>Plusieurs options disponibles.<\/li>\n<\/ul>\n<p>Au besoin, FSI se r\u00e9serve le droit de substituer des produits qui r\u00e9pondent\/d\u00e9passent les sp\u00e9cifications.<\/p>","protected":false},"excerpt":{"rendered":"<p>Syst\u00e8me complet de d\u00e9contamination - douche gonflable \u00e0 air \/ pneumatique<\/p>","protected":false},"featured_media":1118,"template":"","meta":[],"product_brand":[149],"product_cat":[75,462,47,466],"product_tag":[299,298],"class_list":{"0":"post-728","1":"product","2":"type-product","3":"status-publish","4":"has-post-thumbnail","6":"product_brand-fsi","7":"product_cat-decontamination","8":"product_cat-emergency-preparedness","9":"product_cat-hazmat","10":"product_cat-pandemic","11":"product_tag-fire-safety-international","12":"product_tag-fsi","14":"first","15":"instock","16":"shipping-taxable","17":"product-type-simple"},"yoast_head":"<!-- This site is optimized with the Yoast SEO plugin v27.4 - https:\/\/yoast.com\/product\/yoast-seo-wordpress\/ -->\n<title>DAT3030S-SYS - Safety Source Fire<\/title>\n<meta name=\"robots\" content=\"index, follow, max-snippet:-1, max-image-preview:large, max-video-preview:-1\" \/>\n<link rel=\"canonical\" href=\"https:\/\/safetysourcefire.ca\/fr\/?product=dat3030s-sys\" \/>\n<meta property=\"og:locale\" content=\"fr_CA\" \/>\n<meta property=\"og:type\" content=\"article\" \/>\n<meta property=\"og:title\" content=\"DAT3030S-SYS - Safety Source Fire\" \/>\n<meta property=\"og:description\" content=\"Complete Air Inflatable\/Pneumatic Mass Casualty Decon Shower System\" \/>\n<meta property=\"og:url\" content=\"https:\/\/safetysourcefire.ca\/fr\/?product=dat3030s-sys\" \/>\n<meta property=\"og:site_name\" content=\"Safety Source Fire\" \/>\n<meta property=\"article:publisher\" content=\"https:\/\/www.facebook.com\/mmfssca\" \/>\n<meta property=\"article:modified_time\" content=\"2020-05-01T20:37:45+00:00\" \/>\n<meta property=\"og:image\" content=\"https:\/\/safetysourcefire.ca\/wp-content\/uploads\/2017\/05\/DAT3030S-SYS-with-watermark.jpg\" \/>\n\t<meta property=\"og:image:width\" content=\"600\" \/>\n\t<meta property=\"og:image:height\" content=\"600\" \/>\n\t<meta property=\"og:image:type\" content=\"image\/jpeg\" \/>\n<meta name=\"twitter:card\" content=\"summary_large_image\" \/>\n<meta name=\"twitter:site\" content=\"@mmfssca\" \/>\n<script type=\"application\/ld+json\" class=\"yoast-schema-graph\">{\"@context\":\"https:\\\/\\\/schema.org\",\"@graph\":[{\"@type\":\"WebPage\",\"@id\":\"https:\\\/\\\/safetysourcefire.ca\\\/?product=dat3030s-sys\",\"url\":\"https:\\\/\\\/safetysourcefire.ca\\\/?product=dat3030s-sys\",\"name\":\"DAT3030S-SYS - Safety Source Fire\",\"isPartOf\":{\"@id\":\"https:\\\/\\\/safetysourcefire.ca\\\/#website\"},\"primaryImageOfPage\":{\"@id\":\"https:\\\/\\\/safetysourcefire.ca\\\/?product=dat3030s-sys#primaryimage\"},\"image\":{\"@id\":\"https:\\\/\\\/safetysourcefire.ca\\\/?product=dat3030s-sys#primaryimage\"},\"thumbnailUrl\":\"https:\\\/\\\/safetysourcefire.ca\\\/wp-content\\\/uploads\\\/2017\\\/05\\\/DAT3030S-SYS-with-watermark.jpg\",\"datePublished\":\"2017-05-02T14:16:52+00:00\",\"dateModified\":\"2020-05-01T20:37:45+00:00\",\"breadcrumb\":{\"@id\":\"https:\\\/\\\/safetysourcefire.ca\\\/?product=dat3030s-sys#breadcrumb\"},\"inLanguage\":\"fr-CA\",\"potentialAction\":[{\"@type\":\"ReadAction\",\"target\":[\"https:\\\/\\\/safetysourcefire.ca\\\/?product=dat3030s-sys\"]}]},{\"@type\":\"ImageObject\",\"inLanguage\":\"fr-CA\",\"@id\":\"https:\\\/\\\/safetysourcefire.ca\\\/?product=dat3030s-sys#primaryimage\",\"url\":\"https:\\\/\\\/safetysourcefire.ca\\\/wp-content\\\/uploads\\\/2017\\\/05\\\/DAT3030S-SYS-with-watermark.jpg\",\"contentUrl\":\"https:\\\/\\\/safetysourcefire.ca\\\/wp-content\\\/uploads\\\/2017\\\/05\\\/DAT3030S-SYS-with-watermark.jpg\",\"width\":600,\"height\":600,\"caption\":\"Complete Air Inflatable\\\/Pneumatic Mass Casualty Decon Shower System\"},{\"@type\":\"BreadcrumbList\",\"@id\":\"https:\\\/\\\/safetysourcefire.ca\\\/?product=dat3030s-sys#breadcrumb\",\"itemListElement\":[{\"@type\":\"ListItem\",\"position\":1,\"name\":\"Home\",\"item\":\"https:\\\/\\\/safetysourcefire.ca\\\/\"},{\"@type\":\"ListItem\",\"position\":2,\"name\":\"Products\",\"item\":\"https:\\\/\\\/safetysourcefire.ca\\\/shop\\\/\"},{\"@type\":\"ListItem\",\"position\":3,\"name\":\"DAT3030S-SYS\"}]},{\"@type\":\"WebSite\",\"@id\":\"https:\\\/\\\/safetysourcefire.ca\\\/#website\",\"url\":\"https:\\\/\\\/safetysourcefire.ca\\\/\",\"name\":\"Safety Source Fire\",\"description\":\"\",\"publisher\":{\"@id\":\"https:\\\/\\\/safetysourcefire.ca\\\/#organization\"},\"potentialAction\":[{\"@type\":\"SearchAction\",\"target\":{\"@type\":\"EntryPoint\",\"urlTemplate\":\"https:\\\/\\\/safetysourcefire.ca\\\/?s={search_term_string}\"},\"query-input\":{\"@type\":\"PropertyValueSpecification\",\"valueRequired\":true,\"valueName\":\"search_term_string\"}}],\"inLanguage\":\"fr-CA\"},{\"@type\":\"Organization\",\"@id\":\"https:\\\/\\\/safetysourcefire.ca\\\/#organization\",\"name\":\"Safety Source Fire\",\"url\":\"https:\\\/\\\/safetysourcefire.ca\\\/\",\"logo\":{\"@type\":\"ImageObject\",\"inLanguage\":\"fr-CA\",\"@id\":\"https:\\\/\\\/safetysourcefire.ca\\\/#\\\/schema\\\/logo\\\/image\\\/\",\"url\":\"https:\\\/\\\/safetysourcefire.ca\\\/wp-content\\\/uploads\\\/2021\\\/01\\\/SSF_logo_CC0000-3.png\",\"contentUrl\":\"https:\\\/\\\/safetysourcefire.ca\\\/wp-content\\\/uploads\\\/2021\\\/01\\\/SSF_logo_CC0000-3.png\",\"width\":1107,\"height\":365,\"caption\":\"Safety Source Fire\"},\"image\":{\"@id\":\"https:\\\/\\\/safetysourcefire.ca\\\/#\\\/schema\\\/logo\\\/image\\\/\"},\"sameAs\":[\"https:\\\/\\\/www.facebook.com\\\/mmfssca\",\"https:\\\/\\\/x.com\\\/mmfssca\"]}]}<\/script>\n<!-- \/ Yoast SEO plugin. -->","yoast_head_json":{"title":"DAT3030S-SYS - Safety Source Fire","robots":{"index":"index","follow":"follow","max-snippet":"max-snippet:-1","max-image-preview":"max-image-preview:large","max-video-preview":"max-video-preview:-1"},"canonical":"https:\/\/safetysourcefire.ca\/fr\/?product=dat3030s-sys","og_locale":"fr_CA","og_type":"article","og_title":"DAT3030S-SYS - Safety Source Fire","og_description":"Complete Air Inflatable\/Pneumatic Mass Casualty Decon Shower System","og_url":"https:\/\/safetysourcefire.ca\/fr\/?product=dat3030s-sys","og_site_name":"Safety Source Fire","article_publisher":"https:\/\/www.facebook.com\/mmfssca","article_modified_time":"2020-05-01T20:37:45+00:00","og_image":[{"width":600,"height":600,"url":"https:\/\/safetysourcefire.ca\/wp-content\/uploads\/2017\/05\/DAT3030S-SYS-with-watermark.jpg","type":"image\/jpeg"}],"twitter_card":"summary_large_image","twitter_site":"@mmfssca","schema":{"@context":"https:\/\/schema.org","@graph":[{"@type":"WebPage","@id":"https:\/\/safetysourcefire.ca\/?product=dat3030s-sys","url":"https:\/\/safetysourcefire.ca\/?product=dat3030s-sys","name":"DAT3030S-SYS - Safety Source Fire","isPartOf":{"@id":"https:\/\/safetysourcefire.ca\/#website"},"primaryImageOfPage":{"@id":"https:\/\/safetysourcefire.ca\/?product=dat3030s-sys#primaryimage"},"image":{"@id":"https:\/\/safetysourcefire.ca\/?product=dat3030s-sys#primaryimage"},"thumbnailUrl":"https:\/\/safetysourcefire.ca\/wp-content\/uploads\/2017\/05\/DAT3030S-SYS-with-watermark.jpg","datePublished":"2017-05-02T14:16:52+00:00","dateModified":"2020-05-01T20:37:45+00:00","breadcrumb":{"@id":"https:\/\/safetysourcefire.ca\/?product=dat3030s-sys#breadcrumb"},"inLanguage":"fr-CA","potentialAction":[{"@type":"ReadAction","target":["https:\/\/safetysourcefire.ca\/?product=dat3030s-sys"]}]},{"@type":"ImageObject","inLanguage":"fr-CA","@id":"https:\/\/safetysourcefire.ca\/?product=dat3030s-sys#primaryimage","url":"https:\/\/safetysourcefire.ca\/wp-content\/uploads\/2017\/05\/DAT3030S-SYS-with-watermark.jpg","contentUrl":"https:\/\/safetysourcefire.ca\/wp-content\/uploads\/2017\/05\/DAT3030S-SYS-with-watermark.jpg","width":600,"height":600,"caption":"Complete Air Inflatable\/Pneumatic Mass Casualty Decon Shower System"},{"@type":"BreadcrumbList","@id":"https:\/\/safetysourcefire.ca\/?product=dat3030s-sys#breadcrumb","itemListElement":[{"@type":"ListItem","position":1,"name":"Home","item":"https:\/\/safetysourcefire.ca\/"},{"@type":"ListItem","position":2,"name":"Products","item":"https:\/\/safetysourcefire.ca\/shop\/"},{"@type":"ListItem","position":3,"name":"DAT3030S-SYS"}]},{"@type":"WebSite","@id":"https:\/\/safetysourcefire.ca\/#website","url":"https:\/\/safetysourcefire.ca\/","name":"Safety Source Fire","description":"","publisher":{"@id":"https:\/\/safetysourcefire.ca\/#organization"},"potentialAction":[{"@type":"SearchAction","target":{"@type":"EntryPoint","urlTemplate":"https:\/\/safetysourcefire.ca\/?s={search_term_string}"},"query-input":{"@type":"PropertyValueSpecification","valueRequired":true,"valueName":"search_term_string"}}],"inLanguage":"fr-CA"},{"@type":"Organization","@id":"https:\/\/safetysourcefire.ca\/#organization","name":"Safety Source Fire","url":"https:\/\/safetysourcefire.ca\/","logo":{"@type":"ImageObject","inLanguage":"fr-CA","@id":"https:\/\/safetysourcefire.ca\/#\/schema\/logo\/image\/","url":"https:\/\/safetysourcefire.ca\/wp-content\/uploads\/2021\/01\/SSF_logo_CC0000-3.png","contentUrl":"https:\/\/safetysourcefire.ca\/wp-content\/uploads\/2021\/01\/SSF_logo_CC0000-3.png","width":1107,"height":365,"caption":"Safety Source Fire"},"image":{"@id":"https:\/\/safetysourcefire.ca\/#\/schema\/logo\/image\/"},"sameAs":["https:\/\/www.facebook.com\/mmfssca","https:\/\/x.com\/mmfssca"]}]}},"_links":{"self":[{"href":"https:\/\/safetysourcefire.ca\/fr\/wp-json\/wp\/v2\/product\/728","targetHints":{"allow":["GET"]}}],"collection":[{"href":"https:\/\/safetysourcefire.ca\/fr\/wp-json\/wp\/v2\/product"}],"about":[{"href":"https:\/\/safetysourcefire.ca\/fr\/wp-json\/wp\/v2\/types\/product"}],"wp:featuredmedia":[{"embeddable":true,"href":"https:\/\/safetysourcefire.ca\/fr\/wp-json\/wp\/v2\/media\/1118"}],"wp:attachment":[{"href":"https:\/\/safetysourcefire.ca\/fr\/wp-json\/wp\/v2\/media?parent=728"}],"wp:term":[{"taxonomy":"product_brand","embeddable":true,"href":"https:\/\/safetysourcefire.ca\/fr\/wp-json\/wp\/v2\/product_brand?post=728"},{"taxonomy":"product_cat","embeddable":true,"href":"https:\/\/safetysourcefire.ca\/fr\/wp-json\/wp\/v2\/product_cat?post=728"},{"taxonomy":"product_tag","embeddable":true,"href":"https:\/\/safetysourcefire.ca\/fr\/wp-json\/wp\/v2\/product_tag?post=728"}],"curies":[{"name":"wp","href":"https:\/\/api.w.org\/{rel}","templated":true}]}}