{"id":735,"date":"2018-08-07T09:00:46","date_gmt":"2018-08-07T09:00:46","guid":{"rendered":"http:\/\/mmfss.ca\/?post_type=product&#038;p=735"},"modified":"2021-04-09T16:10:12","modified_gmt":"2021-04-09T16:10:12","slug":"ruptureseal","status":"publish","type":"product","link":"https:\/\/safetysourcefire.ca\/fr\/produit\/ruptureseal\/","title":{"rendered":"RuptureSeal \u2122"},"content":{"rendered":"<p><strong>RuptureSeal <\/strong>est une gamme de dispositifs anti-fuites rapides et faciles d'utilisation con\u00e7us \u00e0 des fins commerciales et industrielles ainsi que pour le nettoyage individuel. Gr\u00e2ce \u00e0 une technologie nouvellement brevet\u00e9e, RuptureSeal peut fermer des br\u00e8ches, minimiser les dommages, aider \u00e0 prot\u00e9ger l'environnement, et pr\u00e9server la sant\u00e9 ainsi que la s\u00e9curit\u00e9 des utilisateurs. \u00c9conomisez potentiellement des milliers de dollars gr\u00e2ce \u00e0 l'assainissement des d\u00e9versements, <strong>et, encore plus important, sauvez des vies<\/strong>.<\/p>\n<p>Disponible en deux versions \u2013 <strong>Industriel<\/strong> et <strong>VR marin<\/strong>\u2013 les deux outils peuvent \u00eatre actionn\u00e9s rapidement et simplement en comprimant un tampon en silicone dans la fuite, tout en tirant sur la poign\u00e9e. L'appareil est fix\u00e9 m\u00e9caniquement en place, permettant de sceller la fuite pendant plus de dix heures jusqu'\u00e0 ce qu'une solution permanente soit disponible.<\/p>\n<p>Disponible dans les tailles suivantes :<\/p>\n<ul>\n<li><strong>RS-1<\/strong>\u00a0 1\/8\u2033 \u2013 1\u2033 (4mm \u2013 25mm)<\/li>\n<li><strong>RS-2<\/strong>\u00a0 \u00bc\u201d \u2013 2\u2033 (6mm \u2013 50mm)<\/li>\n<li><strong>RS-2\u00d76<\/strong> \u00bc \u201d x 4\u2033 (6mm x 100mm) \u2013 2\u2033 x 6\u2033 (50mm x 150mm)<\/li>\n<\/ul>","protected":false},"excerpt":{"rendered":"<p>RuptureSeal is a line of quick and easy leak-stopping devices designed for commercial and industrial purposes as well as individual cleanup. Using newly patented technology, RuptureSeal can safely close breaches, minimize damage, help protect the environment, preserve health and safety, potentially save thousands of dollars through spill remediation, and save lives. Available in two lines [&hellip;]<\/p>\n","protected":false},"featured_media":1123,"template":"","meta":[],"product_brand":[150],"product_cat":[47,78],"product_tag":[340,339],"class_list":{"0":"post-735","1":"product","2":"type-product","3":"status-publish","4":"has-post-thumbnail","6":"product_brand-ruptureseal","7":"product_cat-hazmat","8":"product_cat-spill-response","9":"product_tag-rupture-seal","10":"product_tag-ruptureseal","12":"first","13":"instock","14":"shipping-taxable","15":"product-type-simple"},"yoast_head":"<!-- This site is optimized with the Yoast SEO plugin v27.4 - https:\/\/yoast.com\/product\/yoast-seo-wordpress\/ -->\n<title>RuptureSeal\u2122 - Safety Source Fire<\/title>\n<meta name=\"robots\" content=\"index, follow, max-snippet:-1, max-image-preview:large, max-video-preview:-1\" \/>\n<link rel=\"canonical\" href=\"https:\/\/safetysourcefire.ca\/fr\/?product=ruptureseal\" \/>\n<meta property=\"og:locale\" content=\"fr_CA\" \/>\n<meta property=\"og:type\" content=\"article\" \/>\n<meta property=\"og:title\" content=\"RuptureSeal\u2122 - Safety Source Fire\" \/>\n<meta property=\"og:description\" content=\"RuptureSeal is a line of quick and easy leak-stopping devices designed for commercial and industrial purposes as well as individual cleanup. Using newly patented technology, RuptureSeal can safely close breaches, minimize damage, help protect the environment, preserve health and safety, potentially save thousands of dollars through spill remediation, and save lives. Available in two lines [&hellip;]\" \/>\n<meta property=\"og:url\" content=\"https:\/\/safetysourcefire.ca\/fr\/?product=ruptureseal\" \/>\n<meta property=\"og:site_name\" content=\"Safety Source Fire\" \/>\n<meta property=\"article:publisher\" content=\"https:\/\/www.facebook.com\/mmfssca\" \/>\n<meta property=\"article:modified_time\" content=\"2021-04-09T16:10:12+00:00\" \/>\n<meta property=\"og:image\" content=\"https:\/\/safetysourcefire.ca\/wp-content\/uploads\/2017\/05\/Rupture-Seal.jpg\" \/>\n\t<meta property=\"og:image:width\" content=\"600\" \/>\n\t<meta property=\"og:image:height\" content=\"600\" \/>\n\t<meta property=\"og:image:type\" content=\"image\/jpeg\" \/>\n<meta name=\"twitter:card\" content=\"summary_large_image\" \/>\n<meta name=\"twitter:site\" content=\"@mmfssca\" \/>\n<meta name=\"twitter:label1\" content=\"Estimation du temps de lecture\" \/>\n\t<meta name=\"twitter:data1\" content=\"1 minute\" \/>\n<script type=\"application\/ld+json\" class=\"yoast-schema-graph\">{\"@context\":\"https:\\\/\\\/schema.org\",\"@graph\":[{\"@type\":\"WebPage\",\"@id\":\"https:\\\/\\\/safetysourcefire.ca\\\/?product=ruptureseal\",\"url\":\"https:\\\/\\\/safetysourcefire.ca\\\/?product=ruptureseal\",\"name\":\"RuptureSeal\u2122 - Safety Source Fire\",\"isPartOf\":{\"@id\":\"https:\\\/\\\/safetysourcefire.ca\\\/#website\"},\"primaryImageOfPage\":{\"@id\":\"https:\\\/\\\/safetysourcefire.ca\\\/?product=ruptureseal#primaryimage\"},\"image\":{\"@id\":\"https:\\\/\\\/safetysourcefire.ca\\\/?product=ruptureseal#primaryimage\"},\"thumbnailUrl\":\"https:\\\/\\\/safetysourcefire.ca\\\/wp-content\\\/uploads\\\/2017\\\/05\\\/Rupture-Seal.jpg\",\"datePublished\":\"2018-08-07T09:00:46+00:00\",\"dateModified\":\"2021-04-09T16:10:12+00:00\",\"breadcrumb\":{\"@id\":\"https:\\\/\\\/safetysourcefire.ca\\\/?product=ruptureseal#breadcrumb\"},\"inLanguage\":\"fr-CA\",\"potentialAction\":[{\"@type\":\"ReadAction\",\"target\":[\"https:\\\/\\\/safetysourcefire.ca\\\/?product=ruptureseal\"]}]},{\"@type\":\"ImageObject\",\"inLanguage\":\"fr-CA\",\"@id\":\"https:\\\/\\\/safetysourcefire.ca\\\/?product=ruptureseal#primaryimage\",\"url\":\"https:\\\/\\\/safetysourcefire.ca\\\/wp-content\\\/uploads\\\/2017\\\/05\\\/Rupture-Seal.jpg\",\"contentUrl\":\"https:\\\/\\\/safetysourcefire.ca\\\/wp-content\\\/uploads\\\/2017\\\/05\\\/Rupture-Seal.jpg\",\"width\":600,\"height\":600,\"caption\":\"RuptureSeal\"},{\"@type\":\"BreadcrumbList\",\"@id\":\"https:\\\/\\\/safetysourcefire.ca\\\/?product=ruptureseal#breadcrumb\",\"itemListElement\":[{\"@type\":\"ListItem\",\"position\":1,\"name\":\"Home\",\"item\":\"https:\\\/\\\/safetysourcefire.ca\\\/\"},{\"@type\":\"ListItem\",\"position\":2,\"name\":\"Products\",\"item\":\"https:\\\/\\\/safetysourcefire.ca\\\/shop\\\/\"},{\"@type\":\"ListItem\",\"position\":3,\"name\":\"RuptureSeal\u2122\"}]},{\"@type\":\"WebSite\",\"@id\":\"https:\\\/\\\/safetysourcefire.ca\\\/#website\",\"url\":\"https:\\\/\\\/safetysourcefire.ca\\\/\",\"name\":\"Safety Source Fire\",\"description\":\"\",\"publisher\":{\"@id\":\"https:\\\/\\\/safetysourcefire.ca\\\/#organization\"},\"potentialAction\":[{\"@type\":\"SearchAction\",\"target\":{\"@type\":\"EntryPoint\",\"urlTemplate\":\"https:\\\/\\\/safetysourcefire.ca\\\/?s={search_term_string}\"},\"query-input\":{\"@type\":\"PropertyValueSpecification\",\"valueRequired\":true,\"valueName\":\"search_term_string\"}}],\"inLanguage\":\"fr-CA\"},{\"@type\":\"Organization\",\"@id\":\"https:\\\/\\\/safetysourcefire.ca\\\/#organization\",\"name\":\"Safety Source Fire\",\"url\":\"https:\\\/\\\/safetysourcefire.ca\\\/\",\"logo\":{\"@type\":\"ImageObject\",\"inLanguage\":\"fr-CA\",\"@id\":\"https:\\\/\\\/safetysourcefire.ca\\\/#\\\/schema\\\/logo\\\/image\\\/\",\"url\":\"https:\\\/\\\/safetysourcefire.ca\\\/wp-content\\\/uploads\\\/2021\\\/01\\\/SSF_logo_CC0000-3.png\",\"contentUrl\":\"https:\\\/\\\/safetysourcefire.ca\\\/wp-content\\\/uploads\\\/2021\\\/01\\\/SSF_logo_CC0000-3.png\",\"width\":1107,\"height\":365,\"caption\":\"Safety Source Fire\"},\"image\":{\"@id\":\"https:\\\/\\\/safetysourcefire.ca\\\/#\\\/schema\\\/logo\\\/image\\\/\"},\"sameAs\":[\"https:\\\/\\\/www.facebook.com\\\/mmfssca\",\"https:\\\/\\\/x.com\\\/mmfssca\"]}]}<\/script>\n<!-- \/ Yoast SEO plugin. -->","yoast_head_json":{"title":"RuptureSeal\u2122 - Source de s\u00e9curit\u00e9 incendie","robots":{"index":"index","follow":"follow","max-snippet":"max-snippet:-1","max-image-preview":"max-image-preview:large","max-video-preview":"max-video-preview:-1"},"canonical":"https:\/\/safetysourcefire.ca\/fr\/?product=ruptureseal","og_locale":"fr_CA","og_type":"article","og_title":"RuptureSeal\u2122 - Safety Source Fire","og_description":"RuptureSeal is a line of quick and easy leak-stopping devices designed for commercial and industrial purposes as well as individual cleanup. Using newly patented technology, RuptureSeal can safely close breaches, minimize damage, help protect the environment, preserve health and safety, potentially save thousands of dollars through spill remediation, and save lives. Available in two lines [&hellip;]","og_url":"https:\/\/safetysourcefire.ca\/fr\/?product=ruptureseal","og_site_name":"Safety Source Fire","article_publisher":"https:\/\/www.facebook.com\/mmfssca","article_modified_time":"2021-04-09T16:10:12+00:00","og_image":[{"width":600,"height":600,"url":"https:\/\/safetysourcefire.ca\/wp-content\/uploads\/2017\/05\/Rupture-Seal.jpg","type":"image\/jpeg"}],"twitter_card":"summary_large_image","twitter_site":"@mmfssca","twitter_misc":{"Estimation du temps de lecture":"1 minute"},"schema":{"@context":"https:\/\/schema.org","@graph":[{"@type":"WebPage","@id":"https:\/\/safetysourcefire.ca\/?product=ruptureseal","url":"https:\/\/safetysourcefire.ca\/?product=ruptureseal","name":"RuptureSeal\u2122 - Source de s\u00e9curit\u00e9 incendie","isPartOf":{"@id":"https:\/\/safetysourcefire.ca\/#website"},"primaryImageOfPage":{"@id":"https:\/\/safetysourcefire.ca\/?product=ruptureseal#primaryimage"},"image":{"@id":"https:\/\/safetysourcefire.ca\/?product=ruptureseal#primaryimage"},"thumbnailUrl":"https:\/\/safetysourcefire.ca\/wp-content\/uploads\/2017\/05\/Rupture-Seal.jpg","datePublished":"2018-08-07T09:00:46+00:00","dateModified":"2021-04-09T16:10:12+00:00","breadcrumb":{"@id":"https:\/\/safetysourcefire.ca\/?product=ruptureseal#breadcrumb"},"inLanguage":"fr-CA","potentialAction":[{"@type":"ReadAction","target":["https:\/\/safetysourcefire.ca\/?product=ruptureseal"]}]},{"@type":"ImageObject","inLanguage":"fr-CA","@id":"https:\/\/safetysourcefire.ca\/?product=ruptureseal#primaryimage","url":"https:\/\/safetysourcefire.ca\/wp-content\/uploads\/2017\/05\/Rupture-Seal.jpg","contentUrl":"https:\/\/safetysourcefire.ca\/wp-content\/uploads\/2017\/05\/Rupture-Seal.jpg","width":600,"height":600,"caption":"RuptureSeal"},{"@type":"BreadcrumbList","@id":"https:\/\/safetysourcefire.ca\/?product=ruptureseal#breadcrumb","itemListElement":[{"@type":"ListItem","position":1,"name":"Home","item":"https:\/\/safetysourcefire.ca\/"},{"@type":"ListItem","position":2,"name":"Products","item":"https:\/\/safetysourcefire.ca\/shop\/"},{"@type":"ListItem","position":3,"name":"RuptureSeal\u2122"}]},{"@type":"WebSite","@id":"https:\/\/safetysourcefire.ca\/#website","url":"https:\/\/safetysourcefire.ca\/","name":"Safety Source Fire","description":"","publisher":{"@id":"https:\/\/safetysourcefire.ca\/#organization"},"potentialAction":[{"@type":"SearchAction","target":{"@type":"EntryPoint","urlTemplate":"https:\/\/safetysourcefire.ca\/?s={search_term_string}"},"query-input":{"@type":"PropertyValueSpecification","valueRequired":true,"valueName":"search_term_string"}}],"inLanguage":"fr-CA"},{"@type":"Organization","@id":"https:\/\/safetysourcefire.ca\/#organization","name":"Safety Source Fire","url":"https:\/\/safetysourcefire.ca\/","logo":{"@type":"ImageObject","inLanguage":"fr-CA","@id":"https:\/\/safetysourcefire.ca\/#\/schema\/logo\/image\/","url":"https:\/\/safetysourcefire.ca\/wp-content\/uploads\/2021\/01\/SSF_logo_CC0000-3.png","contentUrl":"https:\/\/safetysourcefire.ca\/wp-content\/uploads\/2021\/01\/SSF_logo_CC0000-3.png","width":1107,"height":365,"caption":"Safety Source Fire"},"image":{"@id":"https:\/\/safetysourcefire.ca\/#\/schema\/logo\/image\/"},"sameAs":["https:\/\/www.facebook.com\/mmfssca","https:\/\/x.com\/mmfssca"]}]}},"_links":{"self":[{"href":"https:\/\/safetysourcefire.ca\/fr\/wp-json\/wp\/v2\/product\/735","targetHints":{"allow":["GET"]}}],"collection":[{"href":"https:\/\/safetysourcefire.ca\/fr\/wp-json\/wp\/v2\/product"}],"about":[{"href":"https:\/\/safetysourcefire.ca\/fr\/wp-json\/wp\/v2\/types\/product"}],"wp:featuredmedia":[{"embeddable":true,"href":"https:\/\/safetysourcefire.ca\/fr\/wp-json\/wp\/v2\/media\/1123"}],"wp:attachment":[{"href":"https:\/\/safetysourcefire.ca\/fr\/wp-json\/wp\/v2\/media?parent=735"}],"wp:term":[{"taxonomy":"product_brand","embeddable":true,"href":"https:\/\/safetysourcefire.ca\/fr\/wp-json\/wp\/v2\/product_brand?post=735"},{"taxonomy":"product_cat","embeddable":true,"href":"https:\/\/safetysourcefire.ca\/fr\/wp-json\/wp\/v2\/product_cat?post=735"},{"taxonomy":"product_tag","embeddable":true,"href":"https:\/\/safetysourcefire.ca\/fr\/wp-json\/wp\/v2\/product_tag?post=735"}],"curies":[{"name":"wp","href":"https:\/\/api.w.org\/{rel}","templated":true}]}}