{"id":749,"date":"2017-05-02T14:49:33","date_gmt":"2017-05-02T14:49:33","guid":{"rendered":"http:\/\/mmfss.ca\/?post_type=product&#038;p=749"},"modified":"2018-03-19T13:16:11","modified_gmt":"2018-03-19T13:16:11","slug":"series-e-universal-hazardous-materials-response-kit","status":"publish","type":"product","link":"https:\/\/safetysourcefire.ca\/fr\/produit\/series-e-universal-hazardous-materials-response-kit\/","title":{"rendered":"Ensemble d'intervention universel pour les mati\u00e8res dangereuses - s\u00e9rie \u00abE\u00bb"},"content":{"rendered":"<p>Emploie une conception de bandages double en \u00abT\u00bb \u00e0 application rapide pour les crevaisons de type chariot \u00e9l\u00e9vateur.<br \/>\nCette trousse contient :<\/p>\n<ul>\n<li>Bouchon \u00e0 bille<\/li>\n<li>Bouchon de surface conique<\/li>\n<li>\u00c9cusson en \"T\"<\/li>\n<li>\u00c9cusson \u00e0 vis<\/li>\n<li>Paquet de laine de plomb<\/li>\n<li>Ruban pour tuyau chaud ou froid<\/li>\n<li>Mousse 18\u2033 x 22\u2033 1\/4\u2033<\/li>\n<li>Ruban de barri\u00e8re<\/li>\n<li>Pott\u00e9e PND Plug<\/li>\n<li>\u00c9cusson en mousse 8\u2033 x 12\u2033<\/li>\n<li>Mastic \u00e9poxy Fix-Stix<\/li>\n<li>Mat\u00e9riau n\u00e9opr\u00e8ne 8 &quot;x 12&quot;<\/li>\n<li>Paquet de copeaux de bois<\/li>\n<li>Marteau de s\u00e9curit\u00e9<\/li>\n<li>Trousse d&#039;outils en acier pour goupilles de d\u00e9rive OU mallette de transport anti-\u00e9tincelles pour goupilles de d\u00e9rive<\/li>\n<li>Tampon absorbant 18\u2033 x 18\u2033<\/li>\n<li>3 \u2013 Boulons en T en acier inoxydable pour 8 x 12 avec combos d&#039;\u00e9crous \u00e0 oreilles en acier inoxydable<\/li>\n<\/ul>\n<p><strong>REMARQUE: <\/strong>Les ensembles contiennent soit la trousse d'outils en acier OU la trousse anti-\u00e9tincelles et la goupille de d\u00e9rivation. <strong>MISE EN GARDE<\/strong>: Cet ensemble est con\u00e7u pour \u00eatre utilis\u00e9 uniquement par du personnel exp\u00e9riment\u00e9 et form\u00e9. Utilisation uniquement temporaire pour un contr\u00f4le partiel jusqu'\u00e0 ce que le conteneur puisse \u00eatre mis au rebut. Des v\u00eatements de protection appropri\u00e9s doivent \u00eatre port\u00e9s pendant l'utilisation.<\/p>","protected":false},"excerpt":{"rendered":"<p>Cette trousse d'intervention universelle pour mati\u00e8res dangereuses de la s\u00e9rie \u00abE\u00bb peut servir pour couvrir tous les petits et moyens trous.<\/p>","protected":false},"featured_media":1132,"template":"","meta":[],"product_brand":[151],"product_cat":[47,78],"product_tag":[285],"class_list":{"0":"post-749","1":"product","2":"type-product","3":"status-publish","4":"has-post-thumbnail","6":"product_brand-edwards-cromwell","7":"product_cat-hazmat","8":"product_cat-spill-response","9":"product_tag-edwards-cromwell","11":"first","12":"instock","13":"shipping-taxable","14":"product-type-simple"},"yoast_head":"<!-- This site is optimized with the Yoast SEO plugin v27.4 - https:\/\/yoast.com\/product\/yoast-seo-wordpress\/ -->\n<title>Series &quot;E&quot; Universal Hazardous Materials Response Kit - Safety Source Fire<\/title>\n<meta name=\"robots\" content=\"index, follow, max-snippet:-1, max-image-preview:large, max-video-preview:-1\" \/>\n<link rel=\"canonical\" href=\"https:\/\/safetysourcefire.ca\/fr\/?product=series-e-universal-hazardous-materials-response-kit\" \/>\n<meta property=\"og:locale\" content=\"fr_CA\" \/>\n<meta property=\"og:type\" content=\"article\" \/>\n<meta property=\"og:title\" content=\"Series &quot;E&quot; Universal Hazardous Materials Response Kit - Safety Source Fire\" \/>\n<meta property=\"og:description\" content=\"The Series &quot;E&quot; Universal Hazardous Materials Response Kit to cover small to medium holes.\" \/>\n<meta property=\"og:url\" content=\"https:\/\/safetysourcefire.ca\/fr\/?product=series-e-universal-hazardous-materials-response-kit\" \/>\n<meta property=\"og:site_name\" content=\"Safety Source Fire\" \/>\n<meta property=\"article:publisher\" content=\"https:\/\/www.facebook.com\/mmfssca\" \/>\n<meta property=\"article:modified_time\" content=\"2018-03-19T13:16:11+00:00\" \/>\n<meta property=\"og:image\" content=\"https:\/\/safetysourcefire.ca\/wp-content\/uploads\/2017\/05\/E.jpg\" \/>\n\t<meta property=\"og:image:width\" content=\"600\" \/>\n\t<meta property=\"og:image:height\" content=\"600\" \/>\n\t<meta property=\"og:image:type\" content=\"image\/jpeg\" \/>\n<meta name=\"twitter:card\" content=\"summary_large_image\" \/>\n<meta name=\"twitter:site\" content=\"@mmfssca\" \/>\n<meta name=\"twitter:label1\" content=\"Estimation du temps de lecture\" \/>\n\t<meta name=\"twitter:data1\" content=\"1 minute\" \/>\n<script type=\"application\/ld+json\" class=\"yoast-schema-graph\">{\"@context\":\"https:\\\/\\\/schema.org\",\"@graph\":[{\"@type\":\"WebPage\",\"@id\":\"https:\\\/\\\/safetysourcefire.ca\\\/?product=series-e-universal-hazardous-materials-response-kit\",\"url\":\"https:\\\/\\\/safetysourcefire.ca\\\/?product=series-e-universal-hazardous-materials-response-kit\",\"name\":\"Series \\\"E\\\" Universal Hazardous Materials Response Kit - Safety Source Fire\",\"isPartOf\":{\"@id\":\"https:\\\/\\\/safetysourcefire.ca\\\/#website\"},\"primaryImageOfPage\":{\"@id\":\"https:\\\/\\\/safetysourcefire.ca\\\/?product=series-e-universal-hazardous-materials-response-kit#primaryimage\"},\"image\":{\"@id\":\"https:\\\/\\\/safetysourcefire.ca\\\/?product=series-e-universal-hazardous-materials-response-kit#primaryimage\"},\"thumbnailUrl\":\"https:\\\/\\\/safetysourcefire.ca\\\/wp-content\\\/uploads\\\/2017\\\/05\\\/E.jpg\",\"datePublished\":\"2017-05-02T14:49:33+00:00\",\"dateModified\":\"2018-03-19T13:16:11+00:00\",\"breadcrumb\":{\"@id\":\"https:\\\/\\\/safetysourcefire.ca\\\/?product=series-e-universal-hazardous-materials-response-kit#breadcrumb\"},\"inLanguage\":\"fr-CA\",\"potentialAction\":[{\"@type\":\"ReadAction\",\"target\":[\"https:\\\/\\\/safetysourcefire.ca\\\/?product=series-e-universal-hazardous-materials-response-kit\"]}]},{\"@type\":\"ImageObject\",\"inLanguage\":\"fr-CA\",\"@id\":\"https:\\\/\\\/safetysourcefire.ca\\\/?product=series-e-universal-hazardous-materials-response-kit#primaryimage\",\"url\":\"https:\\\/\\\/safetysourcefire.ca\\\/wp-content\\\/uploads\\\/2017\\\/05\\\/E.jpg\",\"contentUrl\":\"https:\\\/\\\/safetysourcefire.ca\\\/wp-content\\\/uploads\\\/2017\\\/05\\\/E.jpg\",\"width\":600,\"height\":600,\"caption\":\"Series \\\"E\\\" Universal Hazardous Materials Response Kit\"},{\"@type\":\"BreadcrumbList\",\"@id\":\"https:\\\/\\\/safetysourcefire.ca\\\/?product=series-e-universal-hazardous-materials-response-kit#breadcrumb\",\"itemListElement\":[{\"@type\":\"ListItem\",\"position\":1,\"name\":\"Home\",\"item\":\"https:\\\/\\\/safetysourcefire.ca\\\/\"},{\"@type\":\"ListItem\",\"position\":2,\"name\":\"Products\",\"item\":\"https:\\\/\\\/safetysourcefire.ca\\\/shop\\\/\"},{\"@type\":\"ListItem\",\"position\":3,\"name\":\"Series &#8220;E&#8221; Universal Hazardous Materials Response Kit\"}]},{\"@type\":\"WebSite\",\"@id\":\"https:\\\/\\\/safetysourcefire.ca\\\/#website\",\"url\":\"https:\\\/\\\/safetysourcefire.ca\\\/\",\"name\":\"Safety Source Fire\",\"description\":\"\",\"publisher\":{\"@id\":\"https:\\\/\\\/safetysourcefire.ca\\\/#organization\"},\"potentialAction\":[{\"@type\":\"SearchAction\",\"target\":{\"@type\":\"EntryPoint\",\"urlTemplate\":\"https:\\\/\\\/safetysourcefire.ca\\\/?s={search_term_string}\"},\"query-input\":{\"@type\":\"PropertyValueSpecification\",\"valueRequired\":true,\"valueName\":\"search_term_string\"}}],\"inLanguage\":\"fr-CA\"},{\"@type\":\"Organization\",\"@id\":\"https:\\\/\\\/safetysourcefire.ca\\\/#organization\",\"name\":\"Safety Source Fire\",\"url\":\"https:\\\/\\\/safetysourcefire.ca\\\/\",\"logo\":{\"@type\":\"ImageObject\",\"inLanguage\":\"fr-CA\",\"@id\":\"https:\\\/\\\/safetysourcefire.ca\\\/#\\\/schema\\\/logo\\\/image\\\/\",\"url\":\"https:\\\/\\\/safetysourcefire.ca\\\/wp-content\\\/uploads\\\/2021\\\/01\\\/SSF_logo_CC0000-3.png\",\"contentUrl\":\"https:\\\/\\\/safetysourcefire.ca\\\/wp-content\\\/uploads\\\/2021\\\/01\\\/SSF_logo_CC0000-3.png\",\"width\":1107,\"height\":365,\"caption\":\"Safety Source Fire\"},\"image\":{\"@id\":\"https:\\\/\\\/safetysourcefire.ca\\\/#\\\/schema\\\/logo\\\/image\\\/\"},\"sameAs\":[\"https:\\\/\\\/www.facebook.com\\\/mmfssca\",\"https:\\\/\\\/x.com\\\/mmfssca\"]}]}<\/script>\n<!-- \/ Yoast SEO plugin. -->","yoast_head_json":{"title":"Series \"E\" Universal Hazardous Materials Response Kit - Safety Source Fire","robots":{"index":"index","follow":"follow","max-snippet":"max-snippet:-1","max-image-preview":"max-image-preview:large","max-video-preview":"max-video-preview:-1"},"canonical":"https:\/\/safetysourcefire.ca\/fr\/?product=series-e-universal-hazardous-materials-response-kit","og_locale":"fr_CA","og_type":"article","og_title":"Series \"E\" Universal Hazardous Materials Response Kit - Safety Source Fire","og_description":"The Series \"E\" Universal Hazardous Materials Response Kit to cover small to medium holes.","og_url":"https:\/\/safetysourcefire.ca\/fr\/?product=series-e-universal-hazardous-materials-response-kit","og_site_name":"Safety Source Fire","article_publisher":"https:\/\/www.facebook.com\/mmfssca","article_modified_time":"2018-03-19T13:16:11+00:00","og_image":[{"width":600,"height":600,"url":"https:\/\/safetysourcefire.ca\/wp-content\/uploads\/2017\/05\/E.jpg","type":"image\/jpeg"}],"twitter_card":"summary_large_image","twitter_site":"@mmfssca","twitter_misc":{"Estimation du temps de lecture":"1 minute"},"schema":{"@context":"https:\/\/schema.org","@graph":[{"@type":"WebPage","@id":"https:\/\/safetysourcefire.ca\/?product=series-e-universal-hazardous-materials-response-kit","url":"https:\/\/safetysourcefire.ca\/?product=series-e-universal-hazardous-materials-response-kit","name":"Series \"E\" Universal Hazardous Materials Response Kit - Safety Source Fire","isPartOf":{"@id":"https:\/\/safetysourcefire.ca\/#website"},"primaryImageOfPage":{"@id":"https:\/\/safetysourcefire.ca\/?product=series-e-universal-hazardous-materials-response-kit#primaryimage"},"image":{"@id":"https:\/\/safetysourcefire.ca\/?product=series-e-universal-hazardous-materials-response-kit#primaryimage"},"thumbnailUrl":"https:\/\/safetysourcefire.ca\/wp-content\/uploads\/2017\/05\/E.jpg","datePublished":"2017-05-02T14:49:33+00:00","dateModified":"2018-03-19T13:16:11+00:00","breadcrumb":{"@id":"https:\/\/safetysourcefire.ca\/?product=series-e-universal-hazardous-materials-response-kit#breadcrumb"},"inLanguage":"fr-CA","potentialAction":[{"@type":"ReadAction","target":["https:\/\/safetysourcefire.ca\/?product=series-e-universal-hazardous-materials-response-kit"]}]},{"@type":"ImageObject","inLanguage":"fr-CA","@id":"https:\/\/safetysourcefire.ca\/?product=series-e-universal-hazardous-materials-response-kit#primaryimage","url":"https:\/\/safetysourcefire.ca\/wp-content\/uploads\/2017\/05\/E.jpg","contentUrl":"https:\/\/safetysourcefire.ca\/wp-content\/uploads\/2017\/05\/E.jpg","width":600,"height":600,"caption":"Series \"E\" Universal Hazardous Materials Response Kit"},{"@type":"BreadcrumbList","@id":"https:\/\/safetysourcefire.ca\/?product=series-e-universal-hazardous-materials-response-kit#breadcrumb","itemListElement":[{"@type":"ListItem","position":1,"name":"Home","item":"https:\/\/safetysourcefire.ca\/"},{"@type":"ListItem","position":2,"name":"Products","item":"https:\/\/safetysourcefire.ca\/shop\/"},{"@type":"ListItem","position":3,"name":"Series &#8220;E&#8221; Universal Hazardous Materials Response Kit"}]},{"@type":"WebSite","@id":"https:\/\/safetysourcefire.ca\/#website","url":"https:\/\/safetysourcefire.ca\/","name":"Safety Source Fire","description":"","publisher":{"@id":"https:\/\/safetysourcefire.ca\/#organization"},"potentialAction":[{"@type":"SearchAction","target":{"@type":"EntryPoint","urlTemplate":"https:\/\/safetysourcefire.ca\/?s={search_term_string}"},"query-input":{"@type":"PropertyValueSpecification","valueRequired":true,"valueName":"search_term_string"}}],"inLanguage":"fr-CA"},{"@type":"Organization","@id":"https:\/\/safetysourcefire.ca\/#organization","name":"Safety Source Fire","url":"https:\/\/safetysourcefire.ca\/","logo":{"@type":"ImageObject","inLanguage":"fr-CA","@id":"https:\/\/safetysourcefire.ca\/#\/schema\/logo\/image\/","url":"https:\/\/safetysourcefire.ca\/wp-content\/uploads\/2021\/01\/SSF_logo_CC0000-3.png","contentUrl":"https:\/\/safetysourcefire.ca\/wp-content\/uploads\/2021\/01\/SSF_logo_CC0000-3.png","width":1107,"height":365,"caption":"Safety Source Fire"},"image":{"@id":"https:\/\/safetysourcefire.ca\/#\/schema\/logo\/image\/"},"sameAs":["https:\/\/www.facebook.com\/mmfssca","https:\/\/x.com\/mmfssca"]}]}},"_links":{"self":[{"href":"https:\/\/safetysourcefire.ca\/fr\/wp-json\/wp\/v2\/product\/749","targetHints":{"allow":["GET"]}}],"collection":[{"href":"https:\/\/safetysourcefire.ca\/fr\/wp-json\/wp\/v2\/product"}],"about":[{"href":"https:\/\/safetysourcefire.ca\/fr\/wp-json\/wp\/v2\/types\/product"}],"wp:featuredmedia":[{"embeddable":true,"href":"https:\/\/safetysourcefire.ca\/fr\/wp-json\/wp\/v2\/media\/1132"}],"wp:attachment":[{"href":"https:\/\/safetysourcefire.ca\/fr\/wp-json\/wp\/v2\/media?parent=749"}],"wp:term":[{"taxonomy":"product_brand","embeddable":true,"href":"https:\/\/safetysourcefire.ca\/fr\/wp-json\/wp\/v2\/product_brand?post=749"},{"taxonomy":"product_cat","embeddable":true,"href":"https:\/\/safetysourcefire.ca\/fr\/wp-json\/wp\/v2\/product_cat?post=749"},{"taxonomy":"product_tag","embeddable":true,"href":"https:\/\/safetysourcefire.ca\/fr\/wp-json\/wp\/v2\/product_tag?post=749"}],"curies":[{"name":"wp","href":"https:\/\/api.w.org\/{rel}","templated":true}]}}