{"id":750,"date":"2017-05-02T14:58:50","date_gmt":"2017-05-02T14:58:50","guid":{"rendered":"http:\/\/mmfss.ca\/?post_type=product&#038;p=750"},"modified":"2018-03-19T13:16:10","modified_gmt":"2018-03-19T13:16:10","slug":"series-ae-universal-kit","status":"publish","type":"product","link":"https:\/\/safetysourcefire.ca\/fr\/produit\/series-ae-universal-kit\/","title":{"rendered":"Trousse universelle - S\u00e9rie \u00abAE\u00bb"},"content":{"rendered":"<p>Couvrez des trous sur les surfaces plane, convexe ou concave! Couvrez les fissures, les craquelures et bien plus encore\u00a0! Les ensembles comprennent des patchs \u00e0 vis et en \u00abT\u00bb, des bouchons de surface sph\u00e9riques et coniques, du mastic \u00e9poxy, de la laine de plomb, du ruban, des copeaux de bois ainsi tous les outils et le mat\u00e9riel n\u00e9cessaire au blocage des fuites.<br \/>\nCe kit utilise notre patch double en \u00ab T \u00bb \u00e0 application rapide et notre conception \u00e9prouv\u00e9e de patch en \u00e9chelle pour vos crevaisons moyennes de type chariot \u00e9l\u00e9vateur. Le kit contient \u00e9galement divers bouchons et patchs pour les petits trous, ainsi que tous les outils et le mat\u00e9riel n\u00e9cessaires.<\/p>\n<ul>\n<li>2 bouchons \u00e0 bille<\/li>\n<li>4 bouchons de surface coniques<\/li>\n<li>2 patchs en &quot;T&quot;<\/li>\n<li>5 patchs \u00e0 vis<\/li>\n<li>Paquet de laine Leas<\/li>\n<li>Ruban pour tuyau chaud ou froid<\/li>\n<li>18\u2033 x 22 1\/4\u2033 Mousse<\/li>\n<li>Tampon absorbant 18\u2033 x 18\u2033<\/li>\n<li>Ruban de barri\u00e8re<\/li>\n<li>Pott\u00e9e PND Plug<\/li>\n<li>\u00c9cusson en caoutchouc dur 8 \"x 12\"<\/li>\n<li>\u00c9chelle de soutien pour 8 x 12<\/li>\n<li>\u00c9cusson en mousse 8\u2033 x 12\u2033<\/li>\n<li>Mastic \u00e9poxy Fix-Stix<\/li>\n<li>Mat\u00e9riau n\u00e9opr\u00e8ne 8 &quot;x 12&quot;<\/li>\n<li>Paquet de copeaux de bois<\/li>\n<li>Marteau de s\u00e9curit\u00e9<\/li>\n<li>2 sangles en nylon de 22\u2032 avec boucles \u00e0 cliquet et crochets recouverts de caoutchouc<\/li>\n<li>Goupille de d\u00e9rive Acier OU Goupille de d\u00e9rive anti-\u00e9tincelles<\/li>\n<li>Trousse \u00e0 outils en acier OU trousse \u00e0 outils anti-\u00e9tincelles<\/li>\n<li>Mallette de transport<\/li>\n<li>3 boulons en T en acier inoxydable pour 8 \u00d7 12 avec combos d&#039;\u00e9crous \u00e0 oreilles en acier inoxydable<\/li>\n<\/ul>\n<p>REMARQUE : La trousse contient soit le pack d'outils en acier OU anti-\u00e9tincelles et la goupille de chasse. ATTENTION : Cette trousse est con\u00e7ue pour \u00eatre utilis\u00e9e uniquement par du personnel exp\u00e9riment\u00e9 et form\u00e9. Usage uniquement pour un contr\u00f4le temporaire, jusqu'\u00e0 ce que le conteneur puisse \u00eatre mis au rebut. Des v\u00eatements de protection appropri\u00e9s doivent \u00eatre port\u00e9s pendant l'utilisation.<\/p>","protected":false},"excerpt":{"rendered":"<p>Les trousses de type universel permettent de couvrir les petits \u00e0 moyens trous pr\u00e9sents dans tout type de r\u00e9cipient basse pression.<\/p>","protected":false},"featured_media":1127,"template":"","meta":[],"product_brand":[151],"product_cat":[47,78],"product_tag":[285],"class_list":{"0":"post-750","1":"product","2":"type-product","3":"status-publish","4":"has-post-thumbnail","6":"product_brand-edwards-cromwell","7":"product_cat-hazmat","8":"product_cat-spill-response","9":"product_tag-edwards-cromwell","11":"first","12":"instock","13":"shipping-taxable","14":"product-type-simple"},"yoast_head":"<!-- This site is optimized with the Yoast SEO plugin v27.4 - https:\/\/yoast.com\/product\/yoast-seo-wordpress\/ -->\n<title>Series &quot;AE&quot; Universal Kit - Safety Source Fire<\/title>\n<meta name=\"robots\" content=\"index, follow, max-snippet:-1, max-image-preview:large, max-video-preview:-1\" \/>\n<link rel=\"canonical\" href=\"https:\/\/safetysourcefire.ca\/fr\/?product=series-ae-universal-kit\" \/>\n<meta property=\"og:locale\" content=\"fr_CA\" \/>\n<meta property=\"og:type\" content=\"article\" \/>\n<meta property=\"og:title\" content=\"Series &quot;AE&quot; Universal Kit - Safety Source Fire\" \/>\n<meta property=\"og:description\" content=\"Universal type kits cover small to medium holes in any type low pressure vessel.\" \/>\n<meta property=\"og:url\" content=\"https:\/\/safetysourcefire.ca\/fr\/?product=series-ae-universal-kit\" \/>\n<meta property=\"og:site_name\" content=\"Safety Source Fire\" \/>\n<meta property=\"article:publisher\" content=\"https:\/\/www.facebook.com\/mmfssca\" \/>\n<meta property=\"article:modified_time\" content=\"2018-03-19T13:16:10+00:00\" \/>\n<meta property=\"og:image\" content=\"https:\/\/safetysourcefire.ca\/wp-content\/uploads\/2017\/05\/AE.jpg\" \/>\n\t<meta property=\"og:image:width\" content=\"600\" \/>\n\t<meta property=\"og:image:height\" content=\"600\" \/>\n\t<meta property=\"og:image:type\" content=\"image\/jpeg\" \/>\n<meta name=\"twitter:card\" content=\"summary_large_image\" \/>\n<meta name=\"twitter:site\" content=\"@mmfssca\" \/>\n<meta name=\"twitter:label1\" content=\"Estimation du temps de lecture\" \/>\n\t<meta name=\"twitter:data1\" content=\"1 minute\" \/>\n<script type=\"application\/ld+json\" class=\"yoast-schema-graph\">{\"@context\":\"https:\\\/\\\/schema.org\",\"@graph\":[{\"@type\":\"WebPage\",\"@id\":\"https:\\\/\\\/safetysourcefire.ca\\\/?product=series-ae-universal-kit\",\"url\":\"https:\\\/\\\/safetysourcefire.ca\\\/?product=series-ae-universal-kit\",\"name\":\"Series \\\"AE\\\" Universal Kit - Safety Source Fire\",\"isPartOf\":{\"@id\":\"https:\\\/\\\/safetysourcefire.ca\\\/#website\"},\"primaryImageOfPage\":{\"@id\":\"https:\\\/\\\/safetysourcefire.ca\\\/?product=series-ae-universal-kit#primaryimage\"},\"image\":{\"@id\":\"https:\\\/\\\/safetysourcefire.ca\\\/?product=series-ae-universal-kit#primaryimage\"},\"thumbnailUrl\":\"https:\\\/\\\/safetysourcefire.ca\\\/wp-content\\\/uploads\\\/2017\\\/05\\\/AE.jpg\",\"datePublished\":\"2017-05-02T14:58:50+00:00\",\"dateModified\":\"2018-03-19T13:16:10+00:00\",\"breadcrumb\":{\"@id\":\"https:\\\/\\\/safetysourcefire.ca\\\/?product=series-ae-universal-kit#breadcrumb\"},\"inLanguage\":\"fr-CA\",\"potentialAction\":[{\"@type\":\"ReadAction\",\"target\":[\"https:\\\/\\\/safetysourcefire.ca\\\/?product=series-ae-universal-kit\"]}]},{\"@type\":\"ImageObject\",\"inLanguage\":\"fr-CA\",\"@id\":\"https:\\\/\\\/safetysourcefire.ca\\\/?product=series-ae-universal-kit#primaryimage\",\"url\":\"https:\\\/\\\/safetysourcefire.ca\\\/wp-content\\\/uploads\\\/2017\\\/05\\\/AE.jpg\",\"contentUrl\":\"https:\\\/\\\/safetysourcefire.ca\\\/wp-content\\\/uploads\\\/2017\\\/05\\\/AE.jpg\",\"width\":600,\"height\":600,\"caption\":\"Series \\\"AE\\\" Universal Kit\"},{\"@type\":\"BreadcrumbList\",\"@id\":\"https:\\\/\\\/safetysourcefire.ca\\\/?product=series-ae-universal-kit#breadcrumb\",\"itemListElement\":[{\"@type\":\"ListItem\",\"position\":1,\"name\":\"Home\",\"item\":\"https:\\\/\\\/safetysourcefire.ca\\\/\"},{\"@type\":\"ListItem\",\"position\":2,\"name\":\"Products\",\"item\":\"https:\\\/\\\/safetysourcefire.ca\\\/shop\\\/\"},{\"@type\":\"ListItem\",\"position\":3,\"name\":\"Series &#8220;AE&#8221; Universal Kit\"}]},{\"@type\":\"WebSite\",\"@id\":\"https:\\\/\\\/safetysourcefire.ca\\\/#website\",\"url\":\"https:\\\/\\\/safetysourcefire.ca\\\/\",\"name\":\"Safety Source Fire\",\"description\":\"\",\"publisher\":{\"@id\":\"https:\\\/\\\/safetysourcefire.ca\\\/#organization\"},\"potentialAction\":[{\"@type\":\"SearchAction\",\"target\":{\"@type\":\"EntryPoint\",\"urlTemplate\":\"https:\\\/\\\/safetysourcefire.ca\\\/?s={search_term_string}\"},\"query-input\":{\"@type\":\"PropertyValueSpecification\",\"valueRequired\":true,\"valueName\":\"search_term_string\"}}],\"inLanguage\":\"fr-CA\"},{\"@type\":\"Organization\",\"@id\":\"https:\\\/\\\/safetysourcefire.ca\\\/#organization\",\"name\":\"Safety Source Fire\",\"url\":\"https:\\\/\\\/safetysourcefire.ca\\\/\",\"logo\":{\"@type\":\"ImageObject\",\"inLanguage\":\"fr-CA\",\"@id\":\"https:\\\/\\\/safetysourcefire.ca\\\/#\\\/schema\\\/logo\\\/image\\\/\",\"url\":\"https:\\\/\\\/safetysourcefire.ca\\\/wp-content\\\/uploads\\\/2021\\\/01\\\/SSF_logo_CC0000-3.png\",\"contentUrl\":\"https:\\\/\\\/safetysourcefire.ca\\\/wp-content\\\/uploads\\\/2021\\\/01\\\/SSF_logo_CC0000-3.png\",\"width\":1107,\"height\":365,\"caption\":\"Safety Source Fire\"},\"image\":{\"@id\":\"https:\\\/\\\/safetysourcefire.ca\\\/#\\\/schema\\\/logo\\\/image\\\/\"},\"sameAs\":[\"https:\\\/\\\/www.facebook.com\\\/mmfssca\",\"https:\\\/\\\/x.com\\\/mmfssca\"]}]}<\/script>\n<!-- \/ Yoast SEO plugin. -->","yoast_head_json":{"title":"Kit universel s\u00e9rie \"\u00a0AE\u00a0\" - Source de s\u00e9curit\u00e9 incendie","robots":{"index":"index","follow":"follow","max-snippet":"max-snippet:-1","max-image-preview":"max-image-preview:large","max-video-preview":"max-video-preview:-1"},"canonical":"https:\/\/safetysourcefire.ca\/fr\/?product=series-ae-universal-kit","og_locale":"fr_CA","og_type":"article","og_title":"Series \"AE\" Universal Kit - Safety Source Fire","og_description":"Universal type kits cover small to medium holes in any type low pressure vessel.","og_url":"https:\/\/safetysourcefire.ca\/fr\/?product=series-ae-universal-kit","og_site_name":"Safety Source Fire","article_publisher":"https:\/\/www.facebook.com\/mmfssca","article_modified_time":"2018-03-19T13:16:10+00:00","og_image":[{"width":600,"height":600,"url":"https:\/\/safetysourcefire.ca\/wp-content\/uploads\/2017\/05\/AE.jpg","type":"image\/jpeg"}],"twitter_card":"summary_large_image","twitter_site":"@mmfssca","twitter_misc":{"Estimation du temps de lecture":"1 minute"},"schema":{"@context":"https:\/\/schema.org","@graph":[{"@type":"WebPage","@id":"https:\/\/safetysourcefire.ca\/?product=series-ae-universal-kit","url":"https:\/\/safetysourcefire.ca\/?product=series-ae-universal-kit","name":"Kit universel s\u00e9rie \"\u00a0AE\u00a0\" - Source de s\u00e9curit\u00e9 incendie","isPartOf":{"@id":"https:\/\/safetysourcefire.ca\/#website"},"primaryImageOfPage":{"@id":"https:\/\/safetysourcefire.ca\/?product=series-ae-universal-kit#primaryimage"},"image":{"@id":"https:\/\/safetysourcefire.ca\/?product=series-ae-universal-kit#primaryimage"},"thumbnailUrl":"https:\/\/safetysourcefire.ca\/wp-content\/uploads\/2017\/05\/AE.jpg","datePublished":"2017-05-02T14:58:50+00:00","dateModified":"2018-03-19T13:16:10+00:00","breadcrumb":{"@id":"https:\/\/safetysourcefire.ca\/?product=series-ae-universal-kit#breadcrumb"},"inLanguage":"fr-CA","potentialAction":[{"@type":"ReadAction","target":["https:\/\/safetysourcefire.ca\/?product=series-ae-universal-kit"]}]},{"@type":"ImageObject","inLanguage":"fr-CA","@id":"https:\/\/safetysourcefire.ca\/?product=series-ae-universal-kit#primaryimage","url":"https:\/\/safetysourcefire.ca\/wp-content\/uploads\/2017\/05\/AE.jpg","contentUrl":"https:\/\/safetysourcefire.ca\/wp-content\/uploads\/2017\/05\/AE.jpg","width":600,"height":600,"caption":"Series \"AE\" Universal Kit"},{"@type":"BreadcrumbList","@id":"https:\/\/safetysourcefire.ca\/?product=series-ae-universal-kit#breadcrumb","itemListElement":[{"@type":"ListItem","position":1,"name":"Home","item":"https:\/\/safetysourcefire.ca\/"},{"@type":"ListItem","position":2,"name":"Products","item":"https:\/\/safetysourcefire.ca\/shop\/"},{"@type":"ListItem","position":3,"name":"Series &#8220;AE&#8221; Universal Kit"}]},{"@type":"WebSite","@id":"https:\/\/safetysourcefire.ca\/#website","url":"https:\/\/safetysourcefire.ca\/","name":"Safety Source Fire","description":"","publisher":{"@id":"https:\/\/safetysourcefire.ca\/#organization"},"potentialAction":[{"@type":"SearchAction","target":{"@type":"EntryPoint","urlTemplate":"https:\/\/safetysourcefire.ca\/?s={search_term_string}"},"query-input":{"@type":"PropertyValueSpecification","valueRequired":true,"valueName":"search_term_string"}}],"inLanguage":"fr-CA"},{"@type":"Organization","@id":"https:\/\/safetysourcefire.ca\/#organization","name":"Safety Source Fire","url":"https:\/\/safetysourcefire.ca\/","logo":{"@type":"ImageObject","inLanguage":"fr-CA","@id":"https:\/\/safetysourcefire.ca\/#\/schema\/logo\/image\/","url":"https:\/\/safetysourcefire.ca\/wp-content\/uploads\/2021\/01\/SSF_logo_CC0000-3.png","contentUrl":"https:\/\/safetysourcefire.ca\/wp-content\/uploads\/2021\/01\/SSF_logo_CC0000-3.png","width":1107,"height":365,"caption":"Safety Source Fire"},"image":{"@id":"https:\/\/safetysourcefire.ca\/#\/schema\/logo\/image\/"},"sameAs":["https:\/\/www.facebook.com\/mmfssca","https:\/\/x.com\/mmfssca"]}]}},"_links":{"self":[{"href":"https:\/\/safetysourcefire.ca\/fr\/wp-json\/wp\/v2\/product\/750","targetHints":{"allow":["GET"]}}],"collection":[{"href":"https:\/\/safetysourcefire.ca\/fr\/wp-json\/wp\/v2\/product"}],"about":[{"href":"https:\/\/safetysourcefire.ca\/fr\/wp-json\/wp\/v2\/types\/product"}],"wp:featuredmedia":[{"embeddable":true,"href":"https:\/\/safetysourcefire.ca\/fr\/wp-json\/wp\/v2\/media\/1127"}],"wp:attachment":[{"href":"https:\/\/safetysourcefire.ca\/fr\/wp-json\/wp\/v2\/media?parent=750"}],"wp:term":[{"taxonomy":"product_brand","embeddable":true,"href":"https:\/\/safetysourcefire.ca\/fr\/wp-json\/wp\/v2\/product_brand?post=750"},{"taxonomy":"product_cat","embeddable":true,"href":"https:\/\/safetysourcefire.ca\/fr\/wp-json\/wp\/v2\/product_cat?post=750"},{"taxonomy":"product_tag","embeddable":true,"href":"https:\/\/safetysourcefire.ca\/fr\/wp-json\/wp\/v2\/product_tag?post=750"}],"curies":[{"name":"wp","href":"https:\/\/api.w.org\/{rel}","templated":true}]}}