{"id":759,"date":"2017-05-02T15:01:59","date_gmt":"2017-05-02T15:01:59","guid":{"rendered":"http:\/\/mmfss.ca\/?post_type=product&#038;p=759"},"modified":"2018-03-19T13:16:10","modified_gmt":"2018-03-19T13:16:10","slug":"series-d-drum-repair-kit","status":"publish","type":"product","link":"https:\/\/safetysourcefire.ca\/fr\/produit\/series-d-drum-repair-kit\/","title":{"rendered":"Trousse de r\u00e9paration de barils - s\u00e9rie \u00abD\u00bb"},"content":{"rendered":"<p>Couvre les trous sur les surfaces planes, convexes, concaves et plates de toutes formes. Couvre les fissures, les craques et plus encore.<br \/>\nNotre trousse de r\u00e9paration de barils; un ensemble plus petit qui contient les composants n\u00e9cessaires pour r\u00e9parer les perforations, les fissures, les entailles ou la pourriture de surface des conteneurs qui permettent aux mati\u00e8res dangereuses liquides ou en vrac de fuir.<\/p>\n<p>Cette trousse de r\u00e9paration contient :<\/p>\n<ul>\n<li>Ruban adh\u00e9sif<\/li>\n<li>Vis \u00e0 t\u00f4le avec joints de compression en n\u00e9opr\u00e8ne pour les perforations de la taille d&#039;un trou d&#039;\u00e9pingle, patchs en caoutchouc, laine de plomb et mastic \u00e9poxy pour les fissures<\/li>\n<li>Bandages en T avec coussinets en n\u00e9opr\u00e8ne<\/li>\n<li>Bouchons<\/li>\n<li>Bouchons \u00e0 billes<\/li>\n<li>Bouchons en bois recouverts de feutre pour les entailles.<\/li>\n<\/ul>\n<p><strong>REMARQUE<\/strong>: L'ensemble contient les outils en acier OU anti-\u00e9tincelles et la goupille de chasse. <strong>MISE EN GARDE<\/strong>: Cet ensemble est con\u00e7u pour \u00eatre utilis\u00e9 uniquement par du personnel exp\u00e9riment\u00e9 et form\u00e9. Utilisation uniquement temporaire pour un contr\u00f4le partiel jusqu'\u00e0 ce que le conteneur puisse \u00eatre mis au rebut. Des v\u00eatements de protection appropri\u00e9s doivent \u00eatre port\u00e9s pendant l'utilisation.<\/p>","protected":false},"excerpt":{"rendered":"<p>Les trousses de type universel permettent de couvrir les petits \u00e0 moyens trous pr\u00e9sents dans tout type de r\u00e9cipient basse pression.<\/p>","protected":false},"featured_media":1131,"template":"","meta":[],"product_brand":[151],"product_cat":[47,78],"product_tag":[285],"class_list":{"0":"post-759","1":"product","2":"type-product","3":"status-publish","4":"has-post-thumbnail","6":"product_brand-edwards-cromwell","7":"product_cat-hazmat","8":"product_cat-spill-response","9":"product_tag-edwards-cromwell","11":"first","12":"instock","13":"shipping-taxable","14":"product-type-simple"},"yoast_head":"<!-- This site is optimized with the Yoast SEO plugin v27.5 - https:\/\/yoast.com\/product\/yoast-seo-wordpress\/ -->\n<title>Series &quot;D&quot; Drum Repair Kit - Safety Source Fire<\/title>\n<meta name=\"robots\" content=\"index, follow, max-snippet:-1, max-image-preview:large, max-video-preview:-1\" \/>\n<link rel=\"canonical\" href=\"https:\/\/safetysourcefire.ca\/fr\/?product=series-d-drum-repair-kit\" \/>\n<meta property=\"og:locale\" content=\"fr_CA\" \/>\n<meta property=\"og:type\" content=\"article\" \/>\n<meta property=\"og:title\" content=\"Series &quot;D&quot; Drum Repair Kit - Safety Source Fire\" \/>\n<meta property=\"og:description\" content=\"Universal type kits cover small to medium holes in any type low pressure vessel.\" \/>\n<meta property=\"og:url\" content=\"https:\/\/safetysourcefire.ca\/fr\/?product=series-d-drum-repair-kit\" \/>\n<meta property=\"og:site_name\" content=\"Safety Source Fire\" \/>\n<meta property=\"article:publisher\" content=\"https:\/\/www.facebook.com\/mmfssca\" \/>\n<meta property=\"article:modified_time\" content=\"2018-03-19T13:16:10+00:00\" \/>\n<meta property=\"og:image\" content=\"https:\/\/safetysourcefire.ca\/wp-content\/uploads\/2017\/05\/D.jpg\" \/>\n\t<meta property=\"og:image:width\" content=\"600\" \/>\n\t<meta property=\"og:image:height\" content=\"600\" \/>\n\t<meta property=\"og:image:type\" content=\"image\/jpeg\" \/>\n<meta name=\"twitter:card\" content=\"summary_large_image\" \/>\n<meta name=\"twitter:site\" content=\"@mmfssca\" \/>\n<meta name=\"twitter:label1\" content=\"Estimation du temps de lecture\" \/>\n\t<meta name=\"twitter:data1\" content=\"1 minute\" \/>\n<script type=\"application\/ld+json\" class=\"yoast-schema-graph\">{\"@context\":\"https:\\\/\\\/schema.org\",\"@graph\":[{\"@type\":\"WebPage\",\"@id\":\"https:\\\/\\\/safetysourcefire.ca\\\/?product=series-d-drum-repair-kit\",\"url\":\"https:\\\/\\\/safetysourcefire.ca\\\/?product=series-d-drum-repair-kit\",\"name\":\"Series \\\"D\\\" Drum Repair Kit - Safety Source Fire\",\"isPartOf\":{\"@id\":\"https:\\\/\\\/safetysourcefire.ca\\\/#website\"},\"primaryImageOfPage\":{\"@id\":\"https:\\\/\\\/safetysourcefire.ca\\\/?product=series-d-drum-repair-kit#primaryimage\"},\"image\":{\"@id\":\"https:\\\/\\\/safetysourcefire.ca\\\/?product=series-d-drum-repair-kit#primaryimage\"},\"thumbnailUrl\":\"https:\\\/\\\/safetysourcefire.ca\\\/wp-content\\\/uploads\\\/2017\\\/05\\\/D.jpg\",\"datePublished\":\"2017-05-02T15:01:59+00:00\",\"dateModified\":\"2018-03-19T13:16:10+00:00\",\"breadcrumb\":{\"@id\":\"https:\\\/\\\/safetysourcefire.ca\\\/?product=series-d-drum-repair-kit#breadcrumb\"},\"inLanguage\":\"fr-CA\",\"potentialAction\":[{\"@type\":\"ReadAction\",\"target\":[\"https:\\\/\\\/safetysourcefire.ca\\\/?product=series-d-drum-repair-kit\"]}]},{\"@type\":\"ImageObject\",\"inLanguage\":\"fr-CA\",\"@id\":\"https:\\\/\\\/safetysourcefire.ca\\\/?product=series-d-drum-repair-kit#primaryimage\",\"url\":\"https:\\\/\\\/safetysourcefire.ca\\\/wp-content\\\/uploads\\\/2017\\\/05\\\/D.jpg\",\"contentUrl\":\"https:\\\/\\\/safetysourcefire.ca\\\/wp-content\\\/uploads\\\/2017\\\/05\\\/D.jpg\",\"width\":600,\"height\":600,\"caption\":\"Series \\\"D\\\" Drum Repair Kit\"},{\"@type\":\"BreadcrumbList\",\"@id\":\"https:\\\/\\\/safetysourcefire.ca\\\/?product=series-d-drum-repair-kit#breadcrumb\",\"itemListElement\":[{\"@type\":\"ListItem\",\"position\":1,\"name\":\"Home\",\"item\":\"https:\\\/\\\/safetysourcefire.ca\\\/\"},{\"@type\":\"ListItem\",\"position\":2,\"name\":\"Products\",\"item\":\"https:\\\/\\\/safetysourcefire.ca\\\/shop\\\/\"},{\"@type\":\"ListItem\",\"position\":3,\"name\":\"Series &#8220;D&#8221; Drum Repair Kit\"}]},{\"@type\":\"WebSite\",\"@id\":\"https:\\\/\\\/safetysourcefire.ca\\\/#website\",\"url\":\"https:\\\/\\\/safetysourcefire.ca\\\/\",\"name\":\"Safety Source Fire\",\"description\":\"\",\"publisher\":{\"@id\":\"https:\\\/\\\/safetysourcefire.ca\\\/#organization\"},\"potentialAction\":[{\"@type\":\"SearchAction\",\"target\":{\"@type\":\"EntryPoint\",\"urlTemplate\":\"https:\\\/\\\/safetysourcefire.ca\\\/?s={search_term_string}\"},\"query-input\":{\"@type\":\"PropertyValueSpecification\",\"valueRequired\":true,\"valueName\":\"search_term_string\"}}],\"inLanguage\":\"fr-CA\"},{\"@type\":\"Organization\",\"@id\":\"https:\\\/\\\/safetysourcefire.ca\\\/#organization\",\"name\":\"Safety Source Fire\",\"url\":\"https:\\\/\\\/safetysourcefire.ca\\\/\",\"logo\":{\"@type\":\"ImageObject\",\"inLanguage\":\"fr-CA\",\"@id\":\"https:\\\/\\\/safetysourcefire.ca\\\/#\\\/schema\\\/logo\\\/image\\\/\",\"url\":\"https:\\\/\\\/safetysourcefire.ca\\\/wp-content\\\/uploads\\\/2021\\\/01\\\/SSF_logo_CC0000-3.png\",\"contentUrl\":\"https:\\\/\\\/safetysourcefire.ca\\\/wp-content\\\/uploads\\\/2021\\\/01\\\/SSF_logo_CC0000-3.png\",\"width\":1107,\"height\":365,\"caption\":\"Safety Source Fire\"},\"image\":{\"@id\":\"https:\\\/\\\/safetysourcefire.ca\\\/#\\\/schema\\\/logo\\\/image\\\/\"},\"sameAs\":[\"https:\\\/\\\/www.facebook.com\\\/mmfssca\",\"https:\\\/\\\/x.com\\\/mmfssca\"]}]}<\/script>\n<!-- \/ Yoast SEO plugin. -->","yoast_head_json":{"title":"Kit de r\u00e9paration de tambour s\u00e9rie \u00ab\u00a0D\u00a0\u00bb - Safety Source Fire","robots":{"index":"index","follow":"follow","max-snippet":"max-snippet:-1","max-image-preview":"max-image-preview:large","max-video-preview":"max-video-preview:-1"},"canonical":"https:\/\/safetysourcefire.ca\/fr\/?product=series-d-drum-repair-kit","og_locale":"fr_CA","og_type":"article","og_title":"Series \"D\" Drum Repair Kit - Safety Source Fire","og_description":"Universal type kits cover small to medium holes in any type low pressure vessel.","og_url":"https:\/\/safetysourcefire.ca\/fr\/?product=series-d-drum-repair-kit","og_site_name":"Safety Source Fire","article_publisher":"https:\/\/www.facebook.com\/mmfssca","article_modified_time":"2018-03-19T13:16:10+00:00","og_image":[{"width":600,"height":600,"url":"https:\/\/safetysourcefire.ca\/wp-content\/uploads\/2017\/05\/D.jpg","type":"image\/jpeg"}],"twitter_card":"summary_large_image","twitter_site":"@mmfssca","twitter_misc":{"Estimation du temps de lecture":"1 minute"},"schema":{"@context":"https:\/\/schema.org","@graph":[{"@type":"WebPage","@id":"https:\/\/safetysourcefire.ca\/?product=series-d-drum-repair-kit","url":"https:\/\/safetysourcefire.ca\/?product=series-d-drum-repair-kit","name":"Kit de r\u00e9paration de tambour s\u00e9rie \u00ab\u00a0D\u00a0\u00bb - Safety Source Fire","isPartOf":{"@id":"https:\/\/safetysourcefire.ca\/#website"},"primaryImageOfPage":{"@id":"https:\/\/safetysourcefire.ca\/?product=series-d-drum-repair-kit#primaryimage"},"image":{"@id":"https:\/\/safetysourcefire.ca\/?product=series-d-drum-repair-kit#primaryimage"},"thumbnailUrl":"https:\/\/safetysourcefire.ca\/wp-content\/uploads\/2017\/05\/D.jpg","datePublished":"2017-05-02T15:01:59+00:00","dateModified":"2018-03-19T13:16:10+00:00","breadcrumb":{"@id":"https:\/\/safetysourcefire.ca\/?product=series-d-drum-repair-kit#breadcrumb"},"inLanguage":"fr-CA","potentialAction":[{"@type":"ReadAction","target":["https:\/\/safetysourcefire.ca\/?product=series-d-drum-repair-kit"]}]},{"@type":"ImageObject","inLanguage":"fr-CA","@id":"https:\/\/safetysourcefire.ca\/?product=series-d-drum-repair-kit#primaryimage","url":"https:\/\/safetysourcefire.ca\/wp-content\/uploads\/2017\/05\/D.jpg","contentUrl":"https:\/\/safetysourcefire.ca\/wp-content\/uploads\/2017\/05\/D.jpg","width":600,"height":600,"caption":"Series \"D\" Drum Repair Kit"},{"@type":"BreadcrumbList","@id":"https:\/\/safetysourcefire.ca\/?product=series-d-drum-repair-kit#breadcrumb","itemListElement":[{"@type":"ListItem","position":1,"name":"Home","item":"https:\/\/safetysourcefire.ca\/"},{"@type":"ListItem","position":2,"name":"Products","item":"https:\/\/safetysourcefire.ca\/shop\/"},{"@type":"ListItem","position":3,"name":"Series &#8220;D&#8221; Drum Repair Kit"}]},{"@type":"WebSite","@id":"https:\/\/safetysourcefire.ca\/#website","url":"https:\/\/safetysourcefire.ca\/","name":"Safety Source Fire","description":"","publisher":{"@id":"https:\/\/safetysourcefire.ca\/#organization"},"potentialAction":[{"@type":"SearchAction","target":{"@type":"EntryPoint","urlTemplate":"https:\/\/safetysourcefire.ca\/?s={search_term_string}"},"query-input":{"@type":"PropertyValueSpecification","valueRequired":true,"valueName":"search_term_string"}}],"inLanguage":"fr-CA"},{"@type":"Organization","@id":"https:\/\/safetysourcefire.ca\/#organization","name":"Safety Source Fire","url":"https:\/\/safetysourcefire.ca\/","logo":{"@type":"ImageObject","inLanguage":"fr-CA","@id":"https:\/\/safetysourcefire.ca\/#\/schema\/logo\/image\/","url":"https:\/\/safetysourcefire.ca\/wp-content\/uploads\/2021\/01\/SSF_logo_CC0000-3.png","contentUrl":"https:\/\/safetysourcefire.ca\/wp-content\/uploads\/2021\/01\/SSF_logo_CC0000-3.png","width":1107,"height":365,"caption":"Safety Source Fire"},"image":{"@id":"https:\/\/safetysourcefire.ca\/#\/schema\/logo\/image\/"},"sameAs":["https:\/\/www.facebook.com\/mmfssca","https:\/\/x.com\/mmfssca"]}]}},"_links":{"self":[{"href":"https:\/\/safetysourcefire.ca\/fr\/wp-json\/wp\/v2\/product\/759","targetHints":{"allow":["GET"]}}],"collection":[{"href":"https:\/\/safetysourcefire.ca\/fr\/wp-json\/wp\/v2\/product"}],"about":[{"href":"https:\/\/safetysourcefire.ca\/fr\/wp-json\/wp\/v2\/types\/product"}],"wp:featuredmedia":[{"embeddable":true,"href":"https:\/\/safetysourcefire.ca\/fr\/wp-json\/wp\/v2\/media\/1131"}],"wp:attachment":[{"href":"https:\/\/safetysourcefire.ca\/fr\/wp-json\/wp\/v2\/media?parent=759"}],"wp:term":[{"taxonomy":"product_brand","embeddable":true,"href":"https:\/\/safetysourcefire.ca\/fr\/wp-json\/wp\/v2\/product_brand?post=759"},{"taxonomy":"product_cat","embeddable":true,"href":"https:\/\/safetysourcefire.ca\/fr\/wp-json\/wp\/v2\/product_cat?post=759"},{"taxonomy":"product_tag","embeddable":true,"href":"https:\/\/safetysourcefire.ca\/fr\/wp-json\/wp\/v2\/product_tag?post=759"}],"curies":[{"name":"wp","href":"https:\/\/api.w.org\/{rel}","templated":true}]}}