{"id":760,"date":"2017-05-02T15:03:17","date_gmt":"2017-05-02T15:03:17","guid":{"rendered":"http:\/\/mmfss.ca\/?post_type=product&#038;p=760"},"modified":"2018-03-19T13:16:09","modified_gmt":"2018-03-19T13:16:09","slug":"series-c-1-pipe-plugger-kit","status":"publish","type":"product","link":"https:\/\/safetysourcefire.ca\/fr\/produit\/series-c-1-pipe-plugger-kit\/","title":{"rendered":"Ensemble d'obturateur de tuyau s\u00e9rie \u00abC-1\u00bb"},"content":{"rendered":"<p>Cette trousse permet aux mati\u00e8res dangereuses d'\u00eatre achemin\u00e9es (sous un d\u00e9bit r\u00e9gul\u00e9) vers un autre emplacement. Aucune proc\u00e9dure compliqu\u00e9e n'est requise et aucun outil suppl\u00e9mentaire n'est n\u00e9cessaire pour utiliser ces bouchons de tuyau.<\/p>\n<p>Dans sa mallette de transport, la trousse \u00ab C-1 \u00bb contient :<\/p>\n<ul>\n<li>Bouchons de piquage ventil\u00e9s pour diam\u00e8tres de tuyau de 1\u2033-4\u2033<\/li>\n<li>Bouchons non ventil\u00e9s pour toutes les autres tailles<\/li>\n<li>Outils pour une installation facile<\/li>\n<\/ul>\n<p><strong>MISE EN GARDE<\/strong>: Cet ensemble est con\u00e7u pour \u00eatre utilis\u00e9 uniquement par du personnel exp\u00e9riment\u00e9 et form\u00e9. Utilisation uniquement temporaire pour un contr\u00f4le partiel jusqu'\u00e0 ce que le conteneur puisse \u00eatre mis au rebut. Des v\u00eatements de protection appropri\u00e9s doivent \u00eatre port\u00e9s pendant l'utilisation.<\/p>","protected":false},"excerpt":{"rendered":"<p>D\u00e9sormais, un ensemble bien con\u00e7u vous pr\u00e9pare \u00e0 r\u00e9agir rapidement et efficacement lorsque des mati\u00e8res dangereuses s'\u00e9chappent des tuyaux.<\/p>","protected":false},"featured_media":1128,"template":"","meta":[],"product_brand":[151],"product_cat":[47,78],"product_tag":[285],"class_list":{"0":"post-760","1":"product","2":"type-product","3":"status-publish","4":"has-post-thumbnail","6":"product_brand-edwards-cromwell","7":"product_cat-hazmat","8":"product_cat-spill-response","9":"product_tag-edwards-cromwell","11":"first","12":"instock","13":"shipping-taxable","14":"product-type-simple"},"yoast_head":"<!-- This site is optimized with the Yoast SEO plugin v27.4 - https:\/\/yoast.com\/product\/yoast-seo-wordpress\/ -->\n<title>Series &quot;C-1&quot; Pipe Plugger Kit - Safety Source Fire<\/title>\n<meta name=\"robots\" content=\"index, follow, max-snippet:-1, max-image-preview:large, max-video-preview:-1\" \/>\n<link rel=\"canonical\" href=\"https:\/\/safetysourcefire.ca\/fr\/?product=series-c-1-pipe-plugger-kit\" \/>\n<meta property=\"og:locale\" content=\"fr_CA\" \/>\n<meta property=\"og:type\" content=\"article\" \/>\n<meta property=\"og:title\" content=\"Series &quot;C-1&quot; Pipe Plugger Kit - Safety Source Fire\" \/>\n<meta property=\"og:description\" content=\"Now one conveniently designed kit prepares you to react quickly and effectively when hazardous materials escape from pipes.\" \/>\n<meta property=\"og:url\" content=\"https:\/\/safetysourcefire.ca\/fr\/?product=series-c-1-pipe-plugger-kit\" \/>\n<meta property=\"og:site_name\" content=\"Safety Source Fire\" \/>\n<meta property=\"article:publisher\" content=\"https:\/\/www.facebook.com\/mmfssca\" \/>\n<meta property=\"article:modified_time\" content=\"2018-03-19T13:16:09+00:00\" \/>\n<meta property=\"og:image\" content=\"https:\/\/safetysourcefire.ca\/wp-content\/uploads\/2017\/05\/C-1.jpg\" \/>\n\t<meta property=\"og:image:width\" content=\"600\" \/>\n\t<meta property=\"og:image:height\" content=\"600\" \/>\n\t<meta property=\"og:image:type\" content=\"image\/jpeg\" \/>\n<meta name=\"twitter:card\" content=\"summary_large_image\" \/>\n<meta name=\"twitter:site\" content=\"@mmfssca\" \/>\n<script type=\"application\/ld+json\" class=\"yoast-schema-graph\">{\"@context\":\"https:\\\/\\\/schema.org\",\"@graph\":[{\"@type\":\"WebPage\",\"@id\":\"https:\\\/\\\/safetysourcefire.ca\\\/?product=series-c-1-pipe-plugger-kit\",\"url\":\"https:\\\/\\\/safetysourcefire.ca\\\/?product=series-c-1-pipe-plugger-kit\",\"name\":\"Series \\\"C-1\\\" Pipe Plugger Kit - Safety Source Fire\",\"isPartOf\":{\"@id\":\"https:\\\/\\\/safetysourcefire.ca\\\/#website\"},\"primaryImageOfPage\":{\"@id\":\"https:\\\/\\\/safetysourcefire.ca\\\/?product=series-c-1-pipe-plugger-kit#primaryimage\"},\"image\":{\"@id\":\"https:\\\/\\\/safetysourcefire.ca\\\/?product=series-c-1-pipe-plugger-kit#primaryimage\"},\"thumbnailUrl\":\"https:\\\/\\\/safetysourcefire.ca\\\/wp-content\\\/uploads\\\/2017\\\/05\\\/C-1.jpg\",\"datePublished\":\"2017-05-02T15:03:17+00:00\",\"dateModified\":\"2018-03-19T13:16:09+00:00\",\"breadcrumb\":{\"@id\":\"https:\\\/\\\/safetysourcefire.ca\\\/?product=series-c-1-pipe-plugger-kit#breadcrumb\"},\"inLanguage\":\"fr-CA\",\"potentialAction\":[{\"@type\":\"ReadAction\",\"target\":[\"https:\\\/\\\/safetysourcefire.ca\\\/?product=series-c-1-pipe-plugger-kit\"]}]},{\"@type\":\"ImageObject\",\"inLanguage\":\"fr-CA\",\"@id\":\"https:\\\/\\\/safetysourcefire.ca\\\/?product=series-c-1-pipe-plugger-kit#primaryimage\",\"url\":\"https:\\\/\\\/safetysourcefire.ca\\\/wp-content\\\/uploads\\\/2017\\\/05\\\/C-1.jpg\",\"contentUrl\":\"https:\\\/\\\/safetysourcefire.ca\\\/wp-content\\\/uploads\\\/2017\\\/05\\\/C-1.jpg\",\"width\":600,\"height\":600,\"caption\":\"Series \\\"C-1\\\" Pipe Plugger Kit\"},{\"@type\":\"BreadcrumbList\",\"@id\":\"https:\\\/\\\/safetysourcefire.ca\\\/?product=series-c-1-pipe-plugger-kit#breadcrumb\",\"itemListElement\":[{\"@type\":\"ListItem\",\"position\":1,\"name\":\"Home\",\"item\":\"https:\\\/\\\/safetysourcefire.ca\\\/\"},{\"@type\":\"ListItem\",\"position\":2,\"name\":\"Products\",\"item\":\"https:\\\/\\\/safetysourcefire.ca\\\/shop\\\/\"},{\"@type\":\"ListItem\",\"position\":3,\"name\":\"Series &#8220;C-1&#8221; Pipe Plugger Kit\"}]},{\"@type\":\"WebSite\",\"@id\":\"https:\\\/\\\/safetysourcefire.ca\\\/#website\",\"url\":\"https:\\\/\\\/safetysourcefire.ca\\\/\",\"name\":\"Safety Source Fire\",\"description\":\"\",\"publisher\":{\"@id\":\"https:\\\/\\\/safetysourcefire.ca\\\/#organization\"},\"potentialAction\":[{\"@type\":\"SearchAction\",\"target\":{\"@type\":\"EntryPoint\",\"urlTemplate\":\"https:\\\/\\\/safetysourcefire.ca\\\/?s={search_term_string}\"},\"query-input\":{\"@type\":\"PropertyValueSpecification\",\"valueRequired\":true,\"valueName\":\"search_term_string\"}}],\"inLanguage\":\"fr-CA\"},{\"@type\":\"Organization\",\"@id\":\"https:\\\/\\\/safetysourcefire.ca\\\/#organization\",\"name\":\"Safety Source Fire\",\"url\":\"https:\\\/\\\/safetysourcefire.ca\\\/\",\"logo\":{\"@type\":\"ImageObject\",\"inLanguage\":\"fr-CA\",\"@id\":\"https:\\\/\\\/safetysourcefire.ca\\\/#\\\/schema\\\/logo\\\/image\\\/\",\"url\":\"https:\\\/\\\/safetysourcefire.ca\\\/wp-content\\\/uploads\\\/2021\\\/01\\\/SSF_logo_CC0000-3.png\",\"contentUrl\":\"https:\\\/\\\/safetysourcefire.ca\\\/wp-content\\\/uploads\\\/2021\\\/01\\\/SSF_logo_CC0000-3.png\",\"width\":1107,\"height\":365,\"caption\":\"Safety Source Fire\"},\"image\":{\"@id\":\"https:\\\/\\\/safetysourcefire.ca\\\/#\\\/schema\\\/logo\\\/image\\\/\"},\"sameAs\":[\"https:\\\/\\\/www.facebook.com\\\/mmfssca\",\"https:\\\/\\\/x.com\\\/mmfssca\"]}]}<\/script>\n<!-- \/ Yoast SEO plugin. -->","yoast_head_json":{"title":"Series \"C-1\" Pipe Plugger Kit - Safety Source Fire","robots":{"index":"index","follow":"follow","max-snippet":"max-snippet:-1","max-image-preview":"max-image-preview:large","max-video-preview":"max-video-preview:-1"},"canonical":"https:\/\/safetysourcefire.ca\/fr\/?product=series-c-1-pipe-plugger-kit","og_locale":"fr_CA","og_type":"article","og_title":"Series \"C-1\" Pipe Plugger Kit - Safety Source Fire","og_description":"Now one conveniently designed kit prepares you to react quickly and effectively when hazardous materials escape from pipes.","og_url":"https:\/\/safetysourcefire.ca\/fr\/?product=series-c-1-pipe-plugger-kit","og_site_name":"Safety Source Fire","article_publisher":"https:\/\/www.facebook.com\/mmfssca","article_modified_time":"2018-03-19T13:16:09+00:00","og_image":[{"width":600,"height":600,"url":"https:\/\/safetysourcefire.ca\/wp-content\/uploads\/2017\/05\/C-1.jpg","type":"image\/jpeg"}],"twitter_card":"summary_large_image","twitter_site":"@mmfssca","schema":{"@context":"https:\/\/schema.org","@graph":[{"@type":"WebPage","@id":"https:\/\/safetysourcefire.ca\/?product=series-c-1-pipe-plugger-kit","url":"https:\/\/safetysourcefire.ca\/?product=series-c-1-pipe-plugger-kit","name":"Series \"C-1\" Pipe Plugger Kit - Safety Source Fire","isPartOf":{"@id":"https:\/\/safetysourcefire.ca\/#website"},"primaryImageOfPage":{"@id":"https:\/\/safetysourcefire.ca\/?product=series-c-1-pipe-plugger-kit#primaryimage"},"image":{"@id":"https:\/\/safetysourcefire.ca\/?product=series-c-1-pipe-plugger-kit#primaryimage"},"thumbnailUrl":"https:\/\/safetysourcefire.ca\/wp-content\/uploads\/2017\/05\/C-1.jpg","datePublished":"2017-05-02T15:03:17+00:00","dateModified":"2018-03-19T13:16:09+00:00","breadcrumb":{"@id":"https:\/\/safetysourcefire.ca\/?product=series-c-1-pipe-plugger-kit#breadcrumb"},"inLanguage":"fr-CA","potentialAction":[{"@type":"ReadAction","target":["https:\/\/safetysourcefire.ca\/?product=series-c-1-pipe-plugger-kit"]}]},{"@type":"ImageObject","inLanguage":"fr-CA","@id":"https:\/\/safetysourcefire.ca\/?product=series-c-1-pipe-plugger-kit#primaryimage","url":"https:\/\/safetysourcefire.ca\/wp-content\/uploads\/2017\/05\/C-1.jpg","contentUrl":"https:\/\/safetysourcefire.ca\/wp-content\/uploads\/2017\/05\/C-1.jpg","width":600,"height":600,"caption":"Series \"C-1\" Pipe Plugger Kit"},{"@type":"BreadcrumbList","@id":"https:\/\/safetysourcefire.ca\/?product=series-c-1-pipe-plugger-kit#breadcrumb","itemListElement":[{"@type":"ListItem","position":1,"name":"Home","item":"https:\/\/safetysourcefire.ca\/"},{"@type":"ListItem","position":2,"name":"Products","item":"https:\/\/safetysourcefire.ca\/shop\/"},{"@type":"ListItem","position":3,"name":"Series &#8220;C-1&#8221; Pipe Plugger Kit"}]},{"@type":"WebSite","@id":"https:\/\/safetysourcefire.ca\/#website","url":"https:\/\/safetysourcefire.ca\/","name":"Safety Source Fire","description":"","publisher":{"@id":"https:\/\/safetysourcefire.ca\/#organization"},"potentialAction":[{"@type":"SearchAction","target":{"@type":"EntryPoint","urlTemplate":"https:\/\/safetysourcefire.ca\/?s={search_term_string}"},"query-input":{"@type":"PropertyValueSpecification","valueRequired":true,"valueName":"search_term_string"}}],"inLanguage":"fr-CA"},{"@type":"Organization","@id":"https:\/\/safetysourcefire.ca\/#organization","name":"Safety Source Fire","url":"https:\/\/safetysourcefire.ca\/","logo":{"@type":"ImageObject","inLanguage":"fr-CA","@id":"https:\/\/safetysourcefire.ca\/#\/schema\/logo\/image\/","url":"https:\/\/safetysourcefire.ca\/wp-content\/uploads\/2021\/01\/SSF_logo_CC0000-3.png","contentUrl":"https:\/\/safetysourcefire.ca\/wp-content\/uploads\/2021\/01\/SSF_logo_CC0000-3.png","width":1107,"height":365,"caption":"Safety Source Fire"},"image":{"@id":"https:\/\/safetysourcefire.ca\/#\/schema\/logo\/image\/"},"sameAs":["https:\/\/www.facebook.com\/mmfssca","https:\/\/x.com\/mmfssca"]}]}},"_links":{"self":[{"href":"https:\/\/safetysourcefire.ca\/fr\/wp-json\/wp\/v2\/product\/760","targetHints":{"allow":["GET"]}}],"collection":[{"href":"https:\/\/safetysourcefire.ca\/fr\/wp-json\/wp\/v2\/product"}],"about":[{"href":"https:\/\/safetysourcefire.ca\/fr\/wp-json\/wp\/v2\/types\/product"}],"wp:featuredmedia":[{"embeddable":true,"href":"https:\/\/safetysourcefire.ca\/fr\/wp-json\/wp\/v2\/media\/1128"}],"wp:attachment":[{"href":"https:\/\/safetysourcefire.ca\/fr\/wp-json\/wp\/v2\/media?parent=760"}],"wp:term":[{"taxonomy":"product_brand","embeddable":true,"href":"https:\/\/safetysourcefire.ca\/fr\/wp-json\/wp\/v2\/product_brand?post=760"},{"taxonomy":"product_cat","embeddable":true,"href":"https:\/\/safetysourcefire.ca\/fr\/wp-json\/wp\/v2\/product_cat?post=760"},{"taxonomy":"product_tag","embeddable":true,"href":"https:\/\/safetysourcefire.ca\/fr\/wp-json\/wp\/v2\/product_tag?post=760"}],"curies":[{"name":"wp","href":"https:\/\/api.w.org\/{rel}","templated":true}]}}