{"id":761,"date":"2017-05-02T15:03:47","date_gmt":"2017-05-02T15:03:47","guid":{"rendered":"http:\/\/mmfss.ca\/?post_type=product&#038;p=761"},"modified":"2018-03-19T13:16:09","modified_gmt":"2018-03-19T13:16:09","slug":"series-c-2-external-pipe-leak-control-kit","status":"publish","type":"product","link":"https:\/\/safetysourcefire.ca\/fr\/produit\/series-c-2-external-pipe-leak-control-kit\/","title":{"rendered":"Ensemble de contr\u00f4le pour fuites de tuyaux externes s\u00e9rie \u00abC-2\u00bb"},"content":{"rendered":"<p>Combinez cette s\u00e9rie avec un ensemble de notre s\u00e9rie universelle et un de nos obturateurs de tuyaux et votre \u00e9quipe disposera de la collection la plus compl\u00e8te et la plus polyvalente de dispositifs de contr\u00f4le des fuites d'urgence de l'industrie Haz-Mat!<\/p>\n<p>Utilisation avec outils (standard ou anti-\u00e9tincelles) et \u00e9tui de transport pour une manipulation et une utilisation faciles.<br \/>\nDans sa mallette de transport, l'ensemble \u00ab C-2 \u00bb contient :<\/p>\n<ul>\n<li>Ensemble complet de 10 bandages pour tuyaux externes couvrant les tailles nominales de tuyaux de 1\/2\u2033 \u00e0 4\u2033<\/li>\n<li>Utilisation avec des outils standard ou anti-\u00e9tincelles<\/li>\n<li>Caoutchouc n\u00e9opr\u00e8ne extra dur et souple inclus dans la trousse pour une aide suppl\u00e9mentaire -si n\u00e9cessaire<\/li>\n<li>Mallette de transport<\/li>\n<\/ul>\n<p>Les utilisations typiques incluent\u00a0:<\/p>\n<ul>\n<li>Tuyaux d&#039;eau<\/li>\n<li>Conduites de gaz<\/li>\n<li>Lignes a\u00e9riennes<\/li>\n<li>Tuyaux de transfert de carburant<\/li>\n<li>Lignes de transfert chimique<\/li>\n<li>Tuyaux d&#039;\u00e9gout<\/li>\n<li>Conduits \u00e0 basse pression de 1\/2\u2033 \u00e0 4\u2033<\/li>\n<li>Utilisations illimit\u00e9es dans les services municipaux, les usines chimiques, les industries de fabrication, les h\u00f4pitaux, les champs p\u00e9trolif\u00e8res, les usines de traitement d'eau et des \u00e9gouts, etc.\n\nPartout o\u00f9 un tuyau ou un conduit est utilis\u00e9, vous pouvez b\u00e9n\u00e9ficier de cet allier de taille!<\/li>\n<\/ul>\n<p><strong>REMARQUE<\/strong>: La trousse contient les outils en acier OU anti-\u00e9tincelles. <strong>MISE EN GARDE<\/strong>: Cet ensemble est con\u00e7u pour \u00eatre utilis\u00e9 uniquement par du personnel exp\u00e9riment\u00e9 et form\u00e9. Utilisation uniquement temporaire pour un contr\u00f4le partiel jusqu'\u00e0 ce que le conteneur puisse \u00eatre mis au rebut. Des v\u00eatements de protection appropri\u00e9s doivent \u00eatre port\u00e9s pendant l'utilisation.<\/p>","protected":false},"excerpt":{"rendered":"<p>Cette s\u00e9rie contient un ensemble complet de bandages pour tuyaux externes couvrant des diam\u00e8tres nominaux de 1\/2 \" \u00e0 4\".<\/p>","protected":false},"featured_media":1129,"template":"","meta":[],"product_brand":[151],"product_cat":[47,78],"product_tag":[285],"class_list":{"0":"post-761","1":"product","2":"type-product","3":"status-publish","4":"has-post-thumbnail","6":"product_brand-edwards-cromwell","7":"product_cat-hazmat","8":"product_cat-spill-response","9":"product_tag-edwards-cromwell","11":"first","12":"instock","13":"shipping-taxable","14":"product-type-simple"},"yoast_head":"<!-- This site is optimized with the Yoast SEO plugin v27.4 - https:\/\/yoast.com\/product\/yoast-seo-wordpress\/ -->\n<title>Series &quot;C-2&quot; External Pipe Leak Control Kit - Safety Source Fire<\/title>\n<meta name=\"robots\" content=\"index, follow, max-snippet:-1, max-image-preview:large, max-video-preview:-1\" \/>\n<link rel=\"canonical\" href=\"https:\/\/safetysourcefire.ca\/fr\/?product=series-c-2-external-pipe-leak-control-kit\" \/>\n<meta property=\"og:locale\" content=\"fr_CA\" \/>\n<meta property=\"og:type\" content=\"article\" \/>\n<meta property=\"og:title\" content=\"Series &quot;C-2&quot; External Pipe Leak Control Kit - Safety Source Fire\" \/>\n<meta property=\"og:description\" content=\"This series contains a complete set of external pipe bandages covering nominal pipe sizes from 1\/2&quot; to 4&quot;.\" \/>\n<meta property=\"og:url\" content=\"https:\/\/safetysourcefire.ca\/fr\/?product=series-c-2-external-pipe-leak-control-kit\" \/>\n<meta property=\"og:site_name\" content=\"Safety Source Fire\" \/>\n<meta property=\"article:publisher\" content=\"https:\/\/www.facebook.com\/mmfssca\" \/>\n<meta property=\"article:modified_time\" content=\"2018-03-19T13:16:09+00:00\" \/>\n<meta property=\"og:image\" content=\"https:\/\/safetysourcefire.ca\/wp-content\/uploads\/2017\/05\/C-2.jpg\" \/>\n\t<meta property=\"og:image:width\" content=\"600\" \/>\n\t<meta property=\"og:image:height\" content=\"600\" \/>\n\t<meta property=\"og:image:type\" content=\"image\/jpeg\" \/>\n<meta name=\"twitter:card\" content=\"summary_large_image\" \/>\n<meta name=\"twitter:site\" content=\"@mmfssca\" \/>\n<meta name=\"twitter:label1\" content=\"Estimation du temps de lecture\" \/>\n\t<meta name=\"twitter:data1\" content=\"1 minute\" \/>\n<script type=\"application\/ld+json\" class=\"yoast-schema-graph\">{\"@context\":\"https:\\\/\\\/schema.org\",\"@graph\":[{\"@type\":\"WebPage\",\"@id\":\"https:\\\/\\\/safetysourcefire.ca\\\/?product=series-c-2-external-pipe-leak-control-kit\",\"url\":\"https:\\\/\\\/safetysourcefire.ca\\\/?product=series-c-2-external-pipe-leak-control-kit\",\"name\":\"Series \\\"C-2\\\" External Pipe Leak Control Kit - Safety Source Fire\",\"isPartOf\":{\"@id\":\"https:\\\/\\\/safetysourcefire.ca\\\/#website\"},\"primaryImageOfPage\":{\"@id\":\"https:\\\/\\\/safetysourcefire.ca\\\/?product=series-c-2-external-pipe-leak-control-kit#primaryimage\"},\"image\":{\"@id\":\"https:\\\/\\\/safetysourcefire.ca\\\/?product=series-c-2-external-pipe-leak-control-kit#primaryimage\"},\"thumbnailUrl\":\"https:\\\/\\\/safetysourcefire.ca\\\/wp-content\\\/uploads\\\/2017\\\/05\\\/C-2.jpg\",\"datePublished\":\"2017-05-02T15:03:47+00:00\",\"dateModified\":\"2018-03-19T13:16:09+00:00\",\"breadcrumb\":{\"@id\":\"https:\\\/\\\/safetysourcefire.ca\\\/?product=series-c-2-external-pipe-leak-control-kit#breadcrumb\"},\"inLanguage\":\"fr-CA\",\"potentialAction\":[{\"@type\":\"ReadAction\",\"target\":[\"https:\\\/\\\/safetysourcefire.ca\\\/?product=series-c-2-external-pipe-leak-control-kit\"]}]},{\"@type\":\"ImageObject\",\"inLanguage\":\"fr-CA\",\"@id\":\"https:\\\/\\\/safetysourcefire.ca\\\/?product=series-c-2-external-pipe-leak-control-kit#primaryimage\",\"url\":\"https:\\\/\\\/safetysourcefire.ca\\\/wp-content\\\/uploads\\\/2017\\\/05\\\/C-2.jpg\",\"contentUrl\":\"https:\\\/\\\/safetysourcefire.ca\\\/wp-content\\\/uploads\\\/2017\\\/05\\\/C-2.jpg\",\"width\":600,\"height\":600,\"caption\":\"Series \\\"C-2\\\" External Pipe Leak Control Kit\"},{\"@type\":\"BreadcrumbList\",\"@id\":\"https:\\\/\\\/safetysourcefire.ca\\\/?product=series-c-2-external-pipe-leak-control-kit#breadcrumb\",\"itemListElement\":[{\"@type\":\"ListItem\",\"position\":1,\"name\":\"Home\",\"item\":\"https:\\\/\\\/safetysourcefire.ca\\\/\"},{\"@type\":\"ListItem\",\"position\":2,\"name\":\"Products\",\"item\":\"https:\\\/\\\/safetysourcefire.ca\\\/shop\\\/\"},{\"@type\":\"ListItem\",\"position\":3,\"name\":\"Series &#8220;C-2&#8221; External Pipe Leak Control Kit\"}]},{\"@type\":\"WebSite\",\"@id\":\"https:\\\/\\\/safetysourcefire.ca\\\/#website\",\"url\":\"https:\\\/\\\/safetysourcefire.ca\\\/\",\"name\":\"Safety Source Fire\",\"description\":\"\",\"publisher\":{\"@id\":\"https:\\\/\\\/safetysourcefire.ca\\\/#organization\"},\"potentialAction\":[{\"@type\":\"SearchAction\",\"target\":{\"@type\":\"EntryPoint\",\"urlTemplate\":\"https:\\\/\\\/safetysourcefire.ca\\\/?s={search_term_string}\"},\"query-input\":{\"@type\":\"PropertyValueSpecification\",\"valueRequired\":true,\"valueName\":\"search_term_string\"}}],\"inLanguage\":\"fr-CA\"},{\"@type\":\"Organization\",\"@id\":\"https:\\\/\\\/safetysourcefire.ca\\\/#organization\",\"name\":\"Safety Source Fire\",\"url\":\"https:\\\/\\\/safetysourcefire.ca\\\/\",\"logo\":{\"@type\":\"ImageObject\",\"inLanguage\":\"fr-CA\",\"@id\":\"https:\\\/\\\/safetysourcefire.ca\\\/#\\\/schema\\\/logo\\\/image\\\/\",\"url\":\"https:\\\/\\\/safetysourcefire.ca\\\/wp-content\\\/uploads\\\/2021\\\/01\\\/SSF_logo_CC0000-3.png\",\"contentUrl\":\"https:\\\/\\\/safetysourcefire.ca\\\/wp-content\\\/uploads\\\/2021\\\/01\\\/SSF_logo_CC0000-3.png\",\"width\":1107,\"height\":365,\"caption\":\"Safety Source Fire\"},\"image\":{\"@id\":\"https:\\\/\\\/safetysourcefire.ca\\\/#\\\/schema\\\/logo\\\/image\\\/\"},\"sameAs\":[\"https:\\\/\\\/www.facebook.com\\\/mmfssca\",\"https:\\\/\\\/x.com\\\/mmfssca\"]}]}<\/script>\n<!-- \/ Yoast SEO plugin. -->","yoast_head_json":{"title":"Series \"C-2\" External Pipe Leak Control Kit - Safety Source Fire","robots":{"index":"index","follow":"follow","max-snippet":"max-snippet:-1","max-image-preview":"max-image-preview:large","max-video-preview":"max-video-preview:-1"},"canonical":"https:\/\/safetysourcefire.ca\/fr\/?product=series-c-2-external-pipe-leak-control-kit","og_locale":"fr_CA","og_type":"article","og_title":"Series \"C-2\" External Pipe Leak Control Kit - Safety Source Fire","og_description":"This series contains a complete set of external pipe bandages covering nominal pipe sizes from 1\/2\" to 4\".","og_url":"https:\/\/safetysourcefire.ca\/fr\/?product=series-c-2-external-pipe-leak-control-kit","og_site_name":"Safety Source Fire","article_publisher":"https:\/\/www.facebook.com\/mmfssca","article_modified_time":"2018-03-19T13:16:09+00:00","og_image":[{"width":600,"height":600,"url":"https:\/\/safetysourcefire.ca\/wp-content\/uploads\/2017\/05\/C-2.jpg","type":"image\/jpeg"}],"twitter_card":"summary_large_image","twitter_site":"@mmfssca","twitter_misc":{"Estimation du temps de lecture":"1 minute"},"schema":{"@context":"https:\/\/schema.org","@graph":[{"@type":"WebPage","@id":"https:\/\/safetysourcefire.ca\/?product=series-c-2-external-pipe-leak-control-kit","url":"https:\/\/safetysourcefire.ca\/?product=series-c-2-external-pipe-leak-control-kit","name":"Series \"C-2\" External Pipe Leak Control Kit - Safety Source Fire","isPartOf":{"@id":"https:\/\/safetysourcefire.ca\/#website"},"primaryImageOfPage":{"@id":"https:\/\/safetysourcefire.ca\/?product=series-c-2-external-pipe-leak-control-kit#primaryimage"},"image":{"@id":"https:\/\/safetysourcefire.ca\/?product=series-c-2-external-pipe-leak-control-kit#primaryimage"},"thumbnailUrl":"https:\/\/safetysourcefire.ca\/wp-content\/uploads\/2017\/05\/C-2.jpg","datePublished":"2017-05-02T15:03:47+00:00","dateModified":"2018-03-19T13:16:09+00:00","breadcrumb":{"@id":"https:\/\/safetysourcefire.ca\/?product=series-c-2-external-pipe-leak-control-kit#breadcrumb"},"inLanguage":"fr-CA","potentialAction":[{"@type":"ReadAction","target":["https:\/\/safetysourcefire.ca\/?product=series-c-2-external-pipe-leak-control-kit"]}]},{"@type":"ImageObject","inLanguage":"fr-CA","@id":"https:\/\/safetysourcefire.ca\/?product=series-c-2-external-pipe-leak-control-kit#primaryimage","url":"https:\/\/safetysourcefire.ca\/wp-content\/uploads\/2017\/05\/C-2.jpg","contentUrl":"https:\/\/safetysourcefire.ca\/wp-content\/uploads\/2017\/05\/C-2.jpg","width":600,"height":600,"caption":"Series \"C-2\" External Pipe Leak Control Kit"},{"@type":"BreadcrumbList","@id":"https:\/\/safetysourcefire.ca\/?product=series-c-2-external-pipe-leak-control-kit#breadcrumb","itemListElement":[{"@type":"ListItem","position":1,"name":"Home","item":"https:\/\/safetysourcefire.ca\/"},{"@type":"ListItem","position":2,"name":"Products","item":"https:\/\/safetysourcefire.ca\/shop\/"},{"@type":"ListItem","position":3,"name":"Series &#8220;C-2&#8221; External Pipe Leak Control Kit"}]},{"@type":"WebSite","@id":"https:\/\/safetysourcefire.ca\/#website","url":"https:\/\/safetysourcefire.ca\/","name":"Safety Source Fire","description":"","publisher":{"@id":"https:\/\/safetysourcefire.ca\/#organization"},"potentialAction":[{"@type":"SearchAction","target":{"@type":"EntryPoint","urlTemplate":"https:\/\/safetysourcefire.ca\/?s={search_term_string}"},"query-input":{"@type":"PropertyValueSpecification","valueRequired":true,"valueName":"search_term_string"}}],"inLanguage":"fr-CA"},{"@type":"Organization","@id":"https:\/\/safetysourcefire.ca\/#organization","name":"Safety Source Fire","url":"https:\/\/safetysourcefire.ca\/","logo":{"@type":"ImageObject","inLanguage":"fr-CA","@id":"https:\/\/safetysourcefire.ca\/#\/schema\/logo\/image\/","url":"https:\/\/safetysourcefire.ca\/wp-content\/uploads\/2021\/01\/SSF_logo_CC0000-3.png","contentUrl":"https:\/\/safetysourcefire.ca\/wp-content\/uploads\/2021\/01\/SSF_logo_CC0000-3.png","width":1107,"height":365,"caption":"Safety Source Fire"},"image":{"@id":"https:\/\/safetysourcefire.ca\/#\/schema\/logo\/image\/"},"sameAs":["https:\/\/www.facebook.com\/mmfssca","https:\/\/x.com\/mmfssca"]}]}},"_links":{"self":[{"href":"https:\/\/safetysourcefire.ca\/fr\/wp-json\/wp\/v2\/product\/761","targetHints":{"allow":["GET"]}}],"collection":[{"href":"https:\/\/safetysourcefire.ca\/fr\/wp-json\/wp\/v2\/product"}],"about":[{"href":"https:\/\/safetysourcefire.ca\/fr\/wp-json\/wp\/v2\/types\/product"}],"wp:featuredmedia":[{"embeddable":true,"href":"https:\/\/safetysourcefire.ca\/fr\/wp-json\/wp\/v2\/media\/1129"}],"wp:attachment":[{"href":"https:\/\/safetysourcefire.ca\/fr\/wp-json\/wp\/v2\/media?parent=761"}],"wp:term":[{"taxonomy":"product_brand","embeddable":true,"href":"https:\/\/safetysourcefire.ca\/fr\/wp-json\/wp\/v2\/product_brand?post=761"},{"taxonomy":"product_cat","embeddable":true,"href":"https:\/\/safetysourcefire.ca\/fr\/wp-json\/wp\/v2\/product_cat?post=761"},{"taxonomy":"product_tag","embeddable":true,"href":"https:\/\/safetysourcefire.ca\/fr\/wp-json\/wp\/v2\/product_tag?post=761"}],"curies":[{"name":"wp","href":"https:\/\/api.w.org\/{rel}","templated":true}]}}