{"id":763,"date":"2017-05-02T15:07:58","date_gmt":"2017-05-02T15:07:58","guid":{"rendered":"http:\/\/mmfss.ca\/?post_type=product&#038;p=763"},"modified":"2018-03-19T13:16:08","modified_gmt":"2018-03-19T13:16:08","slug":"series-f-the-roll-over-leak-control-kit","status":"publish","type":"product","link":"https:\/\/safetysourcefire.ca\/fr\/produit\/series-f-the-roll-over-leak-control-kit\/","title":{"rendered":"Trousse de contr\u00f4le des fuites de retournement -S\u00e9rie \u00abF\u00bb"},"content":{"rendered":"<p>Le bandage principal est construit en n\u00e9opr\u00e8ne avec un support en acier inoxydable. L'unit\u00e9 de support est enti\u00e8rement en acier inoxydable et tous les boulons en \u00ab T \u00bb sont \u00e9galement en acier inoxydable. Des trous suppl\u00e9mentaires sont fournis dans le bandage et l'unit\u00e9 de support pour permettre des trous de perforation de fuite \u00e0 proximit\u00e9 de l'obstruction si n\u00e9cessaire.<\/p>\n<p>Dans sa mallette de transport, l'ensemble \u00ab F \u00bb contient :<\/p>\n<ul>\n<li>Un bandage 13\u2033 x 23\u2033<\/li>\n<li>Un cadre de support de 12\u2033 x 22\u2033<\/li>\n<li>Quatre boulons en T en acier inoxydable avec combinaisons d&#039;\u00e9crous \u00e0 oreilles<\/li>\n<li>Seize boulons ext\u00e9rieurs conformes<\/li>\n<li>Pour assembler, ins\u00e9rez simplement un boulon en T \u00e0 travers le bandage et fixez ensemble l'\u00e9crou \u00e0 oreilles\/plaque d'appui<\/li>\n<li>Pour appliquer le boulon en T au trou de chevauchement\u00a0; descendre l'\u00e9crou \u00e0 oreilles et serrez<\/li>\n<li>Pour utilisez sur un r\u00e9servoir, serrez les boulons autour de l'ext\u00e9rieur du bandage<\/li>\n<\/ul>\n<p><strong>MISE EN GARDE<\/strong>: Cet ensemble est con\u00e7u pour \u00eatre utilis\u00e9 uniquement par du personnel exp\u00e9riment\u00e9 et form\u00e9. Utilisation uniquement temporaire pour un contr\u00f4le partiel jusqu'\u00e0 ce que le conteneur puisse \u00eatre mis au rebut. Des v\u00eatements de protection appropri\u00e9s doivent \u00eatre port\u00e9s pendant l'utilisation.<\/p>","protected":false},"excerpt":{"rendered":"<p>Parfait pour couvrir les grands trous qui ne n\u00e9cessitent pas l'utilisation de cha\u00eenes ou de c\u00e2bles.<\/p>","protected":false},"featured_media":1133,"template":"","meta":[],"product_brand":[151],"product_cat":[47,78],"product_tag":[285],"class_list":{"0":"post-763","1":"product","2":"type-product","3":"status-publish","4":"has-post-thumbnail","6":"product_brand-edwards-cromwell","7":"product_cat-hazmat","8":"product_cat-spill-response","9":"product_tag-edwards-cromwell","11":"first","12":"instock","13":"shipping-taxable","14":"product-type-simple"},"yoast_head":"<!-- This site is optimized with the Yoast SEO plugin v27.4 - https:\/\/yoast.com\/product\/yoast-seo-wordpress\/ -->\n<title>Series &quot;F&quot; The Roll-Over Leak Control Kit - Safety Source Fire<\/title>\n<meta name=\"robots\" content=\"index, follow, max-snippet:-1, max-image-preview:large, max-video-preview:-1\" \/>\n<link rel=\"canonical\" href=\"https:\/\/safetysourcefire.ca\/fr\/?product=series-f-the-roll-over-leak-control-kit\" \/>\n<meta property=\"og:locale\" content=\"fr_CA\" \/>\n<meta property=\"og:type\" content=\"article\" \/>\n<meta property=\"og:title\" content=\"Series &quot;F&quot; The Roll-Over Leak Control Kit - Safety Source Fire\" \/>\n<meta property=\"og:description\" content=\"For large holes that don&#039;t require wrapping chains or cables around the vessel.\" \/>\n<meta property=\"og:url\" content=\"https:\/\/safetysourcefire.ca\/fr\/?product=series-f-the-roll-over-leak-control-kit\" \/>\n<meta property=\"og:site_name\" content=\"Safety Source Fire\" \/>\n<meta property=\"article:publisher\" content=\"https:\/\/www.facebook.com\/mmfssca\" \/>\n<meta property=\"article:modified_time\" content=\"2018-03-19T13:16:08+00:00\" \/>\n<meta property=\"og:image\" content=\"https:\/\/safetysourcefire.ca\/wp-content\/uploads\/2017\/05\/F.jpg\" \/>\n\t<meta property=\"og:image:width\" content=\"600\" \/>\n\t<meta property=\"og:image:height\" content=\"600\" \/>\n\t<meta property=\"og:image:type\" content=\"image\/jpeg\" \/>\n<meta name=\"twitter:card\" content=\"summary_large_image\" \/>\n<meta name=\"twitter:site\" content=\"@mmfssca\" \/>\n<meta name=\"twitter:label1\" content=\"Estimation du temps de lecture\" \/>\n\t<meta name=\"twitter:data1\" content=\"1 minute\" \/>\n<script type=\"application\/ld+json\" class=\"yoast-schema-graph\">{\"@context\":\"https:\\\/\\\/schema.org\",\"@graph\":[{\"@type\":\"WebPage\",\"@id\":\"https:\\\/\\\/safetysourcefire.ca\\\/?product=series-f-the-roll-over-leak-control-kit\",\"url\":\"https:\\\/\\\/safetysourcefire.ca\\\/?product=series-f-the-roll-over-leak-control-kit\",\"name\":\"Series \\\"F\\\" The Roll-Over Leak Control Kit - Safety Source Fire\",\"isPartOf\":{\"@id\":\"https:\\\/\\\/safetysourcefire.ca\\\/#website\"},\"primaryImageOfPage\":{\"@id\":\"https:\\\/\\\/safetysourcefire.ca\\\/?product=series-f-the-roll-over-leak-control-kit#primaryimage\"},\"image\":{\"@id\":\"https:\\\/\\\/safetysourcefire.ca\\\/?product=series-f-the-roll-over-leak-control-kit#primaryimage\"},\"thumbnailUrl\":\"https:\\\/\\\/safetysourcefire.ca\\\/wp-content\\\/uploads\\\/2017\\\/05\\\/F.jpg\",\"datePublished\":\"2017-05-02T15:07:58+00:00\",\"dateModified\":\"2018-03-19T13:16:08+00:00\",\"breadcrumb\":{\"@id\":\"https:\\\/\\\/safetysourcefire.ca\\\/?product=series-f-the-roll-over-leak-control-kit#breadcrumb\"},\"inLanguage\":\"fr-CA\",\"potentialAction\":[{\"@type\":\"ReadAction\",\"target\":[\"https:\\\/\\\/safetysourcefire.ca\\\/?product=series-f-the-roll-over-leak-control-kit\"]}]},{\"@type\":\"ImageObject\",\"inLanguage\":\"fr-CA\",\"@id\":\"https:\\\/\\\/safetysourcefire.ca\\\/?product=series-f-the-roll-over-leak-control-kit#primaryimage\",\"url\":\"https:\\\/\\\/safetysourcefire.ca\\\/wp-content\\\/uploads\\\/2017\\\/05\\\/F.jpg\",\"contentUrl\":\"https:\\\/\\\/safetysourcefire.ca\\\/wp-content\\\/uploads\\\/2017\\\/05\\\/F.jpg\",\"width\":600,\"height\":600,\"caption\":\"Series \\\"F\\\" The Roll-Over Leak Control Kit\"},{\"@type\":\"BreadcrumbList\",\"@id\":\"https:\\\/\\\/safetysourcefire.ca\\\/?product=series-f-the-roll-over-leak-control-kit#breadcrumb\",\"itemListElement\":[{\"@type\":\"ListItem\",\"position\":1,\"name\":\"Home\",\"item\":\"https:\\\/\\\/safetysourcefire.ca\\\/\"},{\"@type\":\"ListItem\",\"position\":2,\"name\":\"Products\",\"item\":\"https:\\\/\\\/safetysourcefire.ca\\\/shop\\\/\"},{\"@type\":\"ListItem\",\"position\":3,\"name\":\"Series &#8220;F&#8221; The Roll-Over Leak Control Kit\"}]},{\"@type\":\"WebSite\",\"@id\":\"https:\\\/\\\/safetysourcefire.ca\\\/#website\",\"url\":\"https:\\\/\\\/safetysourcefire.ca\\\/\",\"name\":\"Safety Source Fire\",\"description\":\"\",\"publisher\":{\"@id\":\"https:\\\/\\\/safetysourcefire.ca\\\/#organization\"},\"potentialAction\":[{\"@type\":\"SearchAction\",\"target\":{\"@type\":\"EntryPoint\",\"urlTemplate\":\"https:\\\/\\\/safetysourcefire.ca\\\/?s={search_term_string}\"},\"query-input\":{\"@type\":\"PropertyValueSpecification\",\"valueRequired\":true,\"valueName\":\"search_term_string\"}}],\"inLanguage\":\"fr-CA\"},{\"@type\":\"Organization\",\"@id\":\"https:\\\/\\\/safetysourcefire.ca\\\/#organization\",\"name\":\"Safety Source Fire\",\"url\":\"https:\\\/\\\/safetysourcefire.ca\\\/\",\"logo\":{\"@type\":\"ImageObject\",\"inLanguage\":\"fr-CA\",\"@id\":\"https:\\\/\\\/safetysourcefire.ca\\\/#\\\/schema\\\/logo\\\/image\\\/\",\"url\":\"https:\\\/\\\/safetysourcefire.ca\\\/wp-content\\\/uploads\\\/2021\\\/01\\\/SSF_logo_CC0000-3.png\",\"contentUrl\":\"https:\\\/\\\/safetysourcefire.ca\\\/wp-content\\\/uploads\\\/2021\\\/01\\\/SSF_logo_CC0000-3.png\",\"width\":1107,\"height\":365,\"caption\":\"Safety Source Fire\"},\"image\":{\"@id\":\"https:\\\/\\\/safetysourcefire.ca\\\/#\\\/schema\\\/logo\\\/image\\\/\"},\"sameAs\":[\"https:\\\/\\\/www.facebook.com\\\/mmfssca\",\"https:\\\/\\\/x.com\\\/mmfssca\"]}]}<\/script>\n<!-- \/ Yoast SEO plugin. -->","yoast_head_json":{"title":"S\u00e9rie \u00ab\u00a0F\u00a0\u00bb\u00a0: kit de contr\u00f4le des fuites de retournement - Safety Source Fire","robots":{"index":"index","follow":"follow","max-snippet":"max-snippet:-1","max-image-preview":"max-image-preview:large","max-video-preview":"max-video-preview:-1"},"canonical":"https:\/\/safetysourcefire.ca\/fr\/?product=series-f-the-roll-over-leak-control-kit","og_locale":"fr_CA","og_type":"article","og_title":"Series \"F\" The Roll-Over Leak Control Kit - Safety Source Fire","og_description":"For large holes that don't require wrapping chains or cables around the vessel.","og_url":"https:\/\/safetysourcefire.ca\/fr\/?product=series-f-the-roll-over-leak-control-kit","og_site_name":"Safety Source Fire","article_publisher":"https:\/\/www.facebook.com\/mmfssca","article_modified_time":"2018-03-19T13:16:08+00:00","og_image":[{"width":600,"height":600,"url":"https:\/\/safetysourcefire.ca\/wp-content\/uploads\/2017\/05\/F.jpg","type":"image\/jpeg"}],"twitter_card":"summary_large_image","twitter_site":"@mmfssca","twitter_misc":{"Estimation du temps de lecture":"1 minute"},"schema":{"@context":"https:\/\/schema.org","@graph":[{"@type":"WebPage","@id":"https:\/\/safetysourcefire.ca\/?product=series-f-the-roll-over-leak-control-kit","url":"https:\/\/safetysourcefire.ca\/?product=series-f-the-roll-over-leak-control-kit","name":"S\u00e9rie \u00ab\u00a0F\u00a0\u00bb\u00a0: kit de contr\u00f4le des fuites de retournement - Safety Source Fire","isPartOf":{"@id":"https:\/\/safetysourcefire.ca\/#website"},"primaryImageOfPage":{"@id":"https:\/\/safetysourcefire.ca\/?product=series-f-the-roll-over-leak-control-kit#primaryimage"},"image":{"@id":"https:\/\/safetysourcefire.ca\/?product=series-f-the-roll-over-leak-control-kit#primaryimage"},"thumbnailUrl":"https:\/\/safetysourcefire.ca\/wp-content\/uploads\/2017\/05\/F.jpg","datePublished":"2017-05-02T15:07:58+00:00","dateModified":"2018-03-19T13:16:08+00:00","breadcrumb":{"@id":"https:\/\/safetysourcefire.ca\/?product=series-f-the-roll-over-leak-control-kit#breadcrumb"},"inLanguage":"fr-CA","potentialAction":[{"@type":"ReadAction","target":["https:\/\/safetysourcefire.ca\/?product=series-f-the-roll-over-leak-control-kit"]}]},{"@type":"ImageObject","inLanguage":"fr-CA","@id":"https:\/\/safetysourcefire.ca\/?product=series-f-the-roll-over-leak-control-kit#primaryimage","url":"https:\/\/safetysourcefire.ca\/wp-content\/uploads\/2017\/05\/F.jpg","contentUrl":"https:\/\/safetysourcefire.ca\/wp-content\/uploads\/2017\/05\/F.jpg","width":600,"height":600,"caption":"Series \"F\" The Roll-Over Leak Control Kit"},{"@type":"BreadcrumbList","@id":"https:\/\/safetysourcefire.ca\/?product=series-f-the-roll-over-leak-control-kit#breadcrumb","itemListElement":[{"@type":"ListItem","position":1,"name":"Home","item":"https:\/\/safetysourcefire.ca\/"},{"@type":"ListItem","position":2,"name":"Products","item":"https:\/\/safetysourcefire.ca\/shop\/"},{"@type":"ListItem","position":3,"name":"Series &#8220;F&#8221; The Roll-Over Leak Control Kit"}]},{"@type":"WebSite","@id":"https:\/\/safetysourcefire.ca\/#website","url":"https:\/\/safetysourcefire.ca\/","name":"Safety Source Fire","description":"","publisher":{"@id":"https:\/\/safetysourcefire.ca\/#organization"},"potentialAction":[{"@type":"SearchAction","target":{"@type":"EntryPoint","urlTemplate":"https:\/\/safetysourcefire.ca\/?s={search_term_string}"},"query-input":{"@type":"PropertyValueSpecification","valueRequired":true,"valueName":"search_term_string"}}],"inLanguage":"fr-CA"},{"@type":"Organization","@id":"https:\/\/safetysourcefire.ca\/#organization","name":"Safety Source Fire","url":"https:\/\/safetysourcefire.ca\/","logo":{"@type":"ImageObject","inLanguage":"fr-CA","@id":"https:\/\/safetysourcefire.ca\/#\/schema\/logo\/image\/","url":"https:\/\/safetysourcefire.ca\/wp-content\/uploads\/2021\/01\/SSF_logo_CC0000-3.png","contentUrl":"https:\/\/safetysourcefire.ca\/wp-content\/uploads\/2021\/01\/SSF_logo_CC0000-3.png","width":1107,"height":365,"caption":"Safety Source Fire"},"image":{"@id":"https:\/\/safetysourcefire.ca\/#\/schema\/logo\/image\/"},"sameAs":["https:\/\/www.facebook.com\/mmfssca","https:\/\/x.com\/mmfssca"]}]}},"_links":{"self":[{"href":"https:\/\/safetysourcefire.ca\/fr\/wp-json\/wp\/v2\/product\/763","targetHints":{"allow":["GET"]}}],"collection":[{"href":"https:\/\/safetysourcefire.ca\/fr\/wp-json\/wp\/v2\/product"}],"about":[{"href":"https:\/\/safetysourcefire.ca\/fr\/wp-json\/wp\/v2\/types\/product"}],"wp:featuredmedia":[{"embeddable":true,"href":"https:\/\/safetysourcefire.ca\/fr\/wp-json\/wp\/v2\/media\/1133"}],"wp:attachment":[{"href":"https:\/\/safetysourcefire.ca\/fr\/wp-json\/wp\/v2\/media?parent=763"}],"wp:term":[{"taxonomy":"product_brand","embeddable":true,"href":"https:\/\/safetysourcefire.ca\/fr\/wp-json\/wp\/v2\/product_brand?post=763"},{"taxonomy":"product_cat","embeddable":true,"href":"https:\/\/safetysourcefire.ca\/fr\/wp-json\/wp\/v2\/product_cat?post=763"},{"taxonomy":"product_tag","embeddable":true,"href":"https:\/\/safetysourcefire.ca\/fr\/wp-json\/wp\/v2\/product_tag?post=763"}],"curies":[{"name":"wp","href":"https:\/\/api.w.org\/{rel}","templated":true}]}}