{"id":778,"date":"2017-05-02T15:19:47","date_gmt":"2017-05-02T15:19:47","guid":{"rendered":"http:\/\/mmfss.ca\/?post_type=product&#038;p=778"},"modified":"2018-03-19T13:13:48","modified_gmt":"2018-03-19T13:13:48","slug":"oil-only-sonicbonded-sorbent-pads-heavy-weight","status":"publish","type":"product","link":"https:\/\/safetysourcefire.ca\/fr\/produit\/oil-only-sonicbonded-sorbent-pads-heavy-weight\/","title":{"rendered":"Tampons absorbants SonicBonded -\n Pour huile, charge lourde"},"content":{"rendered":"<p><strong>Action rapide pour une r\u00e9ponse rapide<\/strong><br \/>\nLa couche de polypropyl\u00e8ne MeltBlown cr\u00e9e une surface sur\u00e9lev\u00e9e qui permet au tampons SonicBonded d'absorber rapidement les liquides au contact.<\/p>\n<p><strong>Haute capacit\u00e9 d'absorption : un travail bien fait<\/strong><br \/>\nUn assemblage al\u00e9atoire de fibres poly MeltBlown de grand diam\u00e8tre cr\u00e9e une couche efficace pour l'absorbtion. En effet, ce tapis peut absorber rapidement de grands volumes de liquide. Id\u00e9al pour attraper les exc\u00e8s de pulv\u00e9risation ou absorber les d\u00e9versements.<\/p>\n<p><strong>Points de liaison \u00e0 ultrasons gardant le tapis intact<\/strong><br \/>\nLes points de liaison ultrasoniques fusionnent les couches de fibres ensemble - Le tapis conserve donc sa forme m\u00eame lorsqu'il est compl\u00e8tement satur\u00e9. La couche sup\u00e9rieure de tissu SpunBond non pelucheux offre une r\u00e9sistance suppl\u00e9mentaire. Les \"fossettes\" ajoutent une puissance d'\u00e9vacuation rapide.<\/p>","protected":false},"excerpt":{"rendered":"<p>Ces tampons lourds SonicBonded contr\u00f4lent les d\u00e9versements et les surpulv\u00e9risations afin de vous aider \u00e0 garder les sols secs et s\u00e9curitaires.<\/p>","protected":false},"featured_media":1140,"template":"","meta":[],"product_brand":[153],"product_cat":[47,78],"product_tag":[281],"class_list":{"0":"post-778","1":"product","2":"type-product","3":"status-publish","4":"has-post-thumbnail","6":"product_brand-dss-marine","7":"product_cat-hazmat","8":"product_cat-spill-response","9":"product_tag-dss-marine","11":"first","12":"instock","13":"shipping-taxable","14":"product-type-simple"},"yoast_head":"<!-- This site is optimized with the Yoast SEO plugin v27.4 - https:\/\/yoast.com\/product\/yoast-seo-wordpress\/ -->\n<title>Oil Only SonicBonded Sorbent Pads - Heavy Weight - Safety Source Fire<\/title>\n<meta name=\"robots\" content=\"index, follow, max-snippet:-1, max-image-preview:large, max-video-preview:-1\" \/>\n<link rel=\"canonical\" href=\"https:\/\/safetysourcefire.ca\/fr\/?product=oil-only-sonicbonded-sorbent-pads-heavy-weight\" \/>\n<meta property=\"og:locale\" content=\"fr_CA\" \/>\n<meta property=\"og:type\" content=\"article\" \/>\n<meta property=\"og:title\" content=\"Oil Only SonicBonded Sorbent Pads - Heavy Weight - Safety Source Fire\" \/>\n<meta property=\"og:description\" content=\"SonicBonded Mat Pads control spills and overspray to help keep floors dry and safe.\" \/>\n<meta property=\"og:url\" content=\"https:\/\/safetysourcefire.ca\/fr\/?product=oil-only-sonicbonded-sorbent-pads-heavy-weight\" \/>\n<meta property=\"og:site_name\" content=\"Safety Source Fire\" \/>\n<meta property=\"article:publisher\" content=\"https:\/\/www.facebook.com\/mmfssca\" \/>\n<meta property=\"article:modified_time\" content=\"2018-03-19T13:13:48+00:00\" \/>\n<meta property=\"og:image\" content=\"https:\/\/safetysourcefire.ca\/wp-content\/uploads\/2017\/05\/DSS-Marine-ST-WPB12.jpg\" \/>\n\t<meta property=\"og:image:width\" content=\"600\" \/>\n\t<meta property=\"og:image:height\" content=\"600\" \/>\n\t<meta property=\"og:image:type\" content=\"image\/jpeg\" \/>\n<meta name=\"twitter:card\" content=\"summary_large_image\" \/>\n<meta name=\"twitter:site\" content=\"@mmfssca\" \/>\n<script type=\"application\/ld+json\" class=\"yoast-schema-graph\">{\"@context\":\"https:\\\/\\\/schema.org\",\"@graph\":[{\"@type\":\"WebPage\",\"@id\":\"https:\\\/\\\/safetysourcefire.ca\\\/?product=oil-only-sonicbonded-sorbent-pads-heavy-weight\",\"url\":\"https:\\\/\\\/safetysourcefire.ca\\\/?product=oil-only-sonicbonded-sorbent-pads-heavy-weight\",\"name\":\"Oil Only SonicBonded Sorbent Pads - Heavy Weight - Safety Source Fire\",\"isPartOf\":{\"@id\":\"https:\\\/\\\/safetysourcefire.ca\\\/#website\"},\"primaryImageOfPage\":{\"@id\":\"https:\\\/\\\/safetysourcefire.ca\\\/?product=oil-only-sonicbonded-sorbent-pads-heavy-weight#primaryimage\"},\"image\":{\"@id\":\"https:\\\/\\\/safetysourcefire.ca\\\/?product=oil-only-sonicbonded-sorbent-pads-heavy-weight#primaryimage\"},\"thumbnailUrl\":\"https:\\\/\\\/safetysourcefire.ca\\\/wp-content\\\/uploads\\\/2017\\\/05\\\/DSS-Marine-ST-WPB12.jpg\",\"datePublished\":\"2017-05-02T15:19:47+00:00\",\"dateModified\":\"2018-03-19T13:13:48+00:00\",\"breadcrumb\":{\"@id\":\"https:\\\/\\\/safetysourcefire.ca\\\/?product=oil-only-sonicbonded-sorbent-pads-heavy-weight#breadcrumb\"},\"inLanguage\":\"fr-CA\",\"potentialAction\":[{\"@type\":\"ReadAction\",\"target\":[\"https:\\\/\\\/safetysourcefire.ca\\\/?product=oil-only-sonicbonded-sorbent-pads-heavy-weight\"]}]},{\"@type\":\"ImageObject\",\"inLanguage\":\"fr-CA\",\"@id\":\"https:\\\/\\\/safetysourcefire.ca\\\/?product=oil-only-sonicbonded-sorbent-pads-heavy-weight#primaryimage\",\"url\":\"https:\\\/\\\/safetysourcefire.ca\\\/wp-content\\\/uploads\\\/2017\\\/05\\\/DSS-Marine-ST-WPB12.jpg\",\"contentUrl\":\"https:\\\/\\\/safetysourcefire.ca\\\/wp-content\\\/uploads\\\/2017\\\/05\\\/DSS-Marine-ST-WPB12.jpg\",\"width\":600,\"height\":600,\"caption\":\"Oil Only SonicBonded Sorbent Pads - Heavy Weight\"},{\"@type\":\"BreadcrumbList\",\"@id\":\"https:\\\/\\\/safetysourcefire.ca\\\/?product=oil-only-sonicbonded-sorbent-pads-heavy-weight#breadcrumb\",\"itemListElement\":[{\"@type\":\"ListItem\",\"position\":1,\"name\":\"Home\",\"item\":\"https:\\\/\\\/safetysourcefire.ca\\\/\"},{\"@type\":\"ListItem\",\"position\":2,\"name\":\"Products\",\"item\":\"https:\\\/\\\/safetysourcefire.ca\\\/shop\\\/\"},{\"@type\":\"ListItem\",\"position\":3,\"name\":\"Oil Only SonicBonded Sorbent Pads &#8211; Heavy Weight\"}]},{\"@type\":\"WebSite\",\"@id\":\"https:\\\/\\\/safetysourcefire.ca\\\/#website\",\"url\":\"https:\\\/\\\/safetysourcefire.ca\\\/\",\"name\":\"Safety Source Fire\",\"description\":\"\",\"publisher\":{\"@id\":\"https:\\\/\\\/safetysourcefire.ca\\\/#organization\"},\"potentialAction\":[{\"@type\":\"SearchAction\",\"target\":{\"@type\":\"EntryPoint\",\"urlTemplate\":\"https:\\\/\\\/safetysourcefire.ca\\\/?s={search_term_string}\"},\"query-input\":{\"@type\":\"PropertyValueSpecification\",\"valueRequired\":true,\"valueName\":\"search_term_string\"}}],\"inLanguage\":\"fr-CA\"},{\"@type\":\"Organization\",\"@id\":\"https:\\\/\\\/safetysourcefire.ca\\\/#organization\",\"name\":\"Safety Source Fire\",\"url\":\"https:\\\/\\\/safetysourcefire.ca\\\/\",\"logo\":{\"@type\":\"ImageObject\",\"inLanguage\":\"fr-CA\",\"@id\":\"https:\\\/\\\/safetysourcefire.ca\\\/#\\\/schema\\\/logo\\\/image\\\/\",\"url\":\"https:\\\/\\\/safetysourcefire.ca\\\/wp-content\\\/uploads\\\/2021\\\/01\\\/SSF_logo_CC0000-3.png\",\"contentUrl\":\"https:\\\/\\\/safetysourcefire.ca\\\/wp-content\\\/uploads\\\/2021\\\/01\\\/SSF_logo_CC0000-3.png\",\"width\":1107,\"height\":365,\"caption\":\"Safety Source Fire\"},\"image\":{\"@id\":\"https:\\\/\\\/safetysourcefire.ca\\\/#\\\/schema\\\/logo\\\/image\\\/\"},\"sameAs\":[\"https:\\\/\\\/www.facebook.com\\\/mmfssca\",\"https:\\\/\\\/x.com\\\/mmfssca\"]}]}<\/script>\n<!-- \/ Yoast SEO plugin. -->","yoast_head_json":{"title":"Tampons absorbants SonicBonded pour huile uniquement - Poids lourd - Safety Source Fire","robots":{"index":"index","follow":"follow","max-snippet":"max-snippet:-1","max-image-preview":"max-image-preview:large","max-video-preview":"max-video-preview:-1"},"canonical":"https:\/\/safetysourcefire.ca\/fr\/?product=oil-only-sonicbonded-sorbent-pads-heavy-weight","og_locale":"fr_CA","og_type":"article","og_title":"Oil Only SonicBonded Sorbent Pads - Heavy Weight - Safety Source Fire","og_description":"SonicBonded Mat Pads control spills and overspray to help keep floors dry and safe.","og_url":"https:\/\/safetysourcefire.ca\/fr\/?product=oil-only-sonicbonded-sorbent-pads-heavy-weight","og_site_name":"Safety Source Fire","article_publisher":"https:\/\/www.facebook.com\/mmfssca","article_modified_time":"2018-03-19T13:13:48+00:00","og_image":[{"width":600,"height":600,"url":"https:\/\/safetysourcefire.ca\/wp-content\/uploads\/2017\/05\/DSS-Marine-ST-WPB12.jpg","type":"image\/jpeg"}],"twitter_card":"summary_large_image","twitter_site":"@mmfssca","schema":{"@context":"https:\/\/schema.org","@graph":[{"@type":"WebPage","@id":"https:\/\/safetysourcefire.ca\/?product=oil-only-sonicbonded-sorbent-pads-heavy-weight","url":"https:\/\/safetysourcefire.ca\/?product=oil-only-sonicbonded-sorbent-pads-heavy-weight","name":"Tampons absorbants SonicBonded pour huile uniquement - Poids lourd - Safety Source Fire","isPartOf":{"@id":"https:\/\/safetysourcefire.ca\/#website"},"primaryImageOfPage":{"@id":"https:\/\/safetysourcefire.ca\/?product=oil-only-sonicbonded-sorbent-pads-heavy-weight#primaryimage"},"image":{"@id":"https:\/\/safetysourcefire.ca\/?product=oil-only-sonicbonded-sorbent-pads-heavy-weight#primaryimage"},"thumbnailUrl":"https:\/\/safetysourcefire.ca\/wp-content\/uploads\/2017\/05\/DSS-Marine-ST-WPB12.jpg","datePublished":"2017-05-02T15:19:47+00:00","dateModified":"2018-03-19T13:13:48+00:00","breadcrumb":{"@id":"https:\/\/safetysourcefire.ca\/?product=oil-only-sonicbonded-sorbent-pads-heavy-weight#breadcrumb"},"inLanguage":"fr-CA","potentialAction":[{"@type":"ReadAction","target":["https:\/\/safetysourcefire.ca\/?product=oil-only-sonicbonded-sorbent-pads-heavy-weight"]}]},{"@type":"ImageObject","inLanguage":"fr-CA","@id":"https:\/\/safetysourcefire.ca\/?product=oil-only-sonicbonded-sorbent-pads-heavy-weight#primaryimage","url":"https:\/\/safetysourcefire.ca\/wp-content\/uploads\/2017\/05\/DSS-Marine-ST-WPB12.jpg","contentUrl":"https:\/\/safetysourcefire.ca\/wp-content\/uploads\/2017\/05\/DSS-Marine-ST-WPB12.jpg","width":600,"height":600,"caption":"Oil Only SonicBonded Sorbent Pads - Heavy Weight"},{"@type":"BreadcrumbList","@id":"https:\/\/safetysourcefire.ca\/?product=oil-only-sonicbonded-sorbent-pads-heavy-weight#breadcrumb","itemListElement":[{"@type":"ListItem","position":1,"name":"Home","item":"https:\/\/safetysourcefire.ca\/"},{"@type":"ListItem","position":2,"name":"Products","item":"https:\/\/safetysourcefire.ca\/shop\/"},{"@type":"ListItem","position":3,"name":"Oil Only SonicBonded Sorbent Pads &#8211; Heavy Weight"}]},{"@type":"WebSite","@id":"https:\/\/safetysourcefire.ca\/#website","url":"https:\/\/safetysourcefire.ca\/","name":"Safety Source Fire","description":"","publisher":{"@id":"https:\/\/safetysourcefire.ca\/#organization"},"potentialAction":[{"@type":"SearchAction","target":{"@type":"EntryPoint","urlTemplate":"https:\/\/safetysourcefire.ca\/?s={search_term_string}"},"query-input":{"@type":"PropertyValueSpecification","valueRequired":true,"valueName":"search_term_string"}}],"inLanguage":"fr-CA"},{"@type":"Organization","@id":"https:\/\/safetysourcefire.ca\/#organization","name":"Safety Source Fire","url":"https:\/\/safetysourcefire.ca\/","logo":{"@type":"ImageObject","inLanguage":"fr-CA","@id":"https:\/\/safetysourcefire.ca\/#\/schema\/logo\/image\/","url":"https:\/\/safetysourcefire.ca\/wp-content\/uploads\/2021\/01\/SSF_logo_CC0000-3.png","contentUrl":"https:\/\/safetysourcefire.ca\/wp-content\/uploads\/2021\/01\/SSF_logo_CC0000-3.png","width":1107,"height":365,"caption":"Safety Source Fire"},"image":{"@id":"https:\/\/safetysourcefire.ca\/#\/schema\/logo\/image\/"},"sameAs":["https:\/\/www.facebook.com\/mmfssca","https:\/\/x.com\/mmfssca"]}]}},"_links":{"self":[{"href":"https:\/\/safetysourcefire.ca\/fr\/wp-json\/wp\/v2\/product\/778","targetHints":{"allow":["GET"]}}],"collection":[{"href":"https:\/\/safetysourcefire.ca\/fr\/wp-json\/wp\/v2\/product"}],"about":[{"href":"https:\/\/safetysourcefire.ca\/fr\/wp-json\/wp\/v2\/types\/product"}],"wp:featuredmedia":[{"embeddable":true,"href":"https:\/\/safetysourcefire.ca\/fr\/wp-json\/wp\/v2\/media\/1140"}],"wp:attachment":[{"href":"https:\/\/safetysourcefire.ca\/fr\/wp-json\/wp\/v2\/media?parent=778"}],"wp:term":[{"taxonomy":"product_brand","embeddable":true,"href":"https:\/\/safetysourcefire.ca\/fr\/wp-json\/wp\/v2\/product_brand?post=778"},{"taxonomy":"product_cat","embeddable":true,"href":"https:\/\/safetysourcefire.ca\/fr\/wp-json\/wp\/v2\/product_cat?post=778"},{"taxonomy":"product_tag","embeddable":true,"href":"https:\/\/safetysourcefire.ca\/fr\/wp-json\/wp\/v2\/product_tag?post=778"}],"curies":[{"name":"wp","href":"https:\/\/api.w.org\/{rel}","templated":true}]}}