{"id":779,"date":"2017-05-02T15:20:51","date_gmt":"2017-05-02T15:20:51","guid":{"rendered":"http:\/\/mmfss.ca\/?post_type=product&#038;p=779"},"modified":"2018-03-19T13:13:47","modified_gmt":"2018-03-19T13:13:47","slug":"oil-only-sorbent-boom-5x10","status":"publish","type":"product","link":"https:\/\/safetysourcefire.ca\/fr\/produit\/oil-only-sorbent-boom-5x10\/","title":{"rendered":"Tube absorbant pour huile  5\u2033 x10 \u2032"},"content":{"rendered":"<p><strong>Filet pour contension et absorption d'huile<\/strong><\/p>\n<p>Le rembourrage ne se d\u00e9versera pas et les barrages ne couleront pas, m\u00eame s'ils sont satur\u00e9s d'huile.<\/p>\n<p><strong>Absorbe les liquides huileux \u2014 Repousse l&#039;eau<\/strong><\/p>\n<p>La charge en polypropyl\u00e8ne est laiss\u00e9e dans son \u00e9tat hydrophobe naturel - ce qui veut dire qu'elle repousse l'eau (et flotte), tout en absorbant les huiles et autres hydrocarbures.<\/p>\n<p><strong>Construction robuste<\/strong><\/p>\n<p>Une corde en nylon et une quincaillerie robuste garantissent une durabilit\u00e9 \u00e0 long terme et une r\u00e9cup\u00e9ration facile.<\/p>\n<p><strong>Tailles personnalis\u00e9es disponibles<\/strong><\/p>\n<p>Des connecteurs durables et faciles \u00e0 utiliser vous offrent un moyen simple et efficace de relier plusieurs rampes \/ filets. Ainsi, vous pourrez facilement cr\u00e9er un syst\u00e8me de confinement assez grand pour g\u00e9rer presque toutes les tailles de d\u00e9versement sur l'eau. La connection se fait gr\u00e2ce \u00e0 un connecteur en m\u00e9tal solide.<\/p>\n<p><strong>Marqueur brillant vous avertissant du niveau de saturation<\/strong><\/p>\n<p>L'huile ne peut pas se cacher sur une chaussette\/un filet blanc brillant. Gr\u00e2ce \u00e0 ce marqueur, vous pourrez facilement voir quand l'outil est compl\u00e8tement satur\u00e9. Vous sauverez ainsi temps et argent!<\/p>\n<p>&nbsp;<\/p>\n<p>Autres tailles disponibles.<\/p>","protected":false},"excerpt":{"rendered":"<p>Des mailles ext\u00e9rieures solides recouvrent un int\u00e9rieur rempli de polypropyl\u00e8ne hautement absorbant.<\/p>","protected":false},"featured_media":1139,"template":"","meta":[],"product_brand":[153],"product_cat":[47,78],"product_tag":[281],"class_list":{"0":"post-779","1":"product","2":"type-product","3":"status-publish","4":"has-post-thumbnail","6":"product_brand-dss-marine","7":"product_cat-hazmat","8":"product_cat-spill-response","9":"product_tag-dss-marine","11":"first","12":"instock","13":"shipping-taxable","14":"product-type-simple"},"yoast_head":"<!-- This site is optimized with the Yoast SEO plugin v27.4 - https:\/\/yoast.com\/product\/yoast-seo-wordpress\/ -->\n<title>Oil Only Sorbent Boom - 5&quot;x10&#039; - Safety Source Fire<\/title>\n<meta name=\"robots\" content=\"index, follow, max-snippet:-1, max-image-preview:large, max-video-preview:-1\" \/>\n<link rel=\"canonical\" href=\"https:\/\/safetysourcefire.ca\/fr\/?product=oil-only-sorbent-boom-5x10\" \/>\n<meta property=\"og:locale\" content=\"fr_CA\" \/>\n<meta property=\"og:type\" content=\"article\" \/>\n<meta property=\"og:title\" content=\"Oil Only Sorbent Boom - 5&quot;x10&#039; - Safety Source Fire\" \/>\n<meta property=\"og:description\" content=\"Strong mesh outer sleeve encases a poly sock skin filled with highly-sorbent polypropylene.\" \/>\n<meta property=\"og:url\" content=\"https:\/\/safetysourcefire.ca\/fr\/?product=oil-only-sorbent-boom-5x10\" \/>\n<meta property=\"og:site_name\" content=\"Safety Source Fire\" \/>\n<meta property=\"article:publisher\" content=\"https:\/\/www.facebook.com\/mmfssca\" \/>\n<meta property=\"article:modified_time\" content=\"2018-03-19T13:13:47+00:00\" \/>\n<meta property=\"og:image\" content=\"https:\/\/safetysourcefire.ca\/wp-content\/uploads\/2017\/05\/DSS-Marine-ST-WB510.jpg\" \/>\n\t<meta property=\"og:image:width\" content=\"600\" \/>\n\t<meta property=\"og:image:height\" content=\"600\" \/>\n\t<meta property=\"og:image:type\" content=\"image\/jpeg\" \/>\n<meta name=\"twitter:card\" content=\"summary_large_image\" \/>\n<meta name=\"twitter:site\" content=\"@mmfssca\" \/>\n<meta name=\"twitter:label1\" content=\"Estimation du temps de lecture\" \/>\n\t<meta name=\"twitter:data1\" content=\"1 minute\" \/>\n<script type=\"application\/ld+json\" class=\"yoast-schema-graph\">{\"@context\":\"https:\\\/\\\/schema.org\",\"@graph\":[{\"@type\":\"WebPage\",\"@id\":\"https:\\\/\\\/safetysourcefire.ca\\\/?product=oil-only-sorbent-boom-5x10\",\"url\":\"https:\\\/\\\/safetysourcefire.ca\\\/?product=oil-only-sorbent-boom-5x10\",\"name\":\"Oil Only Sorbent Boom - 5\\\"x10' - Safety Source Fire\",\"isPartOf\":{\"@id\":\"https:\\\/\\\/safetysourcefire.ca\\\/#website\"},\"primaryImageOfPage\":{\"@id\":\"https:\\\/\\\/safetysourcefire.ca\\\/?product=oil-only-sorbent-boom-5x10#primaryimage\"},\"image\":{\"@id\":\"https:\\\/\\\/safetysourcefire.ca\\\/?product=oil-only-sorbent-boom-5x10#primaryimage\"},\"thumbnailUrl\":\"https:\\\/\\\/safetysourcefire.ca\\\/wp-content\\\/uploads\\\/2017\\\/05\\\/DSS-Marine-ST-WB510.jpg\",\"datePublished\":\"2017-05-02T15:20:51+00:00\",\"dateModified\":\"2018-03-19T13:13:47+00:00\",\"breadcrumb\":{\"@id\":\"https:\\\/\\\/safetysourcefire.ca\\\/?product=oil-only-sorbent-boom-5x10#breadcrumb\"},\"inLanguage\":\"fr-CA\",\"potentialAction\":[{\"@type\":\"ReadAction\",\"target\":[\"https:\\\/\\\/safetysourcefire.ca\\\/?product=oil-only-sorbent-boom-5x10\"]}]},{\"@type\":\"ImageObject\",\"inLanguage\":\"fr-CA\",\"@id\":\"https:\\\/\\\/safetysourcefire.ca\\\/?product=oil-only-sorbent-boom-5x10#primaryimage\",\"url\":\"https:\\\/\\\/safetysourcefire.ca\\\/wp-content\\\/uploads\\\/2017\\\/05\\\/DSS-Marine-ST-WB510.jpg\",\"contentUrl\":\"https:\\\/\\\/safetysourcefire.ca\\\/wp-content\\\/uploads\\\/2017\\\/05\\\/DSS-Marine-ST-WB510.jpg\",\"width\":600,\"height\":600,\"caption\":\"Oil Only Sorbent Boom - 5\\\"x10'\"},{\"@type\":\"BreadcrumbList\",\"@id\":\"https:\\\/\\\/safetysourcefire.ca\\\/?product=oil-only-sorbent-boom-5x10#breadcrumb\",\"itemListElement\":[{\"@type\":\"ListItem\",\"position\":1,\"name\":\"Home\",\"item\":\"https:\\\/\\\/safetysourcefire.ca\\\/\"},{\"@type\":\"ListItem\",\"position\":2,\"name\":\"Products\",\"item\":\"https:\\\/\\\/safetysourcefire.ca\\\/shop\\\/\"},{\"@type\":\"ListItem\",\"position\":3,\"name\":\"Oil Only Sorbent Boom &#8211; 5&#8243;x10&#8242;\"}]},{\"@type\":\"WebSite\",\"@id\":\"https:\\\/\\\/safetysourcefire.ca\\\/#website\",\"url\":\"https:\\\/\\\/safetysourcefire.ca\\\/\",\"name\":\"Safety Source Fire\",\"description\":\"\",\"publisher\":{\"@id\":\"https:\\\/\\\/safetysourcefire.ca\\\/#organization\"},\"potentialAction\":[{\"@type\":\"SearchAction\",\"target\":{\"@type\":\"EntryPoint\",\"urlTemplate\":\"https:\\\/\\\/safetysourcefire.ca\\\/?s={search_term_string}\"},\"query-input\":{\"@type\":\"PropertyValueSpecification\",\"valueRequired\":true,\"valueName\":\"search_term_string\"}}],\"inLanguage\":\"fr-CA\"},{\"@type\":\"Organization\",\"@id\":\"https:\\\/\\\/safetysourcefire.ca\\\/#organization\",\"name\":\"Safety Source Fire\",\"url\":\"https:\\\/\\\/safetysourcefire.ca\\\/\",\"logo\":{\"@type\":\"ImageObject\",\"inLanguage\":\"fr-CA\",\"@id\":\"https:\\\/\\\/safetysourcefire.ca\\\/#\\\/schema\\\/logo\\\/image\\\/\",\"url\":\"https:\\\/\\\/safetysourcefire.ca\\\/wp-content\\\/uploads\\\/2021\\\/01\\\/SSF_logo_CC0000-3.png\",\"contentUrl\":\"https:\\\/\\\/safetysourcefire.ca\\\/wp-content\\\/uploads\\\/2021\\\/01\\\/SSF_logo_CC0000-3.png\",\"width\":1107,\"height\":365,\"caption\":\"Safety Source Fire\"},\"image\":{\"@id\":\"https:\\\/\\\/safetysourcefire.ca\\\/#\\\/schema\\\/logo\\\/image\\\/\"},\"sameAs\":[\"https:\\\/\\\/www.facebook.com\\\/mmfssca\",\"https:\\\/\\\/x.com\\\/mmfssca\"]}]}<\/script>\n<!-- \/ Yoast SEO plugin. -->","yoast_head_json":{"title":"Barrage absorbant pour hydrocarbures uniquement - 5&quot; x 10&#039; - Safety Source Fire","robots":{"index":"index","follow":"follow","max-snippet":"max-snippet:-1","max-image-preview":"max-image-preview:large","max-video-preview":"max-video-preview:-1"},"canonical":"https:\/\/safetysourcefire.ca\/fr\/?product=oil-only-sorbent-boom-5x10","og_locale":"fr_CA","og_type":"article","og_title":"Oil Only Sorbent Boom - 5\"x10' - Safety Source Fire","og_description":"Strong mesh outer sleeve encases a poly sock skin filled with highly-sorbent polypropylene.","og_url":"https:\/\/safetysourcefire.ca\/fr\/?product=oil-only-sorbent-boom-5x10","og_site_name":"Safety Source Fire","article_publisher":"https:\/\/www.facebook.com\/mmfssca","article_modified_time":"2018-03-19T13:13:47+00:00","og_image":[{"width":600,"height":600,"url":"https:\/\/safetysourcefire.ca\/wp-content\/uploads\/2017\/05\/DSS-Marine-ST-WB510.jpg","type":"image\/jpeg"}],"twitter_card":"summary_large_image","twitter_site":"@mmfssca","twitter_misc":{"Estimation du temps de lecture":"1 minute"},"schema":{"@context":"https:\/\/schema.org","@graph":[{"@type":"WebPage","@id":"https:\/\/safetysourcefire.ca\/?product=oil-only-sorbent-boom-5x10","url":"https:\/\/safetysourcefire.ca\/?product=oil-only-sorbent-boom-5x10","name":"Barrage absorbant pour hydrocarbures uniquement - 5&quot; x 10&#039; - Safety Source Fire","isPartOf":{"@id":"https:\/\/safetysourcefire.ca\/#website"},"primaryImageOfPage":{"@id":"https:\/\/safetysourcefire.ca\/?product=oil-only-sorbent-boom-5x10#primaryimage"},"image":{"@id":"https:\/\/safetysourcefire.ca\/?product=oil-only-sorbent-boom-5x10#primaryimage"},"thumbnailUrl":"https:\/\/safetysourcefire.ca\/wp-content\/uploads\/2017\/05\/DSS-Marine-ST-WB510.jpg","datePublished":"2017-05-02T15:20:51+00:00","dateModified":"2018-03-19T13:13:47+00:00","breadcrumb":{"@id":"https:\/\/safetysourcefire.ca\/?product=oil-only-sorbent-boom-5x10#breadcrumb"},"inLanguage":"fr-CA","potentialAction":[{"@type":"ReadAction","target":["https:\/\/safetysourcefire.ca\/?product=oil-only-sorbent-boom-5x10"]}]},{"@type":"ImageObject","inLanguage":"fr-CA","@id":"https:\/\/safetysourcefire.ca\/?product=oil-only-sorbent-boom-5x10#primaryimage","url":"https:\/\/safetysourcefire.ca\/wp-content\/uploads\/2017\/05\/DSS-Marine-ST-WB510.jpg","contentUrl":"https:\/\/safetysourcefire.ca\/wp-content\/uploads\/2017\/05\/DSS-Marine-ST-WB510.jpg","width":600,"height":600,"caption":"Oil Only Sorbent Boom - 5\"x10'"},{"@type":"BreadcrumbList","@id":"https:\/\/safetysourcefire.ca\/?product=oil-only-sorbent-boom-5x10#breadcrumb","itemListElement":[{"@type":"ListItem","position":1,"name":"Home","item":"https:\/\/safetysourcefire.ca\/"},{"@type":"ListItem","position":2,"name":"Products","item":"https:\/\/safetysourcefire.ca\/shop\/"},{"@type":"ListItem","position":3,"name":"Oil Only Sorbent Boom &#8211; 5&#8243;x10&#8242;"}]},{"@type":"WebSite","@id":"https:\/\/safetysourcefire.ca\/#website","url":"https:\/\/safetysourcefire.ca\/","name":"Safety Source Fire","description":"","publisher":{"@id":"https:\/\/safetysourcefire.ca\/#organization"},"potentialAction":[{"@type":"SearchAction","target":{"@type":"EntryPoint","urlTemplate":"https:\/\/safetysourcefire.ca\/?s={search_term_string}"},"query-input":{"@type":"PropertyValueSpecification","valueRequired":true,"valueName":"search_term_string"}}],"inLanguage":"fr-CA"},{"@type":"Organization","@id":"https:\/\/safetysourcefire.ca\/#organization","name":"Safety Source Fire","url":"https:\/\/safetysourcefire.ca\/","logo":{"@type":"ImageObject","inLanguage":"fr-CA","@id":"https:\/\/safetysourcefire.ca\/#\/schema\/logo\/image\/","url":"https:\/\/safetysourcefire.ca\/wp-content\/uploads\/2021\/01\/SSF_logo_CC0000-3.png","contentUrl":"https:\/\/safetysourcefire.ca\/wp-content\/uploads\/2021\/01\/SSF_logo_CC0000-3.png","width":1107,"height":365,"caption":"Safety Source Fire"},"image":{"@id":"https:\/\/safetysourcefire.ca\/#\/schema\/logo\/image\/"},"sameAs":["https:\/\/www.facebook.com\/mmfssca","https:\/\/x.com\/mmfssca"]}]}},"_links":{"self":[{"href":"https:\/\/safetysourcefire.ca\/fr\/wp-json\/wp\/v2\/product\/779","targetHints":{"allow":["GET"]}}],"collection":[{"href":"https:\/\/safetysourcefire.ca\/fr\/wp-json\/wp\/v2\/product"}],"about":[{"href":"https:\/\/safetysourcefire.ca\/fr\/wp-json\/wp\/v2\/types\/product"}],"wp:featuredmedia":[{"embeddable":true,"href":"https:\/\/safetysourcefire.ca\/fr\/wp-json\/wp\/v2\/media\/1139"}],"wp:attachment":[{"href":"https:\/\/safetysourcefire.ca\/fr\/wp-json\/wp\/v2\/media?parent=779"}],"wp:term":[{"taxonomy":"product_brand","embeddable":true,"href":"https:\/\/safetysourcefire.ca\/fr\/wp-json\/wp\/v2\/product_brand?post=779"},{"taxonomy":"product_cat","embeddable":true,"href":"https:\/\/safetysourcefire.ca\/fr\/wp-json\/wp\/v2\/product_cat?post=779"},{"taxonomy":"product_tag","embeddable":true,"href":"https:\/\/safetysourcefire.ca\/fr\/wp-json\/wp\/v2\/product_tag?post=779"}],"curies":[{"name":"wp","href":"https:\/\/api.w.org\/{rel}","templated":true}]}}