{"id":780,"date":"2017-05-02T15:22:05","date_gmt":"2017-05-02T15:22:05","guid":{"rendered":"http:\/\/mmfss.ca\/?post_type=product&#038;p=780"},"modified":"2018-03-19T13:13:47","modified_gmt":"2018-03-19T13:13:47","slug":"spilltech-oil-only-spill-kit","status":"publish","type":"product","link":"https:\/\/safetysourcefire.ca\/fr\/produit\/spilltech-oil-only-spill-kit\/","title":{"rendered":"Trousse SpillTech\u00aepour d\u00e9versement d'huile"},"content":{"rendered":"<p><strong>Pr\u00e9parez-vous \u00e0 une r\u00e9ponse rapide avec cet ensemble pour d\u00e9versement d'huile SpillTech\u00ae\u00a0!<\/strong><\/p>\n<p>Que ce soit un chariot \u00e9l\u00e9vateur qui renverse les f\u00fbts, un r\u00e9servoir qui se perfore ou tout autre situation d'urgence; la r\u00e9ponse doit \u00eatre rapide et efficace. Il est important d'avoir les bons absorbants \u00e0 port\u00e9e de main lorsque ces d\u00e9versements se produisent afin d'\u00e9liminer le risque de glissade et de chute. La trousse SpillTech est votre meilleure arme dans la lutte contre ces d\u00e9versements.<\/p>\n<p>Les trousse de d\u00e9versement SpillTech\u00ae sont emball\u00e9es avec des produits SpillTech\u00ae de qualit\u00e9 pour vous aider \u00e0 nettoyer le tout rapidement et de fa\u00e7on conforme aux r\u00e9glementations.<\/p>\n<p>Tous les absorbants dont vous avez besoin se trouvent \u00e0 l'int\u00e9rieur de la trousse. L'emsemble comprend une vari\u00e9t\u00e9 d'absorbants qui vous permettront de g\u00e9rer les petits d\u00e9versements d'huile et d'autres fluides \u00e0 base de p\u00e9trole, tout en repoussant l'eau. La trousse est pr\u00e9-emball\u00e9e dans un sac pratique. Elle est compacte et autonome, et permet de ranger efficacement les produits pour un acc\u00e8s facile, au besoin. Sa conception novatrice vous permettra de gagner du temps lorsqu'une r\u00e9ponse rapide est n\u00e9cessaire. De plus, la trousse est de petite taille, ce qui fait que vous pouvez la placer facilement derri\u00e8re le si\u00e8ge d'un camion.<\/p>\n<p>(#ST-SPKO-TRK)<\/p>\n<p><strong>Vous ne trouvez pas ce que vous cherchez ? Nous pouvons personnaliser une trousse de d\u00e9versement selon vos besoins exacts. <\/strong><\/p>\n<p>&nbsp;<\/p>\n<p>&nbsp;<\/p>","protected":false},"excerpt":{"rendered":"<p>Be prepared for fast response with a SpillTech\u00ae Oil-Only Spill Kit! Quick Response is key when spills happen no matter how hard you try to avoid them. Forklifts knock over drums, tanks are punctured and transporters leak and drip. It is important to have the right sorbents on-hand when these spills occur to eliminate the [&hellip;]<\/p>\n","protected":false},"featured_media":1138,"template":"","meta":[],"product_brand":[153],"product_cat":[47,78],"product_tag":[281],"class_list":{"0":"post-780","1":"product","2":"type-product","3":"status-publish","4":"has-post-thumbnail","6":"product_brand-dss-marine","7":"product_cat-hazmat","8":"product_cat-spill-response","9":"product_tag-dss-marine","11":"first","12":"instock","13":"shipping-taxable","14":"product-type-simple"},"yoast_head":"<!-- This site is optimized with the Yoast SEO plugin v27.4 - https:\/\/yoast.com\/product\/yoast-seo-wordpress\/ -->\n<title>SpillTech\u00ae Oil-Only Spill Kit - Safety Source Fire<\/title>\n<meta name=\"robots\" content=\"index, follow, max-snippet:-1, max-image-preview:large, max-video-preview:-1\" \/>\n<link rel=\"canonical\" href=\"https:\/\/safetysourcefire.ca\/fr\/?product=spilltech-oil-only-spill-kit\" \/>\n<meta property=\"og:locale\" content=\"fr_CA\" \/>\n<meta property=\"og:type\" content=\"article\" \/>\n<meta property=\"og:title\" content=\"SpillTech\u00ae Oil-Only Spill Kit - Safety Source Fire\" \/>\n<meta property=\"og:description\" content=\"Be prepared for fast response with a SpillTech\u00ae Oil-Only Spill Kit! Quick Response is key when spills happen no matter how hard you try to avoid them. Forklifts knock over drums, tanks are punctured and transporters leak and drip. It is important to have the right sorbents on-hand when these spills occur to eliminate the [&hellip;]\" \/>\n<meta property=\"og:url\" content=\"https:\/\/safetysourcefire.ca\/fr\/?product=spilltech-oil-only-spill-kit\" \/>\n<meta property=\"og:site_name\" content=\"Safety Source Fire\" \/>\n<meta property=\"article:publisher\" content=\"https:\/\/www.facebook.com\/mmfssca\" \/>\n<meta property=\"article:modified_time\" content=\"2018-03-19T13:13:47+00:00\" \/>\n<meta property=\"og:image\" content=\"https:\/\/safetysourcefire.ca\/wp-content\/uploads\/2017\/05\/DSS-Marine-ST-SPKO-TRK.jpg\" \/>\n\t<meta property=\"og:image:width\" content=\"600\" \/>\n\t<meta property=\"og:image:height\" content=\"600\" \/>\n\t<meta property=\"og:image:type\" content=\"image\/jpeg\" \/>\n<meta name=\"twitter:card\" content=\"summary_large_image\" \/>\n<meta name=\"twitter:site\" content=\"@mmfssca\" \/>\n<meta name=\"twitter:label1\" content=\"Estimation du temps de lecture\" \/>\n\t<meta name=\"twitter:data1\" content=\"1 minute\" \/>\n<script type=\"application\/ld+json\" class=\"yoast-schema-graph\">{\"@context\":\"https:\\\/\\\/schema.org\",\"@graph\":[{\"@type\":\"WebPage\",\"@id\":\"https:\\\/\\\/safetysourcefire.ca\\\/?product=spilltech-oil-only-spill-kit\",\"url\":\"https:\\\/\\\/safetysourcefire.ca\\\/?product=spilltech-oil-only-spill-kit\",\"name\":\"SpillTech\u00ae Oil-Only Spill Kit - Safety Source Fire\",\"isPartOf\":{\"@id\":\"https:\\\/\\\/safetysourcefire.ca\\\/#website\"},\"primaryImageOfPage\":{\"@id\":\"https:\\\/\\\/safetysourcefire.ca\\\/?product=spilltech-oil-only-spill-kit#primaryimage\"},\"image\":{\"@id\":\"https:\\\/\\\/safetysourcefire.ca\\\/?product=spilltech-oil-only-spill-kit#primaryimage\"},\"thumbnailUrl\":\"https:\\\/\\\/safetysourcefire.ca\\\/wp-content\\\/uploads\\\/2017\\\/05\\\/DSS-Marine-ST-SPKO-TRK.jpg\",\"datePublished\":\"2017-05-02T15:22:05+00:00\",\"dateModified\":\"2018-03-19T13:13:47+00:00\",\"breadcrumb\":{\"@id\":\"https:\\\/\\\/safetysourcefire.ca\\\/?product=spilltech-oil-only-spill-kit#breadcrumb\"},\"inLanguage\":\"fr-CA\",\"potentialAction\":[{\"@type\":\"ReadAction\",\"target\":[\"https:\\\/\\\/safetysourcefire.ca\\\/?product=spilltech-oil-only-spill-kit\"]}]},{\"@type\":\"ImageObject\",\"inLanguage\":\"fr-CA\",\"@id\":\"https:\\\/\\\/safetysourcefire.ca\\\/?product=spilltech-oil-only-spill-kit#primaryimage\",\"url\":\"https:\\\/\\\/safetysourcefire.ca\\\/wp-content\\\/uploads\\\/2017\\\/05\\\/DSS-Marine-ST-SPKO-TRK.jpg\",\"contentUrl\":\"https:\\\/\\\/safetysourcefire.ca\\\/wp-content\\\/uploads\\\/2017\\\/05\\\/DSS-Marine-ST-SPKO-TRK.jpg\",\"width\":600,\"height\":600,\"caption\":\"Oil-Only Spill Kit\"},{\"@type\":\"BreadcrumbList\",\"@id\":\"https:\\\/\\\/safetysourcefire.ca\\\/?product=spilltech-oil-only-spill-kit#breadcrumb\",\"itemListElement\":[{\"@type\":\"ListItem\",\"position\":1,\"name\":\"Home\",\"item\":\"https:\\\/\\\/safetysourcefire.ca\\\/\"},{\"@type\":\"ListItem\",\"position\":2,\"name\":\"Products\",\"item\":\"https:\\\/\\\/safetysourcefire.ca\\\/shop\\\/\"},{\"@type\":\"ListItem\",\"position\":3,\"name\":\"SpillTech\u00ae Oil-Only Spill Kit\"}]},{\"@type\":\"WebSite\",\"@id\":\"https:\\\/\\\/safetysourcefire.ca\\\/#website\",\"url\":\"https:\\\/\\\/safetysourcefire.ca\\\/\",\"name\":\"Safety Source Fire\",\"description\":\"\",\"publisher\":{\"@id\":\"https:\\\/\\\/safetysourcefire.ca\\\/#organization\"},\"potentialAction\":[{\"@type\":\"SearchAction\",\"target\":{\"@type\":\"EntryPoint\",\"urlTemplate\":\"https:\\\/\\\/safetysourcefire.ca\\\/?s={search_term_string}\"},\"query-input\":{\"@type\":\"PropertyValueSpecification\",\"valueRequired\":true,\"valueName\":\"search_term_string\"}}],\"inLanguage\":\"fr-CA\"},{\"@type\":\"Organization\",\"@id\":\"https:\\\/\\\/safetysourcefire.ca\\\/#organization\",\"name\":\"Safety Source Fire\",\"url\":\"https:\\\/\\\/safetysourcefire.ca\\\/\",\"logo\":{\"@type\":\"ImageObject\",\"inLanguage\":\"fr-CA\",\"@id\":\"https:\\\/\\\/safetysourcefire.ca\\\/#\\\/schema\\\/logo\\\/image\\\/\",\"url\":\"https:\\\/\\\/safetysourcefire.ca\\\/wp-content\\\/uploads\\\/2021\\\/01\\\/SSF_logo_CC0000-3.png\",\"contentUrl\":\"https:\\\/\\\/safetysourcefire.ca\\\/wp-content\\\/uploads\\\/2021\\\/01\\\/SSF_logo_CC0000-3.png\",\"width\":1107,\"height\":365,\"caption\":\"Safety Source Fire\"},\"image\":{\"@id\":\"https:\\\/\\\/safetysourcefire.ca\\\/#\\\/schema\\\/logo\\\/image\\\/\"},\"sameAs\":[\"https:\\\/\\\/www.facebook.com\\\/mmfssca\",\"https:\\\/\\\/x.com\\\/mmfssca\"]}]}<\/script>\n<!-- \/ Yoast SEO plugin. -->","yoast_head_json":{"title":"Kit de d\u00e9versement d&#039;huile uniquement SpillTech\u00ae - Source de s\u00e9curit\u00e9 incendie","robots":{"index":"index","follow":"follow","max-snippet":"max-snippet:-1","max-image-preview":"max-image-preview:large","max-video-preview":"max-video-preview:-1"},"canonical":"https:\/\/safetysourcefire.ca\/fr\/?product=spilltech-oil-only-spill-kit","og_locale":"fr_CA","og_type":"article","og_title":"SpillTech\u00ae Oil-Only Spill Kit - Safety Source Fire","og_description":"Be prepared for fast response with a SpillTech\u00ae Oil-Only Spill Kit! Quick Response is key when spills happen no matter how hard you try to avoid them. Forklifts knock over drums, tanks are punctured and transporters leak and drip. It is important to have the right sorbents on-hand when these spills occur to eliminate the [&hellip;]","og_url":"https:\/\/safetysourcefire.ca\/fr\/?product=spilltech-oil-only-spill-kit","og_site_name":"Safety Source Fire","article_publisher":"https:\/\/www.facebook.com\/mmfssca","article_modified_time":"2018-03-19T13:13:47+00:00","og_image":[{"width":600,"height":600,"url":"https:\/\/safetysourcefire.ca\/wp-content\/uploads\/2017\/05\/DSS-Marine-ST-SPKO-TRK.jpg","type":"image\/jpeg"}],"twitter_card":"summary_large_image","twitter_site":"@mmfssca","twitter_misc":{"Estimation du temps de lecture":"1 minute"},"schema":{"@context":"https:\/\/schema.org","@graph":[{"@type":"WebPage","@id":"https:\/\/safetysourcefire.ca\/?product=spilltech-oil-only-spill-kit","url":"https:\/\/safetysourcefire.ca\/?product=spilltech-oil-only-spill-kit","name":"Kit de d\u00e9versement d&#039;huile uniquement SpillTech\u00ae - Source de s\u00e9curit\u00e9 incendie","isPartOf":{"@id":"https:\/\/safetysourcefire.ca\/#website"},"primaryImageOfPage":{"@id":"https:\/\/safetysourcefire.ca\/?product=spilltech-oil-only-spill-kit#primaryimage"},"image":{"@id":"https:\/\/safetysourcefire.ca\/?product=spilltech-oil-only-spill-kit#primaryimage"},"thumbnailUrl":"https:\/\/safetysourcefire.ca\/wp-content\/uploads\/2017\/05\/DSS-Marine-ST-SPKO-TRK.jpg","datePublished":"2017-05-02T15:22:05+00:00","dateModified":"2018-03-19T13:13:47+00:00","breadcrumb":{"@id":"https:\/\/safetysourcefire.ca\/?product=spilltech-oil-only-spill-kit#breadcrumb"},"inLanguage":"fr-CA","potentialAction":[{"@type":"ReadAction","target":["https:\/\/safetysourcefire.ca\/?product=spilltech-oil-only-spill-kit"]}]},{"@type":"ImageObject","inLanguage":"fr-CA","@id":"https:\/\/safetysourcefire.ca\/?product=spilltech-oil-only-spill-kit#primaryimage","url":"https:\/\/safetysourcefire.ca\/wp-content\/uploads\/2017\/05\/DSS-Marine-ST-SPKO-TRK.jpg","contentUrl":"https:\/\/safetysourcefire.ca\/wp-content\/uploads\/2017\/05\/DSS-Marine-ST-SPKO-TRK.jpg","width":600,"height":600,"caption":"Oil-Only Spill Kit"},{"@type":"BreadcrumbList","@id":"https:\/\/safetysourcefire.ca\/?product=spilltech-oil-only-spill-kit#breadcrumb","itemListElement":[{"@type":"ListItem","position":1,"name":"Home","item":"https:\/\/safetysourcefire.ca\/"},{"@type":"ListItem","position":2,"name":"Products","item":"https:\/\/safetysourcefire.ca\/shop\/"},{"@type":"ListItem","position":3,"name":"SpillTech\u00ae Oil-Only Spill Kit"}]},{"@type":"WebSite","@id":"https:\/\/safetysourcefire.ca\/#website","url":"https:\/\/safetysourcefire.ca\/","name":"Safety Source Fire","description":"","publisher":{"@id":"https:\/\/safetysourcefire.ca\/#organization"},"potentialAction":[{"@type":"SearchAction","target":{"@type":"EntryPoint","urlTemplate":"https:\/\/safetysourcefire.ca\/?s={search_term_string}"},"query-input":{"@type":"PropertyValueSpecification","valueRequired":true,"valueName":"search_term_string"}}],"inLanguage":"fr-CA"},{"@type":"Organization","@id":"https:\/\/safetysourcefire.ca\/#organization","name":"Safety Source Fire","url":"https:\/\/safetysourcefire.ca\/","logo":{"@type":"ImageObject","inLanguage":"fr-CA","@id":"https:\/\/safetysourcefire.ca\/#\/schema\/logo\/image\/","url":"https:\/\/safetysourcefire.ca\/wp-content\/uploads\/2021\/01\/SSF_logo_CC0000-3.png","contentUrl":"https:\/\/safetysourcefire.ca\/wp-content\/uploads\/2021\/01\/SSF_logo_CC0000-3.png","width":1107,"height":365,"caption":"Safety Source Fire"},"image":{"@id":"https:\/\/safetysourcefire.ca\/#\/schema\/logo\/image\/"},"sameAs":["https:\/\/www.facebook.com\/mmfssca","https:\/\/x.com\/mmfssca"]}]}},"_links":{"self":[{"href":"https:\/\/safetysourcefire.ca\/fr\/wp-json\/wp\/v2\/product\/780","targetHints":{"allow":["GET"]}}],"collection":[{"href":"https:\/\/safetysourcefire.ca\/fr\/wp-json\/wp\/v2\/product"}],"about":[{"href":"https:\/\/safetysourcefire.ca\/fr\/wp-json\/wp\/v2\/types\/product"}],"wp:featuredmedia":[{"embeddable":true,"href":"https:\/\/safetysourcefire.ca\/fr\/wp-json\/wp\/v2\/media\/1138"}],"wp:attachment":[{"href":"https:\/\/safetysourcefire.ca\/fr\/wp-json\/wp\/v2\/media?parent=780"}],"wp:term":[{"taxonomy":"product_brand","embeddable":true,"href":"https:\/\/safetysourcefire.ca\/fr\/wp-json\/wp\/v2\/product_brand?post=780"},{"taxonomy":"product_cat","embeddable":true,"href":"https:\/\/safetysourcefire.ca\/fr\/wp-json\/wp\/v2\/product_cat?post=780"},{"taxonomy":"product_tag","embeddable":true,"href":"https:\/\/safetysourcefire.ca\/fr\/wp-json\/wp\/v2\/product_tag?post=780"}],"curies":[{"name":"wp","href":"https:\/\/api.w.org\/{rel}","templated":true}]}}