{"id":799,"date":"2018-08-07T09:00:40","date_gmt":"2018-08-07T09:00:40","guid":{"rendered":"http:\/\/mmfss.ca\/?post_type=product&#038;p=799"},"modified":"2021-04-09T16:02:15","modified_gmt":"2021-04-09T16:02:15","slug":"cylinder-locker-for-safe-storage-of-6-horizontal-20-or-33-lb-lpg-cylinders","status":"publish","type":"product","link":"https:\/\/safetysourcefire.ca\/fr\/produit\/cylinder-locker-for-safe-storage-of-6-horizontal-20-or-33-lb-lpg-cylinders\/","title":{"rendered":"Casier s\u00e9curitaire pour entreposage horizontal de bonbonnes de 6, 20 ou 33 lb. Bouteilles LPG"},"content":{"rendered":"<p>Construits en aluminium soud\u00e9 100%, ces casiers ne rouilleront pas, ne se corroderont pas et ne se d\u00e9coloreront pas. Les panneaux m\u00e9talliques expans\u00e9s de 0,065 po (1,65 mm) d'\u00e9paisseur de Justrite sont les plus solides de l'industrie, offrant une r\u00e9sistance suppl\u00e9mentaire au sabotage. La patte de s\u00e9curit\u00e9 soud\u00e9e sur la porte du panneau avant permet d'installer un cadenas (non inclus) pour une protection suppl\u00e9mentaire. Le treillis en aluminium \u00e9pais et le cadre extrud\u00e9 (non pli\u00e9) ajoutent de la rigidit\u00e9 \u00e0 l'appareil. Tous les mod\u00e8les poss\u00e8dent un panneau sup\u00e9rieur en aluminium massif qui s'incline vers l'arri\u00e8re pour permettre l'\u00e9vacuation de l'eau et de la glace. Choisissez parmi onze styles modulaires : une solution d'entreposage efficace et attrayante.<\/p>\n<p>&nbsp;<\/p>\n<p>(Image 23002)<\/p>","protected":false},"excerpt":{"rendered":"<p>Les casiers \u00e0 bonbonnes de Justrite sont extr\u00eamement durables et faciles \u00e0 utiliser.<\/p>","protected":false},"featured_media":1425,"template":"","meta":[],"product_brand":[154],"product_cat":[47,79],"product_tag":[315,314],"class_list":{"0":"post-799","1":"product","2":"type-product","3":"status-publish","4":"has-post-thumbnail","6":"product_brand-justrite","7":"product_cat-hazmat","8":"product_cat-storage-hazmat","9":"product_tag-just-rite","10":"product_tag-justrite","12":"first","13":"instock","14":"shipping-taxable","15":"product-type-simple"},"yoast_head":"<!-- This site is optimized with the Yoast SEO plugin v27.4 - https:\/\/yoast.com\/product\/yoast-seo-wordpress\/ -->\n<title>Cylinder locker for safe storage of 6 horizontal 20 or 33-lb. LPG cylinders - Safety Source Fire<\/title>\n<meta name=\"robots\" content=\"index, follow, max-snippet:-1, max-image-preview:large, max-video-preview:-1\" \/>\n<link rel=\"canonical\" href=\"https:\/\/safetysourcefire.ca\/fr\/?product=cylinder-locker-for-safe-storage-of-6-horizontal-20-or-33-lb-lpg-cylinders\" \/>\n<meta property=\"og:locale\" content=\"fr_CA\" \/>\n<meta property=\"og:type\" content=\"article\" \/>\n<meta property=\"og:title\" content=\"Cylinder locker for safe storage of 6 horizontal 20 or 33-lb. LPG cylinders - Safety Source Fire\" \/>\n<meta property=\"og:description\" content=\"Cylinder Lockers from Justrite offer superior features that make them extremely durable and easy-to-use.\" \/>\n<meta property=\"og:url\" content=\"https:\/\/safetysourcefire.ca\/fr\/?product=cylinder-locker-for-safe-storage-of-6-horizontal-20-or-33-lb-lpg-cylinders\" \/>\n<meta property=\"og:site_name\" content=\"Safety Source Fire\" \/>\n<meta property=\"article:publisher\" content=\"https:\/\/www.facebook.com\/mmfssca\" \/>\n<meta property=\"article:modified_time\" content=\"2021-04-09T16:02:15+00:00\" \/>\n<meta property=\"og:image\" content=\"https:\/\/safetysourcefire.ca\/wp-content\/uploads\/2017\/05\/23002_md.jpg\" \/>\n\t<meta property=\"og:image:width\" content=\"600\" \/>\n\t<meta property=\"og:image:height\" content=\"600\" \/>\n\t<meta property=\"og:image:type\" content=\"image\/jpeg\" \/>\n<meta name=\"twitter:card\" content=\"summary_large_image\" \/>\n<meta name=\"twitter:site\" content=\"@mmfssca\" \/>\n<script type=\"application\/ld+json\" class=\"yoast-schema-graph\">{\"@context\":\"https:\\\/\\\/schema.org\",\"@graph\":[{\"@type\":\"WebPage\",\"@id\":\"https:\\\/\\\/safetysourcefire.ca\\\/?product=cylinder-locker-for-safe-storage-of-6-horizontal-20-or-33-lb-lpg-cylinders\",\"url\":\"https:\\\/\\\/safetysourcefire.ca\\\/?product=cylinder-locker-for-safe-storage-of-6-horizontal-20-or-33-lb-lpg-cylinders\",\"name\":\"Cylinder locker for safe storage of 6 horizontal 20 or 33-lb. LPG cylinders - Safety Source Fire\",\"isPartOf\":{\"@id\":\"https:\\\/\\\/safetysourcefire.ca\\\/#website\"},\"primaryImageOfPage\":{\"@id\":\"https:\\\/\\\/safetysourcefire.ca\\\/?product=cylinder-locker-for-safe-storage-of-6-horizontal-20-or-33-lb-lpg-cylinders#primaryimage\"},\"image\":{\"@id\":\"https:\\\/\\\/safetysourcefire.ca\\\/?product=cylinder-locker-for-safe-storage-of-6-horizontal-20-or-33-lb-lpg-cylinders#primaryimage\"},\"thumbnailUrl\":\"https:\\\/\\\/safetysourcefire.ca\\\/wp-content\\\/uploads\\\/2017\\\/05\\\/23002_md.jpg\",\"datePublished\":\"2018-08-07T09:00:40+00:00\",\"dateModified\":\"2021-04-09T16:02:15+00:00\",\"breadcrumb\":{\"@id\":\"https:\\\/\\\/safetysourcefire.ca\\\/?product=cylinder-locker-for-safe-storage-of-6-horizontal-20-or-33-lb-lpg-cylinders#breadcrumb\"},\"inLanguage\":\"fr-CA\",\"potentialAction\":[{\"@type\":\"ReadAction\",\"target\":[\"https:\\\/\\\/safetysourcefire.ca\\\/?product=cylinder-locker-for-safe-storage-of-6-horizontal-20-or-33-lb-lpg-cylinders\"]}]},{\"@type\":\"ImageObject\",\"inLanguage\":\"fr-CA\",\"@id\":\"https:\\\/\\\/safetysourcefire.ca\\\/?product=cylinder-locker-for-safe-storage-of-6-horizontal-20-or-33-lb-lpg-cylinders#primaryimage\",\"url\":\"https:\\\/\\\/safetysourcefire.ca\\\/wp-content\\\/uploads\\\/2017\\\/05\\\/23002_md.jpg\",\"contentUrl\":\"https:\\\/\\\/safetysourcefire.ca\\\/wp-content\\\/uploads\\\/2017\\\/05\\\/23002_md.jpg\",\"width\":600,\"height\":600,\"caption\":\"Cylinder locker for safe storage of 6 horizontal 20 or 33-lb. LPG cylinders\"},{\"@type\":\"BreadcrumbList\",\"@id\":\"https:\\\/\\\/safetysourcefire.ca\\\/?product=cylinder-locker-for-safe-storage-of-6-horizontal-20-or-33-lb-lpg-cylinders#breadcrumb\",\"itemListElement\":[{\"@type\":\"ListItem\",\"position\":1,\"name\":\"Home\",\"item\":\"https:\\\/\\\/safetysourcefire.ca\\\/\"},{\"@type\":\"ListItem\",\"position\":2,\"name\":\"Products\",\"item\":\"https:\\\/\\\/safetysourcefire.ca\\\/shop\\\/\"},{\"@type\":\"ListItem\",\"position\":3,\"name\":\"Cylinder locker for safe storage of 6 horizontal 20 or 33-lb. LPG cylinders\"}]},{\"@type\":\"WebSite\",\"@id\":\"https:\\\/\\\/safetysourcefire.ca\\\/#website\",\"url\":\"https:\\\/\\\/safetysourcefire.ca\\\/\",\"name\":\"Safety Source Fire\",\"description\":\"\",\"publisher\":{\"@id\":\"https:\\\/\\\/safetysourcefire.ca\\\/#organization\"},\"potentialAction\":[{\"@type\":\"SearchAction\",\"target\":{\"@type\":\"EntryPoint\",\"urlTemplate\":\"https:\\\/\\\/safetysourcefire.ca\\\/?s={search_term_string}\"},\"query-input\":{\"@type\":\"PropertyValueSpecification\",\"valueRequired\":true,\"valueName\":\"search_term_string\"}}],\"inLanguage\":\"fr-CA\"},{\"@type\":\"Organization\",\"@id\":\"https:\\\/\\\/safetysourcefire.ca\\\/#organization\",\"name\":\"Safety Source Fire\",\"url\":\"https:\\\/\\\/safetysourcefire.ca\\\/\",\"logo\":{\"@type\":\"ImageObject\",\"inLanguage\":\"fr-CA\",\"@id\":\"https:\\\/\\\/safetysourcefire.ca\\\/#\\\/schema\\\/logo\\\/image\\\/\",\"url\":\"https:\\\/\\\/safetysourcefire.ca\\\/wp-content\\\/uploads\\\/2021\\\/01\\\/SSF_logo_CC0000-3.png\",\"contentUrl\":\"https:\\\/\\\/safetysourcefire.ca\\\/wp-content\\\/uploads\\\/2021\\\/01\\\/SSF_logo_CC0000-3.png\",\"width\":1107,\"height\":365,\"caption\":\"Safety Source Fire\"},\"image\":{\"@id\":\"https:\\\/\\\/safetysourcefire.ca\\\/#\\\/schema\\\/logo\\\/image\\\/\"},\"sameAs\":[\"https:\\\/\\\/www.facebook.com\\\/mmfssca\",\"https:\\\/\\\/x.com\\\/mmfssca\"]}]}<\/script>\n<!-- \/ Yoast SEO plugin. -->","yoast_head_json":{"title":"Coffre \u00e0 bouteilles pour le stockage s\u00e9curis\u00e9 de 6 bouteilles horizontales de GPL de 20 ou 33 lb - Safety Source Fire","robots":{"index":"index","follow":"follow","max-snippet":"max-snippet:-1","max-image-preview":"max-image-preview:large","max-video-preview":"max-video-preview:-1"},"canonical":"https:\/\/safetysourcefire.ca\/fr\/?product=cylinder-locker-for-safe-storage-of-6-horizontal-20-or-33-lb-lpg-cylinders","og_locale":"fr_CA","og_type":"article","og_title":"Cylinder locker for safe storage of 6 horizontal 20 or 33-lb. LPG cylinders - Safety Source Fire","og_description":"Cylinder Lockers from Justrite offer superior features that make them extremely durable and easy-to-use.","og_url":"https:\/\/safetysourcefire.ca\/fr\/?product=cylinder-locker-for-safe-storage-of-6-horizontal-20-or-33-lb-lpg-cylinders","og_site_name":"Safety Source Fire","article_publisher":"https:\/\/www.facebook.com\/mmfssca","article_modified_time":"2021-04-09T16:02:15+00:00","og_image":[{"width":600,"height":600,"url":"https:\/\/safetysourcefire.ca\/wp-content\/uploads\/2017\/05\/23002_md.jpg","type":"image\/jpeg"}],"twitter_card":"summary_large_image","twitter_site":"@mmfssca","schema":{"@context":"https:\/\/schema.org","@graph":[{"@type":"WebPage","@id":"https:\/\/safetysourcefire.ca\/?product=cylinder-locker-for-safe-storage-of-6-horizontal-20-or-33-lb-lpg-cylinders","url":"https:\/\/safetysourcefire.ca\/?product=cylinder-locker-for-safe-storage-of-6-horizontal-20-or-33-lb-lpg-cylinders","name":"Coffre \u00e0 bouteilles pour le stockage s\u00e9curis\u00e9 de 6 bouteilles horizontales de GPL de 20 ou 33 lb - Safety Source Fire","isPartOf":{"@id":"https:\/\/safetysourcefire.ca\/#website"},"primaryImageOfPage":{"@id":"https:\/\/safetysourcefire.ca\/?product=cylinder-locker-for-safe-storage-of-6-horizontal-20-or-33-lb-lpg-cylinders#primaryimage"},"image":{"@id":"https:\/\/safetysourcefire.ca\/?product=cylinder-locker-for-safe-storage-of-6-horizontal-20-or-33-lb-lpg-cylinders#primaryimage"},"thumbnailUrl":"https:\/\/safetysourcefire.ca\/wp-content\/uploads\/2017\/05\/23002_md.jpg","datePublished":"2018-08-07T09:00:40+00:00","dateModified":"2021-04-09T16:02:15+00:00","breadcrumb":{"@id":"https:\/\/safetysourcefire.ca\/?product=cylinder-locker-for-safe-storage-of-6-horizontal-20-or-33-lb-lpg-cylinders#breadcrumb"},"inLanguage":"fr-CA","potentialAction":[{"@type":"ReadAction","target":["https:\/\/safetysourcefire.ca\/?product=cylinder-locker-for-safe-storage-of-6-horizontal-20-or-33-lb-lpg-cylinders"]}]},{"@type":"ImageObject","inLanguage":"fr-CA","@id":"https:\/\/safetysourcefire.ca\/?product=cylinder-locker-for-safe-storage-of-6-horizontal-20-or-33-lb-lpg-cylinders#primaryimage","url":"https:\/\/safetysourcefire.ca\/wp-content\/uploads\/2017\/05\/23002_md.jpg","contentUrl":"https:\/\/safetysourcefire.ca\/wp-content\/uploads\/2017\/05\/23002_md.jpg","width":600,"height":600,"caption":"Cylinder locker for safe storage of 6 horizontal 20 or 33-lb. LPG cylinders"},{"@type":"BreadcrumbList","@id":"https:\/\/safetysourcefire.ca\/?product=cylinder-locker-for-safe-storage-of-6-horizontal-20-or-33-lb-lpg-cylinders#breadcrumb","itemListElement":[{"@type":"ListItem","position":1,"name":"Home","item":"https:\/\/safetysourcefire.ca\/"},{"@type":"ListItem","position":2,"name":"Products","item":"https:\/\/safetysourcefire.ca\/shop\/"},{"@type":"ListItem","position":3,"name":"Cylinder locker for safe storage of 6 horizontal 20 or 33-lb. LPG cylinders"}]},{"@type":"WebSite","@id":"https:\/\/safetysourcefire.ca\/#website","url":"https:\/\/safetysourcefire.ca\/","name":"Safety Source Fire","description":"","publisher":{"@id":"https:\/\/safetysourcefire.ca\/#organization"},"potentialAction":[{"@type":"SearchAction","target":{"@type":"EntryPoint","urlTemplate":"https:\/\/safetysourcefire.ca\/?s={search_term_string}"},"query-input":{"@type":"PropertyValueSpecification","valueRequired":true,"valueName":"search_term_string"}}],"inLanguage":"fr-CA"},{"@type":"Organization","@id":"https:\/\/safetysourcefire.ca\/#organization","name":"Safety Source Fire","url":"https:\/\/safetysourcefire.ca\/","logo":{"@type":"ImageObject","inLanguage":"fr-CA","@id":"https:\/\/safetysourcefire.ca\/#\/schema\/logo\/image\/","url":"https:\/\/safetysourcefire.ca\/wp-content\/uploads\/2021\/01\/SSF_logo_CC0000-3.png","contentUrl":"https:\/\/safetysourcefire.ca\/wp-content\/uploads\/2021\/01\/SSF_logo_CC0000-3.png","width":1107,"height":365,"caption":"Safety Source Fire"},"image":{"@id":"https:\/\/safetysourcefire.ca\/#\/schema\/logo\/image\/"},"sameAs":["https:\/\/www.facebook.com\/mmfssca","https:\/\/x.com\/mmfssca"]}]}},"_links":{"self":[{"href":"https:\/\/safetysourcefire.ca\/fr\/wp-json\/wp\/v2\/product\/799","targetHints":{"allow":["GET"]}}],"collection":[{"href":"https:\/\/safetysourcefire.ca\/fr\/wp-json\/wp\/v2\/product"}],"about":[{"href":"https:\/\/safetysourcefire.ca\/fr\/wp-json\/wp\/v2\/types\/product"}],"wp:featuredmedia":[{"embeddable":true,"href":"https:\/\/safetysourcefire.ca\/fr\/wp-json\/wp\/v2\/media\/1425"}],"wp:attachment":[{"href":"https:\/\/safetysourcefire.ca\/fr\/wp-json\/wp\/v2\/media?parent=799"}],"wp:term":[{"taxonomy":"product_brand","embeddable":true,"href":"https:\/\/safetysourcefire.ca\/fr\/wp-json\/wp\/v2\/product_brand?post=799"},{"taxonomy":"product_cat","embeddable":true,"href":"https:\/\/safetysourcefire.ca\/fr\/wp-json\/wp\/v2\/product_cat?post=799"},{"taxonomy":"product_tag","embeddable":true,"href":"https:\/\/safetysourcefire.ca\/fr\/wp-json\/wp\/v2\/product_tag?post=799"}],"curies":[{"name":"wp","href":"https:\/\/api.w.org\/{rel}","templated":true}]}}