{"id":800,"date":"2017-05-02T15:30:49","date_gmt":"2017-05-02T15:30:49","guid":{"rendered":"http:\/\/mmfss.ca\/?post_type=product&#038;p=800"},"modified":"2018-03-19T13:54:37","modified_gmt":"2018-03-19T13:54:37","slug":"original-smokers-cease-fire-cigarette-butt-receptacle","status":"publish","type":"product","link":"https:\/\/safetysourcefire.ca\/fr\/produit\/original-smokers-cease-fire-cigarette-butt-receptacle\/","title":{"rendered":"Cendrier pour m\u00e9got de cigarette Cease-Fire\u00ae"},"content":{"rendered":"<p>La conception innovante de ce cendrier permet de conserver les m\u00e9gots de cigarettes inesth\u00e9tiques en toute s\u00e9curit\u00e9 tout en r\u00e9duisant grandement le risque d'incendie. Les encoches d'arrimage offrent une s\u00e9curit\u00e9 et une plus grande stabilit\u00e9 de l'appareil dans des conditions m\u00e9t\u00e9orologiques extr\u00eames.<\/p>\n<p>Les unit\u00e9s comprennent un seau en acier galvanis\u00e9 qui peut contenir des milliers de m\u00e9gots. Pour une commodit\u00e9 de nettoyage maximale, utilisez des doublures de seaux jetables (en option). Une fois le seau plein, fermez simplement l'attache et jetez-le\u00a0!<\/p>\n<p>Disponible en gris, beige, noir, vert for\u00eat et terre cuite.<\/p>","protected":false},"excerpt":{"rendered":"<p>Fabriqu\u00e9 en poly\u00e9thyl\u00e8ne r\u00e9sistant et ignifuge, cet ami des fumeurs ne rouillera pas, ne se bossellera pas et ne se fissurera pas. N\u00e9cessite un entretien minime.<\/p>","protected":false},"featured_media":1144,"template":"","meta":[],"product_brand":[154],"product_cat":[47,79],"product_tag":[315,314],"class_list":{"0":"post-800","1":"product","2":"type-product","3":"status-publish","4":"has-post-thumbnail","6":"product_brand-justrite","7":"product_cat-hazmat","8":"product_cat-storage-hazmat","9":"product_tag-just-rite","10":"product_tag-justrite","12":"first","13":"instock","14":"shipping-taxable","15":"product-type-simple"},"yoast_head":"<!-- This site is optimized with the Yoast SEO plugin v27.4 - https:\/\/yoast.com\/product\/yoast-seo-wordpress\/ -->\n<title>Original Smoker\u2019s Cease-Fire\u00ae Cigarette Butt Receptacle - Safety Source Fire<\/title>\n<meta name=\"robots\" content=\"index, follow, max-snippet:-1, max-image-preview:large, max-video-preview:-1\" \/>\n<link rel=\"canonical\" href=\"https:\/\/safetysourcefire.ca\/fr\/?product=original-smokers-cease-fire-cigarette-butt-receptacle\" \/>\n<meta property=\"og:locale\" content=\"fr_CA\" \/>\n<meta property=\"og:type\" content=\"article\" \/>\n<meta property=\"og:title\" content=\"Original Smoker\u2019s Cease-Fire\u00ae Cigarette Butt Receptacle - Safety Source Fire\" \/>\n<meta property=\"og:description\" content=\"Made of flame-retardant and sturdy polyethylene, this low maintenance smoker\u2019s friend won\u2019t rust, dent or crack.\" \/>\n<meta property=\"og:url\" content=\"https:\/\/safetysourcefire.ca\/fr\/?product=original-smokers-cease-fire-cigarette-butt-receptacle\" \/>\n<meta property=\"og:site_name\" content=\"Safety Source Fire\" \/>\n<meta property=\"article:publisher\" content=\"https:\/\/www.facebook.com\/mmfssca\" \/>\n<meta property=\"article:modified_time\" content=\"2018-03-19T13:54:37+00:00\" \/>\n<meta property=\"og:image\" content=\"https:\/\/safetysourcefire.ca\/wp-content\/uploads\/2017\/05\/26800.jpg\" \/>\n\t<meta property=\"og:image:width\" content=\"600\" \/>\n\t<meta property=\"og:image:height\" content=\"600\" \/>\n\t<meta property=\"og:image:type\" content=\"image\/jpeg\" \/>\n<meta name=\"twitter:card\" content=\"summary_large_image\" \/>\n<meta name=\"twitter:site\" content=\"@mmfssca\" \/>\n<script type=\"application\/ld+json\" class=\"yoast-schema-graph\">{\"@context\":\"https:\\\/\\\/schema.org\",\"@graph\":[{\"@type\":\"WebPage\",\"@id\":\"https:\\\/\\\/safetysourcefire.ca\\\/?product=original-smokers-cease-fire-cigarette-butt-receptacle\",\"url\":\"https:\\\/\\\/safetysourcefire.ca\\\/?product=original-smokers-cease-fire-cigarette-butt-receptacle\",\"name\":\"Original Smoker\u2019s Cease-Fire\u00ae Cigarette Butt Receptacle - Safety Source Fire\",\"isPartOf\":{\"@id\":\"https:\\\/\\\/safetysourcefire.ca\\\/#website\"},\"primaryImageOfPage\":{\"@id\":\"https:\\\/\\\/safetysourcefire.ca\\\/?product=original-smokers-cease-fire-cigarette-butt-receptacle#primaryimage\"},\"image\":{\"@id\":\"https:\\\/\\\/safetysourcefire.ca\\\/?product=original-smokers-cease-fire-cigarette-butt-receptacle#primaryimage\"},\"thumbnailUrl\":\"https:\\\/\\\/safetysourcefire.ca\\\/wp-content\\\/uploads\\\/2017\\\/05\\\/26800.jpg\",\"datePublished\":\"2017-05-02T15:30:49+00:00\",\"dateModified\":\"2018-03-19T13:54:37+00:00\",\"breadcrumb\":{\"@id\":\"https:\\\/\\\/safetysourcefire.ca\\\/?product=original-smokers-cease-fire-cigarette-butt-receptacle#breadcrumb\"},\"inLanguage\":\"fr-CA\",\"potentialAction\":[{\"@type\":\"ReadAction\",\"target\":[\"https:\\\/\\\/safetysourcefire.ca\\\/?product=original-smokers-cease-fire-cigarette-butt-receptacle\"]}]},{\"@type\":\"ImageObject\",\"inLanguage\":\"fr-CA\",\"@id\":\"https:\\\/\\\/safetysourcefire.ca\\\/?product=original-smokers-cease-fire-cigarette-butt-receptacle#primaryimage\",\"url\":\"https:\\\/\\\/safetysourcefire.ca\\\/wp-content\\\/uploads\\\/2017\\\/05\\\/26800.jpg\",\"contentUrl\":\"https:\\\/\\\/safetysourcefire.ca\\\/wp-content\\\/uploads\\\/2017\\\/05\\\/26800.jpg\",\"width\":600,\"height\":600},{\"@type\":\"BreadcrumbList\",\"@id\":\"https:\\\/\\\/safetysourcefire.ca\\\/?product=original-smokers-cease-fire-cigarette-butt-receptacle#breadcrumb\",\"itemListElement\":[{\"@type\":\"ListItem\",\"position\":1,\"name\":\"Home\",\"item\":\"https:\\\/\\\/safetysourcefire.ca\\\/\"},{\"@type\":\"ListItem\",\"position\":2,\"name\":\"Products\",\"item\":\"https:\\\/\\\/safetysourcefire.ca\\\/shop\\\/\"},{\"@type\":\"ListItem\",\"position\":3,\"name\":\"Original Smoker\u2019s Cease-Fire\u00ae Cigarette Butt Receptacle\"}]},{\"@type\":\"WebSite\",\"@id\":\"https:\\\/\\\/safetysourcefire.ca\\\/#website\",\"url\":\"https:\\\/\\\/safetysourcefire.ca\\\/\",\"name\":\"Safety Source Fire\",\"description\":\"\",\"publisher\":{\"@id\":\"https:\\\/\\\/safetysourcefire.ca\\\/#organization\"},\"potentialAction\":[{\"@type\":\"SearchAction\",\"target\":{\"@type\":\"EntryPoint\",\"urlTemplate\":\"https:\\\/\\\/safetysourcefire.ca\\\/?s={search_term_string}\"},\"query-input\":{\"@type\":\"PropertyValueSpecification\",\"valueRequired\":true,\"valueName\":\"search_term_string\"}}],\"inLanguage\":\"fr-CA\"},{\"@type\":\"Organization\",\"@id\":\"https:\\\/\\\/safetysourcefire.ca\\\/#organization\",\"name\":\"Safety Source Fire\",\"url\":\"https:\\\/\\\/safetysourcefire.ca\\\/\",\"logo\":{\"@type\":\"ImageObject\",\"inLanguage\":\"fr-CA\",\"@id\":\"https:\\\/\\\/safetysourcefire.ca\\\/#\\\/schema\\\/logo\\\/image\\\/\",\"url\":\"https:\\\/\\\/safetysourcefire.ca\\\/wp-content\\\/uploads\\\/2021\\\/01\\\/SSF_logo_CC0000-3.png\",\"contentUrl\":\"https:\\\/\\\/safetysourcefire.ca\\\/wp-content\\\/uploads\\\/2021\\\/01\\\/SSF_logo_CC0000-3.png\",\"width\":1107,\"height\":365,\"caption\":\"Safety Source Fire\"},\"image\":{\"@id\":\"https:\\\/\\\/safetysourcefire.ca\\\/#\\\/schema\\\/logo\\\/image\\\/\"},\"sameAs\":[\"https:\\\/\\\/www.facebook.com\\\/mmfssca\",\"https:\\\/\\\/x.com\\\/mmfssca\"]}]}<\/script>\n<!-- \/ Yoast SEO plugin. -->","yoast_head_json":{"title":"Original Smoker\u2019s Cease-Fire\u00ae Cigarette Butt Receptacle - Safety Source Fire","robots":{"index":"index","follow":"follow","max-snippet":"max-snippet:-1","max-image-preview":"max-image-preview:large","max-video-preview":"max-video-preview:-1"},"canonical":"https:\/\/safetysourcefire.ca\/fr\/?product=original-smokers-cease-fire-cigarette-butt-receptacle","og_locale":"fr_CA","og_type":"article","og_title":"Original Smoker\u2019s Cease-Fire\u00ae Cigarette Butt Receptacle - Safety Source Fire","og_description":"Made of flame-retardant and sturdy polyethylene, this low maintenance smoker\u2019s friend won\u2019t rust, dent or crack.","og_url":"https:\/\/safetysourcefire.ca\/fr\/?product=original-smokers-cease-fire-cigarette-butt-receptacle","og_site_name":"Safety Source Fire","article_publisher":"https:\/\/www.facebook.com\/mmfssca","article_modified_time":"2018-03-19T13:54:37+00:00","og_image":[{"width":600,"height":600,"url":"https:\/\/safetysourcefire.ca\/wp-content\/uploads\/2017\/05\/26800.jpg","type":"image\/jpeg"}],"twitter_card":"summary_large_image","twitter_site":"@mmfssca","schema":{"@context":"https:\/\/schema.org","@graph":[{"@type":"WebPage","@id":"https:\/\/safetysourcefire.ca\/?product=original-smokers-cease-fire-cigarette-butt-receptacle","url":"https:\/\/safetysourcefire.ca\/?product=original-smokers-cease-fire-cigarette-butt-receptacle","name":"Original Smoker\u2019s Cease-Fire\u00ae Cigarette Butt Receptacle - Safety Source Fire","isPartOf":{"@id":"https:\/\/safetysourcefire.ca\/#website"},"primaryImageOfPage":{"@id":"https:\/\/safetysourcefire.ca\/?product=original-smokers-cease-fire-cigarette-butt-receptacle#primaryimage"},"image":{"@id":"https:\/\/safetysourcefire.ca\/?product=original-smokers-cease-fire-cigarette-butt-receptacle#primaryimage"},"thumbnailUrl":"https:\/\/safetysourcefire.ca\/wp-content\/uploads\/2017\/05\/26800.jpg","datePublished":"2017-05-02T15:30:49+00:00","dateModified":"2018-03-19T13:54:37+00:00","breadcrumb":{"@id":"https:\/\/safetysourcefire.ca\/?product=original-smokers-cease-fire-cigarette-butt-receptacle#breadcrumb"},"inLanguage":"fr-CA","potentialAction":[{"@type":"ReadAction","target":["https:\/\/safetysourcefire.ca\/?product=original-smokers-cease-fire-cigarette-butt-receptacle"]}]},{"@type":"ImageObject","inLanguage":"fr-CA","@id":"https:\/\/safetysourcefire.ca\/?product=original-smokers-cease-fire-cigarette-butt-receptacle#primaryimage","url":"https:\/\/safetysourcefire.ca\/wp-content\/uploads\/2017\/05\/26800.jpg","contentUrl":"https:\/\/safetysourcefire.ca\/wp-content\/uploads\/2017\/05\/26800.jpg","width":600,"height":600},{"@type":"BreadcrumbList","@id":"https:\/\/safetysourcefire.ca\/?product=original-smokers-cease-fire-cigarette-butt-receptacle#breadcrumb","itemListElement":[{"@type":"ListItem","position":1,"name":"Home","item":"https:\/\/safetysourcefire.ca\/"},{"@type":"ListItem","position":2,"name":"Products","item":"https:\/\/safetysourcefire.ca\/shop\/"},{"@type":"ListItem","position":3,"name":"Original Smoker\u2019s Cease-Fire\u00ae Cigarette Butt Receptacle"}]},{"@type":"WebSite","@id":"https:\/\/safetysourcefire.ca\/#website","url":"https:\/\/safetysourcefire.ca\/","name":"Safety Source Fire","description":"","publisher":{"@id":"https:\/\/safetysourcefire.ca\/#organization"},"potentialAction":[{"@type":"SearchAction","target":{"@type":"EntryPoint","urlTemplate":"https:\/\/safetysourcefire.ca\/?s={search_term_string}"},"query-input":{"@type":"PropertyValueSpecification","valueRequired":true,"valueName":"search_term_string"}}],"inLanguage":"fr-CA"},{"@type":"Organization","@id":"https:\/\/safetysourcefire.ca\/#organization","name":"Safety Source Fire","url":"https:\/\/safetysourcefire.ca\/","logo":{"@type":"ImageObject","inLanguage":"fr-CA","@id":"https:\/\/safetysourcefire.ca\/#\/schema\/logo\/image\/","url":"https:\/\/safetysourcefire.ca\/wp-content\/uploads\/2021\/01\/SSF_logo_CC0000-3.png","contentUrl":"https:\/\/safetysourcefire.ca\/wp-content\/uploads\/2021\/01\/SSF_logo_CC0000-3.png","width":1107,"height":365,"caption":"Safety Source Fire"},"image":{"@id":"https:\/\/safetysourcefire.ca\/#\/schema\/logo\/image\/"},"sameAs":["https:\/\/www.facebook.com\/mmfssca","https:\/\/x.com\/mmfssca"]}]}},"_links":{"self":[{"href":"https:\/\/safetysourcefire.ca\/fr\/wp-json\/wp\/v2\/product\/800","targetHints":{"allow":["GET"]}}],"collection":[{"href":"https:\/\/safetysourcefire.ca\/fr\/wp-json\/wp\/v2\/product"}],"about":[{"href":"https:\/\/safetysourcefire.ca\/fr\/wp-json\/wp\/v2\/types\/product"}],"wp:featuredmedia":[{"embeddable":true,"href":"https:\/\/safetysourcefire.ca\/fr\/wp-json\/wp\/v2\/media\/1144"}],"wp:attachment":[{"href":"https:\/\/safetysourcefire.ca\/fr\/wp-json\/wp\/v2\/media?parent=800"}],"wp:term":[{"taxonomy":"product_brand","embeddable":true,"href":"https:\/\/safetysourcefire.ca\/fr\/wp-json\/wp\/v2\/product_brand?post=800"},{"taxonomy":"product_cat","embeddable":true,"href":"https:\/\/safetysourcefire.ca\/fr\/wp-json\/wp\/v2\/product_cat?post=800"},{"taxonomy":"product_tag","embeddable":true,"href":"https:\/\/safetysourcefire.ca\/fr\/wp-json\/wp\/v2\/product_tag?post=800"}],"curies":[{"name":"wp","href":"https:\/\/api.w.org\/{rel}","templated":true}]}}