{"id":802,"date":"2017-05-02T15:32:44","date_gmt":"2017-05-02T15:32:44","guid":{"rendered":"http:\/\/mmfss.ca\/?post_type=product&#038;p=802"},"modified":"2018-03-19T13:54:36","modified_gmt":"2018-03-19T13:54:36","slug":"ecopolyblend-accumulation-center-2-drum-recycled","status":"publish","type":"product","link":"https:\/\/safetysourcefire.ca\/fr\/produit\/ecopolyblend-accumulation-center-2-drum-recycled\/","title":{"rendered":"Centre d'accumulation EcoPolyBlend \u2122- 2 barils, poly\u00e9thyl\u00e8ne recycl\u00e9"},"content":{"rendered":"<p>Les centres d'accumulation EcoPolyBlend\u2122 \u00e0 profil bas ne mesurent que 5-1\/2\" (140 mm) de haut pour une manipulation facile des f\u00fbts. Fabriqu\u00e9s en poly\u00e9thyl\u00e8ne recycl\u00e9, ces centres d'accumulation sont presque imperm\u00e9ables aux produits chimiques, notamment aux acides et aux corrosifs. La construction sans couture \u00e9limine les fuites, ce qui les rends id\u00e9aux pour les op\u00e9rations de remplissage et de distribution de f\u00fbts. Les grilles \u00e0 positionnement automatique ne remontent pas par elles-m\u00eames, mais sont amovibles pour un nettoyage facile. Combinez des unit\u00e9s modulaires \u00e0 2, 4, 6 et 8 barils pour cr\u00e9er votre propre syst\u00e8me personnalis\u00e9. Utilisez les attaches de jonction en option)<a href=\"http:\/\/www.justritemfg.com\/Products\/Spill-Control-and-Environmental\/Accessories-for-Spill-Control\/Joiningclips1\/\">\u00a0<\/a>pour verrouiller fermement les unit\u00e9s ensemble. Les puisards restent s\u00e9par\u00e9s et les attaches peuvent \u00eatre retir\u00e9s pour un repositionnement facile.<\/p>\n<p>Les centres d'accumulation noirs (cachant la salet\u00e9) sont fabriqu\u00e9s \u00e0 partir de poly\u00e9thyl\u00e8ne recycl\u00e9 100%; les centres d'accumulation jaune haute visibilit\u00e9 contiennent du poly\u00e9thyl\u00e8ne recycl\u00e9 \u00e0 45%.<\/p>\n<p>Utilisez l'ensemble de vidange Sump-to-Sump\u2122 (en option - comprend des attaches de jonction et un tube de transfert) pour les applications n\u00e9cessitant un puisard continu. La trousse vous permet de joindre des centres ensemble, sur place, pour une conformit\u00e9 totale avec les r\u00e9glementations EPA lorsque les capacit\u00e9s de puisard atteignent 66 gallons (250 L).<\/p>\n<p>La trousse comprend une paire d'attache de jonction en acier inoxydable, une paire d'\u0153illets en caoutchouc et un tube de transfert en polyt\u00e9trafluoro\u00e9thyl\u00e8ne (PTFE). (Brevet n\u00b0 US 6,622,879,B1)<\/p>\n<p>Capacit\u00e9 de charge de 2 500 lb (1 134 kg) bas\u00e9e sur une plage de temp\u00e9ratures de service de -30 \u00b0F \u00e0 120 \u00b0F (-39 \u00b0C \u00e0 49 \u00b0C)<\/p>","protected":false},"excerpt":{"rendered":"<p>Low-Profile EcoPolyBlend\u2122\u00a0Accumulation Centers\u00a0only measure 5-1\/2\u201d (140-mm) high for easy handling of drums. Made of recycled polyethylene, these accumulation centers are nearly impervious to chemicals, including acids and corrosives. Seamless construction eliminates leaks, making these ideal for drum filling and dispensing operations. Self-locating grates won\u2019t ride-up, and are removable for easy cleaning. Combine 2-, 4-, 6-, [&hellip;]<\/p>\n","protected":false},"featured_media":1146,"template":"","meta":[],"product_brand":[154],"product_cat":[47,79],"product_tag":[315,314],"class_list":{"0":"post-802","1":"product","2":"type-product","3":"status-publish","4":"has-post-thumbnail","6":"product_brand-justrite","7":"product_cat-hazmat","8":"product_cat-storage-hazmat","9":"product_tag-just-rite","10":"product_tag-justrite","12":"first","13":"instock","14":"shipping-taxable","15":"product-type-simple"},"yoast_head":"<!-- This site is optimized with the Yoast SEO plugin v27.4 - https:\/\/yoast.com\/product\/yoast-seo-wordpress\/ -->\n<title>EcoPolyBlend\u2122 Accumulation Center, 2 drum, recycled - Safety Source Fire<\/title>\n<meta name=\"robots\" content=\"index, follow, max-snippet:-1, max-image-preview:large, max-video-preview:-1\" \/>\n<link rel=\"canonical\" href=\"https:\/\/safetysourcefire.ca\/fr\/?product=ecopolyblend-accumulation-center-2-drum-recycled\" \/>\n<meta property=\"og:locale\" content=\"fr_CA\" \/>\n<meta property=\"og:type\" content=\"article\" \/>\n<meta property=\"og:title\" content=\"EcoPolyBlend\u2122 Accumulation Center, 2 drum, recycled - Safety Source Fire\" \/>\n<meta property=\"og:description\" content=\"Low-Profile EcoPolyBlend\u2122\u00a0Accumulation Centers\u00a0only measure 5-1\/2\u201d (140-mm) high for easy handling of drums. Made of recycled polyethylene, these accumulation centers are nearly impervious to chemicals, including acids and corrosives. Seamless construction eliminates leaks, making these ideal for drum filling and dispensing operations. Self-locating grates won\u2019t ride-up, and are removable for easy cleaning. Combine 2-, 4-, 6-, [&hellip;]\" \/>\n<meta property=\"og:url\" content=\"https:\/\/safetysourcefire.ca\/fr\/?product=ecopolyblend-accumulation-center-2-drum-recycled\" \/>\n<meta property=\"og:site_name\" content=\"Safety Source Fire\" \/>\n<meta property=\"article:publisher\" content=\"https:\/\/www.facebook.com\/mmfssca\" \/>\n<meta property=\"article:modified_time\" content=\"2018-03-19T13:54:36+00:00\" \/>\n<meta property=\"og:image\" content=\"https:\/\/safetysourcefire.ca\/wp-content\/uploads\/2017\/05\/28655.jpg\" \/>\n\t<meta property=\"og:image:width\" content=\"600\" \/>\n\t<meta property=\"og:image:height\" content=\"600\" \/>\n\t<meta property=\"og:image:type\" content=\"image\/jpeg\" \/>\n<meta name=\"twitter:card\" content=\"summary_large_image\" \/>\n<meta name=\"twitter:site\" content=\"@mmfssca\" \/>\n<meta name=\"twitter:label1\" content=\"Estimation du temps de lecture\" \/>\n\t<meta name=\"twitter:data1\" content=\"1 minute\" \/>\n<script type=\"application\/ld+json\" class=\"yoast-schema-graph\">{\"@context\":\"https:\\\/\\\/schema.org\",\"@graph\":[{\"@type\":\"WebPage\",\"@id\":\"https:\\\/\\\/safetysourcefire.ca\\\/?product=ecopolyblend-accumulation-center-2-drum-recycled\",\"url\":\"https:\\\/\\\/safetysourcefire.ca\\\/?product=ecopolyblend-accumulation-center-2-drum-recycled\",\"name\":\"EcoPolyBlend\u2122 Accumulation Center, 2 drum, recycled - Safety Source Fire\",\"isPartOf\":{\"@id\":\"https:\\\/\\\/safetysourcefire.ca\\\/#website\"},\"primaryImageOfPage\":{\"@id\":\"https:\\\/\\\/safetysourcefire.ca\\\/?product=ecopolyblend-accumulation-center-2-drum-recycled#primaryimage\"},\"image\":{\"@id\":\"https:\\\/\\\/safetysourcefire.ca\\\/?product=ecopolyblend-accumulation-center-2-drum-recycled#primaryimage\"},\"thumbnailUrl\":\"https:\\\/\\\/safetysourcefire.ca\\\/wp-content\\\/uploads\\\/2017\\\/05\\\/28655.jpg\",\"datePublished\":\"2017-05-02T15:32:44+00:00\",\"dateModified\":\"2018-03-19T13:54:36+00:00\",\"breadcrumb\":{\"@id\":\"https:\\\/\\\/safetysourcefire.ca\\\/?product=ecopolyblend-accumulation-center-2-drum-recycled#breadcrumb\"},\"inLanguage\":\"fr-CA\",\"potentialAction\":[{\"@type\":\"ReadAction\",\"target\":[\"https:\\\/\\\/safetysourcefire.ca\\\/?product=ecopolyblend-accumulation-center-2-drum-recycled\"]}]},{\"@type\":\"ImageObject\",\"inLanguage\":\"fr-CA\",\"@id\":\"https:\\\/\\\/safetysourcefire.ca\\\/?product=ecopolyblend-accumulation-center-2-drum-recycled#primaryimage\",\"url\":\"https:\\\/\\\/safetysourcefire.ca\\\/wp-content\\\/uploads\\\/2017\\\/05\\\/28655.jpg\",\"contentUrl\":\"https:\\\/\\\/safetysourcefire.ca\\\/wp-content\\\/uploads\\\/2017\\\/05\\\/28655.jpg\",\"width\":600,\"height\":600},{\"@type\":\"BreadcrumbList\",\"@id\":\"https:\\\/\\\/safetysourcefire.ca\\\/?product=ecopolyblend-accumulation-center-2-drum-recycled#breadcrumb\",\"itemListElement\":[{\"@type\":\"ListItem\",\"position\":1,\"name\":\"Home\",\"item\":\"https:\\\/\\\/safetysourcefire.ca\\\/\"},{\"@type\":\"ListItem\",\"position\":2,\"name\":\"Products\",\"item\":\"https:\\\/\\\/safetysourcefire.ca\\\/shop\\\/\"},{\"@type\":\"ListItem\",\"position\":3,\"name\":\"EcoPolyBlend\u2122 Accumulation Center, 2 drum, recycled\"}]},{\"@type\":\"WebSite\",\"@id\":\"https:\\\/\\\/safetysourcefire.ca\\\/#website\",\"url\":\"https:\\\/\\\/safetysourcefire.ca\\\/\",\"name\":\"Safety Source Fire\",\"description\":\"\",\"publisher\":{\"@id\":\"https:\\\/\\\/safetysourcefire.ca\\\/#organization\"},\"potentialAction\":[{\"@type\":\"SearchAction\",\"target\":{\"@type\":\"EntryPoint\",\"urlTemplate\":\"https:\\\/\\\/safetysourcefire.ca\\\/?s={search_term_string}\"},\"query-input\":{\"@type\":\"PropertyValueSpecification\",\"valueRequired\":true,\"valueName\":\"search_term_string\"}}],\"inLanguage\":\"fr-CA\"},{\"@type\":\"Organization\",\"@id\":\"https:\\\/\\\/safetysourcefire.ca\\\/#organization\",\"name\":\"Safety Source Fire\",\"url\":\"https:\\\/\\\/safetysourcefire.ca\\\/\",\"logo\":{\"@type\":\"ImageObject\",\"inLanguage\":\"fr-CA\",\"@id\":\"https:\\\/\\\/safetysourcefire.ca\\\/#\\\/schema\\\/logo\\\/image\\\/\",\"url\":\"https:\\\/\\\/safetysourcefire.ca\\\/wp-content\\\/uploads\\\/2021\\\/01\\\/SSF_logo_CC0000-3.png\",\"contentUrl\":\"https:\\\/\\\/safetysourcefire.ca\\\/wp-content\\\/uploads\\\/2021\\\/01\\\/SSF_logo_CC0000-3.png\",\"width\":1107,\"height\":365,\"caption\":\"Safety Source Fire\"},\"image\":{\"@id\":\"https:\\\/\\\/safetysourcefire.ca\\\/#\\\/schema\\\/logo\\\/image\\\/\"},\"sameAs\":[\"https:\\\/\\\/www.facebook.com\\\/mmfssca\",\"https:\\\/\\\/x.com\\\/mmfssca\"]}]}<\/script>\n<!-- \/ Yoast SEO plugin. -->","yoast_head_json":{"title":"EcoPolyBlend\u2122 Accumulation Center, 2 drum, recycled - Safety Source Fire","robots":{"index":"index","follow":"follow","max-snippet":"max-snippet:-1","max-image-preview":"max-image-preview:large","max-video-preview":"max-video-preview:-1"},"canonical":"https:\/\/safetysourcefire.ca\/fr\/?product=ecopolyblend-accumulation-center-2-drum-recycled","og_locale":"fr_CA","og_type":"article","og_title":"EcoPolyBlend\u2122 Accumulation Center, 2 drum, recycled - Safety Source Fire","og_description":"Low-Profile EcoPolyBlend\u2122\u00a0Accumulation Centers\u00a0only measure 5-1\/2\u201d (140-mm) high for easy handling of drums. Made of recycled polyethylene, these accumulation centers are nearly impervious to chemicals, including acids and corrosives. Seamless construction eliminates leaks, making these ideal for drum filling and dispensing operations. Self-locating grates won\u2019t ride-up, and are removable for easy cleaning. Combine 2-, 4-, 6-, [&hellip;]","og_url":"https:\/\/safetysourcefire.ca\/fr\/?product=ecopolyblend-accumulation-center-2-drum-recycled","og_site_name":"Safety Source Fire","article_publisher":"https:\/\/www.facebook.com\/mmfssca","article_modified_time":"2018-03-19T13:54:36+00:00","og_image":[{"width":600,"height":600,"url":"https:\/\/safetysourcefire.ca\/wp-content\/uploads\/2017\/05\/28655.jpg","type":"image\/jpeg"}],"twitter_card":"summary_large_image","twitter_site":"@mmfssca","twitter_misc":{"Estimation du temps de lecture":"1 minute"},"schema":{"@context":"https:\/\/schema.org","@graph":[{"@type":"WebPage","@id":"https:\/\/safetysourcefire.ca\/?product=ecopolyblend-accumulation-center-2-drum-recycled","url":"https:\/\/safetysourcefire.ca\/?product=ecopolyblend-accumulation-center-2-drum-recycled","name":"EcoPolyBlend\u2122 Accumulation Center, 2 drum, recycled - Safety Source Fire","isPartOf":{"@id":"https:\/\/safetysourcefire.ca\/#website"},"primaryImageOfPage":{"@id":"https:\/\/safetysourcefire.ca\/?product=ecopolyblend-accumulation-center-2-drum-recycled#primaryimage"},"image":{"@id":"https:\/\/safetysourcefire.ca\/?product=ecopolyblend-accumulation-center-2-drum-recycled#primaryimage"},"thumbnailUrl":"https:\/\/safetysourcefire.ca\/wp-content\/uploads\/2017\/05\/28655.jpg","datePublished":"2017-05-02T15:32:44+00:00","dateModified":"2018-03-19T13:54:36+00:00","breadcrumb":{"@id":"https:\/\/safetysourcefire.ca\/?product=ecopolyblend-accumulation-center-2-drum-recycled#breadcrumb"},"inLanguage":"fr-CA","potentialAction":[{"@type":"ReadAction","target":["https:\/\/safetysourcefire.ca\/?product=ecopolyblend-accumulation-center-2-drum-recycled"]}]},{"@type":"ImageObject","inLanguage":"fr-CA","@id":"https:\/\/safetysourcefire.ca\/?product=ecopolyblend-accumulation-center-2-drum-recycled#primaryimage","url":"https:\/\/safetysourcefire.ca\/wp-content\/uploads\/2017\/05\/28655.jpg","contentUrl":"https:\/\/safetysourcefire.ca\/wp-content\/uploads\/2017\/05\/28655.jpg","width":600,"height":600},{"@type":"BreadcrumbList","@id":"https:\/\/safetysourcefire.ca\/?product=ecopolyblend-accumulation-center-2-drum-recycled#breadcrumb","itemListElement":[{"@type":"ListItem","position":1,"name":"Home","item":"https:\/\/safetysourcefire.ca\/"},{"@type":"ListItem","position":2,"name":"Products","item":"https:\/\/safetysourcefire.ca\/shop\/"},{"@type":"ListItem","position":3,"name":"EcoPolyBlend\u2122 Accumulation Center, 2 drum, recycled"}]},{"@type":"WebSite","@id":"https:\/\/safetysourcefire.ca\/#website","url":"https:\/\/safetysourcefire.ca\/","name":"Safety Source Fire","description":"","publisher":{"@id":"https:\/\/safetysourcefire.ca\/#organization"},"potentialAction":[{"@type":"SearchAction","target":{"@type":"EntryPoint","urlTemplate":"https:\/\/safetysourcefire.ca\/?s={search_term_string}"},"query-input":{"@type":"PropertyValueSpecification","valueRequired":true,"valueName":"search_term_string"}}],"inLanguage":"fr-CA"},{"@type":"Organization","@id":"https:\/\/safetysourcefire.ca\/#organization","name":"Safety Source Fire","url":"https:\/\/safetysourcefire.ca\/","logo":{"@type":"ImageObject","inLanguage":"fr-CA","@id":"https:\/\/safetysourcefire.ca\/#\/schema\/logo\/image\/","url":"https:\/\/safetysourcefire.ca\/wp-content\/uploads\/2021\/01\/SSF_logo_CC0000-3.png","contentUrl":"https:\/\/safetysourcefire.ca\/wp-content\/uploads\/2021\/01\/SSF_logo_CC0000-3.png","width":1107,"height":365,"caption":"Safety Source Fire"},"image":{"@id":"https:\/\/safetysourcefire.ca\/#\/schema\/logo\/image\/"},"sameAs":["https:\/\/www.facebook.com\/mmfssca","https:\/\/x.com\/mmfssca"]}]}},"_links":{"self":[{"href":"https:\/\/safetysourcefire.ca\/fr\/wp-json\/wp\/v2\/product\/802","targetHints":{"allow":["GET"]}}],"collection":[{"href":"https:\/\/safetysourcefire.ca\/fr\/wp-json\/wp\/v2\/product"}],"about":[{"href":"https:\/\/safetysourcefire.ca\/fr\/wp-json\/wp\/v2\/types\/product"}],"wp:featuredmedia":[{"embeddable":true,"href":"https:\/\/safetysourcefire.ca\/fr\/wp-json\/wp\/v2\/media\/1146"}],"wp:attachment":[{"href":"https:\/\/safetysourcefire.ca\/fr\/wp-json\/wp\/v2\/media?parent=802"}],"wp:term":[{"taxonomy":"product_brand","embeddable":true,"href":"https:\/\/safetysourcefire.ca\/fr\/wp-json\/wp\/v2\/product_brand?post=802"},{"taxonomy":"product_cat","embeddable":true,"href":"https:\/\/safetysourcefire.ca\/fr\/wp-json\/wp\/v2\/product_cat?post=802"},{"taxonomy":"product_tag","embeddable":true,"href":"https:\/\/safetysourcefire.ca\/fr\/wp-json\/wp\/v2\/product_tag?post=802"}],"curies":[{"name":"wp","href":"https:\/\/api.w.org\/{rel}","templated":true}]}}