{"id":806,"date":"2017-05-02T15:39:17","date_gmt":"2017-05-02T15:39:17","guid":{"rendered":"http:\/\/mmfss.ca\/?post_type=product&#038;p=806"},"modified":"2018-03-19T13:54:34","modified_gmt":"2018-03-19T13:54:34","slug":"type-i-steel-safety-can-for-flammables-2-5-gallon","status":"publish","type":"product","link":"https:\/\/safetysourcefire.ca\/fr\/produit\/type-i-steel-safety-can-for-flammables-2-5-gallon\/","title":{"rendered":"Bidon de s\u00e9curit\u00e9 en acier de type I pour produits inflammables- 2,5 gallons (9,5 L)"},"content":{"rendered":"<p><strong>Pare-flammes en inox, couvercle \u00e0 fermeture automatique<\/strong><\/p>\n<p>Con\u00e7u avec un seul bec pour le remplissage et le versement, le couvercle scell\u00e9 est dot\u00e9 d&#039;une d\u00e9charge de pression positive automatique qui \u00e9vacue entre 3 et 5 psig (0,2 et 0,35 bar) pour \u00e9viter la rupture ou l&#039;explosion.<\/p>\n<p>Le rev\u00eatement en poudre est r\u00e9sistant aux produits chimiques et permet une utilisation rigoureuse. Chaque bidon de s\u00e9curit\u00e9 Justrite est \u00e9quip\u00e9 d'un pare-flammes en acier inoxydable qui dissipe la chaleur pour freiner l'allumage par retour de flamme. Les bidons d'une pinthe pinte (1 L) et moins sont dot\u00e9s d'une poign\u00e9e de d\u00e9clenchement, tandis que les plus grands bidons poss\u00e8dent une poign\u00e9e pivotante pour faciliter le transport de charges plus lourdes.<\/p>\n<p>Utilisez un entonnoir de s\u00e9curit\u00e9 de type I pour verser du contenu dans des ouvertures plus petites. Cet entonnoir en polypropyl\u00e8ne se fixe au goulot du bec des bidons de s\u00e9curit\u00e9 de type I de 1 gallon (4 L) et plus. L'entonnoir permet deux positions de remplissage et se replie facilement lorsque vous voulez le ranger. La forme arrondie offre une protection contre les \u00e9claboussures et les d\u00e9versements. La construction durable r\u00e9siste \u00e0 une utilisation intensive.<\/p>","protected":false},"excerpt":{"rendered":"<p>Fabriqu\u00e9 \u00e0 partir d'acier galvanis\u00e9 de haute qualit\u00e9. Chaque bidon est test\u00e9 pour garantir une construction \u00e9tanche \u00e0 100%.<\/p>","protected":false},"featured_media":1153,"template":"","meta":[],"product_brand":[154],"product_cat":[47,79],"product_tag":[315,314],"class_list":{"0":"post-806","1":"product","2":"type-product","3":"status-publish","4":"has-post-thumbnail","6":"product_brand-justrite","7":"product_cat-hazmat","8":"product_cat-storage-hazmat","9":"product_tag-just-rite","10":"product_tag-justrite","12":"first","13":"instock","14":"shipping-taxable","15":"product-type-simple"},"yoast_head":"<!-- This site is optimized with the Yoast SEO plugin v27.4 - https:\/\/yoast.com\/product\/yoast-seo-wordpress\/ -->\n<title>Type I Steel Safety Can for flammables, 2.5 gallon (9.5L) - Safety Source Fire<\/title>\n<meta name=\"robots\" content=\"index, follow, max-snippet:-1, max-image-preview:large, max-video-preview:-1\" \/>\n<link rel=\"canonical\" href=\"https:\/\/safetysourcefire.ca\/fr\/?product=type-i-steel-safety-can-for-flammables-2-5-gallon\" \/>\n<meta property=\"og:locale\" content=\"fr_CA\" \/>\n<meta property=\"og:type\" content=\"article\" \/>\n<meta property=\"og:title\" content=\"Type I Steel Safety Can for flammables, 2.5 gallon (9.5L) - Safety Source Fire\" \/>\n<meta property=\"og:description\" content=\"Made from high-grade coated steel, each can is tested to guarantee 100% leakproof construction.\" \/>\n<meta property=\"og:url\" content=\"https:\/\/safetysourcefire.ca\/fr\/?product=type-i-steel-safety-can-for-flammables-2-5-gallon\" \/>\n<meta property=\"og:site_name\" content=\"Safety Source Fire\" \/>\n<meta property=\"article:publisher\" content=\"https:\/\/www.facebook.com\/mmfssca\" \/>\n<meta property=\"article:modified_time\" content=\"2018-03-19T13:54:34+00:00\" \/>\n<meta property=\"og:image\" content=\"https:\/\/safetysourcefire.ca\/wp-content\/uploads\/2017\/05\/7125100.jpg\" \/>\n\t<meta property=\"og:image:width\" content=\"600\" \/>\n\t<meta property=\"og:image:height\" content=\"600\" \/>\n\t<meta property=\"og:image:type\" content=\"image\/jpeg\" \/>\n<meta name=\"twitter:card\" content=\"summary_large_image\" \/>\n<meta name=\"twitter:site\" content=\"@mmfssca\" \/>\n<meta name=\"twitter:label1\" content=\"Estimation du temps de lecture\" \/>\n\t<meta name=\"twitter:data1\" content=\"1 minute\" \/>\n<script type=\"application\/ld+json\" class=\"yoast-schema-graph\">{\"@context\":\"https:\\\/\\\/schema.org\",\"@graph\":[{\"@type\":\"WebPage\",\"@id\":\"https:\\\/\\\/safetysourcefire.ca\\\/?product=type-i-steel-safety-can-for-flammables-2-5-gallon\",\"url\":\"https:\\\/\\\/safetysourcefire.ca\\\/?product=type-i-steel-safety-can-for-flammables-2-5-gallon\",\"name\":\"Type I Steel Safety Can for flammables, 2.5 gallon (9.5L) - Safety Source Fire\",\"isPartOf\":{\"@id\":\"https:\\\/\\\/safetysourcefire.ca\\\/#website\"},\"primaryImageOfPage\":{\"@id\":\"https:\\\/\\\/safetysourcefire.ca\\\/?product=type-i-steel-safety-can-for-flammables-2-5-gallon#primaryimage\"},\"image\":{\"@id\":\"https:\\\/\\\/safetysourcefire.ca\\\/?product=type-i-steel-safety-can-for-flammables-2-5-gallon#primaryimage\"},\"thumbnailUrl\":\"https:\\\/\\\/safetysourcefire.ca\\\/wp-content\\\/uploads\\\/2017\\\/05\\\/7125100.jpg\",\"datePublished\":\"2017-05-02T15:39:17+00:00\",\"dateModified\":\"2018-03-19T13:54:34+00:00\",\"breadcrumb\":{\"@id\":\"https:\\\/\\\/safetysourcefire.ca\\\/?product=type-i-steel-safety-can-for-flammables-2-5-gallon#breadcrumb\"},\"inLanguage\":\"fr-CA\",\"potentialAction\":[{\"@type\":\"ReadAction\",\"target\":[\"https:\\\/\\\/safetysourcefire.ca\\\/?product=type-i-steel-safety-can-for-flammables-2-5-gallon\"]}]},{\"@type\":\"ImageObject\",\"inLanguage\":\"fr-CA\",\"@id\":\"https:\\\/\\\/safetysourcefire.ca\\\/?product=type-i-steel-safety-can-for-flammables-2-5-gallon#primaryimage\",\"url\":\"https:\\\/\\\/safetysourcefire.ca\\\/wp-content\\\/uploads\\\/2017\\\/05\\\/7125100.jpg\",\"contentUrl\":\"https:\\\/\\\/safetysourcefire.ca\\\/wp-content\\\/uploads\\\/2017\\\/05\\\/7125100.jpg\",\"width\":600,\"height\":600},{\"@type\":\"BreadcrumbList\",\"@id\":\"https:\\\/\\\/safetysourcefire.ca\\\/?product=type-i-steel-safety-can-for-flammables-2-5-gallon#breadcrumb\",\"itemListElement\":[{\"@type\":\"ListItem\",\"position\":1,\"name\":\"Home\",\"item\":\"https:\\\/\\\/safetysourcefire.ca\\\/\"},{\"@type\":\"ListItem\",\"position\":2,\"name\":\"Products\",\"item\":\"https:\\\/\\\/safetysourcefire.ca\\\/shop\\\/\"},{\"@type\":\"ListItem\",\"position\":3,\"name\":\"Type I Steel Safety Can for flammables, 2.5 gallon (9.5L)\"}]},{\"@type\":\"WebSite\",\"@id\":\"https:\\\/\\\/safetysourcefire.ca\\\/#website\",\"url\":\"https:\\\/\\\/safetysourcefire.ca\\\/\",\"name\":\"Safety Source Fire\",\"description\":\"\",\"publisher\":{\"@id\":\"https:\\\/\\\/safetysourcefire.ca\\\/#organization\"},\"potentialAction\":[{\"@type\":\"SearchAction\",\"target\":{\"@type\":\"EntryPoint\",\"urlTemplate\":\"https:\\\/\\\/safetysourcefire.ca\\\/?s={search_term_string}\"},\"query-input\":{\"@type\":\"PropertyValueSpecification\",\"valueRequired\":true,\"valueName\":\"search_term_string\"}}],\"inLanguage\":\"fr-CA\"},{\"@type\":\"Organization\",\"@id\":\"https:\\\/\\\/safetysourcefire.ca\\\/#organization\",\"name\":\"Safety Source Fire\",\"url\":\"https:\\\/\\\/safetysourcefire.ca\\\/\",\"logo\":{\"@type\":\"ImageObject\",\"inLanguage\":\"fr-CA\",\"@id\":\"https:\\\/\\\/safetysourcefire.ca\\\/#\\\/schema\\\/logo\\\/image\\\/\",\"url\":\"https:\\\/\\\/safetysourcefire.ca\\\/wp-content\\\/uploads\\\/2021\\\/01\\\/SSF_logo_CC0000-3.png\",\"contentUrl\":\"https:\\\/\\\/safetysourcefire.ca\\\/wp-content\\\/uploads\\\/2021\\\/01\\\/SSF_logo_CC0000-3.png\",\"width\":1107,\"height\":365,\"caption\":\"Safety Source Fire\"},\"image\":{\"@id\":\"https:\\\/\\\/safetysourcefire.ca\\\/#\\\/schema\\\/logo\\\/image\\\/\"},\"sameAs\":[\"https:\\\/\\\/www.facebook.com\\\/mmfssca\",\"https:\\\/\\\/x.com\\\/mmfssca\"]}]}<\/script>\n<!-- \/ Yoast SEO plugin. -->","yoast_head_json":{"title":"Bidon de s\u00e9curit\u00e9 en acier de type I pour produits inflammables, 2,5 gallons (9,5 L) - Safety Source Fire","robots":{"index":"index","follow":"follow","max-snippet":"max-snippet:-1","max-image-preview":"max-image-preview:large","max-video-preview":"max-video-preview:-1"},"canonical":"https:\/\/safetysourcefire.ca\/fr\/?product=type-i-steel-safety-can-for-flammables-2-5-gallon","og_locale":"fr_CA","og_type":"article","og_title":"Type I Steel Safety Can for flammables, 2.5 gallon (9.5L) - Safety Source Fire","og_description":"Made from high-grade coated steel, each can is tested to guarantee 100% leakproof construction.","og_url":"https:\/\/safetysourcefire.ca\/fr\/?product=type-i-steel-safety-can-for-flammables-2-5-gallon","og_site_name":"Safety Source Fire","article_publisher":"https:\/\/www.facebook.com\/mmfssca","article_modified_time":"2018-03-19T13:54:34+00:00","og_image":[{"width":600,"height":600,"url":"https:\/\/safetysourcefire.ca\/wp-content\/uploads\/2017\/05\/7125100.jpg","type":"image\/jpeg"}],"twitter_card":"summary_large_image","twitter_site":"@mmfssca","twitter_misc":{"Estimation du temps de lecture":"1 minute"},"schema":{"@context":"https:\/\/schema.org","@graph":[{"@type":"WebPage","@id":"https:\/\/safetysourcefire.ca\/?product=type-i-steel-safety-can-for-flammables-2-5-gallon","url":"https:\/\/safetysourcefire.ca\/?product=type-i-steel-safety-can-for-flammables-2-5-gallon","name":"Bidon de s\u00e9curit\u00e9 en acier de type I pour produits inflammables, 2,5 gallons (9,5 L) - Safety Source Fire","isPartOf":{"@id":"https:\/\/safetysourcefire.ca\/#website"},"primaryImageOfPage":{"@id":"https:\/\/safetysourcefire.ca\/?product=type-i-steel-safety-can-for-flammables-2-5-gallon#primaryimage"},"image":{"@id":"https:\/\/safetysourcefire.ca\/?product=type-i-steel-safety-can-for-flammables-2-5-gallon#primaryimage"},"thumbnailUrl":"https:\/\/safetysourcefire.ca\/wp-content\/uploads\/2017\/05\/7125100.jpg","datePublished":"2017-05-02T15:39:17+00:00","dateModified":"2018-03-19T13:54:34+00:00","breadcrumb":{"@id":"https:\/\/safetysourcefire.ca\/?product=type-i-steel-safety-can-for-flammables-2-5-gallon#breadcrumb"},"inLanguage":"fr-CA","potentialAction":[{"@type":"ReadAction","target":["https:\/\/safetysourcefire.ca\/?product=type-i-steel-safety-can-for-flammables-2-5-gallon"]}]},{"@type":"ImageObject","inLanguage":"fr-CA","@id":"https:\/\/safetysourcefire.ca\/?product=type-i-steel-safety-can-for-flammables-2-5-gallon#primaryimage","url":"https:\/\/safetysourcefire.ca\/wp-content\/uploads\/2017\/05\/7125100.jpg","contentUrl":"https:\/\/safetysourcefire.ca\/wp-content\/uploads\/2017\/05\/7125100.jpg","width":600,"height":600},{"@type":"BreadcrumbList","@id":"https:\/\/safetysourcefire.ca\/?product=type-i-steel-safety-can-for-flammables-2-5-gallon#breadcrumb","itemListElement":[{"@type":"ListItem","position":1,"name":"Home","item":"https:\/\/safetysourcefire.ca\/"},{"@type":"ListItem","position":2,"name":"Products","item":"https:\/\/safetysourcefire.ca\/shop\/"},{"@type":"ListItem","position":3,"name":"Type I Steel Safety Can for flammables, 2.5 gallon (9.5L)"}]},{"@type":"WebSite","@id":"https:\/\/safetysourcefire.ca\/#website","url":"https:\/\/safetysourcefire.ca\/","name":"Safety Source Fire","description":"","publisher":{"@id":"https:\/\/safetysourcefire.ca\/#organization"},"potentialAction":[{"@type":"SearchAction","target":{"@type":"EntryPoint","urlTemplate":"https:\/\/safetysourcefire.ca\/?s={search_term_string}"},"query-input":{"@type":"PropertyValueSpecification","valueRequired":true,"valueName":"search_term_string"}}],"inLanguage":"fr-CA"},{"@type":"Organization","@id":"https:\/\/safetysourcefire.ca\/#organization","name":"Safety Source Fire","url":"https:\/\/safetysourcefire.ca\/","logo":{"@type":"ImageObject","inLanguage":"fr-CA","@id":"https:\/\/safetysourcefire.ca\/#\/schema\/logo\/image\/","url":"https:\/\/safetysourcefire.ca\/wp-content\/uploads\/2021\/01\/SSF_logo_CC0000-3.png","contentUrl":"https:\/\/safetysourcefire.ca\/wp-content\/uploads\/2021\/01\/SSF_logo_CC0000-3.png","width":1107,"height":365,"caption":"Safety Source Fire"},"image":{"@id":"https:\/\/safetysourcefire.ca\/#\/schema\/logo\/image\/"},"sameAs":["https:\/\/www.facebook.com\/mmfssca","https:\/\/x.com\/mmfssca"]}]}},"_links":{"self":[{"href":"https:\/\/safetysourcefire.ca\/fr\/wp-json\/wp\/v2\/product\/806","targetHints":{"allow":["GET"]}}],"collection":[{"href":"https:\/\/safetysourcefire.ca\/fr\/wp-json\/wp\/v2\/product"}],"about":[{"href":"https:\/\/safetysourcefire.ca\/fr\/wp-json\/wp\/v2\/types\/product"}],"wp:featuredmedia":[{"embeddable":true,"href":"https:\/\/safetysourcefire.ca\/fr\/wp-json\/wp\/v2\/media\/1153"}],"wp:attachment":[{"href":"https:\/\/safetysourcefire.ca\/fr\/wp-json\/wp\/v2\/media?parent=806"}],"wp:term":[{"taxonomy":"product_brand","embeddable":true,"href":"https:\/\/safetysourcefire.ca\/fr\/wp-json\/wp\/v2\/product_brand?post=806"},{"taxonomy":"product_cat","embeddable":true,"href":"https:\/\/safetysourcefire.ca\/fr\/wp-json\/wp\/v2\/product_cat?post=806"},{"taxonomy":"product_tag","embeddable":true,"href":"https:\/\/safetysourcefire.ca\/fr\/wp-json\/wp\/v2\/product_tag?post=806"}],"curies":[{"name":"wp","href":"https:\/\/api.w.org\/{rel}","templated":true}]}}