{"id":808,"date":"2017-05-02T15:41:58","date_gmt":"2017-05-02T15:41:58","guid":{"rendered":"http:\/\/mmfss.ca\/?post_type=product&#038;p=808"},"modified":"2018-03-19T13:54:33","modified_gmt":"2018-03-19T13:54:33","slug":"type-ii-accuflow-steel-safety-can-for-flammables","status":"publish","type":"product","link":"https:\/\/safetysourcefire.ca\/fr\/produit\/type-ii-accuflow-steel-safety-can-for-flammables\/","title":{"rendered":"Bidon de s\u00e9curit\u00e9 en acier AccuFlow\u2122 de type II pour produits inflammables"},"content":{"rendered":"<p><strong>5 gal., pare-flammes inox, boyau m\u00e9tallique 1\u2033<\/strong><\/p>\n<p>Le collecteur brevet\u00e9 de Justrite et la g\u00e2chette Safe-Squeeze\u00ae \u00e0 contr\u00f4le de d\u00e9bit proportionnel vous permettent de r\u00e9guler le d\u00e9bit lors de la manipulation de liquides inflammables. L'orifice de remplissage avec levier ergonomique facilitent le remplissage. Le bec de tuyau en m\u00e9tal flexible de 9 po (229 mm) de long aide \u00e0 contr\u00f4ler le versement m\u00eame dans les plus petites ouvertures.<\/p>\n<p>Fabriqu\u00e9 \u00e0 partir d'acier galvanis\u00e9 de haute qualit\u00e9, chaque bo\u00eete est test\u00e9e sous pression pour garantir la qualit\u00e9. Le rev\u00eatement en poudre r\u00e9siste aux produits chimiques et aux utilisations les plus rigoureuses. Le pare-flammes en acier inoxydable\u2014pr\u00e9sent dans tous les bidons de s\u00e9curit\u00e9 Justrite\u2014dissipe la chaleur pour arr\u00eater l'allumage par retour de flamme. Le couvercle scell\u00e9 est dot\u00e9 d'une d\u00e9charge de pression positive automatique qui \u00e9vacue entre 3 et 5 psig (0,2 et 0,35 bar) pour prot\u00e9ger contre les explosions. La grosse \u00e9tiquette fournit un espace d'\u00e9criture pour identifier le contenu du bidon, l'emplacement du service et\/ou le nom du propri\u00e9taire. Toutes les tailles de bidons poss\u00e8dent une capacit\u00e9 suppl\u00e9mentaire pour ajouter de l'huile moteur \u00e0 deux temps ou d'autres additifs.<\/p>\n<p>Facile \u00e0 remplir ! Le levier ergonomique permet d'ouvrir largement le bec \u00e0 fermeture automatique pour un remplissage facile. Un pare-flammes en acier inoxydable pr\u00e9sent sur toute la longueur dissipe la chaleur et permet une insertion plus profonde et s\u00e9curitaire de la buse lors du remplissage.<\/p>\n<p>D\u00e9couvrez les avantages des bidons de s\u00e9curit\u00e9 AccuFlow\u2122 de type II de Justrite, disponibles en plusieurs couleurs et adapt\u00e9s \u00e0 l'entreposage de liquides inflammables. Ces bidons permettent d'identifier des liquides et d'\u00e9viter des erreurs co\u00fbteuses lors de l'utilisation de plusieurs liquides sur un chantier.<\/p>\n<p>Couleurs sugg\u00e9r\u00e9es :<\/p>\n<ul>\n<li>Bidons rouges pour les liquides inflammables (et OSHA requis)<\/li>\n<li>Bidons bleus pour le k\u00e9ros\u00e8ne<\/li>\n<li>Bidons jaunes pour le diesel<\/li>\n<li>Bidons verts pour les huiles<\/li>\n<\/ul>\n<p>Certifi\u00e9s par FM, UL\/ULC et T\u00dcV, les bidons de s\u00e9curit\u00e9 Justrite r\u00e9pondent \u00e9galement aux exigences de l'OSHA et de la NFPA. Garantie de dix ans.<\/p>\n<p>Pour des transferts s\u00e9curitaires et contr\u00f4l\u00e9s, vous ne pouvez pas vous tromper avec AccuFlow\u2122 et la g\u00e2chette Safe-Squeeze\u00ae.<\/p>\n<p>Le collecteur brevet\u00e9 de Justrite et la g\u00e2chette Safe-Squeeze\u00ae \u00e0 contr\u00f4le de d\u00e9bit proportionnel vous offrent les moyens de r\u00e9guler le d\u00e9bit lors de la manipulation de liquides inflammables. L'orifice de remplissage avec levier de levage ergonomique facilitent le classement. Le bec de tuyau en m\u00e9tal flexible de 9 po (229 mm) aide \u00e0 contr\u00f4ler le versement dans les petites ouvertures.<\/p>\n<p>Fabriqu\u00e9 \u00e0 partir d'acier galvanis\u00e9 de haute qualit\u00e9, chaque bo\u00eete est test\u00e9e sous pression pour garantir sa qualit\u00e9. Le rev\u00eatement en poudre r\u00e9siste aux produits chimiques et aux utilisations les plus rigoureuses. Le pare-flammes en acier inoxydable, \u00e9quip\u00e9 d'un bidon de s\u00e9curit\u00e9 Justrite, dissipe la chaleur pour arr\u00eater l'allumage par retour de flamme. Le couvercle scell\u00e9 est dot\u00e9 d'une d\u00e9charge de pression positive automatique qui \u00e9vacue entre 3 et 5 psig (0,2 et 0,35 bar) pour prot\u00e9ger contre les explosions. La grande \u00e9tiquette permet un espace d'\u00e9criture pour identifier le contenu, \u00e9crire l'emplacement du service ou le nom d'un utilisateur individuel. Toutes les tailles de bidons ont une capacit\u00e9 suppl\u00e9mentaire pour ajouter de l'huile moteur \u00e0 deux temps ou d'autres additifs.<\/p>","protected":false},"excerpt":{"rendered":"<p>Pour des transferts s\u00e9curitaires et contr\u00f4l\u00e9s, allez au-del\u00e0 de la conformit\u00e9 gr\u00e2ce \u00e0 la commodit\u00e9 suppl\u00e9mentaire d'AccuFlowTM et la g\u00e2chette Safe-Squeeze\u00ae.<\/p>","protected":false},"featured_media":1155,"template":"","meta":[],"product_brand":[154],"product_cat":[47,79],"product_tag":[315,314],"class_list":{"0":"post-808","1":"product","2":"type-product","3":"status-publish","4":"has-post-thumbnail","6":"product_brand-justrite","7":"product_cat-hazmat","8":"product_cat-storage-hazmat","9":"product_tag-just-rite","10":"product_tag-justrite","12":"first","13":"instock","14":"shipping-taxable","15":"product-type-simple"},"yoast_head":"<!-- This site is optimized with the Yoast SEO plugin v27.4 - https:\/\/yoast.com\/product\/yoast-seo-wordpress\/ -->\n<title>Type II AccuFlow\u2122 Steel Safety Can for flammables - Safety Source Fire<\/title>\n<meta name=\"robots\" content=\"index, follow, max-snippet:-1, max-image-preview:large, max-video-preview:-1\" \/>\n<link rel=\"canonical\" href=\"https:\/\/safetysourcefire.ca\/fr\/?product=type-ii-accuflow-steel-safety-can-for-flammables\" \/>\n<meta property=\"og:locale\" content=\"fr_CA\" \/>\n<meta property=\"og:type\" content=\"article\" \/>\n<meta property=\"og:title\" content=\"Type II AccuFlow\u2122 Steel Safety Can for flammables - Safety Source Fire\" \/>\n<meta property=\"og:description\" content=\"Go beyond protection and compliance with the added convenience of AccuFlowTM with Safe-Squeeze\u00ae trigger for safe and controlled pouring.\" \/>\n<meta property=\"og:url\" content=\"https:\/\/safetysourcefire.ca\/fr\/?product=type-ii-accuflow-steel-safety-can-for-flammables\" \/>\n<meta property=\"og:site_name\" content=\"Safety Source Fire\" \/>\n<meta property=\"article:publisher\" content=\"https:\/\/www.facebook.com\/mmfssca\" \/>\n<meta property=\"article:modified_time\" content=\"2018-03-19T13:54:33+00:00\" \/>\n<meta property=\"og:image\" content=\"https:\/\/safetysourcefire.ca\/wp-content\/uploads\/2017\/05\/7250130.jpg\" \/>\n\t<meta property=\"og:image:width\" content=\"600\" \/>\n\t<meta property=\"og:image:height\" content=\"600\" \/>\n\t<meta property=\"og:image:type\" content=\"image\/jpeg\" \/>\n<meta name=\"twitter:card\" content=\"summary_large_image\" \/>\n<meta name=\"twitter:site\" content=\"@mmfssca\" \/>\n<meta name=\"twitter:label1\" content=\"Estimation du temps de lecture\" \/>\n\t<meta name=\"twitter:data1\" content=\"2 minutes\" \/>\n<script type=\"application\/ld+json\" class=\"yoast-schema-graph\">{\"@context\":\"https:\\\/\\\/schema.org\",\"@graph\":[{\"@type\":\"WebPage\",\"@id\":\"https:\\\/\\\/safetysourcefire.ca\\\/?product=type-ii-accuflow-steel-safety-can-for-flammables\",\"url\":\"https:\\\/\\\/safetysourcefire.ca\\\/?product=type-ii-accuflow-steel-safety-can-for-flammables\",\"name\":\"Type II AccuFlow\u2122 Steel Safety Can for flammables - Safety Source Fire\",\"isPartOf\":{\"@id\":\"https:\\\/\\\/safetysourcefire.ca\\\/#website\"},\"primaryImageOfPage\":{\"@id\":\"https:\\\/\\\/safetysourcefire.ca\\\/?product=type-ii-accuflow-steel-safety-can-for-flammables#primaryimage\"},\"image\":{\"@id\":\"https:\\\/\\\/safetysourcefire.ca\\\/?product=type-ii-accuflow-steel-safety-can-for-flammables#primaryimage\"},\"thumbnailUrl\":\"https:\\\/\\\/safetysourcefire.ca\\\/wp-content\\\/uploads\\\/2017\\\/05\\\/7250130.jpg\",\"datePublished\":\"2017-05-02T15:41:58+00:00\",\"dateModified\":\"2018-03-19T13:54:33+00:00\",\"breadcrumb\":{\"@id\":\"https:\\\/\\\/safetysourcefire.ca\\\/?product=type-ii-accuflow-steel-safety-can-for-flammables#breadcrumb\"},\"inLanguage\":\"fr-CA\",\"potentialAction\":[{\"@type\":\"ReadAction\",\"target\":[\"https:\\\/\\\/safetysourcefire.ca\\\/?product=type-ii-accuflow-steel-safety-can-for-flammables\"]}]},{\"@type\":\"ImageObject\",\"inLanguage\":\"fr-CA\",\"@id\":\"https:\\\/\\\/safetysourcefire.ca\\\/?product=type-ii-accuflow-steel-safety-can-for-flammables#primaryimage\",\"url\":\"https:\\\/\\\/safetysourcefire.ca\\\/wp-content\\\/uploads\\\/2017\\\/05\\\/7250130.jpg\",\"contentUrl\":\"https:\\\/\\\/safetysourcefire.ca\\\/wp-content\\\/uploads\\\/2017\\\/05\\\/7250130.jpg\",\"width\":600,\"height\":600},{\"@type\":\"BreadcrumbList\",\"@id\":\"https:\\\/\\\/safetysourcefire.ca\\\/?product=type-ii-accuflow-steel-safety-can-for-flammables#breadcrumb\",\"itemListElement\":[{\"@type\":\"ListItem\",\"position\":1,\"name\":\"Home\",\"item\":\"https:\\\/\\\/safetysourcefire.ca\\\/\"},{\"@type\":\"ListItem\",\"position\":2,\"name\":\"Products\",\"item\":\"https:\\\/\\\/safetysourcefire.ca\\\/shop\\\/\"},{\"@type\":\"ListItem\",\"position\":3,\"name\":\"Type II AccuFlow\u2122 Steel Safety Can for flammables\"}]},{\"@type\":\"WebSite\",\"@id\":\"https:\\\/\\\/safetysourcefire.ca\\\/#website\",\"url\":\"https:\\\/\\\/safetysourcefire.ca\\\/\",\"name\":\"Safety Source Fire\",\"description\":\"\",\"publisher\":{\"@id\":\"https:\\\/\\\/safetysourcefire.ca\\\/#organization\"},\"potentialAction\":[{\"@type\":\"SearchAction\",\"target\":{\"@type\":\"EntryPoint\",\"urlTemplate\":\"https:\\\/\\\/safetysourcefire.ca\\\/?s={search_term_string}\"},\"query-input\":{\"@type\":\"PropertyValueSpecification\",\"valueRequired\":true,\"valueName\":\"search_term_string\"}}],\"inLanguage\":\"fr-CA\"},{\"@type\":\"Organization\",\"@id\":\"https:\\\/\\\/safetysourcefire.ca\\\/#organization\",\"name\":\"Safety Source Fire\",\"url\":\"https:\\\/\\\/safetysourcefire.ca\\\/\",\"logo\":{\"@type\":\"ImageObject\",\"inLanguage\":\"fr-CA\",\"@id\":\"https:\\\/\\\/safetysourcefire.ca\\\/#\\\/schema\\\/logo\\\/image\\\/\",\"url\":\"https:\\\/\\\/safetysourcefire.ca\\\/wp-content\\\/uploads\\\/2021\\\/01\\\/SSF_logo_CC0000-3.png\",\"contentUrl\":\"https:\\\/\\\/safetysourcefire.ca\\\/wp-content\\\/uploads\\\/2021\\\/01\\\/SSF_logo_CC0000-3.png\",\"width\":1107,\"height\":365,\"caption\":\"Safety Source Fire\"},\"image\":{\"@id\":\"https:\\\/\\\/safetysourcefire.ca\\\/#\\\/schema\\\/logo\\\/image\\\/\"},\"sameAs\":[\"https:\\\/\\\/www.facebook.com\\\/mmfssca\",\"https:\\\/\\\/x.com\\\/mmfssca\"]}]}<\/script>\n<!-- \/ Yoast SEO plugin. -->","yoast_head_json":{"title":"Bidon de s\u00e9curit\u00e9 en acier AccuFlow\u2122 de type II pour produits inflammables - Safety Source Fire","robots":{"index":"index","follow":"follow","max-snippet":"max-snippet:-1","max-image-preview":"max-image-preview:large","max-video-preview":"max-video-preview:-1"},"canonical":"https:\/\/safetysourcefire.ca\/fr\/?product=type-ii-accuflow-steel-safety-can-for-flammables","og_locale":"fr_CA","og_type":"article","og_title":"Type II AccuFlow\u2122 Steel Safety Can for flammables - Safety Source Fire","og_description":"Go beyond protection and compliance with the added convenience of AccuFlowTM with Safe-Squeeze\u00ae trigger for safe and controlled pouring.","og_url":"https:\/\/safetysourcefire.ca\/fr\/?product=type-ii-accuflow-steel-safety-can-for-flammables","og_site_name":"Safety Source Fire","article_publisher":"https:\/\/www.facebook.com\/mmfssca","article_modified_time":"2018-03-19T13:54:33+00:00","og_image":[{"width":600,"height":600,"url":"https:\/\/safetysourcefire.ca\/wp-content\/uploads\/2017\/05\/7250130.jpg","type":"image\/jpeg"}],"twitter_card":"summary_large_image","twitter_site":"@mmfssca","twitter_misc":{"Estimation du temps de lecture":"2 minutes"},"schema":{"@context":"https:\/\/schema.org","@graph":[{"@type":"WebPage","@id":"https:\/\/safetysourcefire.ca\/?product=type-ii-accuflow-steel-safety-can-for-flammables","url":"https:\/\/safetysourcefire.ca\/?product=type-ii-accuflow-steel-safety-can-for-flammables","name":"Bidon de s\u00e9curit\u00e9 en acier AccuFlow\u2122 de type II pour produits inflammables - Safety Source Fire","isPartOf":{"@id":"https:\/\/safetysourcefire.ca\/#website"},"primaryImageOfPage":{"@id":"https:\/\/safetysourcefire.ca\/?product=type-ii-accuflow-steel-safety-can-for-flammables#primaryimage"},"image":{"@id":"https:\/\/safetysourcefire.ca\/?product=type-ii-accuflow-steel-safety-can-for-flammables#primaryimage"},"thumbnailUrl":"https:\/\/safetysourcefire.ca\/wp-content\/uploads\/2017\/05\/7250130.jpg","datePublished":"2017-05-02T15:41:58+00:00","dateModified":"2018-03-19T13:54:33+00:00","breadcrumb":{"@id":"https:\/\/safetysourcefire.ca\/?product=type-ii-accuflow-steel-safety-can-for-flammables#breadcrumb"},"inLanguage":"fr-CA","potentialAction":[{"@type":"ReadAction","target":["https:\/\/safetysourcefire.ca\/?product=type-ii-accuflow-steel-safety-can-for-flammables"]}]},{"@type":"ImageObject","inLanguage":"fr-CA","@id":"https:\/\/safetysourcefire.ca\/?product=type-ii-accuflow-steel-safety-can-for-flammables#primaryimage","url":"https:\/\/safetysourcefire.ca\/wp-content\/uploads\/2017\/05\/7250130.jpg","contentUrl":"https:\/\/safetysourcefire.ca\/wp-content\/uploads\/2017\/05\/7250130.jpg","width":600,"height":600},{"@type":"BreadcrumbList","@id":"https:\/\/safetysourcefire.ca\/?product=type-ii-accuflow-steel-safety-can-for-flammables#breadcrumb","itemListElement":[{"@type":"ListItem","position":1,"name":"Home","item":"https:\/\/safetysourcefire.ca\/"},{"@type":"ListItem","position":2,"name":"Products","item":"https:\/\/safetysourcefire.ca\/shop\/"},{"@type":"ListItem","position":3,"name":"Type II AccuFlow\u2122 Steel Safety Can for flammables"}]},{"@type":"WebSite","@id":"https:\/\/safetysourcefire.ca\/#website","url":"https:\/\/safetysourcefire.ca\/","name":"Safety Source Fire","description":"","publisher":{"@id":"https:\/\/safetysourcefire.ca\/#organization"},"potentialAction":[{"@type":"SearchAction","target":{"@type":"EntryPoint","urlTemplate":"https:\/\/safetysourcefire.ca\/?s={search_term_string}"},"query-input":{"@type":"PropertyValueSpecification","valueRequired":true,"valueName":"search_term_string"}}],"inLanguage":"fr-CA"},{"@type":"Organization","@id":"https:\/\/safetysourcefire.ca\/#organization","name":"Safety Source Fire","url":"https:\/\/safetysourcefire.ca\/","logo":{"@type":"ImageObject","inLanguage":"fr-CA","@id":"https:\/\/safetysourcefire.ca\/#\/schema\/logo\/image\/","url":"https:\/\/safetysourcefire.ca\/wp-content\/uploads\/2021\/01\/SSF_logo_CC0000-3.png","contentUrl":"https:\/\/safetysourcefire.ca\/wp-content\/uploads\/2021\/01\/SSF_logo_CC0000-3.png","width":1107,"height":365,"caption":"Safety Source Fire"},"image":{"@id":"https:\/\/safetysourcefire.ca\/#\/schema\/logo\/image\/"},"sameAs":["https:\/\/www.facebook.com\/mmfssca","https:\/\/x.com\/mmfssca"]}]}},"_links":{"self":[{"href":"https:\/\/safetysourcefire.ca\/fr\/wp-json\/wp\/v2\/product\/808","targetHints":{"allow":["GET"]}}],"collection":[{"href":"https:\/\/safetysourcefire.ca\/fr\/wp-json\/wp\/v2\/product"}],"about":[{"href":"https:\/\/safetysourcefire.ca\/fr\/wp-json\/wp\/v2\/types\/product"}],"wp:featuredmedia":[{"embeddable":true,"href":"https:\/\/safetysourcefire.ca\/fr\/wp-json\/wp\/v2\/media\/1155"}],"wp:attachment":[{"href":"https:\/\/safetysourcefire.ca\/fr\/wp-json\/wp\/v2\/media?parent=808"}],"wp:term":[{"taxonomy":"product_brand","embeddable":true,"href":"https:\/\/safetysourcefire.ca\/fr\/wp-json\/wp\/v2\/product_brand?post=808"},{"taxonomy":"product_cat","embeddable":true,"href":"https:\/\/safetysourcefire.ca\/fr\/wp-json\/wp\/v2\/product_cat?post=808"},{"taxonomy":"product_tag","embeddable":true,"href":"https:\/\/safetysourcefire.ca\/fr\/wp-json\/wp\/v2\/product_tag?post=808"}],"curies":[{"name":"wp","href":"https:\/\/api.w.org\/{rel}","templated":true}]}}