{"id":809,"date":"2017-05-02T15:44:26","date_gmt":"2017-05-02T15:44:26","guid":{"rendered":"http:\/\/mmfss.ca\/?post_type=product&#038;p=809"},"modified":"2018-03-19T13:54:32","modified_gmt":"2018-03-19T13:54:32","slug":"sure-grip-ex-combustibles-safety-cabinet-for-paint-and-ink","status":"publish","type":"product","link":"https:\/\/safetysourcefire.ca\/fr\/produit\/sure-grip-ex-combustibles-safety-cabinet-for-paint-and-ink\/","title":{"rendered":"Armoire de s\u00e9curit\u00e9 Sure-Grip\u00ae pour les combustibles, peinture et encre"},"content":{"rendered":"<p>Capacit\u00e9 de 20 gal, 2 tablettes, 1 porte m\/c<\/p>\n<p>Ces \u00e9tag\u00e8res r\u00e9glables peuvent acceuillir de nombreux petits pots de peinture, des a\u00e9rosols ou de l'encre utilis\u00e9e dans l'impression, la restoration de meubles ou les op\u00e9rations li\u00e9es aux v\u00e9hicules moteurs. Les armoires de stockage de combustibles Sure-Grip\u00ae EX poss\u00e8dent toutes les m\u00eames caract\u00e9ristiques que les armoires inflammables de Justrite, tel qu'indiqu\u00e9 ci-dessous.<\/p>\n<p>Con\u00e7ues pour r\u00e9pondre aux normes OSHA et NFPA, les armoires Sure-Grip\u00ae EX sont fabriqu\u00e9es en acier soud\u00e9 \u00e0 double paroi de calibre 18 (1 mm) d&#039;\u00e9paisseur avec 1-1\/2 po (38 mm) d&#039;espace d&#039;air isolant pour la r\u00e9sistance au feu. Les portes hautes performances \u00e0 verrouillage automatique se ferment facilement et en toute s\u00e9curit\u00e9 pour une protection maximale en cas d&#039;incendie. Le m\u00e9canisme de fermeture \u00e0 s\u00e9curit\u00e9 int\u00e9gr\u00e9e garantit que le syst\u00e8me de verrouillage \u00e0 trois points en acier inoxydable fonctionne \u00e0 chaque fois.<\/p>\n<p>Pour encore plus de s\u00e9curit\u00e9, la poign\u00e9e U-Loc\u2122 est livr\u00e9e avec une serrure \u00e0 cylindre et un jeu de cl\u00e9s (cadenas aussi disponible, en option). Les \u00e9tiquettes d'avertissement r\u00e9fl\u00e9chissantes Haz-Alert\u2122 sont tr\u00e8s visibles en cas d'incendie ou lors de panne de courant, lorsqu'elles sont \u00e9clair\u00e9es par une lampe de poche.<\/p>\n<p>En cas de d\u00e9versement involontaire, les \u00e9tag\u00e8res en acier galvanis\u00e9 SpillSlope\u00ae brevet\u00e9es dirigent les liquides vers l'arri\u00e8re, dans le fond d'un puisard \u00e9tanche. Il est possible d'ajuster les centres de 3 po (76 mm) pour permettre un rangement encore plus polyvalent. Les armoires sont \u00e9galement dot\u00e9es d'un puisard inf\u00e9rieur \u00e9tanche de 2 po (51 mm), de deux \u00e9vents avec pare-flammes, de quatre pieds autonivelants r\u00e9glables, d'un connecteur de mise \u00e0 la terre (grounding connector) et d'une \u00e9tiquette d'avertissement trilingue. Le rev\u00eatement en poudre \u00e9poxy\/polyester durable sans plomb offre une excellente r\u00e9sistance chimique.<\/p>\n<p>Les portes \u00e0 fermeture manuelle s'ouvrent \u00e0 180 degr\u00e9s et se verrouillent automatiquement lorsqu'elles sont ferm\u00e9es. Les portes \u00e0 fermeture automatique se ferment et se verrouillent automatiquement lorsqu'un maillon fusible fond \u00e0 165\u00a0\u00b0F (74\u00a0\u00b0C) dans des conditions d'incendie. Le m\u00e9canisme de fermeture automatique unique est dissimul\u00e9, il n'y a donc aucune  obstruction au contenu.<\/p>\n<p>Tous les styles de portes sont conformes aux normes OSHA et NFPA 30. Les portes \u00e0 fermeture automatique sont \u00e9galement conformes \u00e0 la norme NFPA 1 et au code international de pr\u00e9vention des incendies.<\/p>\n<p>Toutes les armoires sont approuv\u00e9es FM et b\u00e9n\u00e9ficient d&#039;une garantie de dix ans.<\/p>","protected":false},"excerpt":{"rendered":"<p>S\u00e9parez et identifiez facilement les combustibles de classe III \u00e0 l&#039;aide de ces armoires de s\u00e9curit\u00e9 rouges.<\/p>","protected":false},"featured_media":1148,"template":"","meta":[],"product_brand":[154],"product_cat":[47,79],"product_tag":[315,314],"class_list":{"0":"post-809","1":"product","2":"type-product","3":"status-publish","4":"has-post-thumbnail","6":"product_brand-justrite","7":"product_cat-hazmat","8":"product_cat-storage-hazmat","9":"product_tag-just-rite","10":"product_tag-justrite","12":"first","13":"instock","14":"shipping-taxable","15":"product-type-simple"},"yoast_head":"<!-- This site is optimized with the Yoast SEO plugin v27.4 - https:\/\/yoast.com\/product\/yoast-seo-wordpress\/ -->\n<title>Sure-Grip\u00ae EX Combustibles Safety Cabinet for paint and ink - Safety Source Fire<\/title>\n<meta name=\"robots\" content=\"index, follow, max-snippet:-1, max-image-preview:large, max-video-preview:-1\" \/>\n<link rel=\"canonical\" href=\"https:\/\/safetysourcefire.ca\/fr\/?product=sure-grip-ex-combustibles-safety-cabinet-for-paint-and-ink\" \/>\n<meta property=\"og:locale\" content=\"fr_CA\" \/>\n<meta property=\"og:type\" content=\"article\" \/>\n<meta property=\"og:title\" content=\"Sure-Grip\u00ae EX Combustibles Safety Cabinet for paint and ink - Safety Source Fire\" \/>\n<meta property=\"og:description\" content=\"Easily separate and identify Class III combustibles using these red safety cabinets.\" \/>\n<meta property=\"og:url\" content=\"https:\/\/safetysourcefire.ca\/fr\/?product=sure-grip-ex-combustibles-safety-cabinet-for-paint-and-ink\" \/>\n<meta property=\"og:site_name\" content=\"Safety Source Fire\" \/>\n<meta property=\"article:publisher\" content=\"https:\/\/www.facebook.com\/mmfssca\" \/>\n<meta property=\"article:modified_time\" content=\"2018-03-19T13:54:32+00:00\" \/>\n<meta property=\"og:image\" content=\"https:\/\/safetysourcefire.ca\/wp-content\/uploads\/2017\/05\/891511.jpg\" \/>\n\t<meta property=\"og:image:width\" content=\"600\" \/>\n\t<meta property=\"og:image:height\" content=\"600\" \/>\n\t<meta property=\"og:image:type\" content=\"image\/jpeg\" \/>\n<meta name=\"twitter:card\" content=\"summary_large_image\" \/>\n<meta name=\"twitter:site\" content=\"@mmfssca\" \/>\n<meta name=\"twitter:label1\" content=\"Estimation du temps de lecture\" \/>\n\t<meta name=\"twitter:data1\" content=\"1 minute\" \/>\n<script type=\"application\/ld+json\" class=\"yoast-schema-graph\">{\"@context\":\"https:\\\/\\\/schema.org\",\"@graph\":[{\"@type\":\"WebPage\",\"@id\":\"https:\\\/\\\/safetysourcefire.ca\\\/?product=sure-grip-ex-combustibles-safety-cabinet-for-paint-and-ink\",\"url\":\"https:\\\/\\\/safetysourcefire.ca\\\/?product=sure-grip-ex-combustibles-safety-cabinet-for-paint-and-ink\",\"name\":\"Sure-Grip\u00ae EX Combustibles Safety Cabinet for paint and ink - Safety Source Fire\",\"isPartOf\":{\"@id\":\"https:\\\/\\\/safetysourcefire.ca\\\/#website\"},\"primaryImageOfPage\":{\"@id\":\"https:\\\/\\\/safetysourcefire.ca\\\/?product=sure-grip-ex-combustibles-safety-cabinet-for-paint-and-ink#primaryimage\"},\"image\":{\"@id\":\"https:\\\/\\\/safetysourcefire.ca\\\/?product=sure-grip-ex-combustibles-safety-cabinet-for-paint-and-ink#primaryimage\"},\"thumbnailUrl\":\"https:\\\/\\\/safetysourcefire.ca\\\/wp-content\\\/uploads\\\/2017\\\/05\\\/891511.jpg\",\"datePublished\":\"2017-05-02T15:44:26+00:00\",\"dateModified\":\"2018-03-19T13:54:32+00:00\",\"breadcrumb\":{\"@id\":\"https:\\\/\\\/safetysourcefire.ca\\\/?product=sure-grip-ex-combustibles-safety-cabinet-for-paint-and-ink#breadcrumb\"},\"inLanguage\":\"fr-CA\",\"potentialAction\":[{\"@type\":\"ReadAction\",\"target\":[\"https:\\\/\\\/safetysourcefire.ca\\\/?product=sure-grip-ex-combustibles-safety-cabinet-for-paint-and-ink\"]}]},{\"@type\":\"ImageObject\",\"inLanguage\":\"fr-CA\",\"@id\":\"https:\\\/\\\/safetysourcefire.ca\\\/?product=sure-grip-ex-combustibles-safety-cabinet-for-paint-and-ink#primaryimage\",\"url\":\"https:\\\/\\\/safetysourcefire.ca\\\/wp-content\\\/uploads\\\/2017\\\/05\\\/891511.jpg\",\"contentUrl\":\"https:\\\/\\\/safetysourcefire.ca\\\/wp-content\\\/uploads\\\/2017\\\/05\\\/891511.jpg\",\"width\":600,\"height\":600},{\"@type\":\"BreadcrumbList\",\"@id\":\"https:\\\/\\\/safetysourcefire.ca\\\/?product=sure-grip-ex-combustibles-safety-cabinet-for-paint-and-ink#breadcrumb\",\"itemListElement\":[{\"@type\":\"ListItem\",\"position\":1,\"name\":\"Home\",\"item\":\"https:\\\/\\\/safetysourcefire.ca\\\/\"},{\"@type\":\"ListItem\",\"position\":2,\"name\":\"Products\",\"item\":\"https:\\\/\\\/safetysourcefire.ca\\\/shop\\\/\"},{\"@type\":\"ListItem\",\"position\":3,\"name\":\"Sure-Grip\u00ae EX Combustibles Safety Cabinet for paint and ink\"}]},{\"@type\":\"WebSite\",\"@id\":\"https:\\\/\\\/safetysourcefire.ca\\\/#website\",\"url\":\"https:\\\/\\\/safetysourcefire.ca\\\/\",\"name\":\"Safety Source Fire\",\"description\":\"\",\"publisher\":{\"@id\":\"https:\\\/\\\/safetysourcefire.ca\\\/#organization\"},\"potentialAction\":[{\"@type\":\"SearchAction\",\"target\":{\"@type\":\"EntryPoint\",\"urlTemplate\":\"https:\\\/\\\/safetysourcefire.ca\\\/?s={search_term_string}\"},\"query-input\":{\"@type\":\"PropertyValueSpecification\",\"valueRequired\":true,\"valueName\":\"search_term_string\"}}],\"inLanguage\":\"fr-CA\"},{\"@type\":\"Organization\",\"@id\":\"https:\\\/\\\/safetysourcefire.ca\\\/#organization\",\"name\":\"Safety Source Fire\",\"url\":\"https:\\\/\\\/safetysourcefire.ca\\\/\",\"logo\":{\"@type\":\"ImageObject\",\"inLanguage\":\"fr-CA\",\"@id\":\"https:\\\/\\\/safetysourcefire.ca\\\/#\\\/schema\\\/logo\\\/image\\\/\",\"url\":\"https:\\\/\\\/safetysourcefire.ca\\\/wp-content\\\/uploads\\\/2021\\\/01\\\/SSF_logo_CC0000-3.png\",\"contentUrl\":\"https:\\\/\\\/safetysourcefire.ca\\\/wp-content\\\/uploads\\\/2021\\\/01\\\/SSF_logo_CC0000-3.png\",\"width\":1107,\"height\":365,\"caption\":\"Safety Source Fire\"},\"image\":{\"@id\":\"https:\\\/\\\/safetysourcefire.ca\\\/#\\\/schema\\\/logo\\\/image\\\/\"},\"sameAs\":[\"https:\\\/\\\/www.facebook.com\\\/mmfssca\",\"https:\\\/\\\/x.com\\\/mmfssca\"]}]}<\/script>\n<!-- \/ Yoast SEO plugin. -->","yoast_head_json":{"title":"Armoire de s\u00e9curit\u00e9 pour combustibles Sure-Grip\u00ae EX pour peinture et encre - Safety Source Fire","robots":{"index":"index","follow":"follow","max-snippet":"max-snippet:-1","max-image-preview":"max-image-preview:large","max-video-preview":"max-video-preview:-1"},"canonical":"https:\/\/safetysourcefire.ca\/fr\/?product=sure-grip-ex-combustibles-safety-cabinet-for-paint-and-ink","og_locale":"fr_CA","og_type":"article","og_title":"Sure-Grip\u00ae EX Combustibles Safety Cabinet for paint and ink - Safety Source Fire","og_description":"Easily separate and identify Class III combustibles using these red safety cabinets.","og_url":"https:\/\/safetysourcefire.ca\/fr\/?product=sure-grip-ex-combustibles-safety-cabinet-for-paint-and-ink","og_site_name":"Safety Source Fire","article_publisher":"https:\/\/www.facebook.com\/mmfssca","article_modified_time":"2018-03-19T13:54:32+00:00","og_image":[{"width":600,"height":600,"url":"https:\/\/safetysourcefire.ca\/wp-content\/uploads\/2017\/05\/891511.jpg","type":"image\/jpeg"}],"twitter_card":"summary_large_image","twitter_site":"@mmfssca","twitter_misc":{"Estimation du temps de lecture":"1 minute"},"schema":{"@context":"https:\/\/schema.org","@graph":[{"@type":"WebPage","@id":"https:\/\/safetysourcefire.ca\/?product=sure-grip-ex-combustibles-safety-cabinet-for-paint-and-ink","url":"https:\/\/safetysourcefire.ca\/?product=sure-grip-ex-combustibles-safety-cabinet-for-paint-and-ink","name":"Armoire de s\u00e9curit\u00e9 pour combustibles Sure-Grip\u00ae EX pour peinture et encre - Safety Source Fire","isPartOf":{"@id":"https:\/\/safetysourcefire.ca\/#website"},"primaryImageOfPage":{"@id":"https:\/\/safetysourcefire.ca\/?product=sure-grip-ex-combustibles-safety-cabinet-for-paint-and-ink#primaryimage"},"image":{"@id":"https:\/\/safetysourcefire.ca\/?product=sure-grip-ex-combustibles-safety-cabinet-for-paint-and-ink#primaryimage"},"thumbnailUrl":"https:\/\/safetysourcefire.ca\/wp-content\/uploads\/2017\/05\/891511.jpg","datePublished":"2017-05-02T15:44:26+00:00","dateModified":"2018-03-19T13:54:32+00:00","breadcrumb":{"@id":"https:\/\/safetysourcefire.ca\/?product=sure-grip-ex-combustibles-safety-cabinet-for-paint-and-ink#breadcrumb"},"inLanguage":"fr-CA","potentialAction":[{"@type":"ReadAction","target":["https:\/\/safetysourcefire.ca\/?product=sure-grip-ex-combustibles-safety-cabinet-for-paint-and-ink"]}]},{"@type":"ImageObject","inLanguage":"fr-CA","@id":"https:\/\/safetysourcefire.ca\/?product=sure-grip-ex-combustibles-safety-cabinet-for-paint-and-ink#primaryimage","url":"https:\/\/safetysourcefire.ca\/wp-content\/uploads\/2017\/05\/891511.jpg","contentUrl":"https:\/\/safetysourcefire.ca\/wp-content\/uploads\/2017\/05\/891511.jpg","width":600,"height":600},{"@type":"BreadcrumbList","@id":"https:\/\/safetysourcefire.ca\/?product=sure-grip-ex-combustibles-safety-cabinet-for-paint-and-ink#breadcrumb","itemListElement":[{"@type":"ListItem","position":1,"name":"Home","item":"https:\/\/safetysourcefire.ca\/"},{"@type":"ListItem","position":2,"name":"Products","item":"https:\/\/safetysourcefire.ca\/shop\/"},{"@type":"ListItem","position":3,"name":"Sure-Grip\u00ae EX Combustibles Safety Cabinet for paint and ink"}]},{"@type":"WebSite","@id":"https:\/\/safetysourcefire.ca\/#website","url":"https:\/\/safetysourcefire.ca\/","name":"Safety Source Fire","description":"","publisher":{"@id":"https:\/\/safetysourcefire.ca\/#organization"},"potentialAction":[{"@type":"SearchAction","target":{"@type":"EntryPoint","urlTemplate":"https:\/\/safetysourcefire.ca\/?s={search_term_string}"},"query-input":{"@type":"PropertyValueSpecification","valueRequired":true,"valueName":"search_term_string"}}],"inLanguage":"fr-CA"},{"@type":"Organization","@id":"https:\/\/safetysourcefire.ca\/#organization","name":"Safety Source Fire","url":"https:\/\/safetysourcefire.ca\/","logo":{"@type":"ImageObject","inLanguage":"fr-CA","@id":"https:\/\/safetysourcefire.ca\/#\/schema\/logo\/image\/","url":"https:\/\/safetysourcefire.ca\/wp-content\/uploads\/2021\/01\/SSF_logo_CC0000-3.png","contentUrl":"https:\/\/safetysourcefire.ca\/wp-content\/uploads\/2021\/01\/SSF_logo_CC0000-3.png","width":1107,"height":365,"caption":"Safety Source Fire"},"image":{"@id":"https:\/\/safetysourcefire.ca\/#\/schema\/logo\/image\/"},"sameAs":["https:\/\/www.facebook.com\/mmfssca","https:\/\/x.com\/mmfssca"]}]}},"_links":{"self":[{"href":"https:\/\/safetysourcefire.ca\/fr\/wp-json\/wp\/v2\/product\/809","targetHints":{"allow":["GET"]}}],"collection":[{"href":"https:\/\/safetysourcefire.ca\/fr\/wp-json\/wp\/v2\/product"}],"about":[{"href":"https:\/\/safetysourcefire.ca\/fr\/wp-json\/wp\/v2\/types\/product"}],"wp:featuredmedia":[{"embeddable":true,"href":"https:\/\/safetysourcefire.ca\/fr\/wp-json\/wp\/v2\/media\/1148"}],"wp:attachment":[{"href":"https:\/\/safetysourcefire.ca\/fr\/wp-json\/wp\/v2\/media?parent=809"}],"wp:term":[{"taxonomy":"product_brand","embeddable":true,"href":"https:\/\/safetysourcefire.ca\/fr\/wp-json\/wp\/v2\/product_brand?post=809"},{"taxonomy":"product_cat","embeddable":true,"href":"https:\/\/safetysourcefire.ca\/fr\/wp-json\/wp\/v2\/product_cat?post=809"},{"taxonomy":"product_tag","embeddable":true,"href":"https:\/\/safetysourcefire.ca\/fr\/wp-json\/wp\/v2\/product_tag?post=809"}],"curies":[{"name":"wp","href":"https:\/\/api.w.org\/{rel}","templated":true}]}}