{"id":811,"date":"2017-05-02T15:47:19","date_gmt":"2017-05-02T15:47:19","guid":{"rendered":"http:\/\/mmfss.ca\/?post_type=product&#038;p=811"},"modified":"2018-03-19T13:54:31","modified_gmt":"2018-03-19T13:54:31","slug":"sure-grip-ex-flammable-safety-cabinet-60-gallons","status":"publish","type":"product","link":"https:\/\/safetysourcefire.ca\/fr\/produit\/sure-grip-ex-flammable-safety-cabinet-60-gallons\/","title":{"rendered":"Armoire de s\u00e9curit\u00e9 anti-inflammable Sure-Grip\u00ae EX (60 gallons)"},"content":{"rendered":"<p>Capacit\u00e9 de 60 gallons, 2 tablettes, 2 portes \u00e0 fermeture manuelle<\/p>\n<p>Con\u00e7ues pour r\u00e9pondre aux normes OSHA et NFPA, les armoires Sure-Grip\u00ae EX sont fabriqu\u00e9es en acier soud\u00e9 \u00e0 double paroi de calibre 18 (1 mm) d&#039;\u00e9paisseur avec un espace d&#039;air isolant de 1-1\/2 po (38 mm) pour r\u00e9sistance au feu. Les portes hautes performances \u00e0 verrouillage automatique se ferment facilement et en toute s\u00e9curit\u00e9 pour une protection maximale en cas d&#039;incendie. Le m\u00e9canisme de fermeture \u00e0 s\u00e9curit\u00e9 int\u00e9gr\u00e9e garantit que le syst\u00e8me de verrouillage \u00e0 trois points en acier inoxydable fonctionne \u00e0 chaque fois.<\/p>\n<p>Pour encore plus de s\u00e9curit\u00e9, la poign\u00e9e U-Loc\u2122 est livr\u00e9e avec une serrure \u00e0 cylindre et un jeu de cl\u00e9s (cadenas aussi disponible, en option). Les \u00e9tiquettes d'avertissement r\u00e9fl\u00e9chissantes Haz-Alert\u2122 sont tr\u00e8s visibles en cas d'incendie ou lors de panne de courant, lorsqu'elles sont \u00e9clair\u00e9es par une lampe de poche.<\/p>\n<p>Les \u00e9tag\u00e8res en acier galvanis\u00e9 SpillSlope\u00ae brevet\u00e9es dirigent les d\u00e9versements vers l&#039;arri\u00e8re et le fond d&#039;un puisard inf\u00e9rieur \u00e9tanche de 2 po (51 mm). Ils s&#039;ajustent sur des centres de 3 po (76 mm) pour un rangement polyvalent. Les armoires sont \u00e9galement \u00e9quip\u00e9es de doubles \u00e9vents avec pare-flammes, de quatre pieds autonivelants r\u00e9glables, d&#039;un connecteur de mise \u00e0 la terre et d&#039;une \u00e9tiquette d&#039;avertissement trilingue. Le rev\u00eatement en poudre \u00e9poxy\/polyester durable sans plomb offre une excellente r\u00e9sistance chimique.<\/p>\n<p>Les portes \u00e0 fermeture manuelle s'ouvrent \u00e0 180 degr\u00e9s et se verrouillent automatiquement lorsqu'elles sont ferm\u00e9es. Les portes \u00e0 fermeture automatique se ferment et se verrouillent automatiquement lorsqu'un maillon fusible fond \u00e0 165\u00a0\u00b0F (74\u00a0\u00b0C) dans des conditions d'incendie. Le m\u00e9canisme de fermeture automatique unique est dissimul\u00e9, il n'y a donc aucune  obstruction au contenu.<\/p>\n<p>Tous les styles de portes sont conformes aux normes OSHA et NFPA 30. Les portes \u00e0 fermeture automatique sont \u00e9galement conformes \u00e0 la norme NFPA 1 et au code international de pr\u00e9vention des incendies.<\/p>\n<p>La plupart des armoires sont approuv\u00e9es FM et sont toutes assorties d&#039;une garantie de dix ans.<\/p>","protected":false},"excerpt":{"rendered":"<p>Prot\u00e9gez les travailleurs, r\u00e9duisez les risques d'incendie et am\u00e9liorez la productivit\u00e9 en entreposant les combustibles et produits chimiques inflammables dans des armoires de s\u00e9curit\u00e9 conformes au code.<\/p>","protected":false},"featured_media":1150,"template":"","meta":[],"product_brand":[154],"product_cat":[47,79],"product_tag":[315,314],"class_list":{"0":"post-811","1":"product","2":"type-product","3":"status-publish","4":"has-post-thumbnail","6":"product_brand-justrite","7":"product_cat-hazmat","8":"product_cat-storage-hazmat","9":"product_tag-just-rite","10":"product_tag-justrite","12":"first","13":"instock","14":"shipping-taxable","15":"product-type-simple"},"yoast_head":"<!-- This site is optimized with the Yoast SEO plugin v27.4 - https:\/\/yoast.com\/product\/yoast-seo-wordpress\/ -->\n<title>Sure-Grip\u00ae EX Flammable Safety Cabinet (60 gallons) - Safety Source Fire<\/title>\n<meta name=\"robots\" content=\"index, follow, max-snippet:-1, max-image-preview:large, max-video-preview:-1\" \/>\n<link rel=\"canonical\" href=\"https:\/\/safetysourcefire.ca\/fr\/?product=sure-grip-ex-flammable-safety-cabinet-60-gallons\" \/>\n<meta property=\"og:locale\" content=\"fr_CA\" \/>\n<meta property=\"og:type\" content=\"article\" \/>\n<meta property=\"og:title\" content=\"Sure-Grip\u00ae EX Flammable Safety Cabinet (60 gallons) - Safety Source Fire\" \/>\n<meta property=\"og:description\" content=\"Protect workers, reduce fire risks, and improve productivity by storing flammable fuels and chemicals in code-compliant safety cabinets.\" \/>\n<meta property=\"og:url\" content=\"https:\/\/safetysourcefire.ca\/fr\/?product=sure-grip-ex-flammable-safety-cabinet-60-gallons\" \/>\n<meta property=\"og:site_name\" content=\"Safety Source Fire\" \/>\n<meta property=\"article:publisher\" content=\"https:\/\/www.facebook.com\/mmfssca\" \/>\n<meta property=\"article:modified_time\" content=\"2018-03-19T13:54:31+00:00\" \/>\n<meta property=\"og:image\" content=\"https:\/\/safetysourcefire.ca\/wp-content\/uploads\/2017\/05\/896000.jpg\" \/>\n\t<meta property=\"og:image:width\" content=\"600\" \/>\n\t<meta property=\"og:image:height\" content=\"600\" \/>\n\t<meta property=\"og:image:type\" content=\"image\/jpeg\" \/>\n<meta name=\"twitter:card\" content=\"summary_large_image\" \/>\n<meta name=\"twitter:site\" content=\"@mmfssca\" \/>\n<meta name=\"twitter:label1\" content=\"Estimation du temps de lecture\" \/>\n\t<meta name=\"twitter:data1\" content=\"1 minute\" \/>\n<script type=\"application\/ld+json\" class=\"yoast-schema-graph\">{\"@context\":\"https:\\\/\\\/schema.org\",\"@graph\":[{\"@type\":\"WebPage\",\"@id\":\"https:\\\/\\\/safetysourcefire.ca\\\/?product=sure-grip-ex-flammable-safety-cabinet-60-gallons\",\"url\":\"https:\\\/\\\/safetysourcefire.ca\\\/?product=sure-grip-ex-flammable-safety-cabinet-60-gallons\",\"name\":\"Sure-Grip\u00ae EX Flammable Safety Cabinet (60 gallons) - Safety Source Fire\",\"isPartOf\":{\"@id\":\"https:\\\/\\\/safetysourcefire.ca\\\/#website\"},\"primaryImageOfPage\":{\"@id\":\"https:\\\/\\\/safetysourcefire.ca\\\/?product=sure-grip-ex-flammable-safety-cabinet-60-gallons#primaryimage\"},\"image\":{\"@id\":\"https:\\\/\\\/safetysourcefire.ca\\\/?product=sure-grip-ex-flammable-safety-cabinet-60-gallons#primaryimage\"},\"thumbnailUrl\":\"https:\\\/\\\/safetysourcefire.ca\\\/wp-content\\\/uploads\\\/2017\\\/05\\\/896000.jpg\",\"datePublished\":\"2017-05-02T15:47:19+00:00\",\"dateModified\":\"2018-03-19T13:54:31+00:00\",\"breadcrumb\":{\"@id\":\"https:\\\/\\\/safetysourcefire.ca\\\/?product=sure-grip-ex-flammable-safety-cabinet-60-gallons#breadcrumb\"},\"inLanguage\":\"fr-CA\",\"potentialAction\":[{\"@type\":\"ReadAction\",\"target\":[\"https:\\\/\\\/safetysourcefire.ca\\\/?product=sure-grip-ex-flammable-safety-cabinet-60-gallons\"]}]},{\"@type\":\"ImageObject\",\"inLanguage\":\"fr-CA\",\"@id\":\"https:\\\/\\\/safetysourcefire.ca\\\/?product=sure-grip-ex-flammable-safety-cabinet-60-gallons#primaryimage\",\"url\":\"https:\\\/\\\/safetysourcefire.ca\\\/wp-content\\\/uploads\\\/2017\\\/05\\\/896000.jpg\",\"contentUrl\":\"https:\\\/\\\/safetysourcefire.ca\\\/wp-content\\\/uploads\\\/2017\\\/05\\\/896000.jpg\",\"width\":600,\"height\":600},{\"@type\":\"BreadcrumbList\",\"@id\":\"https:\\\/\\\/safetysourcefire.ca\\\/?product=sure-grip-ex-flammable-safety-cabinet-60-gallons#breadcrumb\",\"itemListElement\":[{\"@type\":\"ListItem\",\"position\":1,\"name\":\"Home\",\"item\":\"https:\\\/\\\/safetysourcefire.ca\\\/\"},{\"@type\":\"ListItem\",\"position\":2,\"name\":\"Products\",\"item\":\"https:\\\/\\\/safetysourcefire.ca\\\/shop\\\/\"},{\"@type\":\"ListItem\",\"position\":3,\"name\":\"Sure-Grip\u00ae EX Flammable Safety Cabinet (60 gallons)\"}]},{\"@type\":\"WebSite\",\"@id\":\"https:\\\/\\\/safetysourcefire.ca\\\/#website\",\"url\":\"https:\\\/\\\/safetysourcefire.ca\\\/\",\"name\":\"Safety Source Fire\",\"description\":\"\",\"publisher\":{\"@id\":\"https:\\\/\\\/safetysourcefire.ca\\\/#organization\"},\"potentialAction\":[{\"@type\":\"SearchAction\",\"target\":{\"@type\":\"EntryPoint\",\"urlTemplate\":\"https:\\\/\\\/safetysourcefire.ca\\\/?s={search_term_string}\"},\"query-input\":{\"@type\":\"PropertyValueSpecification\",\"valueRequired\":true,\"valueName\":\"search_term_string\"}}],\"inLanguage\":\"fr-CA\"},{\"@type\":\"Organization\",\"@id\":\"https:\\\/\\\/safetysourcefire.ca\\\/#organization\",\"name\":\"Safety Source Fire\",\"url\":\"https:\\\/\\\/safetysourcefire.ca\\\/\",\"logo\":{\"@type\":\"ImageObject\",\"inLanguage\":\"fr-CA\",\"@id\":\"https:\\\/\\\/safetysourcefire.ca\\\/#\\\/schema\\\/logo\\\/image\\\/\",\"url\":\"https:\\\/\\\/safetysourcefire.ca\\\/wp-content\\\/uploads\\\/2021\\\/01\\\/SSF_logo_CC0000-3.png\",\"contentUrl\":\"https:\\\/\\\/safetysourcefire.ca\\\/wp-content\\\/uploads\\\/2021\\\/01\\\/SSF_logo_CC0000-3.png\",\"width\":1107,\"height\":365,\"caption\":\"Safety Source Fire\"},\"image\":{\"@id\":\"https:\\\/\\\/safetysourcefire.ca\\\/#\\\/schema\\\/logo\\\/image\\\/\"},\"sameAs\":[\"https:\\\/\\\/www.facebook.com\\\/mmfssca\",\"https:\\\/\\\/x.com\\\/mmfssca\"]}]}<\/script>\n<!-- \/ Yoast SEO plugin. -->","yoast_head_json":{"title":"Armoire de s\u00e9curit\u00e9 inflammable Sure-Grip\u00ae EX (60 gallons) - Safety Source Fire","robots":{"index":"index","follow":"follow","max-snippet":"max-snippet:-1","max-image-preview":"max-image-preview:large","max-video-preview":"max-video-preview:-1"},"canonical":"https:\/\/safetysourcefire.ca\/fr\/?product=sure-grip-ex-flammable-safety-cabinet-60-gallons","og_locale":"fr_CA","og_type":"article","og_title":"Sure-Grip\u00ae EX Flammable Safety Cabinet (60 gallons) - Safety Source Fire","og_description":"Protect workers, reduce fire risks, and improve productivity by storing flammable fuels and chemicals in code-compliant safety cabinets.","og_url":"https:\/\/safetysourcefire.ca\/fr\/?product=sure-grip-ex-flammable-safety-cabinet-60-gallons","og_site_name":"Safety Source Fire","article_publisher":"https:\/\/www.facebook.com\/mmfssca","article_modified_time":"2018-03-19T13:54:31+00:00","og_image":[{"width":600,"height":600,"url":"https:\/\/safetysourcefire.ca\/wp-content\/uploads\/2017\/05\/896000.jpg","type":"image\/jpeg"}],"twitter_card":"summary_large_image","twitter_site":"@mmfssca","twitter_misc":{"Estimation du temps de lecture":"1 minute"},"schema":{"@context":"https:\/\/schema.org","@graph":[{"@type":"WebPage","@id":"https:\/\/safetysourcefire.ca\/?product=sure-grip-ex-flammable-safety-cabinet-60-gallons","url":"https:\/\/safetysourcefire.ca\/?product=sure-grip-ex-flammable-safety-cabinet-60-gallons","name":"Armoire de s\u00e9curit\u00e9 inflammable Sure-Grip\u00ae EX (60 gallons) - Safety Source Fire","isPartOf":{"@id":"https:\/\/safetysourcefire.ca\/#website"},"primaryImageOfPage":{"@id":"https:\/\/safetysourcefire.ca\/?product=sure-grip-ex-flammable-safety-cabinet-60-gallons#primaryimage"},"image":{"@id":"https:\/\/safetysourcefire.ca\/?product=sure-grip-ex-flammable-safety-cabinet-60-gallons#primaryimage"},"thumbnailUrl":"https:\/\/safetysourcefire.ca\/wp-content\/uploads\/2017\/05\/896000.jpg","datePublished":"2017-05-02T15:47:19+00:00","dateModified":"2018-03-19T13:54:31+00:00","breadcrumb":{"@id":"https:\/\/safetysourcefire.ca\/?product=sure-grip-ex-flammable-safety-cabinet-60-gallons#breadcrumb"},"inLanguage":"fr-CA","potentialAction":[{"@type":"ReadAction","target":["https:\/\/safetysourcefire.ca\/?product=sure-grip-ex-flammable-safety-cabinet-60-gallons"]}]},{"@type":"ImageObject","inLanguage":"fr-CA","@id":"https:\/\/safetysourcefire.ca\/?product=sure-grip-ex-flammable-safety-cabinet-60-gallons#primaryimage","url":"https:\/\/safetysourcefire.ca\/wp-content\/uploads\/2017\/05\/896000.jpg","contentUrl":"https:\/\/safetysourcefire.ca\/wp-content\/uploads\/2017\/05\/896000.jpg","width":600,"height":600},{"@type":"BreadcrumbList","@id":"https:\/\/safetysourcefire.ca\/?product=sure-grip-ex-flammable-safety-cabinet-60-gallons#breadcrumb","itemListElement":[{"@type":"ListItem","position":1,"name":"Home","item":"https:\/\/safetysourcefire.ca\/"},{"@type":"ListItem","position":2,"name":"Products","item":"https:\/\/safetysourcefire.ca\/shop\/"},{"@type":"ListItem","position":3,"name":"Sure-Grip\u00ae EX Flammable Safety Cabinet (60 gallons)"}]},{"@type":"WebSite","@id":"https:\/\/safetysourcefire.ca\/#website","url":"https:\/\/safetysourcefire.ca\/","name":"Safety Source Fire","description":"","publisher":{"@id":"https:\/\/safetysourcefire.ca\/#organization"},"potentialAction":[{"@type":"SearchAction","target":{"@type":"EntryPoint","urlTemplate":"https:\/\/safetysourcefire.ca\/?s={search_term_string}"},"query-input":{"@type":"PropertyValueSpecification","valueRequired":true,"valueName":"search_term_string"}}],"inLanguage":"fr-CA"},{"@type":"Organization","@id":"https:\/\/safetysourcefire.ca\/#organization","name":"Safety Source Fire","url":"https:\/\/safetysourcefire.ca\/","logo":{"@type":"ImageObject","inLanguage":"fr-CA","@id":"https:\/\/safetysourcefire.ca\/#\/schema\/logo\/image\/","url":"https:\/\/safetysourcefire.ca\/wp-content\/uploads\/2021\/01\/SSF_logo_CC0000-3.png","contentUrl":"https:\/\/safetysourcefire.ca\/wp-content\/uploads\/2021\/01\/SSF_logo_CC0000-3.png","width":1107,"height":365,"caption":"Safety Source Fire"},"image":{"@id":"https:\/\/safetysourcefire.ca\/#\/schema\/logo\/image\/"},"sameAs":["https:\/\/www.facebook.com\/mmfssca","https:\/\/x.com\/mmfssca"]}]}},"_links":{"self":[{"href":"https:\/\/safetysourcefire.ca\/fr\/wp-json\/wp\/v2\/product\/811","targetHints":{"allow":["GET"]}}],"collection":[{"href":"https:\/\/safetysourcefire.ca\/fr\/wp-json\/wp\/v2\/product"}],"about":[{"href":"https:\/\/safetysourcefire.ca\/fr\/wp-json\/wp\/v2\/types\/product"}],"wp:featuredmedia":[{"embeddable":true,"href":"https:\/\/safetysourcefire.ca\/fr\/wp-json\/wp\/v2\/media\/1150"}],"wp:attachment":[{"href":"https:\/\/safetysourcefire.ca\/fr\/wp-json\/wp\/v2\/media?parent=811"}],"wp:term":[{"taxonomy":"product_brand","embeddable":true,"href":"https:\/\/safetysourcefire.ca\/fr\/wp-json\/wp\/v2\/product_brand?post=811"},{"taxonomy":"product_cat","embeddable":true,"href":"https:\/\/safetysourcefire.ca\/fr\/wp-json\/wp\/v2\/product_cat?post=811"},{"taxonomy":"product_tag","embeddable":true,"href":"https:\/\/safetysourcefire.ca\/fr\/wp-json\/wp\/v2\/product_tag?post=811"}],"curies":[{"name":"wp","href":"https:\/\/api.w.org\/{rel}","templated":true}]}}