{"id":867,"date":"2017-05-03T13:35:00","date_gmt":"2017-05-03T13:35:00","guid":{"rendered":"http:\/\/mmfss.ca\/?post_type=product&#038;p=867"},"modified":"2022-02-02T20:18:11","modified_gmt":"2022-02-02T20:18:11","slug":"pak-tracker-firefighter-locator-system","status":"publish","type":"product","link":"https:\/\/safetysourcefire.ca\/fr\/produit\/pak-tracker-firefighter-locator-system\/","title":{"rendered":"Syst\u00e8me Pak-Tracker de localisation"},"content":{"rendered":"<p>Disponible en tant que syst\u00e8me autonome d\u00e9ploy\u00e9 avec ou sans ARI ou int\u00e9gr\u00e9 dans un ARI Scott Air-Pak Fifty ou Air-Pak NxG2. Ce syst\u00e8me robuste et simple \u00e0 utiliser fonctionne sur le principe de la force du signal RF re\u00e7u de 2,4 GHz et constitue un outil inestimable pour les op\u00e9rations de recherche et de sauvetage.<\/p>\n<ul>\n<li>R\u00e9cepteur portable pouvant surveiller et faire d\u00e9filer jusqu'\u00e0 36 \u00e9metteurs personnels<\/li>\n<li>Utilise trois indicateurs visuels et sonores pour diriger le chercheur vers la\/les victimes<\/li>\n<li>Commande \u00e0 bouton-poussoir facile \u00e0 utiliser et adapt\u00e9e aux gants<\/li>\n<li>Activation automatique ou manuelle de l&#039;\u00e9metteur personnel ou activation automatique du syst\u00e8me int\u00e9gr\u00e9 lors de l&#039;activation de l&#039;air SCBA<\/li>\n<li>Voyants LED haute intensit\u00e9 indiquant la puissance de la batterie et la force du signal<\/li>\n<li>Distance de localisation de plus de 900 pieds en ligne de mire (300 m\u00e8tres)<\/li>\n<li>Bas\u00e9 sur la force du signal RF directionnel de 2,4 GHz re\u00e7u de l&#039;\u00e9metteur<\/li>\n<li>\u00c9metteur personnel l\u00e9ger pour une utilisation individuelle, peut \u00eatre attach\u00e9 sur l'\u00e9quipement d'entra\u00eenement, port\u00e9 sur le corps ou int\u00e9gr\u00e9 dans Scott SCBA<\/li>\n<li>Portatif et l\u00e9ger: seulement 2,2 livres!<\/li>\n<li>Disponible avec des accessoires, y compris un chargeur pour bureau ou camion<\/li>\n<\/ul>","protected":false},"excerpt":{"rendered":"<p>Localisez rapidement les premiers intervenants coinc\u00e9s dans une structure de un ou plusieurs \u00e9tages avec le syst\u00e8me de localisation Pak-Tracker de Scott .<\/p>","protected":false},"featured_media":1330,"template":"","meta":[],"product_brand":[157],"product_cat":[584,51,45,58],"product_tag":[366,342],"class_list":{"0":"post-867","1":"product","2":"type-product","3":"status-publish","4":"has-post-thumbnail","6":"product_brand-3m-scott","7":"product_cat-accountability","8":"product_cat-rescue","9":"product_cat-respiratory","10":"product_cat-accessories-scba","11":"product_tag-scott","12":"product_tag-scott-safety","14":"first","15":"instock","16":"shipping-taxable","17":"product-type-simple"},"yoast_head":"<!-- This site is optimized with the Yoast SEO plugin v27.5 - https:\/\/yoast.com\/product\/yoast-seo-wordpress\/ -->\n<title>Pak-Tracker Firefighter Locator System - Safety Source Fire<\/title>\n<meta name=\"robots\" content=\"index, follow, max-snippet:-1, max-image-preview:large, max-video-preview:-1\" \/>\n<link rel=\"canonical\" href=\"https:\/\/safetysourcefire.ca\/fr\/produit\/pak-tracker-firefighter-locator-system\/\" \/>\n<meta property=\"og:locale\" content=\"fr_CA\" \/>\n<meta property=\"og:type\" content=\"article\" \/>\n<meta property=\"og:title\" content=\"Pak-Tracker Firefighter Locator System - Safety Source Fire\" \/>\n<meta property=\"og:description\" content=\"Locate a trapped or downed first responder within a single or multi-story structure quickly and safely with the Scott Pak-Tracker locator system.\" \/>\n<meta property=\"og:url\" content=\"https:\/\/safetysourcefire.ca\/fr\/produit\/pak-tracker-firefighter-locator-system\/\" \/>\n<meta property=\"og:site_name\" content=\"Safety Source Fire\" \/>\n<meta property=\"article:publisher\" content=\"https:\/\/www.facebook.com\/mmfssca\" \/>\n<meta property=\"article:modified_time\" content=\"2022-02-02T20:18:11+00:00\" \/>\n<meta property=\"og:image\" content=\"https:\/\/safetysourcefire.ca\/wp-content\/uploads\/2017\/05\/PakTracker-2.jpg\" \/>\n\t<meta property=\"og:image:width\" content=\"600\" \/>\n\t<meta property=\"og:image:height\" content=\"600\" \/>\n\t<meta property=\"og:image:type\" content=\"image\/jpeg\" \/>\n<meta name=\"twitter:card\" content=\"summary_large_image\" \/>\n<meta name=\"twitter:site\" content=\"@mmfssca\" \/>\n<meta name=\"twitter:label1\" content=\"Estimation du temps de lecture\" \/>\n\t<meta name=\"twitter:data1\" content=\"1 minute\" \/>\n<script type=\"application\/ld+json\" class=\"yoast-schema-graph\">{\"@context\":\"https:\\\/\\\/schema.org\",\"@graph\":[{\"@type\":\"WebPage\",\"@id\":\"https:\\\/\\\/safetysourcefire.ca\\\/product\\\/pak-tracker-firefighter-locator-system\\\/\",\"url\":\"https:\\\/\\\/safetysourcefire.ca\\\/product\\\/pak-tracker-firefighter-locator-system\\\/\",\"name\":\"Pak-Tracker Firefighter Locator System - Safety Source Fire\",\"isPartOf\":{\"@id\":\"https:\\\/\\\/safetysourcefire.ca\\\/#website\"},\"primaryImageOfPage\":{\"@id\":\"https:\\\/\\\/safetysourcefire.ca\\\/product\\\/pak-tracker-firefighter-locator-system\\\/#primaryimage\"},\"image\":{\"@id\":\"https:\\\/\\\/safetysourcefire.ca\\\/product\\\/pak-tracker-firefighter-locator-system\\\/#primaryimage\"},\"thumbnailUrl\":\"https:\\\/\\\/safetysourcefire.ca\\\/wp-content\\\/uploads\\\/2017\\\/05\\\/PakTracker-2.jpg\",\"datePublished\":\"2017-05-03T13:35:00+00:00\",\"dateModified\":\"2022-02-02T20:18:11+00:00\",\"breadcrumb\":{\"@id\":\"https:\\\/\\\/safetysourcefire.ca\\\/product\\\/pak-tracker-firefighter-locator-system\\\/#breadcrumb\"},\"inLanguage\":\"fr-CA\",\"potentialAction\":[{\"@type\":\"ReadAction\",\"target\":[\"https:\\\/\\\/safetysourcefire.ca\\\/product\\\/pak-tracker-firefighter-locator-system\\\/\"]}]},{\"@type\":\"ImageObject\",\"inLanguage\":\"fr-CA\",\"@id\":\"https:\\\/\\\/safetysourcefire.ca\\\/product\\\/pak-tracker-firefighter-locator-system\\\/#primaryimage\",\"url\":\"https:\\\/\\\/safetysourcefire.ca\\\/wp-content\\\/uploads\\\/2017\\\/05\\\/PakTracker-2.jpg\",\"contentUrl\":\"https:\\\/\\\/safetysourcefire.ca\\\/wp-content\\\/uploads\\\/2017\\\/05\\\/PakTracker-2.jpg\",\"width\":600,\"height\":600,\"caption\":\"PAK-TRACKER FIREFIGHTER LOCATOR SYSTEM\"},{\"@type\":\"BreadcrumbList\",\"@id\":\"https:\\\/\\\/safetysourcefire.ca\\\/product\\\/pak-tracker-firefighter-locator-system\\\/#breadcrumb\",\"itemListElement\":[{\"@type\":\"ListItem\",\"position\":1,\"name\":\"Home\",\"item\":\"https:\\\/\\\/safetysourcefire.ca\\\/\"},{\"@type\":\"ListItem\",\"position\":2,\"name\":\"Products\",\"item\":\"https:\\\/\\\/safetysourcefire.ca\\\/shop\\\/\"},{\"@type\":\"ListItem\",\"position\":3,\"name\":\"Pak-Tracker Firefighter Locator System\"}]},{\"@type\":\"WebSite\",\"@id\":\"https:\\\/\\\/safetysourcefire.ca\\\/#website\",\"url\":\"https:\\\/\\\/safetysourcefire.ca\\\/\",\"name\":\"Safety Source Fire\",\"description\":\"\",\"publisher\":{\"@id\":\"https:\\\/\\\/safetysourcefire.ca\\\/#organization\"},\"potentialAction\":[{\"@type\":\"SearchAction\",\"target\":{\"@type\":\"EntryPoint\",\"urlTemplate\":\"https:\\\/\\\/safetysourcefire.ca\\\/?s={search_term_string}\"},\"query-input\":{\"@type\":\"PropertyValueSpecification\",\"valueRequired\":true,\"valueName\":\"search_term_string\"}}],\"inLanguage\":\"fr-CA\"},{\"@type\":\"Organization\",\"@id\":\"https:\\\/\\\/safetysourcefire.ca\\\/#organization\",\"name\":\"Safety Source Fire\",\"url\":\"https:\\\/\\\/safetysourcefire.ca\\\/\",\"logo\":{\"@type\":\"ImageObject\",\"inLanguage\":\"fr-CA\",\"@id\":\"https:\\\/\\\/safetysourcefire.ca\\\/#\\\/schema\\\/logo\\\/image\\\/\",\"url\":\"https:\\\/\\\/safetysourcefire.ca\\\/wp-content\\\/uploads\\\/2021\\\/01\\\/SSF_logo_CC0000-3.png\",\"contentUrl\":\"https:\\\/\\\/safetysourcefire.ca\\\/wp-content\\\/uploads\\\/2021\\\/01\\\/SSF_logo_CC0000-3.png\",\"width\":1107,\"height\":365,\"caption\":\"Safety Source Fire\"},\"image\":{\"@id\":\"https:\\\/\\\/safetysourcefire.ca\\\/#\\\/schema\\\/logo\\\/image\\\/\"},\"sameAs\":[\"https:\\\/\\\/www.facebook.com\\\/mmfssca\",\"https:\\\/\\\/x.com\\\/mmfssca\"]}]}<\/script>\n<!-- \/ Yoast SEO plugin. -->","yoast_head_json":{"title":"Syst\u00e8me de localisation des pompiers Pak-Tracker - S\u00e9curit\u00e9 incendie","robots":{"index":"index","follow":"follow","max-snippet":"max-snippet:-1","max-image-preview":"max-image-preview:large","max-video-preview":"max-video-preview:-1"},"canonical":"https:\/\/safetysourcefire.ca\/fr\/produit\/pak-tracker-firefighter-locator-system\/","og_locale":"fr_CA","og_type":"article","og_title":"Pak-Tracker Firefighter Locator System - Safety Source Fire","og_description":"Locate a trapped or downed first responder within a single or multi-story structure quickly and safely with the Scott Pak-Tracker locator system.","og_url":"https:\/\/safetysourcefire.ca\/fr\/produit\/pak-tracker-firefighter-locator-system\/","og_site_name":"Safety Source Fire","article_publisher":"https:\/\/www.facebook.com\/mmfssca","article_modified_time":"2022-02-02T20:18:11+00:00","og_image":[{"width":600,"height":600,"url":"https:\/\/safetysourcefire.ca\/wp-content\/uploads\/2017\/05\/PakTracker-2.jpg","type":"image\/jpeg"}],"twitter_card":"summary_large_image","twitter_site":"@mmfssca","twitter_misc":{"Estimation du temps de lecture":"1 minute"},"schema":{"@context":"https:\/\/schema.org","@graph":[{"@type":"WebPage","@id":"https:\/\/safetysourcefire.ca\/product\/pak-tracker-firefighter-locator-system\/","url":"https:\/\/safetysourcefire.ca\/product\/pak-tracker-firefighter-locator-system\/","name":"Syst\u00e8me de localisation des pompiers Pak-Tracker - S\u00e9curit\u00e9 incendie","isPartOf":{"@id":"https:\/\/safetysourcefire.ca\/#website"},"primaryImageOfPage":{"@id":"https:\/\/safetysourcefire.ca\/product\/pak-tracker-firefighter-locator-system\/#primaryimage"},"image":{"@id":"https:\/\/safetysourcefire.ca\/product\/pak-tracker-firefighter-locator-system\/#primaryimage"},"thumbnailUrl":"https:\/\/safetysourcefire.ca\/wp-content\/uploads\/2017\/05\/PakTracker-2.jpg","datePublished":"2017-05-03T13:35:00+00:00","dateModified":"2022-02-02T20:18:11+00:00","breadcrumb":{"@id":"https:\/\/safetysourcefire.ca\/product\/pak-tracker-firefighter-locator-system\/#breadcrumb"},"inLanguage":"fr-CA","potentialAction":[{"@type":"ReadAction","target":["https:\/\/safetysourcefire.ca\/product\/pak-tracker-firefighter-locator-system\/"]}]},{"@type":"ImageObject","inLanguage":"fr-CA","@id":"https:\/\/safetysourcefire.ca\/product\/pak-tracker-firefighter-locator-system\/#primaryimage","url":"https:\/\/safetysourcefire.ca\/wp-content\/uploads\/2017\/05\/PakTracker-2.jpg","contentUrl":"https:\/\/safetysourcefire.ca\/wp-content\/uploads\/2017\/05\/PakTracker-2.jpg","width":600,"height":600,"caption":"PAK-TRACKER FIREFIGHTER LOCATOR SYSTEM"},{"@type":"BreadcrumbList","@id":"https:\/\/safetysourcefire.ca\/product\/pak-tracker-firefighter-locator-system\/#breadcrumb","itemListElement":[{"@type":"ListItem","position":1,"name":"Home","item":"https:\/\/safetysourcefire.ca\/"},{"@type":"ListItem","position":2,"name":"Products","item":"https:\/\/safetysourcefire.ca\/shop\/"},{"@type":"ListItem","position":3,"name":"Pak-Tracker Firefighter Locator System"}]},{"@type":"WebSite","@id":"https:\/\/safetysourcefire.ca\/#website","url":"https:\/\/safetysourcefire.ca\/","name":"Safety Source Fire","description":"","publisher":{"@id":"https:\/\/safetysourcefire.ca\/#organization"},"potentialAction":[{"@type":"SearchAction","target":{"@type":"EntryPoint","urlTemplate":"https:\/\/safetysourcefire.ca\/?s={search_term_string}"},"query-input":{"@type":"PropertyValueSpecification","valueRequired":true,"valueName":"search_term_string"}}],"inLanguage":"fr-CA"},{"@type":"Organization","@id":"https:\/\/safetysourcefire.ca\/#organization","name":"Safety Source Fire","url":"https:\/\/safetysourcefire.ca\/","logo":{"@type":"ImageObject","inLanguage":"fr-CA","@id":"https:\/\/safetysourcefire.ca\/#\/schema\/logo\/image\/","url":"https:\/\/safetysourcefire.ca\/wp-content\/uploads\/2021\/01\/SSF_logo_CC0000-3.png","contentUrl":"https:\/\/safetysourcefire.ca\/wp-content\/uploads\/2021\/01\/SSF_logo_CC0000-3.png","width":1107,"height":365,"caption":"Safety Source Fire"},"image":{"@id":"https:\/\/safetysourcefire.ca\/#\/schema\/logo\/image\/"},"sameAs":["https:\/\/www.facebook.com\/mmfssca","https:\/\/x.com\/mmfssca"]}]}},"_links":{"self":[{"href":"https:\/\/safetysourcefire.ca\/fr\/wp-json\/wp\/v2\/product\/867","targetHints":{"allow":["GET"]}}],"collection":[{"href":"https:\/\/safetysourcefire.ca\/fr\/wp-json\/wp\/v2\/product"}],"about":[{"href":"https:\/\/safetysourcefire.ca\/fr\/wp-json\/wp\/v2\/types\/product"}],"wp:featuredmedia":[{"embeddable":true,"href":"https:\/\/safetysourcefire.ca\/fr\/wp-json\/wp\/v2\/media\/1330"}],"wp:attachment":[{"href":"https:\/\/safetysourcefire.ca\/fr\/wp-json\/wp\/v2\/media?parent=867"}],"wp:term":[{"taxonomy":"product_brand","embeddable":true,"href":"https:\/\/safetysourcefire.ca\/fr\/wp-json\/wp\/v2\/product_brand?post=867"},{"taxonomy":"product_cat","embeddable":true,"href":"https:\/\/safetysourcefire.ca\/fr\/wp-json\/wp\/v2\/product_cat?post=867"},{"taxonomy":"product_tag","embeddable":true,"href":"https:\/\/safetysourcefire.ca\/fr\/wp-json\/wp\/v2\/product_tag?post=867"}],"curies":[{"name":"wp","href":"https:\/\/api.w.org\/{rel}","templated":true}]}}