{"id":868,"date":"2017-05-03T13:40:29","date_gmt":"2017-05-03T13:40:29","guid":{"rendered":"http:\/\/mmfss.ca\/?post_type=product&#038;p=868"},"modified":"2018-04-11T14:55:45","modified_gmt":"2018-04-11T14:55:45","slug":"iscba-scba","status":"publish","type":"product","link":"https:\/\/safetysourcefire.ca\/fr\/produit\/iscba-scba\/","title":{"rendered":"ISCBA SCBA"},"content":{"rendered":"<p>L'ISCBA est dot\u00e9 d'un r\u00e9ducteur de pression \u00e0 un \u00e9tage. Simple et fiable, combin\u00e9 au r\u00e9gulateur, mont\u00e9 sur masque Scott EZ Flo avec activation d\u00e8s la premi\u00e8re respiration.<\/p>\n<p>L'ISCBA poss\u00e8de un cadre arri\u00e8re en fil m\u00e9tallique robuste avec l'option d'un harnais en nylon ou en Kevlar. Il est disponible en mod\u00e8les basse pression (2216 psig) ou haute pression (4500 psig). Dans les deux mod\u00e8les, le r\u00e9ducteur \u00e0 double port et le conduit d'air \u00e0 dur\u00e9e prolong\u00e9e sont des options.<\/p>\n<ul>\n<li>Offre une protection SCBA approuv\u00e9e par NIOSH dans des environnements non li\u00e9s au feu qui sont imm\u00e9diatement dangereux pour la vie ou la sant\u00e9 (IDLH)<\/li>\n<li>Disponible en pressions de fonctionnement de 2216 psig et 4500 psig<\/li>\n<li>Comprend un r\u00e9ducteur de pression simple et fiable \u00e0 un \u00e9tage avec un collecteur \u00e0 double orifice (en option). Cette option permet d'ajouter une connexion a\u00e9rienne de longue dur\u00e9e, permettant \u00e0 l'ARA de se connecter \u00e0 une source d'air externe<\/li>\n<li>Comprend le r\u00e9gulateur Scott's EZ Flo avec activation au premier souffle, un m\u00e9canisme d'engagement positif pour un enfilage rapide et un interrupteur \u00e9conomiseur d'air qui permet \u00e0 l'ARA d'\u00eatre mis en mode veille lorsqu'il est connect\u00e9 \u00e0 une bonbonne activ\u00e9e<\/li>\n<li>D\u00e9tendeur EZ Flo (en option) avec d\u00e9connexion rapide Modulair permettant d'utiliser des d\u00e9tendeurs personnels qui peuvent \u00e9galement \u00eatre utilis\u00e9s avec les respirateurs Scott's Ska-Pak Plus et EZ Airline. Une r\u00e9duction non n\u00e9gligeable des co\u00fbts de formation et d'inventaire<\/li>\n<li>Convertibilit\u00e9 descendante avec AV-2000, AV-3000 et AV-3000 avec les masques du syst\u00e8me SureSeal<\/li>\n<li>Choix du harnais :\n<ul>\n<li>Nylon : pour la r\u00e9sistance chimique<\/li>\n<li>Kevlar : pour les environnements \u00e0 hautes temp\u00e9ratures ou les endroits \u00e0 potentiel d'\u00e9tincelles<\/li>\n<\/ul>\n<\/li>\n<\/ul>","protected":false},"excerpt":{"rendered":"<p>Con\u00e7u pour une utilisation rapide et facile, le SCBA ISCBA offre une protection respiratoire sup\u00e9rieure de niveau IDLH dans les environnements non li\u00e9s au feu.<\/p>","protected":false},"featured_media":1368,"template":"","meta":[],"product_brand":[157],"product_cat":[60,45],"product_tag":[366,342],"class_list":{"0":"post-868","1":"product","2":"type-product","3":"status-publish","4":"has-post-thumbnail","6":"product_brand-3m-scott","7":"product_cat-industrial","8":"product_cat-respiratory","9":"product_tag-scott","10":"product_tag-scott-safety","12":"first","13":"instock","14":"shipping-taxable","15":"product-type-simple"},"yoast_head":"<!-- This site is optimized with the Yoast SEO plugin v27.5 - https:\/\/yoast.com\/product\/yoast-seo-wordpress\/ -->\n<title>ISCBA SCBA - Safety Source Fire<\/title>\n<meta name=\"robots\" content=\"index, follow, max-snippet:-1, max-image-preview:large, max-video-preview:-1\" \/>\n<link rel=\"canonical\" href=\"https:\/\/safetysourcefire.ca\/fr\/produit\/iscba-scba\/\" \/>\n<meta property=\"og:locale\" content=\"fr_CA\" \/>\n<meta property=\"og:type\" content=\"article\" \/>\n<meta property=\"og:title\" content=\"ISCBA SCBA - Safety Source Fire\" \/>\n<meta property=\"og:description\" content=\"Designed for quick and easy use, the ISCBA SCBA provides superior IDLH-level respiratory protection in non-fire related environments.\" \/>\n<meta property=\"og:url\" content=\"https:\/\/safetysourcefire.ca\/fr\/produit\/iscba-scba\/\" \/>\n<meta property=\"og:site_name\" content=\"Safety Source Fire\" \/>\n<meta property=\"article:publisher\" content=\"https:\/\/www.facebook.com\/mmfssca\" \/>\n<meta property=\"article:modified_time\" content=\"2018-04-11T14:55:45+00:00\" \/>\n<meta property=\"og:image\" content=\"https:\/\/safetysourcefire.ca\/wp-content\/uploads\/2017\/05\/ISCBA-1.jpg\" \/>\n\t<meta property=\"og:image:width\" content=\"600\" \/>\n\t<meta property=\"og:image:height\" content=\"600\" \/>\n\t<meta property=\"og:image:type\" content=\"image\/jpeg\" \/>\n<meta name=\"twitter:card\" content=\"summary_large_image\" \/>\n<meta name=\"twitter:site\" content=\"@mmfssca\" \/>\n<meta name=\"twitter:label1\" content=\"Estimation du temps de lecture\" \/>\n\t<meta name=\"twitter:data1\" content=\"1 minute\" \/>\n<script type=\"application\/ld+json\" class=\"yoast-schema-graph\">{\"@context\":\"https:\\\/\\\/schema.org\",\"@graph\":[{\"@type\":\"WebPage\",\"@id\":\"https:\\\/\\\/safetysourcefire.ca\\\/product\\\/iscba-scba\\\/\",\"url\":\"https:\\\/\\\/safetysourcefire.ca\\\/product\\\/iscba-scba\\\/\",\"name\":\"ISCBA SCBA - Safety Source Fire\",\"isPartOf\":{\"@id\":\"https:\\\/\\\/safetysourcefire.ca\\\/#website\"},\"primaryImageOfPage\":{\"@id\":\"https:\\\/\\\/safetysourcefire.ca\\\/product\\\/iscba-scba\\\/#primaryimage\"},\"image\":{\"@id\":\"https:\\\/\\\/safetysourcefire.ca\\\/product\\\/iscba-scba\\\/#primaryimage\"},\"thumbnailUrl\":\"https:\\\/\\\/safetysourcefire.ca\\\/wp-content\\\/uploads\\\/2017\\\/05\\\/ISCBA-1.jpg\",\"datePublished\":\"2017-05-03T13:40:29+00:00\",\"dateModified\":\"2018-04-11T14:55:45+00:00\",\"breadcrumb\":{\"@id\":\"https:\\\/\\\/safetysourcefire.ca\\\/product\\\/iscba-scba\\\/#breadcrumb\"},\"inLanguage\":\"fr-CA\",\"potentialAction\":[{\"@type\":\"ReadAction\",\"target\":[\"https:\\\/\\\/safetysourcefire.ca\\\/product\\\/iscba-scba\\\/\"]}]},{\"@type\":\"ImageObject\",\"inLanguage\":\"fr-CA\",\"@id\":\"https:\\\/\\\/safetysourcefire.ca\\\/product\\\/iscba-scba\\\/#primaryimage\",\"url\":\"https:\\\/\\\/safetysourcefire.ca\\\/wp-content\\\/uploads\\\/2017\\\/05\\\/ISCBA-1.jpg\",\"contentUrl\":\"https:\\\/\\\/safetysourcefire.ca\\\/wp-content\\\/uploads\\\/2017\\\/05\\\/ISCBA-1.jpg\",\"width\":600,\"height\":600,\"caption\":\"ISCBA SCBA\"},{\"@type\":\"BreadcrumbList\",\"@id\":\"https:\\\/\\\/safetysourcefire.ca\\\/product\\\/iscba-scba\\\/#breadcrumb\",\"itemListElement\":[{\"@type\":\"ListItem\",\"position\":1,\"name\":\"Home\",\"item\":\"https:\\\/\\\/safetysourcefire.ca\\\/\"},{\"@type\":\"ListItem\",\"position\":2,\"name\":\"Products\",\"item\":\"https:\\\/\\\/safetysourcefire.ca\\\/shop\\\/\"},{\"@type\":\"ListItem\",\"position\":3,\"name\":\"ISCBA SCBA\"}]},{\"@type\":\"WebSite\",\"@id\":\"https:\\\/\\\/safetysourcefire.ca\\\/#website\",\"url\":\"https:\\\/\\\/safetysourcefire.ca\\\/\",\"name\":\"Safety Source Fire\",\"description\":\"\",\"publisher\":{\"@id\":\"https:\\\/\\\/safetysourcefire.ca\\\/#organization\"},\"potentialAction\":[{\"@type\":\"SearchAction\",\"target\":{\"@type\":\"EntryPoint\",\"urlTemplate\":\"https:\\\/\\\/safetysourcefire.ca\\\/?s={search_term_string}\"},\"query-input\":{\"@type\":\"PropertyValueSpecification\",\"valueRequired\":true,\"valueName\":\"search_term_string\"}}],\"inLanguage\":\"fr-CA\"},{\"@type\":\"Organization\",\"@id\":\"https:\\\/\\\/safetysourcefire.ca\\\/#organization\",\"name\":\"Safety Source Fire\",\"url\":\"https:\\\/\\\/safetysourcefire.ca\\\/\",\"logo\":{\"@type\":\"ImageObject\",\"inLanguage\":\"fr-CA\",\"@id\":\"https:\\\/\\\/safetysourcefire.ca\\\/#\\\/schema\\\/logo\\\/image\\\/\",\"url\":\"https:\\\/\\\/safetysourcefire.ca\\\/wp-content\\\/uploads\\\/2021\\\/01\\\/SSF_logo_CC0000-3.png\",\"contentUrl\":\"https:\\\/\\\/safetysourcefire.ca\\\/wp-content\\\/uploads\\\/2021\\\/01\\\/SSF_logo_CC0000-3.png\",\"width\":1107,\"height\":365,\"caption\":\"Safety Source Fire\"},\"image\":{\"@id\":\"https:\\\/\\\/safetysourcefire.ca\\\/#\\\/schema\\\/logo\\\/image\\\/\"},\"sameAs\":[\"https:\\\/\\\/www.facebook.com\\\/mmfssca\",\"https:\\\/\\\/x.com\\\/mmfssca\"]}]}<\/script>\n<!-- \/ Yoast SEO plugin. -->","yoast_head_json":{"title":"ISCBA SCBA - Dispositif de s\u00e9curit\u00e9 incendie \u00e0 source","robots":{"index":"index","follow":"follow","max-snippet":"max-snippet:-1","max-image-preview":"max-image-preview:large","max-video-preview":"max-video-preview:-1"},"canonical":"https:\/\/safetysourcefire.ca\/fr\/produit\/iscba-scba\/","og_locale":"fr_CA","og_type":"article","og_title":"ISCBA SCBA - Safety Source Fire","og_description":"Designed for quick and easy use, the ISCBA SCBA provides superior IDLH-level respiratory protection in non-fire related environments.","og_url":"https:\/\/safetysourcefire.ca\/fr\/produit\/iscba-scba\/","og_site_name":"Safety Source Fire","article_publisher":"https:\/\/www.facebook.com\/mmfssca","article_modified_time":"2018-04-11T14:55:45+00:00","og_image":[{"width":600,"height":600,"url":"https:\/\/safetysourcefire.ca\/wp-content\/uploads\/2017\/05\/ISCBA-1.jpg","type":"image\/jpeg"}],"twitter_card":"summary_large_image","twitter_site":"@mmfssca","twitter_misc":{"Estimation du temps de lecture":"1 minute"},"schema":{"@context":"https:\/\/schema.org","@graph":[{"@type":"WebPage","@id":"https:\/\/safetysourcefire.ca\/product\/iscba-scba\/","url":"https:\/\/safetysourcefire.ca\/product\/iscba-scba\/","name":"ISCBA SCBA - Dispositif de s\u00e9curit\u00e9 incendie \u00e0 source","isPartOf":{"@id":"https:\/\/safetysourcefire.ca\/#website"},"primaryImageOfPage":{"@id":"https:\/\/safetysourcefire.ca\/product\/iscba-scba\/#primaryimage"},"image":{"@id":"https:\/\/safetysourcefire.ca\/product\/iscba-scba\/#primaryimage"},"thumbnailUrl":"https:\/\/safetysourcefire.ca\/wp-content\/uploads\/2017\/05\/ISCBA-1.jpg","datePublished":"2017-05-03T13:40:29+00:00","dateModified":"2018-04-11T14:55:45+00:00","breadcrumb":{"@id":"https:\/\/safetysourcefire.ca\/product\/iscba-scba\/#breadcrumb"},"inLanguage":"fr-CA","potentialAction":[{"@type":"ReadAction","target":["https:\/\/safetysourcefire.ca\/product\/iscba-scba\/"]}]},{"@type":"ImageObject","inLanguage":"fr-CA","@id":"https:\/\/safetysourcefire.ca\/product\/iscba-scba\/#primaryimage","url":"https:\/\/safetysourcefire.ca\/wp-content\/uploads\/2017\/05\/ISCBA-1.jpg","contentUrl":"https:\/\/safetysourcefire.ca\/wp-content\/uploads\/2017\/05\/ISCBA-1.jpg","width":600,"height":600,"caption":"ISCBA SCBA"},{"@type":"BreadcrumbList","@id":"https:\/\/safetysourcefire.ca\/product\/iscba-scba\/#breadcrumb","itemListElement":[{"@type":"ListItem","position":1,"name":"Home","item":"https:\/\/safetysourcefire.ca\/"},{"@type":"ListItem","position":2,"name":"Products","item":"https:\/\/safetysourcefire.ca\/shop\/"},{"@type":"ListItem","position":3,"name":"ISCBA SCBA"}]},{"@type":"WebSite","@id":"https:\/\/safetysourcefire.ca\/#website","url":"https:\/\/safetysourcefire.ca\/","name":"Safety Source Fire","description":"","publisher":{"@id":"https:\/\/safetysourcefire.ca\/#organization"},"potentialAction":[{"@type":"SearchAction","target":{"@type":"EntryPoint","urlTemplate":"https:\/\/safetysourcefire.ca\/?s={search_term_string}"},"query-input":{"@type":"PropertyValueSpecification","valueRequired":true,"valueName":"search_term_string"}}],"inLanguage":"fr-CA"},{"@type":"Organization","@id":"https:\/\/safetysourcefire.ca\/#organization","name":"Safety Source Fire","url":"https:\/\/safetysourcefire.ca\/","logo":{"@type":"ImageObject","inLanguage":"fr-CA","@id":"https:\/\/safetysourcefire.ca\/#\/schema\/logo\/image\/","url":"https:\/\/safetysourcefire.ca\/wp-content\/uploads\/2021\/01\/SSF_logo_CC0000-3.png","contentUrl":"https:\/\/safetysourcefire.ca\/wp-content\/uploads\/2021\/01\/SSF_logo_CC0000-3.png","width":1107,"height":365,"caption":"Safety Source Fire"},"image":{"@id":"https:\/\/safetysourcefire.ca\/#\/schema\/logo\/image\/"},"sameAs":["https:\/\/www.facebook.com\/mmfssca","https:\/\/x.com\/mmfssca"]}]}},"_links":{"self":[{"href":"https:\/\/safetysourcefire.ca\/fr\/wp-json\/wp\/v2\/product\/868","targetHints":{"allow":["GET"]}}],"collection":[{"href":"https:\/\/safetysourcefire.ca\/fr\/wp-json\/wp\/v2\/product"}],"about":[{"href":"https:\/\/safetysourcefire.ca\/fr\/wp-json\/wp\/v2\/types\/product"}],"wp:featuredmedia":[{"embeddable":true,"href":"https:\/\/safetysourcefire.ca\/fr\/wp-json\/wp\/v2\/media\/1368"}],"wp:attachment":[{"href":"https:\/\/safetysourcefire.ca\/fr\/wp-json\/wp\/v2\/media?parent=868"}],"wp:term":[{"taxonomy":"product_brand","embeddable":true,"href":"https:\/\/safetysourcefire.ca\/fr\/wp-json\/wp\/v2\/product_brand?post=868"},{"taxonomy":"product_cat","embeddable":true,"href":"https:\/\/safetysourcefire.ca\/fr\/wp-json\/wp\/v2\/product_cat?post=868"},{"taxonomy":"product_tag","embeddable":true,"href":"https:\/\/safetysourcefire.ca\/fr\/wp-json\/wp\/v2\/product_tag?post=868"}],"curies":[{"name":"wp","href":"https:\/\/api.w.org\/{rel}","templated":true}]}}