{"id":877,"date":"2017-05-03T13:46:50","date_gmt":"2017-05-03T13:46:50","guid":{"rendered":"http:\/\/mmfss.ca\/?post_type=product&#038;p=877"},"modified":"2018-04-11T14:55:44","modified_gmt":"2018-04-11T14:55:44","slug":"ska-pak-supplied-air-respirator","status":"publish","type":"product","link":"https:\/\/safetysourcefire.ca\/fr\/produit\/ska-pak-supplied-air-respirator\/","title":{"rendered":"Respirateur \u00e0 air Ska-Pak"},"content":{"rendered":"<p>Disponible avec harnais en polypropyl\u00e8ne l\u00e9ger et r\u00e9sistant aux produits chimiques ou harnais en Kevlar r\u00e9sistant aux \u00e9tincelles. Faites simplement votre choix de cylindre entre des dur\u00e9es de 5, 10 ou 15 minutes.<\/p>\n<ul>\n<li>Respirateur combin\u00e9 \u00e0 pression positive de type C avec bouteille d'\u00e9vacuation pour l'entr\u00e9e ou l'\u00e9vacuation des espaces confin\u00e9s dangereux \/ situations de danger imm\u00e9diat pour la vie et la sant\u00e9 (IDLH)<\/li>\n<li>Comprend un r\u00e9gulateur de pression \u00e0 la demande EZ Flo avec activation au premier souffle et une faible r\u00e9sistance \u00e0 l'expiration pour une respiration facile. R\u00e9duit la fatigue chez l'utilisateur.<\/li>\n<li>Disponible en cylindre de 5, 10 ou 15 minutes pour une polyvalence de s\u00e9lection en fonction du travail \u00e0 accomplir<\/li>\n<li>Cylindre mont\u00e9 sur la hanche et syst\u00e8me de r\u00e9tention avec bande durable et s\u00e9curis\u00e9e<\/li>\n<li>2 styles de harnais :\n<ul>\n<li>Polypropyl\u00e8ne \u2013 r\u00e9sistant aux produits chimiques et l\u00e9ger<\/li>\n<li>Kevlar - id\u00e9al dans les environnements \u00e0 haute temp\u00e9rature ou lorsqu&#039;il y a un risque d&#039;\u00e9tincelles<\/li>\n<\/ul>\n<\/li>\n<\/ul>","protected":false},"excerpt":{"rendered":"<p>Le Ska-Pak est con\u00e7u pour une utilisation facile et une polyvalence accrue. Permet des op\u00e9rations dans les environnements dangereux ou IDLH.<\/p>","protected":false},"featured_media":1374,"template":"","meta":[],"product_brand":[157],"product_cat":[60,45],"product_tag":[366,342],"class_list":{"0":"post-877","1":"product","2":"type-product","3":"status-publish","4":"has-post-thumbnail","6":"product_brand-3m-scott","7":"product_cat-industrial","8":"product_cat-respiratory","9":"product_tag-scott","10":"product_tag-scott-safety","12":"first","13":"instock","14":"shipping-taxable","15":"product-type-simple"},"yoast_head":"<!-- This site is optimized with the Yoast SEO plugin v27.4 - https:\/\/yoast.com\/product\/yoast-seo-wordpress\/ -->\n<title>Ska-Pak Supplied Air Respirator - Safety Source Fire<\/title>\n<meta name=\"robots\" content=\"index, follow, max-snippet:-1, max-image-preview:large, max-video-preview:-1\" \/>\n<link rel=\"canonical\" href=\"https:\/\/safetysourcefire.ca\/fr\/produit\/ska-pak-supplied-air-respirator\/\" \/>\n<meta property=\"og:locale\" content=\"fr_CA\" \/>\n<meta property=\"og:type\" content=\"article\" \/>\n<meta property=\"og:title\" content=\"Ska-Pak Supplied Air Respirator - Safety Source Fire\" \/>\n<meta property=\"og:description\" content=\"The Ska-Pak is designed for easy use and versatility for entry into or escape from hazardous or IDLH, environments.\" \/>\n<meta property=\"og:url\" content=\"https:\/\/safetysourcefire.ca\/fr\/produit\/ska-pak-supplied-air-respirator\/\" \/>\n<meta property=\"og:site_name\" content=\"Safety Source Fire\" \/>\n<meta property=\"article:publisher\" content=\"https:\/\/www.facebook.com\/mmfssca\" \/>\n<meta property=\"article:modified_time\" content=\"2018-04-11T14:55:44+00:00\" \/>\n<meta property=\"og:image\" content=\"https:\/\/safetysourcefire.ca\/wp-content\/uploads\/2017\/05\/Ska-Pak.jpg\" \/>\n\t<meta property=\"og:image:width\" content=\"600\" \/>\n\t<meta property=\"og:image:height\" content=\"600\" \/>\n\t<meta property=\"og:image:type\" content=\"image\/jpeg\" \/>\n<meta name=\"twitter:card\" content=\"summary_large_image\" \/>\n<meta name=\"twitter:site\" content=\"@mmfssca\" \/>\n<meta name=\"twitter:label1\" content=\"Estimation du temps de lecture\" \/>\n\t<meta name=\"twitter:data1\" content=\"1 minute\" \/>\n<script type=\"application\/ld+json\" class=\"yoast-schema-graph\">{\"@context\":\"https:\\\/\\\/schema.org\",\"@graph\":[{\"@type\":\"WebPage\",\"@id\":\"https:\\\/\\\/safetysourcefire.ca\\\/product\\\/ska-pak-supplied-air-respirator\\\/\",\"url\":\"https:\\\/\\\/safetysourcefire.ca\\\/product\\\/ska-pak-supplied-air-respirator\\\/\",\"name\":\"Ska-Pak Supplied Air Respirator - Safety Source Fire\",\"isPartOf\":{\"@id\":\"https:\\\/\\\/safetysourcefire.ca\\\/#website\"},\"primaryImageOfPage\":{\"@id\":\"https:\\\/\\\/safetysourcefire.ca\\\/product\\\/ska-pak-supplied-air-respirator\\\/#primaryimage\"},\"image\":{\"@id\":\"https:\\\/\\\/safetysourcefire.ca\\\/product\\\/ska-pak-supplied-air-respirator\\\/#primaryimage\"},\"thumbnailUrl\":\"https:\\\/\\\/safetysourcefire.ca\\\/wp-content\\\/uploads\\\/2017\\\/05\\\/Ska-Pak.jpg\",\"datePublished\":\"2017-05-03T13:46:50+00:00\",\"dateModified\":\"2018-04-11T14:55:44+00:00\",\"breadcrumb\":{\"@id\":\"https:\\\/\\\/safetysourcefire.ca\\\/product\\\/ska-pak-supplied-air-respirator\\\/#breadcrumb\"},\"inLanguage\":\"fr-CA\",\"potentialAction\":[{\"@type\":\"ReadAction\",\"target\":[\"https:\\\/\\\/safetysourcefire.ca\\\/product\\\/ska-pak-supplied-air-respirator\\\/\"]}]},{\"@type\":\"ImageObject\",\"inLanguage\":\"fr-CA\",\"@id\":\"https:\\\/\\\/safetysourcefire.ca\\\/product\\\/ska-pak-supplied-air-respirator\\\/#primaryimage\",\"url\":\"https:\\\/\\\/safetysourcefire.ca\\\/wp-content\\\/uploads\\\/2017\\\/05\\\/Ska-Pak.jpg\",\"contentUrl\":\"https:\\\/\\\/safetysourcefire.ca\\\/wp-content\\\/uploads\\\/2017\\\/05\\\/Ska-Pak.jpg\",\"width\":600,\"height\":600,\"caption\":\"SKA-PAK SUPPLIED AIR RESPIRATOR\"},{\"@type\":\"BreadcrumbList\",\"@id\":\"https:\\\/\\\/safetysourcefire.ca\\\/product\\\/ska-pak-supplied-air-respirator\\\/#breadcrumb\",\"itemListElement\":[{\"@type\":\"ListItem\",\"position\":1,\"name\":\"Home\",\"item\":\"https:\\\/\\\/safetysourcefire.ca\\\/\"},{\"@type\":\"ListItem\",\"position\":2,\"name\":\"Products\",\"item\":\"https:\\\/\\\/safetysourcefire.ca\\\/shop\\\/\"},{\"@type\":\"ListItem\",\"position\":3,\"name\":\"Ska-Pak Supplied Air Respirator\"}]},{\"@type\":\"WebSite\",\"@id\":\"https:\\\/\\\/safetysourcefire.ca\\\/#website\",\"url\":\"https:\\\/\\\/safetysourcefire.ca\\\/\",\"name\":\"Safety Source Fire\",\"description\":\"\",\"publisher\":{\"@id\":\"https:\\\/\\\/safetysourcefire.ca\\\/#organization\"},\"potentialAction\":[{\"@type\":\"SearchAction\",\"target\":{\"@type\":\"EntryPoint\",\"urlTemplate\":\"https:\\\/\\\/safetysourcefire.ca\\\/?s={search_term_string}\"},\"query-input\":{\"@type\":\"PropertyValueSpecification\",\"valueRequired\":true,\"valueName\":\"search_term_string\"}}],\"inLanguage\":\"fr-CA\"},{\"@type\":\"Organization\",\"@id\":\"https:\\\/\\\/safetysourcefire.ca\\\/#organization\",\"name\":\"Safety Source Fire\",\"url\":\"https:\\\/\\\/safetysourcefire.ca\\\/\",\"logo\":{\"@type\":\"ImageObject\",\"inLanguage\":\"fr-CA\",\"@id\":\"https:\\\/\\\/safetysourcefire.ca\\\/#\\\/schema\\\/logo\\\/image\\\/\",\"url\":\"https:\\\/\\\/safetysourcefire.ca\\\/wp-content\\\/uploads\\\/2021\\\/01\\\/SSF_logo_CC0000-3.png\",\"contentUrl\":\"https:\\\/\\\/safetysourcefire.ca\\\/wp-content\\\/uploads\\\/2021\\\/01\\\/SSF_logo_CC0000-3.png\",\"width\":1107,\"height\":365,\"caption\":\"Safety Source Fire\"},\"image\":{\"@id\":\"https:\\\/\\\/safetysourcefire.ca\\\/#\\\/schema\\\/logo\\\/image\\\/\"},\"sameAs\":[\"https:\\\/\\\/www.facebook.com\\\/mmfssca\",\"https:\\\/\\\/x.com\\\/mmfssca\"]}]}<\/script>\n<!-- \/ Yoast SEO plugin. -->","yoast_head_json":{"title":"Respirateur \u00e0 adduction d&#039;air Ska-Pak - S\u00e9curit\u00e9 incendie","robots":{"index":"index","follow":"follow","max-snippet":"max-snippet:-1","max-image-preview":"max-image-preview:large","max-video-preview":"max-video-preview:-1"},"canonical":"https:\/\/safetysourcefire.ca\/fr\/produit\/ska-pak-supplied-air-respirator\/","og_locale":"fr_CA","og_type":"article","og_title":"Ska-Pak Supplied Air Respirator - Safety Source Fire","og_description":"The Ska-Pak is designed for easy use and versatility for entry into or escape from hazardous or IDLH, environments.","og_url":"https:\/\/safetysourcefire.ca\/fr\/produit\/ska-pak-supplied-air-respirator\/","og_site_name":"Safety Source Fire","article_publisher":"https:\/\/www.facebook.com\/mmfssca","article_modified_time":"2018-04-11T14:55:44+00:00","og_image":[{"width":600,"height":600,"url":"https:\/\/safetysourcefire.ca\/wp-content\/uploads\/2017\/05\/Ska-Pak.jpg","type":"image\/jpeg"}],"twitter_card":"summary_large_image","twitter_site":"@mmfssca","twitter_misc":{"Estimation du temps de lecture":"1 minute"},"schema":{"@context":"https:\/\/schema.org","@graph":[{"@type":"WebPage","@id":"https:\/\/safetysourcefire.ca\/product\/ska-pak-supplied-air-respirator\/","url":"https:\/\/safetysourcefire.ca\/product\/ska-pak-supplied-air-respirator\/","name":"Respirateur \u00e0 adduction d&#039;air Ska-Pak - S\u00e9curit\u00e9 incendie","isPartOf":{"@id":"https:\/\/safetysourcefire.ca\/#website"},"primaryImageOfPage":{"@id":"https:\/\/safetysourcefire.ca\/product\/ska-pak-supplied-air-respirator\/#primaryimage"},"image":{"@id":"https:\/\/safetysourcefire.ca\/product\/ska-pak-supplied-air-respirator\/#primaryimage"},"thumbnailUrl":"https:\/\/safetysourcefire.ca\/wp-content\/uploads\/2017\/05\/Ska-Pak.jpg","datePublished":"2017-05-03T13:46:50+00:00","dateModified":"2018-04-11T14:55:44+00:00","breadcrumb":{"@id":"https:\/\/safetysourcefire.ca\/product\/ska-pak-supplied-air-respirator\/#breadcrumb"},"inLanguage":"fr-CA","potentialAction":[{"@type":"ReadAction","target":["https:\/\/safetysourcefire.ca\/product\/ska-pak-supplied-air-respirator\/"]}]},{"@type":"ImageObject","inLanguage":"fr-CA","@id":"https:\/\/safetysourcefire.ca\/product\/ska-pak-supplied-air-respirator\/#primaryimage","url":"https:\/\/safetysourcefire.ca\/wp-content\/uploads\/2017\/05\/Ska-Pak.jpg","contentUrl":"https:\/\/safetysourcefire.ca\/wp-content\/uploads\/2017\/05\/Ska-Pak.jpg","width":600,"height":600,"caption":"SKA-PAK SUPPLIED AIR RESPIRATOR"},{"@type":"BreadcrumbList","@id":"https:\/\/safetysourcefire.ca\/product\/ska-pak-supplied-air-respirator\/#breadcrumb","itemListElement":[{"@type":"ListItem","position":1,"name":"Home","item":"https:\/\/safetysourcefire.ca\/"},{"@type":"ListItem","position":2,"name":"Products","item":"https:\/\/safetysourcefire.ca\/shop\/"},{"@type":"ListItem","position":3,"name":"Ska-Pak Supplied Air Respirator"}]},{"@type":"WebSite","@id":"https:\/\/safetysourcefire.ca\/#website","url":"https:\/\/safetysourcefire.ca\/","name":"Safety Source Fire","description":"","publisher":{"@id":"https:\/\/safetysourcefire.ca\/#organization"},"potentialAction":[{"@type":"SearchAction","target":{"@type":"EntryPoint","urlTemplate":"https:\/\/safetysourcefire.ca\/?s={search_term_string}"},"query-input":{"@type":"PropertyValueSpecification","valueRequired":true,"valueName":"search_term_string"}}],"inLanguage":"fr-CA"},{"@type":"Organization","@id":"https:\/\/safetysourcefire.ca\/#organization","name":"Safety Source Fire","url":"https:\/\/safetysourcefire.ca\/","logo":{"@type":"ImageObject","inLanguage":"fr-CA","@id":"https:\/\/safetysourcefire.ca\/#\/schema\/logo\/image\/","url":"https:\/\/safetysourcefire.ca\/wp-content\/uploads\/2021\/01\/SSF_logo_CC0000-3.png","contentUrl":"https:\/\/safetysourcefire.ca\/wp-content\/uploads\/2021\/01\/SSF_logo_CC0000-3.png","width":1107,"height":365,"caption":"Safety Source Fire"},"image":{"@id":"https:\/\/safetysourcefire.ca\/#\/schema\/logo\/image\/"},"sameAs":["https:\/\/www.facebook.com\/mmfssca","https:\/\/x.com\/mmfssca"]}]}},"_links":{"self":[{"href":"https:\/\/safetysourcefire.ca\/fr\/wp-json\/wp\/v2\/product\/877","targetHints":{"allow":["GET"]}}],"collection":[{"href":"https:\/\/safetysourcefire.ca\/fr\/wp-json\/wp\/v2\/product"}],"about":[{"href":"https:\/\/safetysourcefire.ca\/fr\/wp-json\/wp\/v2\/types\/product"}],"wp:featuredmedia":[{"embeddable":true,"href":"https:\/\/safetysourcefire.ca\/fr\/wp-json\/wp\/v2\/media\/1374"}],"wp:attachment":[{"href":"https:\/\/safetysourcefire.ca\/fr\/wp-json\/wp\/v2\/media?parent=877"}],"wp:term":[{"taxonomy":"product_brand","embeddable":true,"href":"https:\/\/safetysourcefire.ca\/fr\/wp-json\/wp\/v2\/product_brand?post=877"},{"taxonomy":"product_cat","embeddable":true,"href":"https:\/\/safetysourcefire.ca\/fr\/wp-json\/wp\/v2\/product_cat?post=877"},{"taxonomy":"product_tag","embeddable":true,"href":"https:\/\/safetysourcefire.ca\/fr\/wp-json\/wp\/v2\/product_tag?post=877"}],"curies":[{"name":"wp","href":"https:\/\/api.w.org\/{rel}","templated":true}]}}