{"id":879,"date":"2017-05-03T13:49:39","date_gmt":"2017-05-03T13:49:39","guid":{"rendered":"http:\/\/mmfss.ca\/?post_type=product&#038;p=879"},"modified":"2018-04-11T14:55:43","modified_gmt":"2018-04-11T14:55:43","slug":"e-z-airline-supplied-air-respirator","status":"publish","type":"product","link":"https:\/\/safetysourcefire.ca\/fr\/produit\/e-z-airline-supplied-air-respirator\/","title":{"rendered":"Respirateur \u00e0 adduction d&#039;air EZ Airline"},"content":{"rendered":"<p>Ce respirateur \u00e0 adduction d&#039;air offre confort et protection dans une vari\u00e9t\u00e9 d&#039;applications industrielles. En tant que respirateur \u00e0 pression positive de type C, le respirateur \u00e0 adduction d&#039;air EZ Airline peut \u00eatre utilis\u00e9 avec diff\u00e9rentes longueurs de tuyau d&#039;alimentation d&#039;air Scott pour un total combin\u00e9 allant jusqu&#039;\u00e0 300 pieds.<\/p>\n<ul>\n<li>Respirateur \u00e0 pression positive de type C pour les environnements sans IDLH<\/li>\n<li>Id\u00e9al pour les utilisations prolong\u00e9es dans les environnements qui ne sont pas imm\u00e9diatement dangereux pour la vie ou la sant\u00e9 (non IDLH). Parfait pour les op\u00e9rations de maintenance d'usine, le soudage ou la peinture.<\/li>\n<li>Approuv\u00e9 NIOSH avec les masques complets Scott&#039;s AV-2000, AV-3000, AV-3000 avec syst\u00e8me SureSeal et Weld-O-Vista<\/li>\n<li>Disponible avec les raccords Hansen, Schrader, Hansen HK, CEJN et Foster<\/li>\n<li>Peut \u00eatre utilis\u00e9 avec diff\u00e9rentes longueurs de tuyau d&#039;air fourni par Scott, pour un total combin\u00e9 allant jusqu&#039;\u00e0 300 pieds*.<\/li>\n<li>Le d\u00e9tendeur EZ Flo Modulair permet d&#039;utiliser des d\u00e9tendeurs personnels qui peuvent \u00e9galement \u00eatre utilis\u00e9s avec les respirateurs ARA industriels (ISCBA), ACSi SCBA et Ska-Pak Plus pour r\u00e9duire les co\u00fbts de formation et d&#039;inventaire<\/li>\n<\/ul>\n<p>&nbsp;<\/p>","protected":false},"excerpt":{"rendered":"<p>Le respirateur Scott EZ Airline offre une protection id\u00e9ale dans les environnements sans IDLH lorsque la dur\u00e9e de port est prolong\u00e9e.<\/p>","protected":false},"featured_media":1366,"template":"","meta":[],"product_brand":[157],"product_cat":[60,45],"product_tag":[366,342],"class_list":{"0":"post-879","1":"product","2":"type-product","3":"status-publish","4":"has-post-thumbnail","6":"product_brand-3m-scott","7":"product_cat-industrial","8":"product_cat-respiratory","9":"product_tag-scott","10":"product_tag-scott-safety","12":"first","13":"instock","14":"shipping-taxable","15":"product-type-simple"},"yoast_head":"<!-- This site is optimized with the Yoast SEO plugin v27.4 - https:\/\/yoast.com\/product\/yoast-seo-wordpress\/ -->\n<title>E-Z Airline Supplied Air Respirator - Safety Source Fire<\/title>\n<meta name=\"robots\" content=\"index, follow, max-snippet:-1, max-image-preview:large, max-video-preview:-1\" \/>\n<link rel=\"canonical\" href=\"https:\/\/safetysourcefire.ca\/fr\/produit\/e-z-airline-supplied-air-respirator\/\" \/>\n<meta property=\"og:locale\" content=\"fr_CA\" \/>\n<meta property=\"og:type\" content=\"article\" \/>\n<meta property=\"og:title\" content=\"E-Z Airline Supplied Air Respirator - Safety Source Fire\" \/>\n<meta property=\"og:description\" content=\"The Scott E-Z Airline respirator offers ideal protection when extended wear times are required in non-IDLH environments.\" \/>\n<meta property=\"og:url\" content=\"https:\/\/safetysourcefire.ca\/fr\/produit\/e-z-airline-supplied-air-respirator\/\" \/>\n<meta property=\"og:site_name\" content=\"Safety Source Fire\" \/>\n<meta property=\"article:publisher\" content=\"https:\/\/www.facebook.com\/mmfssca\" \/>\n<meta property=\"article:modified_time\" content=\"2018-04-11T14:55:43+00:00\" \/>\n<meta property=\"og:image\" content=\"https:\/\/safetysourcefire.ca\/wp-content\/uploads\/2017\/05\/EZ-Airline-1.jpg\" \/>\n\t<meta property=\"og:image:width\" content=\"600\" \/>\n\t<meta property=\"og:image:height\" content=\"600\" \/>\n\t<meta property=\"og:image:type\" content=\"image\/jpeg\" \/>\n<meta name=\"twitter:card\" content=\"summary_large_image\" \/>\n<meta name=\"twitter:site\" content=\"@mmfssca\" \/>\n<meta name=\"twitter:label1\" content=\"Estimation du temps de lecture\" \/>\n\t<meta name=\"twitter:data1\" content=\"1 minute\" \/>\n<script type=\"application\/ld+json\" class=\"yoast-schema-graph\">{\"@context\":\"https:\\\/\\\/schema.org\",\"@graph\":[{\"@type\":\"WebPage\",\"@id\":\"https:\\\/\\\/safetysourcefire.ca\\\/product\\\/e-z-airline-supplied-air-respirator\\\/\",\"url\":\"https:\\\/\\\/safetysourcefire.ca\\\/product\\\/e-z-airline-supplied-air-respirator\\\/\",\"name\":\"E-Z Airline Supplied Air Respirator - Safety Source Fire\",\"isPartOf\":{\"@id\":\"https:\\\/\\\/safetysourcefire.ca\\\/#website\"},\"primaryImageOfPage\":{\"@id\":\"https:\\\/\\\/safetysourcefire.ca\\\/product\\\/e-z-airline-supplied-air-respirator\\\/#primaryimage\"},\"image\":{\"@id\":\"https:\\\/\\\/safetysourcefire.ca\\\/product\\\/e-z-airline-supplied-air-respirator\\\/#primaryimage\"},\"thumbnailUrl\":\"https:\\\/\\\/safetysourcefire.ca\\\/wp-content\\\/uploads\\\/2017\\\/05\\\/EZ-Airline-1.jpg\",\"datePublished\":\"2017-05-03T13:49:39+00:00\",\"dateModified\":\"2018-04-11T14:55:43+00:00\",\"breadcrumb\":{\"@id\":\"https:\\\/\\\/safetysourcefire.ca\\\/product\\\/e-z-airline-supplied-air-respirator\\\/#breadcrumb\"},\"inLanguage\":\"fr-CA\",\"potentialAction\":[{\"@type\":\"ReadAction\",\"target\":[\"https:\\\/\\\/safetysourcefire.ca\\\/product\\\/e-z-airline-supplied-air-respirator\\\/\"]}]},{\"@type\":\"ImageObject\",\"inLanguage\":\"fr-CA\",\"@id\":\"https:\\\/\\\/safetysourcefire.ca\\\/product\\\/e-z-airline-supplied-air-respirator\\\/#primaryimage\",\"url\":\"https:\\\/\\\/safetysourcefire.ca\\\/wp-content\\\/uploads\\\/2017\\\/05\\\/EZ-Airline-1.jpg\",\"contentUrl\":\"https:\\\/\\\/safetysourcefire.ca\\\/wp-content\\\/uploads\\\/2017\\\/05\\\/EZ-Airline-1.jpg\",\"width\":600,\"height\":600,\"caption\":\"EZ Airline\"},{\"@type\":\"BreadcrumbList\",\"@id\":\"https:\\\/\\\/safetysourcefire.ca\\\/product\\\/e-z-airline-supplied-air-respirator\\\/#breadcrumb\",\"itemListElement\":[{\"@type\":\"ListItem\",\"position\":1,\"name\":\"Home\",\"item\":\"https:\\\/\\\/safetysourcefire.ca\\\/\"},{\"@type\":\"ListItem\",\"position\":2,\"name\":\"Products\",\"item\":\"https:\\\/\\\/safetysourcefire.ca\\\/shop\\\/\"},{\"@type\":\"ListItem\",\"position\":3,\"name\":\"E-Z Airline Supplied Air Respirator\"}]},{\"@type\":\"WebSite\",\"@id\":\"https:\\\/\\\/safetysourcefire.ca\\\/#website\",\"url\":\"https:\\\/\\\/safetysourcefire.ca\\\/\",\"name\":\"Safety Source Fire\",\"description\":\"\",\"publisher\":{\"@id\":\"https:\\\/\\\/safetysourcefire.ca\\\/#organization\"},\"potentialAction\":[{\"@type\":\"SearchAction\",\"target\":{\"@type\":\"EntryPoint\",\"urlTemplate\":\"https:\\\/\\\/safetysourcefire.ca\\\/?s={search_term_string}\"},\"query-input\":{\"@type\":\"PropertyValueSpecification\",\"valueRequired\":true,\"valueName\":\"search_term_string\"}}],\"inLanguage\":\"fr-CA\"},{\"@type\":\"Organization\",\"@id\":\"https:\\\/\\\/safetysourcefire.ca\\\/#organization\",\"name\":\"Safety Source Fire\",\"url\":\"https:\\\/\\\/safetysourcefire.ca\\\/\",\"logo\":{\"@type\":\"ImageObject\",\"inLanguage\":\"fr-CA\",\"@id\":\"https:\\\/\\\/safetysourcefire.ca\\\/#\\\/schema\\\/logo\\\/image\\\/\",\"url\":\"https:\\\/\\\/safetysourcefire.ca\\\/wp-content\\\/uploads\\\/2021\\\/01\\\/SSF_logo_CC0000-3.png\",\"contentUrl\":\"https:\\\/\\\/safetysourcefire.ca\\\/wp-content\\\/uploads\\\/2021\\\/01\\\/SSF_logo_CC0000-3.png\",\"width\":1107,\"height\":365,\"caption\":\"Safety Source Fire\"},\"image\":{\"@id\":\"https:\\\/\\\/safetysourcefire.ca\\\/#\\\/schema\\\/logo\\\/image\\\/\"},\"sameAs\":[\"https:\\\/\\\/www.facebook.com\\\/mmfssca\",\"https:\\\/\\\/x.com\\\/mmfssca\"]}]}<\/script>\n<!-- \/ Yoast SEO plugin. -->","yoast_head_json":{"title":"Respirateur \u00e0 adduction d&#039;air EZ Airline - Incendie \u00e0 source de s\u00e9curit\u00e9","robots":{"index":"index","follow":"follow","max-snippet":"max-snippet:-1","max-image-preview":"max-image-preview:large","max-video-preview":"max-video-preview:-1"},"canonical":"https:\/\/safetysourcefire.ca\/fr\/produit\/e-z-airline-supplied-air-respirator\/","og_locale":"fr_CA","og_type":"article","og_title":"E-Z Airline Supplied Air Respirator - Safety Source Fire","og_description":"The Scott E-Z Airline respirator offers ideal protection when extended wear times are required in non-IDLH environments.","og_url":"https:\/\/safetysourcefire.ca\/fr\/produit\/e-z-airline-supplied-air-respirator\/","og_site_name":"Safety Source Fire","article_publisher":"https:\/\/www.facebook.com\/mmfssca","article_modified_time":"2018-04-11T14:55:43+00:00","og_image":[{"width":600,"height":600,"url":"https:\/\/safetysourcefire.ca\/wp-content\/uploads\/2017\/05\/EZ-Airline-1.jpg","type":"image\/jpeg"}],"twitter_card":"summary_large_image","twitter_site":"@mmfssca","twitter_misc":{"Estimation du temps de lecture":"1 minute"},"schema":{"@context":"https:\/\/schema.org","@graph":[{"@type":"WebPage","@id":"https:\/\/safetysourcefire.ca\/product\/e-z-airline-supplied-air-respirator\/","url":"https:\/\/safetysourcefire.ca\/product\/e-z-airline-supplied-air-respirator\/","name":"Respirateur \u00e0 adduction d&#039;air EZ Airline - Incendie \u00e0 source de s\u00e9curit\u00e9","isPartOf":{"@id":"https:\/\/safetysourcefire.ca\/#website"},"primaryImageOfPage":{"@id":"https:\/\/safetysourcefire.ca\/product\/e-z-airline-supplied-air-respirator\/#primaryimage"},"image":{"@id":"https:\/\/safetysourcefire.ca\/product\/e-z-airline-supplied-air-respirator\/#primaryimage"},"thumbnailUrl":"https:\/\/safetysourcefire.ca\/wp-content\/uploads\/2017\/05\/EZ-Airline-1.jpg","datePublished":"2017-05-03T13:49:39+00:00","dateModified":"2018-04-11T14:55:43+00:00","breadcrumb":{"@id":"https:\/\/safetysourcefire.ca\/product\/e-z-airline-supplied-air-respirator\/#breadcrumb"},"inLanguage":"fr-CA","potentialAction":[{"@type":"ReadAction","target":["https:\/\/safetysourcefire.ca\/product\/e-z-airline-supplied-air-respirator\/"]}]},{"@type":"ImageObject","inLanguage":"fr-CA","@id":"https:\/\/safetysourcefire.ca\/product\/e-z-airline-supplied-air-respirator\/#primaryimage","url":"https:\/\/safetysourcefire.ca\/wp-content\/uploads\/2017\/05\/EZ-Airline-1.jpg","contentUrl":"https:\/\/safetysourcefire.ca\/wp-content\/uploads\/2017\/05\/EZ-Airline-1.jpg","width":600,"height":600,"caption":"EZ Airline"},{"@type":"BreadcrumbList","@id":"https:\/\/safetysourcefire.ca\/product\/e-z-airline-supplied-air-respirator\/#breadcrumb","itemListElement":[{"@type":"ListItem","position":1,"name":"Home","item":"https:\/\/safetysourcefire.ca\/"},{"@type":"ListItem","position":2,"name":"Products","item":"https:\/\/safetysourcefire.ca\/shop\/"},{"@type":"ListItem","position":3,"name":"E-Z Airline Supplied Air Respirator"}]},{"@type":"WebSite","@id":"https:\/\/safetysourcefire.ca\/#website","url":"https:\/\/safetysourcefire.ca\/","name":"Safety Source Fire","description":"","publisher":{"@id":"https:\/\/safetysourcefire.ca\/#organization"},"potentialAction":[{"@type":"SearchAction","target":{"@type":"EntryPoint","urlTemplate":"https:\/\/safetysourcefire.ca\/?s={search_term_string}"},"query-input":{"@type":"PropertyValueSpecification","valueRequired":true,"valueName":"search_term_string"}}],"inLanguage":"fr-CA"},{"@type":"Organization","@id":"https:\/\/safetysourcefire.ca\/#organization","name":"Safety Source Fire","url":"https:\/\/safetysourcefire.ca\/","logo":{"@type":"ImageObject","inLanguage":"fr-CA","@id":"https:\/\/safetysourcefire.ca\/#\/schema\/logo\/image\/","url":"https:\/\/safetysourcefire.ca\/wp-content\/uploads\/2021\/01\/SSF_logo_CC0000-3.png","contentUrl":"https:\/\/safetysourcefire.ca\/wp-content\/uploads\/2021\/01\/SSF_logo_CC0000-3.png","width":1107,"height":365,"caption":"Safety Source Fire"},"image":{"@id":"https:\/\/safetysourcefire.ca\/#\/schema\/logo\/image\/"},"sameAs":["https:\/\/www.facebook.com\/mmfssca","https:\/\/x.com\/mmfssca"]}]}},"_links":{"self":[{"href":"https:\/\/safetysourcefire.ca\/fr\/wp-json\/wp\/v2\/product\/879","targetHints":{"allow":["GET"]}}],"collection":[{"href":"https:\/\/safetysourcefire.ca\/fr\/wp-json\/wp\/v2\/product"}],"about":[{"href":"https:\/\/safetysourcefire.ca\/fr\/wp-json\/wp\/v2\/types\/product"}],"wp:featuredmedia":[{"embeddable":true,"href":"https:\/\/safetysourcefire.ca\/fr\/wp-json\/wp\/v2\/media\/1366"}],"wp:attachment":[{"href":"https:\/\/safetysourcefire.ca\/fr\/wp-json\/wp\/v2\/media?parent=879"}],"wp:term":[{"taxonomy":"product_brand","embeddable":true,"href":"https:\/\/safetysourcefire.ca\/fr\/wp-json\/wp\/v2\/product_brand?post=879"},{"taxonomy":"product_cat","embeddable":true,"href":"https:\/\/safetysourcefire.ca\/fr\/wp-json\/wp\/v2\/product_cat?post=879"},{"taxonomy":"product_tag","embeddable":true,"href":"https:\/\/safetysourcefire.ca\/fr\/wp-json\/wp\/v2\/product_tag?post=879"}],"curies":[{"name":"wp","href":"https:\/\/api.w.org\/{rel}","templated":true}]}}