{"id":901,"date":"2018-10-11T09:15:52","date_gmt":"2018-10-11T09:15:52","guid":{"rendered":"http:\/\/mmfss.ca\/?post_type=product&#038;p=901"},"modified":"2026-03-27T14:53:37","modified_gmt":"2026-03-27T14:53:37","slug":"rit-pak-fast-attack","status":"publish","type":"product","link":"https:\/\/safetysourcefire.ca\/fr\/produit\/rit-pak-fast-attack\/","title":{"rendered":"Syst\u00e8me d&#039;alimentation en air d&#039;urgence \u00e0 attaque rapide RIT-Pak"},"content":{"rendered":"<p>D\u00e9velopp\u00e9 avec la contribution de pompiers et d&#039;instructeurs de tout le pays, le syst\u00e8me RIT-Pak Fast Attack offre une conception intuitive permettant aux \u00e9quipes RIT de se concentrer sur la localisation et l&#039;\u00e9valuation du pompier bless\u00e9. Le syst\u00e8me comprend un d\u00e9tendeur, une lance de chargement haute pression, un tuyau d&#039;alimentation en air basse pression, un r\u00e9gulateur respiratoire mont\u00e9 sur masque, un masque facial et un sac de transport l\u00e9ger.<\/p>\n<p>Points forts<\/p>\n<ul>\n<li>Petit, l\u00e9ger et compact<\/li>\n<li>Disponible en pressions de cylindre de 4,5 ou 5,5<\/li>\n<li>Disponible en deux tailles de sac : petit et moyen<\/li>\n<li>Compatible avec les cylindres de 15 et 30 minutes<\/li>\n<li>Compatible avec les appareils respiratoires autonomes Air-Pak \u00e9quip\u00e9s d&#039;un syst\u00e8me EBSS universel<\/li>\n<li>Orange haute visibilit\u00e9 avec mat\u00e9riau r\u00e9fl\u00e9chissant 3M\u2122 Scotchlite\u2122<\/li>\n<li>Poign\u00e9es de traction tactiles pour une identification facile<\/li>\n<li>Manom\u00e8tre externe avec affichage photoluminescent<\/li>\n<li>Alarme sifflante distincte et audible en cas de basse pression<\/li>\n<li>Tuyau basse pression et collecteur EBSS avec ports auxiliaires<\/li>\n<li>Pochettes de rangement \u00e0 code couleur pour une identification facile<\/li>\n<li>Mousquetons \u00e0 barre captive : ne jamais perdre le mousqueton<\/li>\n<li>Bandouli\u00e8re facile \u00e0 retirer et \u00e0 longueur r\u00e9glable<\/li>\n<li>Le masque, un AV-3000 modifi\u00e9 avec SureSeal, est dot\u00e9 d&#039;une poign\u00e9e de mise en place facile \u00e0 utiliser, ce qui permet de l&#039;attacher rapidement et facilement \u00e0 un pompier ou une victime bless\u00e9e.<\/li>\n<\/ul>\n<p><a href=\"https:\/\/multimedia.3m.com\/mws\/media\/1573311O\/3m-scott-rit-pak-fast-attack-emergency-air-supply-system-brochure.pdf?&amp;fn=RIT-Pak-Fast-Attack-Emergency-Air-Supply-System-Brochure-4p.pdf\">T\u00e9l\u00e9chargez la brochure<\/a><\/p>","protected":false},"excerpt":{"rendered":"<p>Le syst\u00e8me d&#039;alimentation en air d&#039;urgence 3M\u2122 Scott\u2122 RIT-Pak Fast Attack offre une solution petite, l\u00e9g\u00e8re et compacte pour une intervention rapide et un r\u00e9approvisionnement en air d&#039;un pompier en d\u00e9tresse.<\/p>","protected":false},"featured_media":27283,"template":"","meta":[],"product_brand":[157],"product_cat":[137,45,58],"product_tag":[366,342],"class_list":{"0":"post-901","1":"product","2":"type-product","3":"status-publish","4":"has-post-thumbnail","6":"product_brand-3m-scott","7":"product_cat-fire","8":"product_cat-respiratory","9":"product_cat-accessories-scba","10":"product_tag-scott","11":"product_tag-scott-safety","13":"first","14":"instock","15":"shipping-taxable","16":"product-type-simple"},"yoast_head":"<!-- This site is optimized with the Yoast SEO plugin v27.4 - https:\/\/yoast.com\/product\/yoast-seo-wordpress\/ -->\n<title>RIT-Pak Fast Attack Emergency Air Supply System - Safety Source Fire<\/title>\n<meta name=\"robots\" content=\"index, follow, max-snippet:-1, max-image-preview:large, max-video-preview:-1\" \/>\n<link rel=\"canonical\" href=\"https:\/\/safetysourcefire.ca\/fr\/produit\/rit-pak-fast-attack\/\" \/>\n<meta property=\"og:locale\" content=\"fr_CA\" \/>\n<meta property=\"og:type\" content=\"article\" \/>\n<meta property=\"og:title\" content=\"RIT-Pak Fast Attack Emergency Air Supply System - Safety Source Fire\" \/>\n<meta property=\"og:description\" content=\"The 3M\u2122 Scott\u2122 RIT-Pak Fast Attack Emergency Air Supply System offers a small, lightweight, and compact solution for rapid entry and air replenishment to a firefighter in distress.\" \/>\n<meta property=\"og:url\" content=\"https:\/\/safetysourcefire.ca\/fr\/produit\/rit-pak-fast-attack\/\" \/>\n<meta property=\"og:site_name\" content=\"Safety Source Fire\" \/>\n<meta property=\"article:publisher\" content=\"https:\/\/www.facebook.com\/mmfssca\" \/>\n<meta property=\"article:modified_time\" content=\"2026-03-27T14:53:37+00:00\" \/>\n<meta property=\"og:image\" content=\"https:\/\/safetysourcefire.ca\/wp-content\/uploads\/2018\/10\/RIT-PAK-Fast-Attack.jpg\" \/>\n\t<meta property=\"og:image:width\" content=\"600\" \/>\n\t<meta property=\"og:image:height\" content=\"600\" \/>\n\t<meta property=\"og:image:type\" content=\"image\/jpeg\" \/>\n<meta name=\"twitter:card\" content=\"summary_large_image\" \/>\n<meta name=\"twitter:site\" content=\"@mmfssca\" \/>\n<meta name=\"twitter:label1\" content=\"Estimation du temps de lecture\" \/>\n\t<meta name=\"twitter:data1\" content=\"1 minute\" \/>\n<script type=\"application\/ld+json\" class=\"yoast-schema-graph\">{\"@context\":\"https:\\\/\\\/schema.org\",\"@graph\":[{\"@type\":\"WebPage\",\"@id\":\"https:\\\/\\\/safetysourcefire.ca\\\/product\\\/rit-pak-fast-attack\\\/\",\"url\":\"https:\\\/\\\/safetysourcefire.ca\\\/product\\\/rit-pak-fast-attack\\\/\",\"name\":\"RIT-Pak Fast Attack Emergency Air Supply System - Safety Source Fire\",\"isPartOf\":{\"@id\":\"https:\\\/\\\/safetysourcefire.ca\\\/#website\"},\"primaryImageOfPage\":{\"@id\":\"https:\\\/\\\/safetysourcefire.ca\\\/product\\\/rit-pak-fast-attack\\\/#primaryimage\"},\"image\":{\"@id\":\"https:\\\/\\\/safetysourcefire.ca\\\/product\\\/rit-pak-fast-attack\\\/#primaryimage\"},\"thumbnailUrl\":\"https:\\\/\\\/safetysourcefire.ca\\\/wp-content\\\/uploads\\\/2018\\\/10\\\/RIT-PAK-Fast-Attack.jpg\",\"datePublished\":\"2018-10-11T09:15:52+00:00\",\"dateModified\":\"2026-03-27T14:53:37+00:00\",\"breadcrumb\":{\"@id\":\"https:\\\/\\\/safetysourcefire.ca\\\/product\\\/rit-pak-fast-attack\\\/#breadcrumb\"},\"inLanguage\":\"fr-CA\",\"potentialAction\":[{\"@type\":\"ReadAction\",\"target\":[\"https:\\\/\\\/safetysourcefire.ca\\\/product\\\/rit-pak-fast-attack\\\/\"]}]},{\"@type\":\"ImageObject\",\"inLanguage\":\"fr-CA\",\"@id\":\"https:\\\/\\\/safetysourcefire.ca\\\/product\\\/rit-pak-fast-attack\\\/#primaryimage\",\"url\":\"https:\\\/\\\/safetysourcefire.ca\\\/wp-content\\\/uploads\\\/2018\\\/10\\\/RIT-PAK-Fast-Attack.jpg\",\"contentUrl\":\"https:\\\/\\\/safetysourcefire.ca\\\/wp-content\\\/uploads\\\/2018\\\/10\\\/RIT-PAK-Fast-Attack.jpg\",\"width\":600,\"height\":600,\"caption\":\"fast attack\"},{\"@type\":\"BreadcrumbList\",\"@id\":\"https:\\\/\\\/safetysourcefire.ca\\\/product\\\/rit-pak-fast-attack\\\/#breadcrumb\",\"itemListElement\":[{\"@type\":\"ListItem\",\"position\":1,\"name\":\"Home\",\"item\":\"https:\\\/\\\/safetysourcefire.ca\\\/\"},{\"@type\":\"ListItem\",\"position\":2,\"name\":\"Products\",\"item\":\"https:\\\/\\\/safetysourcefire.ca\\\/shop\\\/\"},{\"@type\":\"ListItem\",\"position\":3,\"name\":\"RIT-Pak Fast Attack Emergency Air Supply System\"}]},{\"@type\":\"WebSite\",\"@id\":\"https:\\\/\\\/safetysourcefire.ca\\\/#website\",\"url\":\"https:\\\/\\\/safetysourcefire.ca\\\/\",\"name\":\"Safety Source Fire\",\"description\":\"\",\"publisher\":{\"@id\":\"https:\\\/\\\/safetysourcefire.ca\\\/#organization\"},\"potentialAction\":[{\"@type\":\"SearchAction\",\"target\":{\"@type\":\"EntryPoint\",\"urlTemplate\":\"https:\\\/\\\/safetysourcefire.ca\\\/?s={search_term_string}\"},\"query-input\":{\"@type\":\"PropertyValueSpecification\",\"valueRequired\":true,\"valueName\":\"search_term_string\"}}],\"inLanguage\":\"fr-CA\"},{\"@type\":\"Organization\",\"@id\":\"https:\\\/\\\/safetysourcefire.ca\\\/#organization\",\"name\":\"Safety Source Fire\",\"url\":\"https:\\\/\\\/safetysourcefire.ca\\\/\",\"logo\":{\"@type\":\"ImageObject\",\"inLanguage\":\"fr-CA\",\"@id\":\"https:\\\/\\\/safetysourcefire.ca\\\/#\\\/schema\\\/logo\\\/image\\\/\",\"url\":\"https:\\\/\\\/safetysourcefire.ca\\\/wp-content\\\/uploads\\\/2021\\\/01\\\/SSF_logo_CC0000-3.png\",\"contentUrl\":\"https:\\\/\\\/safetysourcefire.ca\\\/wp-content\\\/uploads\\\/2021\\\/01\\\/SSF_logo_CC0000-3.png\",\"width\":1107,\"height\":365,\"caption\":\"Safety Source Fire\"},\"image\":{\"@id\":\"https:\\\/\\\/safetysourcefire.ca\\\/#\\\/schema\\\/logo\\\/image\\\/\"},\"sameAs\":[\"https:\\\/\\\/www.facebook.com\\\/mmfssca\",\"https:\\\/\\\/x.com\\\/mmfssca\"]}]}<\/script>\n<!-- \/ Yoast SEO plugin. -->","yoast_head_json":{"title":"RIT-Pak Fast Attack Emergency Air Supply System - Safety Source Fire","robots":{"index":"index","follow":"follow","max-snippet":"max-snippet:-1","max-image-preview":"max-image-preview:large","max-video-preview":"max-video-preview:-1"},"canonical":"https:\/\/safetysourcefire.ca\/fr\/produit\/rit-pak-fast-attack\/","og_locale":"fr_CA","og_type":"article","og_title":"RIT-Pak Fast Attack Emergency Air Supply System - Safety Source Fire","og_description":"The 3M\u2122 Scott\u2122 RIT-Pak Fast Attack Emergency Air Supply System offers a small, lightweight, and compact solution for rapid entry and air replenishment to a firefighter in distress.","og_url":"https:\/\/safetysourcefire.ca\/fr\/produit\/rit-pak-fast-attack\/","og_site_name":"Safety Source Fire","article_publisher":"https:\/\/www.facebook.com\/mmfssca","article_modified_time":"2026-03-27T14:53:37+00:00","og_image":[{"width":600,"height":600,"url":"https:\/\/safetysourcefire.ca\/wp-content\/uploads\/2018\/10\/RIT-PAK-Fast-Attack.jpg","type":"image\/jpeg"}],"twitter_card":"summary_large_image","twitter_site":"@mmfssca","twitter_misc":{"Estimation du temps de lecture":"1 minute"},"schema":{"@context":"https:\/\/schema.org","@graph":[{"@type":"WebPage","@id":"https:\/\/safetysourcefire.ca\/product\/rit-pak-fast-attack\/","url":"https:\/\/safetysourcefire.ca\/product\/rit-pak-fast-attack\/","name":"RIT-Pak Fast Attack Emergency Air Supply System - Safety Source Fire","isPartOf":{"@id":"https:\/\/safetysourcefire.ca\/#website"},"primaryImageOfPage":{"@id":"https:\/\/safetysourcefire.ca\/product\/rit-pak-fast-attack\/#primaryimage"},"image":{"@id":"https:\/\/safetysourcefire.ca\/product\/rit-pak-fast-attack\/#primaryimage"},"thumbnailUrl":"https:\/\/safetysourcefire.ca\/wp-content\/uploads\/2018\/10\/RIT-PAK-Fast-Attack.jpg","datePublished":"2018-10-11T09:15:52+00:00","dateModified":"2026-03-27T14:53:37+00:00","breadcrumb":{"@id":"https:\/\/safetysourcefire.ca\/product\/rit-pak-fast-attack\/#breadcrumb"},"inLanguage":"fr-CA","potentialAction":[{"@type":"ReadAction","target":["https:\/\/safetysourcefire.ca\/product\/rit-pak-fast-attack\/"]}]},{"@type":"ImageObject","inLanguage":"fr-CA","@id":"https:\/\/safetysourcefire.ca\/product\/rit-pak-fast-attack\/#primaryimage","url":"https:\/\/safetysourcefire.ca\/wp-content\/uploads\/2018\/10\/RIT-PAK-Fast-Attack.jpg","contentUrl":"https:\/\/safetysourcefire.ca\/wp-content\/uploads\/2018\/10\/RIT-PAK-Fast-Attack.jpg","width":600,"height":600,"caption":"fast attack"},{"@type":"BreadcrumbList","@id":"https:\/\/safetysourcefire.ca\/product\/rit-pak-fast-attack\/#breadcrumb","itemListElement":[{"@type":"ListItem","position":1,"name":"Home","item":"https:\/\/safetysourcefire.ca\/"},{"@type":"ListItem","position":2,"name":"Products","item":"https:\/\/safetysourcefire.ca\/shop\/"},{"@type":"ListItem","position":3,"name":"RIT-Pak Fast Attack Emergency Air Supply System"}]},{"@type":"WebSite","@id":"https:\/\/safetysourcefire.ca\/#website","url":"https:\/\/safetysourcefire.ca\/","name":"Safety Source Fire","description":"","publisher":{"@id":"https:\/\/safetysourcefire.ca\/#organization"},"potentialAction":[{"@type":"SearchAction","target":{"@type":"EntryPoint","urlTemplate":"https:\/\/safetysourcefire.ca\/?s={search_term_string}"},"query-input":{"@type":"PropertyValueSpecification","valueRequired":true,"valueName":"search_term_string"}}],"inLanguage":"fr-CA"},{"@type":"Organization","@id":"https:\/\/safetysourcefire.ca\/#organization","name":"Safety Source Fire","url":"https:\/\/safetysourcefire.ca\/","logo":{"@type":"ImageObject","inLanguage":"fr-CA","@id":"https:\/\/safetysourcefire.ca\/#\/schema\/logo\/image\/","url":"https:\/\/safetysourcefire.ca\/wp-content\/uploads\/2021\/01\/SSF_logo_CC0000-3.png","contentUrl":"https:\/\/safetysourcefire.ca\/wp-content\/uploads\/2021\/01\/SSF_logo_CC0000-3.png","width":1107,"height":365,"caption":"Safety Source Fire"},"image":{"@id":"https:\/\/safetysourcefire.ca\/#\/schema\/logo\/image\/"},"sameAs":["https:\/\/www.facebook.com\/mmfssca","https:\/\/x.com\/mmfssca"]}]}},"_links":{"self":[{"href":"https:\/\/safetysourcefire.ca\/fr\/wp-json\/wp\/v2\/product\/901","targetHints":{"allow":["GET"]}}],"collection":[{"href":"https:\/\/safetysourcefire.ca\/fr\/wp-json\/wp\/v2\/product"}],"about":[{"href":"https:\/\/safetysourcefire.ca\/fr\/wp-json\/wp\/v2\/types\/product"}],"wp:featuredmedia":[{"embeddable":true,"href":"https:\/\/safetysourcefire.ca\/fr\/wp-json\/wp\/v2\/media\/27283"}],"wp:attachment":[{"href":"https:\/\/safetysourcefire.ca\/fr\/wp-json\/wp\/v2\/media?parent=901"}],"wp:term":[{"taxonomy":"product_brand","embeddable":true,"href":"https:\/\/safetysourcefire.ca\/fr\/wp-json\/wp\/v2\/product_brand?post=901"},{"taxonomy":"product_cat","embeddable":true,"href":"https:\/\/safetysourcefire.ca\/fr\/wp-json\/wp\/v2\/product_cat?post=901"},{"taxonomy":"product_tag","embeddable":true,"href":"https:\/\/safetysourcefire.ca\/fr\/wp-json\/wp\/v2\/product_tag?post=901"}],"curies":[{"name":"wp","href":"https:\/\/api.w.org\/{rel}","templated":true}]}}