{"id":969,"date":"2017-05-03T14:58:18","date_gmt":"2017-05-03T14:58:18","guid":{"rendered":"http:\/\/mmfss.ca\/?post_type=product&#038;p=969"},"modified":"2022-06-01T13:29:30","modified_gmt":"2022-06-01T13:29:30","slug":"seattle-system-heavy-duty-32-deep-storage-solution","status":"publish","type":"product","link":"https:\/\/safetysourcefire.ca\/fr\/produit\/seattle-system-heavy-duty-32-deep-storage-solution\/","title":{"rendered":"Syst\u00e8me d'entreposage profond \u00e0 usage intensif Seattle System\u2122 -32\u2033"},"content":{"rendered":"<ul>\n<li>Construction en acier durable<\/li>\n<li>Con\u00e7u pour s&#039;adapter \u00e0 une vari\u00e9t\u00e9 de tailles de bouteilles d&#039;ARA<\/li>\n<li>\u00c9tag\u00e8res r\u00e9glables par incr\u00e9ments de 3\u2033<\/li>\n<li>Disponible avec ou sans portes s\u00e9curis\u00e9es<\/li>\n<li>Fini enduit de poudre durable avec plusieurs options de couleurs<\/li>\n<\/ul>\n<p>&nbsp;<\/p>\n<p><strong>Caract\u00e9ristiques de conception:<\/strong><\/p>\n<p><strong>Taille:<\/strong> 75\u2033 L x 32\u2033 P x 82\u2033 H<\/p>\n<p><strong>Cadre:<\/strong> Robuste 1-1<em>\/<\/em>tube de 4\u2033<\/p>\n<p><strong>Grilles lat\u00e9rales et arri\u00e8re<\/strong>: Haute r\u00e9sistance 1<em>\/<\/em>Fil de 4 \u2033<\/p>\n<p><strong>Portes s\u00e9curis\u00e9es\u00a0:<\/strong> 1-1<em>\/<\/em>Tube robuste de 4 po avec haute r\u00e9sistance 1<em>\/<\/em>Fil de 4 \u2033<\/p>\n<p><strong>REMARQUE: <\/strong><em>Serrures non incluses. Merci d'inclure vos sp\u00e9cifications dans la demande de devis initiale.<\/em><\/p>\n<p><strong>Roulettes:<\/strong> Verrouillables pouvant supporter jusqu'\u00e0 950 lb chacune<\/p>\n<p><strong>Finition:<\/strong> Rev\u00eatement en poudre TGIC durable<\/p>\n<p><strong>Couleurs disponibles:<\/strong> Bourgogne, noir, blanc, bleu, gris, vert ou rouge. <em>*Couleurs personnalis\u00e9es \u00e9galement disponibles.<\/em><\/p>\n<p><strong>Instructions d'assemblage:<\/strong> Avec des outils de base; c'est rapide et facile!<\/p>\n<p>&nbsp;<\/p>","protected":false},"excerpt":{"rendered":"<p>Ce syst\u00e8me polyvalent offre des \u00e9tag\u00e8res plates et des \u00e9tag\u00e8res \u00e0 bonbonnes ainsi qu'une profondeur g\u00e9n\u00e9reuse . C'est l'armoire id\u00e9ale pour ranger les \u00e9quipements de for\u00eat, les \u00e9quipements d'aiguillage et les cylindres SCBA. Enti\u00e8rement personnalisable, ce syst\u00e8me Seattle de GEARGRID peut \u00eatre con\u00e7u selon vos besoins pr\u00e9cis.<\/p>","protected":false},"featured_media":1383,"template":"","meta":[],"product_brand":[159],"product_cat":[45,138,58],"product_tag":[301,300],"class_list":{"0":"post-969","1":"product","2":"type-product","3":"status-publish","4":"has-post-thumbnail","6":"product_brand-geargrid","7":"product_cat-respiratory","8":"product_cat-respiratory-storage","9":"product_cat-accessories-scba","10":"product_tag-gear-grid","11":"product_tag-geargrid","13":"first","14":"instock","15":"shipping-taxable","16":"product-type-simple"},"yoast_head":"<!-- This site is optimized with the Yoast SEO plugin v27.4 - https:\/\/yoast.com\/product\/yoast-seo-wordpress\/ -->\n<title>Seattle System\u2122 Heavy-Duty 32&quot; Deep Storage Solution - Safety Source Fire<\/title>\n<meta name=\"robots\" content=\"index, follow, max-snippet:-1, max-image-preview:large, max-video-preview:-1\" \/>\n<link rel=\"canonical\" href=\"https:\/\/safetysourcefire.ca\/fr\/?product=seattle-system-heavy-duty-32-deep-storage-solution\" \/>\n<meta property=\"og:locale\" content=\"fr_CA\" \/>\n<meta property=\"og:type\" content=\"article\" \/>\n<meta property=\"og:title\" content=\"Seattle System\u2122 Heavy-Duty 32&quot; Deep Storage Solution - Safety Source Fire\" \/>\n<meta property=\"og:description\" content=\"This versatile system offers flat shelves and cylinder shelves plus generous depth \u2014 ideal for storing wildland gear, turnout gear and SCBA cylinders. Completely customizable, GEARGRID\u2019s Seattle System can be designed to your exact needs.\" \/>\n<meta property=\"og:url\" content=\"https:\/\/safetysourcefire.ca\/fr\/?product=seattle-system-heavy-duty-32-deep-storage-solution\" \/>\n<meta property=\"og:site_name\" content=\"Safety Source Fire\" \/>\n<meta property=\"article:publisher\" content=\"https:\/\/www.facebook.com\/mmfssca\" \/>\n<meta property=\"article:modified_time\" content=\"2022-06-01T13:29:30+00:00\" \/>\n<meta property=\"og:image\" content=\"https:\/\/safetysourcefire.ca\/wp-content\/uploads\/2017\/05\/Seattle-System-1.jpg\" \/>\n\t<meta property=\"og:image:width\" content=\"600\" \/>\n\t<meta property=\"og:image:height\" content=\"600\" \/>\n\t<meta property=\"og:image:type\" content=\"image\/jpeg\" \/>\n<meta name=\"twitter:card\" content=\"summary_large_image\" \/>\n<meta name=\"twitter:site\" content=\"@mmfssca\" \/>\n<meta name=\"twitter:label1\" content=\"Estimation du temps de lecture\" \/>\n\t<meta name=\"twitter:data1\" content=\"1 minute\" \/>\n<script type=\"application\/ld+json\" class=\"yoast-schema-graph\">{\"@context\":\"https:\\\/\\\/schema.org\",\"@graph\":[{\"@type\":\"WebPage\",\"@id\":\"https:\\\/\\\/safetysourcefire.ca\\\/?product=seattle-system-heavy-duty-32-deep-storage-solution\",\"url\":\"https:\\\/\\\/safetysourcefire.ca\\\/?product=seattle-system-heavy-duty-32-deep-storage-solution\",\"name\":\"Seattle System\u2122 Heavy-Duty 32\\\" Deep Storage Solution - Safety Source Fire\",\"isPartOf\":{\"@id\":\"https:\\\/\\\/safetysourcefire.ca\\\/#website\"},\"primaryImageOfPage\":{\"@id\":\"https:\\\/\\\/safetysourcefire.ca\\\/?product=seattle-system-heavy-duty-32-deep-storage-solution#primaryimage\"},\"image\":{\"@id\":\"https:\\\/\\\/safetysourcefire.ca\\\/?product=seattle-system-heavy-duty-32-deep-storage-solution#primaryimage\"},\"thumbnailUrl\":\"https:\\\/\\\/safetysourcefire.ca\\\/wp-content\\\/uploads\\\/2017\\\/05\\\/Seattle-System-1.jpg\",\"datePublished\":\"2017-05-03T14:58:18+00:00\",\"dateModified\":\"2022-06-01T13:29:30+00:00\",\"breadcrumb\":{\"@id\":\"https:\\\/\\\/safetysourcefire.ca\\\/?product=seattle-system-heavy-duty-32-deep-storage-solution#breadcrumb\"},\"inLanguage\":\"fr-CA\",\"potentialAction\":[{\"@type\":\"ReadAction\",\"target\":[\"https:\\\/\\\/safetysourcefire.ca\\\/?product=seattle-system-heavy-duty-32-deep-storage-solution\"]}]},{\"@type\":\"ImageObject\",\"inLanguage\":\"fr-CA\",\"@id\":\"https:\\\/\\\/safetysourcefire.ca\\\/?product=seattle-system-heavy-duty-32-deep-storage-solution#primaryimage\",\"url\":\"https:\\\/\\\/safetysourcefire.ca\\\/wp-content\\\/uploads\\\/2017\\\/05\\\/Seattle-System-1.jpg\",\"contentUrl\":\"https:\\\/\\\/safetysourcefire.ca\\\/wp-content\\\/uploads\\\/2017\\\/05\\\/Seattle-System-1.jpg\",\"width\":600,\"height\":600,\"caption\":\"Seattle System\u2122 Heavy-Duty 32\\\" Deep Storage Solution\"},{\"@type\":\"BreadcrumbList\",\"@id\":\"https:\\\/\\\/safetysourcefire.ca\\\/?product=seattle-system-heavy-duty-32-deep-storage-solution#breadcrumb\",\"itemListElement\":[{\"@type\":\"ListItem\",\"position\":1,\"name\":\"Home\",\"item\":\"https:\\\/\\\/safetysourcefire.ca\\\/\"},{\"@type\":\"ListItem\",\"position\":2,\"name\":\"Products\",\"item\":\"https:\\\/\\\/safetysourcefire.ca\\\/shop\\\/\"},{\"@type\":\"ListItem\",\"position\":3,\"name\":\"Seattle System\u2122 Heavy-Duty 32&#8243; Deep Storage Solution\"}]},{\"@type\":\"WebSite\",\"@id\":\"https:\\\/\\\/safetysourcefire.ca\\\/#website\",\"url\":\"https:\\\/\\\/safetysourcefire.ca\\\/\",\"name\":\"Safety Source Fire\",\"description\":\"\",\"publisher\":{\"@id\":\"https:\\\/\\\/safetysourcefire.ca\\\/#organization\"},\"potentialAction\":[{\"@type\":\"SearchAction\",\"target\":{\"@type\":\"EntryPoint\",\"urlTemplate\":\"https:\\\/\\\/safetysourcefire.ca\\\/?s={search_term_string}\"},\"query-input\":{\"@type\":\"PropertyValueSpecification\",\"valueRequired\":true,\"valueName\":\"search_term_string\"}}],\"inLanguage\":\"fr-CA\"},{\"@type\":\"Organization\",\"@id\":\"https:\\\/\\\/safetysourcefire.ca\\\/#organization\",\"name\":\"Safety Source Fire\",\"url\":\"https:\\\/\\\/safetysourcefire.ca\\\/\",\"logo\":{\"@type\":\"ImageObject\",\"inLanguage\":\"fr-CA\",\"@id\":\"https:\\\/\\\/safetysourcefire.ca\\\/#\\\/schema\\\/logo\\\/image\\\/\",\"url\":\"https:\\\/\\\/safetysourcefire.ca\\\/wp-content\\\/uploads\\\/2021\\\/01\\\/SSF_logo_CC0000-3.png\",\"contentUrl\":\"https:\\\/\\\/safetysourcefire.ca\\\/wp-content\\\/uploads\\\/2021\\\/01\\\/SSF_logo_CC0000-3.png\",\"width\":1107,\"height\":365,\"caption\":\"Safety Source Fire\"},\"image\":{\"@id\":\"https:\\\/\\\/safetysourcefire.ca\\\/#\\\/schema\\\/logo\\\/image\\\/\"},\"sameAs\":[\"https:\\\/\\\/www.facebook.com\\\/mmfssca\",\"https:\\\/\\\/x.com\\\/mmfssca\"]}]}<\/script>\n<!-- \/ Yoast SEO plugin. -->","yoast_head_json":{"title":"Solution de stockage robuste de 32 po de profondeur Seattle System\u2122 - Safety Source Fire","robots":{"index":"index","follow":"follow","max-snippet":"max-snippet:-1","max-image-preview":"max-image-preview:large","max-video-preview":"max-video-preview:-1"},"canonical":"https:\/\/safetysourcefire.ca\/fr\/?product=seattle-system-heavy-duty-32-deep-storage-solution","og_locale":"fr_CA","og_type":"article","og_title":"Seattle System\u2122 Heavy-Duty 32\" Deep Storage Solution - Safety Source Fire","og_description":"This versatile system offers flat shelves and cylinder shelves plus generous depth \u2014 ideal for storing wildland gear, turnout gear and SCBA cylinders. Completely customizable, GEARGRID\u2019s Seattle System can be designed to your exact needs.","og_url":"https:\/\/safetysourcefire.ca\/fr\/?product=seattle-system-heavy-duty-32-deep-storage-solution","og_site_name":"Safety Source Fire","article_publisher":"https:\/\/www.facebook.com\/mmfssca","article_modified_time":"2022-06-01T13:29:30+00:00","og_image":[{"width":600,"height":600,"url":"https:\/\/safetysourcefire.ca\/wp-content\/uploads\/2017\/05\/Seattle-System-1.jpg","type":"image\/jpeg"}],"twitter_card":"summary_large_image","twitter_site":"@mmfssca","twitter_misc":{"Estimation du temps de lecture":"1 minute"},"schema":{"@context":"https:\/\/schema.org","@graph":[{"@type":"WebPage","@id":"https:\/\/safetysourcefire.ca\/?product=seattle-system-heavy-duty-32-deep-storage-solution","url":"https:\/\/safetysourcefire.ca\/?product=seattle-system-heavy-duty-32-deep-storage-solution","name":"Solution de stockage robuste de 32 po de profondeur Seattle System\u2122 - Safety Source Fire","isPartOf":{"@id":"https:\/\/safetysourcefire.ca\/#website"},"primaryImageOfPage":{"@id":"https:\/\/safetysourcefire.ca\/?product=seattle-system-heavy-duty-32-deep-storage-solution#primaryimage"},"image":{"@id":"https:\/\/safetysourcefire.ca\/?product=seattle-system-heavy-duty-32-deep-storage-solution#primaryimage"},"thumbnailUrl":"https:\/\/safetysourcefire.ca\/wp-content\/uploads\/2017\/05\/Seattle-System-1.jpg","datePublished":"2017-05-03T14:58:18+00:00","dateModified":"2022-06-01T13:29:30+00:00","breadcrumb":{"@id":"https:\/\/safetysourcefire.ca\/?product=seattle-system-heavy-duty-32-deep-storage-solution#breadcrumb"},"inLanguage":"fr-CA","potentialAction":[{"@type":"ReadAction","target":["https:\/\/safetysourcefire.ca\/?product=seattle-system-heavy-duty-32-deep-storage-solution"]}]},{"@type":"ImageObject","inLanguage":"fr-CA","@id":"https:\/\/safetysourcefire.ca\/?product=seattle-system-heavy-duty-32-deep-storage-solution#primaryimage","url":"https:\/\/safetysourcefire.ca\/wp-content\/uploads\/2017\/05\/Seattle-System-1.jpg","contentUrl":"https:\/\/safetysourcefire.ca\/wp-content\/uploads\/2017\/05\/Seattle-System-1.jpg","width":600,"height":600,"caption":"Seattle System\u2122 Heavy-Duty 32\" Deep Storage Solution"},{"@type":"BreadcrumbList","@id":"https:\/\/safetysourcefire.ca\/?product=seattle-system-heavy-duty-32-deep-storage-solution#breadcrumb","itemListElement":[{"@type":"ListItem","position":1,"name":"Home","item":"https:\/\/safetysourcefire.ca\/"},{"@type":"ListItem","position":2,"name":"Products","item":"https:\/\/safetysourcefire.ca\/shop\/"},{"@type":"ListItem","position":3,"name":"Seattle System\u2122 Heavy-Duty 32&#8243; Deep Storage Solution"}]},{"@type":"WebSite","@id":"https:\/\/safetysourcefire.ca\/#website","url":"https:\/\/safetysourcefire.ca\/","name":"Safety Source Fire","description":"","publisher":{"@id":"https:\/\/safetysourcefire.ca\/#organization"},"potentialAction":[{"@type":"SearchAction","target":{"@type":"EntryPoint","urlTemplate":"https:\/\/safetysourcefire.ca\/?s={search_term_string}"},"query-input":{"@type":"PropertyValueSpecification","valueRequired":true,"valueName":"search_term_string"}}],"inLanguage":"fr-CA"},{"@type":"Organization","@id":"https:\/\/safetysourcefire.ca\/#organization","name":"Safety Source Fire","url":"https:\/\/safetysourcefire.ca\/","logo":{"@type":"ImageObject","inLanguage":"fr-CA","@id":"https:\/\/safetysourcefire.ca\/#\/schema\/logo\/image\/","url":"https:\/\/safetysourcefire.ca\/wp-content\/uploads\/2021\/01\/SSF_logo_CC0000-3.png","contentUrl":"https:\/\/safetysourcefire.ca\/wp-content\/uploads\/2021\/01\/SSF_logo_CC0000-3.png","width":1107,"height":365,"caption":"Safety Source Fire"},"image":{"@id":"https:\/\/safetysourcefire.ca\/#\/schema\/logo\/image\/"},"sameAs":["https:\/\/www.facebook.com\/mmfssca","https:\/\/x.com\/mmfssca"]}]}},"_links":{"self":[{"href":"https:\/\/safetysourcefire.ca\/fr\/wp-json\/wp\/v2\/product\/969","targetHints":{"allow":["GET"]}}],"collection":[{"href":"https:\/\/safetysourcefire.ca\/fr\/wp-json\/wp\/v2\/product"}],"about":[{"href":"https:\/\/safetysourcefire.ca\/fr\/wp-json\/wp\/v2\/types\/product"}],"wp:featuredmedia":[{"embeddable":true,"href":"https:\/\/safetysourcefire.ca\/fr\/wp-json\/wp\/v2\/media\/1383"}],"wp:attachment":[{"href":"https:\/\/safetysourcefire.ca\/fr\/wp-json\/wp\/v2\/media?parent=969"}],"wp:term":[{"taxonomy":"product_brand","embeddable":true,"href":"https:\/\/safetysourcefire.ca\/fr\/wp-json\/wp\/v2\/product_brand?post=969"},{"taxonomy":"product_cat","embeddable":true,"href":"https:\/\/safetysourcefire.ca\/fr\/wp-json\/wp\/v2\/product_cat?post=969"},{"taxonomy":"product_tag","embeddable":true,"href":"https:\/\/safetysourcefire.ca\/fr\/wp-json\/wp\/v2\/product_tag?post=969"}],"curies":[{"name":"wp","href":"https:\/\/api.w.org\/{rel}","templated":true}]}}